{"id":20694,"date":"2024-09-19T04:40:52","date_gmt":"2024-09-19T08:40:52","guid":{"rendered":"https:\/\/www.cupssupplier.com\/product\/500ml-stainless-steel-water-bottle\/"},"modified":"2026-04-08T05:06:10","modified_gmt":"2026-04-08T09:06:10","slug":"500ml-stainless-steel-water-bottle","status":"publish","type":"product","link":"https:\/\/www.cupssupplier.com\/pt-pt\/500ml-stainless-steel-water-bottle\/","title":{"rendered":"Garrafa de \u00c1gua de A\u00e7o Inoxid\u00e1vel 500ml por Atacado"},"content":{"rendered":"<p class=\"\" data-start=\"4479\" data-end=\"4567\"><strong data-start=\"4479\" data-end=\"4567\">Garrafa de \u00c1gua de A\u00e7o Inoxid\u00e1vel 500ml por Atacado \u2013 Hidrata\u00e7\u00e3o Ecol\u00f3gica e Dur\u00e1vel<\/strong><\/p>\n<p class=\"\" data-start=\"4569\" data-end=\"4718\">Experimente o equil\u00edbrio ideal entre funcionalidade e estilo com a Garrafa de \u00c1gua de A\u00e7o Inoxid\u00e1vel 500ml por Atacado. Esta garrafa premium oferece:<\/p>\n<ul data-start=\"4720\" data-end=\"5240\">\n<li class=\"\" data-start=\"4720\" data-end=\"4815\">\n<p class=\"\" data-start=\"4722\" data-end=\"4815\"><strong data-start=\"4722\" data-end=\"4745\">Isolamento superior<\/strong>: Mant\u00e9m bebidas quentes por at\u00e9 12 horas ou frias por at\u00e9 24 horas.<\/p>\n<\/li>\n<li class=\"\" data-start=\"4816\" data-end=\"4938\">\n<p class=\"\" data-start=\"4818\" data-end=\"4938\"><strong data-start=\"4818\" data-end=\"4846\">Ecol\u00f3gica e reutiliz\u00e1vel<\/strong>: Fabricada em a\u00e7o inoxid\u00e1vel de alta qualidade, livre de BPA, para reduzir o desperd\u00edcio.<\/p>\n<\/li>\n<li class=\"\" data-start=\"4939\" data-end=\"5049\">\n<p class=\"\" data-start=\"4941\" data-end=\"5049\"><strong data-start=\"4941\" data-end=\"4971\">Design elegante e port\u00e1til<\/strong>: Tamanho compacto de 500ml que cabe em bolsas, suportes de copo e mochilas.<\/p>\n<\/li>\n<li class=\"\" data-start=\"5050\" data-end=\"5144\">\n<p class=\"\" data-start=\"5052\" data-end=\"5144\"><strong data-start=\"5052\" data-end=\"5087\">\u00c0 prova de vazamentos e dur\u00e1vel<\/strong>: Ideal para estilos de vida ativos, sem derramamentos.<\/p>\n<\/li>\n<li class=\"\" data-start=\"5145\" data-end=\"5240\">\n<p class=\"\" data-start=\"5147\" data-end=\"5240\"><strong data-start=\"5147\" data-end=\"5163\">Uso vers\u00e1til<\/strong>: Perfeita para academia, escrit\u00f3rio, aventuras ao ar livre ou como presente.<\/p>\n<\/li>\n<\/ul>\n<p class=\"\" data-start=\"5242\" data-end=\"5396\">Mantenha-se hidratado onde estiver com a Garrafa de \u00c1gua de A\u00e7o Inoxid\u00e1vel 500ml por Atacado \u2013 a combina\u00e7\u00e3o perfeita entre praticidade e sustentabilidade.<\/p>\n<p class=\"\" data-start=\"5398\" data-end=\"5665\"><strong data-start=\"5398\" data-end=\"5665\">Hidrate-se com estilo com a nossa Garrafa de \u00c1gua de A\u00e7o Inoxid\u00e1vel 500ml por Atacado. Dur\u00e1vel, ecol\u00f3gica e pr\u00e1tica, mant\u00e9m as bebidas quentes ou frias por horas. Ideal para treinos, viagens ou uso di\u00e1rio \u2013 sua companheira perfeita para uma hidrata\u00e7\u00e3o consciente.<\/strong><\/p>\n<p><img loading=\"lazy\" decoding=\"async\" class=\"aligncenter wp-image-1481 size-full\" src=\"https:\/\/www.cupssupplier.com\/wp-content\/uploads\/2024\/09\/2-1.webp\" alt=\"500ml stainless steel water bottle\" width=\"750\" height=\"602\" srcset=\"https:\/\/www.cupssupplier.com\/wp-content\/uploads\/2024\/09\/2-1.webp 750w, https:\/\/www.cupssupplier.com\/wp-content\/uploads\/2024\/09\/2-1-300x241.webp 300w, https:\/\/www.cupssupplier.com\/wp-content\/uploads\/2024\/09\/2-1-600x482.webp 600w, https:\/\/www.cupssupplier.com\/wp-content\/uploads\/2024\/09\/2-1-15x12.webp 15w\" sizes=\"auto, (max-width: 750px) 100vw, 750px\" title=\"\"><img loading=\"lazy\" decoding=\"async\" class=\"aligncenter wp-image-1482 size-full\" src=\"https:\/\/www.cupssupplier.com\/wp-content\/uploads\/2024\/09\/3-1.webp\" alt=\"500ml Stainless Steel Water Bottle\" width=\"750\" height=\"602\" srcset=\"https:\/\/www.cupssupplier.com\/wp-content\/uploads\/2024\/09\/3-1.webp 750w, https:\/\/www.cupssupplier.com\/wp-content\/uploads\/2024\/09\/3-1-300x241.webp 300w, https:\/\/www.cupssupplier.com\/wp-content\/uploads\/2024\/09\/3-1-600x482.webp 600w, https:\/\/www.cupssupplier.com\/wp-content\/uploads\/2024\/09\/3-1-15x12.webp 15w\" sizes=\"auto, (max-width: 750px) 100vw, 750px\" title=\"\"><\/p>\n<p><img loading=\"lazy\" decoding=\"async\" class=\"aligncenter wp-image-1480 size-full\" src=\"https:\/\/www.cupssupplier.com\/wp-content\/uploads\/2024\/09\/1-1.webp\" alt=\"500ml Stainless Steel Water Bottle\" width=\"750\" height=\"602\" srcset=\"https:\/\/www.cupssupplier.com\/wp-content\/uploads\/2024\/09\/1-1.webp 750w, https:\/\/www.cupssupplier.com\/wp-content\/uploads\/2024\/09\/1-1-300x241.webp 300w, https:\/\/www.cupssupplier.com\/wp-content\/uploads\/2024\/09\/1-1-600x482.webp 600w, https:\/\/www.cupssupplier.com\/wp-content\/uploads\/2024\/09\/1-1-15x12.webp 15w\" sizes=\"auto, (max-width: 750px) 100vw, 750px\" title=\"\"><img loading=\"lazy\" decoding=\"async\" class=\"aligncenter wp-image-1483 size-full\" src=\"https:\/\/www.cupssupplier.com\/wp-content\/uploads\/2024\/09\/4-1.webp\" alt=\"500ml Stainless Steel Water Bottle\" width=\"750\" height=\"602\" srcset=\"https:\/\/www.cupssupplier.com\/wp-content\/uploads\/2024\/09\/4-1.webp 750w, https:\/\/www.cupssupplier.com\/wp-content\/uploads\/2024\/09\/4-1-300x241.webp 300w, https:\/\/www.cupssupplier.com\/wp-content\/uploads\/2024\/09\/4-1-600x482.webp 600w, https:\/\/www.cupssupplier.com\/wp-content\/uploads\/2024\/09\/4-1-15x12.webp 15w\" sizes=\"auto, (max-width: 750px) 100vw, 750px\" title=\"\"><\/p>\n","protected":false},"excerpt":{"rendered":"<p><strong data-start=\"2675\" data-end=\"2779\">Mantenha-se hidratado com estilo com a nossa Garrafa de \u00c1gua de A\u00e7o Inoxid\u00e1vel de 500ml por atacado.<\/strong><br data-start=\"2779\" data-end=\"2782\" \/>Dur\u00e1vel, ecol\u00f3gica e projetada para conveni\u00eancia, esta garrafa elegante mant\u00e9m suas bebidas quentes ou frias por horas. Perfeita para treinos, viagens ou uso di\u00e1rio \u2014 \u00e9 a sua companheira ideal de hidrata\u00e7\u00e3o.<\/p>\n","protected":false},"featured_media":7384,"template":"","meta":{"om_disable_all_campaigns":false},"product_brand":[],"product_cat":[310],"product_tag":[],"class_list":{"0":"post-20694","1":"product","2":"type-product","3":"status-publish","4":"has-post-thumbnail","6":"product_cat-garrafa-de-agua-em-aco-inoxidavel","8":"first","9":"instock","10":"shipping-taxable","11":"product-type-simple"},"_links":{"self":[{"href":"https:\/\/www.cupssupplier.com\/pt-pt\/wp-json\/wp\/v2\/product\/20694","targetHints":{"allow":["GET"]}}],"collection":[{"href":"https:\/\/www.cupssupplier.com\/pt-pt\/wp-json\/wp\/v2\/product"}],"about":[{"href":"https:\/\/www.cupssupplier.com\/pt-pt\/wp-json\/wp\/v2\/types\/product"}],"wp:featuredmedia":[{"embeddable":true,"href":"https:\/\/www.cupssupplier.com\/pt-pt\/wp-json\/wp\/v2\/media\/7384"}],"wp:attachment":[{"href":"https:\/\/www.cupssupplier.com\/pt-pt\/wp-json\/wp\/v2\/media?parent=20694"}],"wp:term":[{"taxonomy":"product_brand","embeddable":true,"href":"https:\/\/www.cupssupplier.com\/pt-pt\/wp-json\/wp\/v2\/product_brand?post=20694"},{"taxonomy":"product_cat","embeddable":true,"href":"https:\/\/www.cupssupplier.com\/pt-pt\/wp-json\/wp\/v2\/product_cat?post=20694"},{"taxonomy":"product_tag","embeddable":true,"href":"https:\/\/www.cupssupplier.com\/pt-pt\/wp-json\/wp\/v2\/product_tag?post=20694"}],"curies":[{"name":"wp","href":"https:\/\/api.w.org\/{rel}","templated":true}]}}