{"id":20680,"date":"2024-09-19T07:21:14","date_gmt":"2024-09-19T11:21:14","guid":{"rendered":"https:\/\/www.cupssupplier.com\/product\/500ml-water-thermos-for-outdoor\/"},"modified":"2025-05-29T01:54:41","modified_gmt":"2025-05-29T05:54:41","slug":"500ml-water-thermos-for-outdoor","status":"publish","type":"product","link":"https:\/\/www.cupssupplier.com\/pt-pt\/500ml-water-thermos-for-outdoor\/","title":{"rendered":"Garrafa T\u00e9rmica de 500ml para Atividades ao Ar Livre"},"content":{"rendered":"<div class=\"flex-1 overflow-hidden @container\/thread\">\n<div class=\"h-full\">\n<div class=\"react-scroll-to-bottom--css-datha-79elbk h-full\">\n<div class=\"react-scroll-to-bottom--css-datha-1n7m0yu\">\n<div class=\"flex flex-col text-sm md:pb-9\">\n<article class=\"w-full scroll-mb-[var(--thread-trailing-height,150px)] text-token-text-primary focus-visible:outline-2 focus-visible:outline-offset-[-4px]\" dir=\"auto\" data-testid=\"conversation-turn-29\" data-scroll-anchor=\"true\">\n<div class=\"m-auto text-base py-[18px] px-3 md:px-4 w-full md:px-5 lg:px-4 xl:px-5\">\n<div class=\"mx-auto flex flex-1 gap-4 text-base md:gap-5 lg:gap-6 md:max-w-3xl lg:max-w-[40rem] xl:max-w-[48rem]\">\n<div class=\"group\/conversation-turn relative flex w-full min-w-0 flex-col agent-turn\">\n<div class=\"flex-col gap-1 md:gap-3\">\n<div class=\"flex max-w-full flex-col flex-grow\">\n<div class=\"min-h-8 text-message flex w-full flex-col items-end gap-2 whitespace-normal break-words text-start [.text-message+&amp;]:mt-5\" dir=\"auto\" data-message-author-role=\"assistant\" data-message-id=\"8c01a3e2-6bac-4eae-ab3a-c8296d634b63\" data-message-model-slug=\"gpt-4o\">\n<div class=\"flex w-full flex-col gap-1 empty:hidden first:pt-[3px]\">\n<div class=\"markdown prose w-full break-words dark:prose-invert light\">\n<p class=\"\" data-start=\"5298\" data-end=\"5374\"><strong data-start=\"5298\" data-end=\"5374\">Garrafa T\u00e9rmica de 500ml para Atividades ao Ar Livre \u2013 Dur\u00e1vel e Isolada<\/strong><\/p>\n<p class=\"\" data-start=\"5376\" data-end=\"5506\">Prepare-se para sua pr\u00f3xima aventura com a Garrafa T\u00e9rmica de 500ml para uso ao ar livre. Esta garrafa de alto desempenho oferece:<\/p>\n<ul data-start=\"5508\" data-end=\"5989\">\n<li class=\"\" data-start=\"5508\" data-end=\"5607\">\n<p class=\"\" data-start=\"5510\" data-end=\"5607\"><strong data-start=\"5510\" data-end=\"5537\">Reten\u00e7\u00e3o de temperatura<\/strong>: Mant\u00e9m bebidas quentes por at\u00e9 12 horas ou frias por at\u00e9 24 horas.<\/p>\n<\/li>\n<li class=\"\" data-start=\"5608\" data-end=\"5714\">\n<p class=\"\" data-start=\"5610\" data-end=\"5714\"><strong data-start=\"5610\" data-end=\"5646\">Design dur\u00e1vel em a\u00e7o inoxid\u00e1vel<\/strong>: Feita com materiais premium e livres de BPA para uso prolongado.<\/p>\n<\/li>\n<li class=\"\" data-start=\"5715\" data-end=\"5818\">\n<p class=\"\" data-start=\"5717\" data-end=\"5818\"><strong data-start=\"5717\" data-end=\"5736\">Compacta e leve<\/strong>: A capacidade de 500ml \u00e9 ideal para viagens, acampamentos, trilhas ou academia.<\/p>\n<\/li>\n<li class=\"\" data-start=\"5819\" data-end=\"5901\">\n<p class=\"\" data-start=\"5821\" data-end=\"5901\"><strong data-start=\"5821\" data-end=\"5852\">Tampa \u00e0 prova de vazamentos<\/strong>: Garante transporte seguro mesmo em movimento.<\/p>\n<\/li>\n<li class=\"\" data-start=\"5902\" data-end=\"5989\">\n<p class=\"\" data-start=\"5904\" data-end=\"5989\"><strong data-start=\"5904\" data-end=\"5932\">Ecol\u00f3gica e reutiliz\u00e1vel<\/strong>: Uma alternativa sustent\u00e1vel \u00e0s garrafas descart\u00e1veis.<\/p>\n<\/li>\n<\/ul>\n<p class=\"\" data-start=\"5991\" data-end=\"6122\">Seja nas trilhas ou no escrit\u00f3rio, a Garrafa T\u00e9rmica de 500ml \u00e9 uma solu\u00e7\u00e3o confi\u00e1vel, elegante e pr\u00e1tica para manter-se hidratado.<\/p>\n<\/div>\n<p><img loading=\"lazy\" decoding=\"async\" class=\"aligncenter wp-image-1505 size-full\" src=\"https:\/\/www.cupssupplier.com\/wp-content\/uploads\/2024\/09\/11.webp\" alt=\"500ml water thermos for outdoor\" width=\"750\" height=\"602\" srcset=\"https:\/\/www.cupssupplier.com\/wp-content\/uploads\/2024\/09\/11.webp 750w, https:\/\/www.cupssupplier.com\/wp-content\/uploads\/2024\/09\/11-300x241.webp 300w, https:\/\/www.cupssupplier.com\/wp-content\/uploads\/2024\/09\/11-600x482.webp 600w, https:\/\/www.cupssupplier.com\/wp-content\/uploads\/2024\/09\/11-15x12.webp 15w\" sizes=\"auto, (max-width: 750px) 100vw, 750px\" title=\"\"> <img loading=\"lazy\" decoding=\"async\" class=\"aligncenter wp-image-1504 size-full\" src=\"https:\/\/www.cupssupplier.com\/wp-content\/uploads\/2024\/09\/10.webp\" alt=\"500ml water thermos for outdoor\" width=\"750\" height=\"602\" srcset=\"https:\/\/www.cupssupplier.com\/wp-content\/uploads\/2024\/09\/10.webp 750w, https:\/\/www.cupssupplier.com\/wp-content\/uploads\/2024\/09\/10-300x241.webp 300w, https:\/\/www.cupssupplier.com\/wp-content\/uploads\/2024\/09\/10-600x482.webp 600w, https:\/\/www.cupssupplier.com\/wp-content\/uploads\/2024\/09\/10-15x12.webp 15w\" sizes=\"auto, (max-width: 750px) 100vw, 750px\" title=\"\"> <img loading=\"lazy\" decoding=\"async\" class=\"aligncenter wp-image-1503 size-full\" src=\"https:\/\/www.cupssupplier.com\/wp-content\/uploads\/2024\/09\/9.webp\" alt=\"500ml water thermos for outdoor\" width=\"750\" height=\"602\" srcset=\"https:\/\/www.cupssupplier.com\/wp-content\/uploads\/2024\/09\/9.webp 750w, https:\/\/www.cupssupplier.com\/wp-content\/uploads\/2024\/09\/9-300x241.png 300w, https:\/\/www.cupssupplier.com\/wp-content\/uploads\/2024\/09\/9-600x482.png 600w, https:\/\/www.cupssupplier.com\/wp-content\/uploads\/2024\/09\/9-15x12.png 15w\" sizes=\"auto, (max-width: 750px) 100vw, 750px\" title=\"\"> <img loading=\"lazy\" decoding=\"async\" class=\"aligncenter wp-image-1502 size-full\" src=\"https:\/\/www.cupssupplier.com\/wp-content\/uploads\/2024\/09\/8.webp\" alt=\"500ml water thermos for outdoor\" width=\"750\" height=\"602\" srcset=\"https:\/\/www.cupssupplier.com\/wp-content\/uploads\/2024\/09\/8.webp 750w, https:\/\/www.cupssupplier.com\/wp-content\/uploads\/2024\/09\/8-300x241.webp 300w, https:\/\/www.cupssupplier.com\/wp-content\/uploads\/2024\/09\/8-600x482.webp 600w, https:\/\/www.cupssupplier.com\/wp-content\/uploads\/2024\/09\/8-15x12.webp 15w\" sizes=\"auto, (max-width: 750px) 100vw, 750px\" title=\"\"> <img loading=\"lazy\" decoding=\"async\" class=\"aligncenter wp-image-1501 size-full\" src=\"https:\/\/www.cupssupplier.com\/wp-content\/uploads\/2024\/09\/7-1.webp\" alt=\"500ml water thermos for outdoor\" width=\"750\" height=\"602\" srcset=\"https:\/\/www.cupssupplier.com\/wp-content\/uploads\/2024\/09\/7-1.webp 750w, https:\/\/www.cupssupplier.com\/wp-content\/uploads\/2024\/09\/7-1-300x241.webp 300w, https:\/\/www.cupssupplier.com\/wp-content\/uploads\/2024\/09\/7-1-600x482.webp 600w, https:\/\/www.cupssupplier.com\/wp-content\/uploads\/2024\/09\/7-1-15x12.webp 15w\" sizes=\"auto, (max-width: 750px) 100vw, 750px\" title=\"\"> <img loading=\"lazy\" decoding=\"async\" class=\"aligncenter wp-image-1499 size-full\" src=\"https:\/\/www.cupssupplier.com\/wp-content\/uploads\/2024\/09\/5-3-e1735783276524.webp\" alt=\"500ml water thermos for outdoor\" width=\"740\" height=\"602\" srcset=\"https:\/\/www.cupssupplier.com\/wp-content\/uploads\/2024\/09\/5-3-e1735783276524.webp 740w, https:\/\/www.cupssupplier.com\/wp-content\/uploads\/2024\/09\/5-3-e1735783276524-300x244.webp 300w, https:\/\/www.cupssupplier.com\/wp-content\/uploads\/2024\/09\/5-3-e1735783276524-600x488.webp 600w\" sizes=\"auto, (max-width: 740px) 100vw, 740px\" title=\"\"><\/p>\n<\/div>\n<\/div>\n<\/div>\n<\/div>\n<\/div>\n<\/div>\n<\/div>\n<\/article>\n<\/div>\n<\/div>\n<\/div>\n<\/div>\n<\/div>\n","protected":false},"excerpt":{"rendered":"<p class=\"\" data-start=\"6124\" data-end=\"6417\"><strong data-start=\"6124\" data-end=\"6417\">Mantenha-se hidratado nas suas aventuras com a nossa Garrafa T\u00e9rmica de 500ml para uso ao ar livre. Projetada para durabilidade e portabilidade, mant\u00e9m suas bebidas quentes ou frias por horas. Perfeita para acampamentos, trilhas ou trajetos di\u00e1rios \u2013 sua companheira ideal para o exterior.<\/strong><\/p>\n<p class=\"\" data-start=\"6419\" data-end=\"6661\">\n","protected":false},"featured_media":7447,"template":"","meta":{"om_disable_all_campaigns":false},"product_brand":[],"product_cat":[310],"product_tag":[],"class_list":{"0":"post-20680","1":"product","2":"type-product","3":"status-publish","4":"has-post-thumbnail","6":"product_cat-garrafa-de-agua-em-aco-inoxidavel","8":"first","9":"instock","10":"shipping-taxable","11":"product-type-simple"},"_links":{"self":[{"href":"https:\/\/www.cupssupplier.com\/pt-pt\/wp-json\/wp\/v2\/product\/20680","targetHints":{"allow":["GET"]}}],"collection":[{"href":"https:\/\/www.cupssupplier.com\/pt-pt\/wp-json\/wp\/v2\/product"}],"about":[{"href":"https:\/\/www.cupssupplier.com\/pt-pt\/wp-json\/wp\/v2\/types\/product"}],"wp:featuredmedia":[{"embeddable":true,"href":"https:\/\/www.cupssupplier.com\/pt-pt\/wp-json\/wp\/v2\/media\/7447"}],"wp:attachment":[{"href":"https:\/\/www.cupssupplier.com\/pt-pt\/wp-json\/wp\/v2\/media?parent=20680"}],"wp:term":[{"taxonomy":"product_brand","embeddable":true,"href":"https:\/\/www.cupssupplier.com\/pt-pt\/wp-json\/wp\/v2\/product_brand?post=20680"},{"taxonomy":"product_cat","embeddable":true,"href":"https:\/\/www.cupssupplier.com\/pt-pt\/wp-json\/wp\/v2\/product_cat?post=20680"},{"taxonomy":"product_tag","embeddable":true,"href":"https:\/\/www.cupssupplier.com\/pt-pt\/wp-json\/wp\/v2\/product_tag?post=20680"}],"curies":[{"name":"wp","href":"https:\/\/api.w.org\/{rel}","templated":true}]}}