{"id":20666,"date":"2024-12-30T02:29:40","date_gmt":"2024-12-30T07:29:40","guid":{"rendered":"https:\/\/www.cupssupplier.com\/product\/personalised-tumbler-with-straw\/"},"modified":"2025-05-29T01:36:34","modified_gmt":"2025-05-29T05:36:34","slug":"personalised-tumbler-with-straw","status":"publish","type":"product","link":"https:\/\/www.cupssupplier.com\/pt-pt\/personalised-tumbler-with-straw\/","title":{"rendered":"Copo Personalizado com Canudo"},"content":{"rendered":"<h3 class=\"\" data-start=\"5035\" data-end=\"5109\"><strong data-start=\"5044\" data-end=\"5109\">Copo Personalizado com Canudo \u2013 Sustent\u00e1vel e Cheio de Estilo<\/strong><\/h3>\n<p class=\"\" data-start=\"5111\" data-end=\"5279\">Transforme sua experi\u00eancia ao beber com o nosso <strong data-start=\"5159\" data-end=\"5192\">Copo Personalizado com Canudo<\/strong> \u2013 a uni\u00e3o perfeita entre funcionalidade e estilo. Este copo de alta qualidade oferece:<\/p>\n<ul data-start=\"5281\" data-end=\"5723\">\n<li class=\"\" data-start=\"5281\" data-end=\"5365\">\n<p class=\"\" data-start=\"5283\" data-end=\"5365\"><strong data-start=\"5283\" data-end=\"5308\">Design personaliz\u00e1vel<\/strong>: Adicione seu nome, iniciais ou uma mensagem especial.<\/p>\n<\/li>\n<li class=\"\" data-start=\"5366\" data-end=\"5449\">\n<p class=\"\" data-start=\"5368\" data-end=\"5449\"><strong data-start=\"5368\" data-end=\"5392\">Materiais ecol\u00f3gicos<\/strong>: Produzido com materiais sustent\u00e1veis e livres de BPA.<\/p>\n<\/li>\n<li class=\"\" data-start=\"5450\" data-end=\"5550\">\n<p class=\"\" data-start=\"5452\" data-end=\"5550\"><strong data-start=\"5452\" data-end=\"5483\">Ideal para qualquer ocasi\u00e3o<\/strong>: Perfeito para viagens, academia ou momentos relaxantes em casa.<\/p>\n<\/li>\n<li class=\"\" data-start=\"5551\" data-end=\"5648\">\n<p class=\"\" data-start=\"5553\" data-end=\"5648\"><strong data-start=\"5553\" data-end=\"5595\">Tampa \u00e0 prova de vazamentos com canudo<\/strong>: Evite derramamentos enquanto saboreia sua bebida.<\/p>\n<\/li>\n<li class=\"\" data-start=\"5649\" data-end=\"5723\">\n<p class=\"\" data-start=\"5651\" data-end=\"5723\"><strong data-start=\"5651\" data-end=\"5678\">Controle de temperatura<\/strong>: Mant\u00e9m a bebida quente ou fria por horas.<\/p>\n<\/li>\n<\/ul>\n<p class=\"\" data-start=\"5725\" data-end=\"5893\">Seja para anivers\u00e1rio, data comemorativa ou um mimo pessoal, este copo \u00e9 um presente pr\u00e1tico e cheio de charme. Personalize o seu agora e torne cada gole mais especial!<\/p>\n<p class=\"\" data-start=\"5895\" data-end=\"6135\">Fique estiloso e hidratado em qualquer lugar com o nosso <strong data-start=\"5952\" data-end=\"5985\">Copo Personalizado com Canudo<\/strong>. Ideal para caf\u00e9 gelado, smoothies ou sua bebida favorita. Leve, dur\u00e1vel e livre de BPA \u2013 \u00f3timo para uso di\u00e1rio no trabalho, em casa ou em movimento.<\/p>\n<p>&nbsp;<\/p>\n<p><img loading=\"lazy\" decoding=\"async\" class=\"aligncenter wp-image-1713 size-full\" src=\"https:\/\/www.cupssupplier.com\/wp-content\/uploads\/2024\/12\/1.webp\" alt=\"personalised tumbler with straw\" width=\"900\" height=\"900\" srcset=\"https:\/\/www.cupssupplier.com\/wp-content\/uploads\/2024\/12\/1.webp 900w, https:\/\/www.cupssupplier.com\/wp-content\/uploads\/2024\/12\/1-300x300.png 300w, https:\/\/www.cupssupplier.com\/wp-content\/uploads\/2024\/12\/1-100x100.png 100w, https:\/\/www.cupssupplier.com\/wp-content\/uploads\/2024\/12\/1-600x600.png 600w, https:\/\/www.cupssupplier.com\/wp-content\/uploads\/2024\/12\/1-150x150.png 150w, https:\/\/www.cupssupplier.com\/wp-content\/uploads\/2024\/12\/1-768x768.png 768w\" sizes=\"auto, (max-width: 900px) 100vw, 900px\" title=\"\"><\/p>\n<p><img loading=\"lazy\" decoding=\"async\" class=\"aligncenter wp-image-1716 size-full\" src=\"https:\/\/www.cupssupplier.com\/wp-content\/uploads\/2024\/12\/4.webp\" alt=\"personalised tumbler with straw\" width=\"874\" height=\"900\" srcset=\"https:\/\/www.cupssupplier.com\/wp-content\/uploads\/2024\/12\/4.webp 874w, https:\/\/www.cupssupplier.com\/wp-content\/uploads\/2024\/12\/4-300x309.png 300w, https:\/\/www.cupssupplier.com\/wp-content\/uploads\/2024\/12\/4-600x618.png 600w, https:\/\/www.cupssupplier.com\/wp-content\/uploads\/2024\/12\/4-291x300.png 291w, https:\/\/www.cupssupplier.com\/wp-content\/uploads\/2024\/12\/4-768x791.png 768w\" sizes=\"auto, (max-width: 874px) 100vw, 874px\" title=\"\"> <img loading=\"lazy\" decoding=\"async\" class=\"aligncenter wp-image-1717 size-full\" src=\"https:\/\/www.cupssupplier.com\/wp-content\/uploads\/2024\/12\/6.webp\" alt=\"personalised tumbler with straw\" width=\"800\" height=\"800\" srcset=\"https:\/\/www.cupssupplier.com\/wp-content\/uploads\/2024\/12\/6.webp 800w, https:\/\/www.cupssupplier.com\/wp-content\/uploads\/2024\/12\/6-300x300.webp 300w, https:\/\/www.cupssupplier.com\/wp-content\/uploads\/2024\/12\/6-100x100.webp 100w, https:\/\/www.cupssupplier.com\/wp-content\/uploads\/2024\/12\/6-600x600.webp 600w, https:\/\/www.cupssupplier.com\/wp-content\/uploads\/2024\/12\/6-150x150.webp 150w, https:\/\/www.cupssupplier.com\/wp-content\/uploads\/2024\/12\/6-768x768.webp 768w\" sizes=\"auto, (max-width: 800px) 100vw, 800px\" title=\"\"> <img loading=\"lazy\" decoding=\"async\" class=\"aligncenter wp-image-1714 size-full\" src=\"https:\/\/www.cupssupplier.com\/wp-content\/uploads\/2024\/12\/2.webp\" alt=\"personalised tumbler with straw\" width=\"889\" height=\"900\" srcset=\"https:\/\/www.cupssupplier.com\/wp-content\/uploads\/2024\/12\/2.webp 889w, https:\/\/www.cupssupplier.com\/wp-content\/uploads\/2024\/12\/2-300x304.png 300w, https:\/\/www.cupssupplier.com\/wp-content\/uploads\/2024\/12\/2-100x100.png 100w, https:\/\/www.cupssupplier.com\/wp-content\/uploads\/2024\/12\/2-600x607.png 600w, https:\/\/www.cupssupplier.com\/wp-content\/uploads\/2024\/12\/2-296x300.png 296w, https:\/\/www.cupssupplier.com\/wp-content\/uploads\/2024\/12\/2-768x778.png 768w\" sizes=\"auto, (max-width: 889px) 100vw, 889px\" title=\"\"><\/p>\n","protected":false},"excerpt":{"rendered":"<p><strong data-start=\"3065\" data-end=\"3162\">Mantenha-se elegante e hidratado em qualquer lugar com o nosso Copo Personalizado com Canudo.<\/strong> Projetado para manter suas bebidas frescas, este copo ecol\u00f3gico \u00e9 ideal para caf\u00e9 gelado, smoothies ou suas bebidas favoritas. Personaliz\u00e1vel com seu nome ou uma mensagem especial, \u00e9 um presente atencioso ou uma maneira \u00fanica de mostrar sua personalidade. Dur\u00e1vel, leve e livre de BPA, \u00e9 perfeito para o uso di\u00e1rio em casa, no trabalho ou em movimento.<\/p>\n","protected":false},"featured_media":7629,"template":"","meta":{"om_disable_all_campaigns":false},"product_brand":[],"product_cat":[311],"product_tag":[],"class_list":{"0":"post-20666","1":"product","2":"type-product","3":"status-publish","4":"has-post-thumbnail","6":"product_cat-copo","8":"first","9":"instock","10":"shipping-taxable","11":"product-type-simple"},"_links":{"self":[{"href":"https:\/\/www.cupssupplier.com\/pt-pt\/wp-json\/wp\/v2\/product\/20666","targetHints":{"allow":["GET"]}}],"collection":[{"href":"https:\/\/www.cupssupplier.com\/pt-pt\/wp-json\/wp\/v2\/product"}],"about":[{"href":"https:\/\/www.cupssupplier.com\/pt-pt\/wp-json\/wp\/v2\/types\/product"}],"wp:featuredmedia":[{"embeddable":true,"href":"https:\/\/www.cupssupplier.com\/pt-pt\/wp-json\/wp\/v2\/media\/7629"}],"wp:attachment":[{"href":"https:\/\/www.cupssupplier.com\/pt-pt\/wp-json\/wp\/v2\/media?parent=20666"}],"wp:term":[{"taxonomy":"product_brand","embeddable":true,"href":"https:\/\/www.cupssupplier.com\/pt-pt\/wp-json\/wp\/v2\/product_brand?post=20666"},{"taxonomy":"product_cat","embeddable":true,"href":"https:\/\/www.cupssupplier.com\/pt-pt\/wp-json\/wp\/v2\/product_cat?post=20666"},{"taxonomy":"product_tag","embeddable":true,"href":"https:\/\/www.cupssupplier.com\/pt-pt\/wp-json\/wp\/v2\/product_tag?post=20666"}],"curies":[{"name":"wp","href":"https:\/\/api.w.org\/{rel}","templated":true}]}}