{"id":20624,"date":"2024-12-30T10:55:45","date_gmt":"2024-12-30T15:55:45","guid":{"rendered":"https:\/\/www.cupssupplier.com\/product\/steel-tumbler-with-lid\/"},"modified":"2025-05-28T03:19:31","modified_gmt":"2025-05-28T07:19:31","slug":"steel-tumbler-with-lid","status":"publish","type":"product","link":"https:\/\/www.cupssupplier.com\/pt-pt\/steel-tumbler-with-lid\/","title":{"rendered":"Copo de A\u00e7o Inoxid\u00e1vel com Tampa por Atacado"},"content":{"rendered":"<p class=\"\" data-start=\"4497\" data-end=\"4545\"><strong data-start=\"4497\" data-end=\"4545\">Copo de A\u00e7o Inoxid\u00e1vel com Tampa por Atacado<\/strong><\/p>\n<p class=\"\" data-start=\"4547\" data-end=\"4651\">Melhore sua cole\u00e7\u00e3o de copos com o vers\u00e1til Copo de A\u00e7o Inoxid\u00e1vel com Tampa. Este copo premium oferece:<\/p>\n<ul data-start=\"4653\" data-end=\"5104\">\n<li class=\"\" data-start=\"4653\" data-end=\"4759\">\n<p class=\"\" data-start=\"4655\" data-end=\"4759\"><strong data-start=\"4655\" data-end=\"4687\">Constru\u00e7\u00e3o em A\u00e7o Inoxid\u00e1vel<\/strong>: Feito com a\u00e7o inoxid\u00e1vel livre de BPA para seguran\u00e7a e durabilidade.<\/p>\n<\/li>\n<li class=\"\" data-start=\"4760\" data-end=\"4849\">\n<p class=\"\" data-start=\"4762\" data-end=\"4849\"><strong data-start=\"4762\" data-end=\"4780\">Design Isolado<\/strong>: Mant\u00e9m bebidas quentes por at\u00e9 12 horas e frias por at\u00e9 24 horas.<\/p>\n<\/li>\n<li class=\"\" data-start=\"4850\" data-end=\"4935\">\n<p class=\"\" data-start=\"4852\" data-end=\"4935\"><strong data-start=\"4852\" data-end=\"4883\">Tampa \u00e0 Prova de Vazamentos<\/strong>: Tampa segura e f\u00e1cil de usar que evita bagun\u00e7as.<\/p>\n<\/li>\n<li class=\"\" data-start=\"4936\" data-end=\"5017\">\n<p class=\"\" data-start=\"4938\" data-end=\"5017\"><strong data-start=\"4938\" data-end=\"4966\">Ecol\u00f3gico e Reutiliz\u00e1vel<\/strong>: Alternativa sustent\u00e1vel aos copos descart\u00e1veis.<\/p>\n<\/li>\n<li class=\"\" data-start=\"5018\" data-end=\"5104\">\n<p class=\"\" data-start=\"5020\" data-end=\"5104\"><strong data-start=\"5020\" data-end=\"5044\">Elegante e Funcional<\/strong>: Tamanho ideal para suportes de copo, f\u00e1cil de transportar.<\/p>\n<\/li>\n<\/ul>\n<p class=\"\" data-start=\"5106\" data-end=\"5215\">Ideal para o dia a dia, viagens ou relaxar em casa \u2013 estilo, praticidade e sustentabilidade em um s\u00f3 produto.<\/p>\n<p class=\"\" data-start=\"5217\" data-end=\"5351\">Mantenha-se hidratado com nosso copo dur\u00e1vel e elegante com tampa. Isolado, ecol\u00f3gico e perfeito para uso di\u00e1rio, trabalho ou viagens.<\/p>\n<p><img loading=\"lazy\" decoding=\"async\" class=\"aligncenter wp-image-1776 size-full\" src=\"https:\/\/www.cupssupplier.com\/wp-content\/uploads\/2024\/12\/6-5.webp\" alt=\"steel tumbler with lid\" width=\"800\" height=\"800\" srcset=\"https:\/\/www.cupssupplier.com\/wp-content\/uploads\/2024\/12\/6-5.webp 800w, https:\/\/www.cupssupplier.com\/wp-content\/uploads\/2024\/12\/6-5-300x300.webp 300w, https:\/\/www.cupssupplier.com\/wp-content\/uploads\/2024\/12\/6-5-150x150.webp 150w, https:\/\/www.cupssupplier.com\/wp-content\/uploads\/2024\/12\/6-5-768x768.webp 768w, https:\/\/www.cupssupplier.com\/wp-content\/uploads\/2024\/12\/6-5-600x600.webp 600w, https:\/\/www.cupssupplier.com\/wp-content\/uploads\/2024\/12\/6-5-100x100.webp 100w\" sizes=\"auto, (max-width: 800px) 100vw, 800px\" title=\"\"> <img loading=\"lazy\" decoding=\"async\" class=\"aligncenter wp-image-1771 size-full\" src=\"https:\/\/www.cupssupplier.com\/wp-content\/uploads\/2024\/12\/6-4.webp\" alt=\"steel tumbler with lid\" width=\"960\" height=\"960\" srcset=\"https:\/\/www.cupssupplier.com\/wp-content\/uploads\/2024\/12\/6-4.webp 960w, https:\/\/www.cupssupplier.com\/wp-content\/uploads\/2024\/12\/6-4-300x300.webp 300w, https:\/\/www.cupssupplier.com\/wp-content\/uploads\/2024\/12\/6-4-150x150.webp 150w, https:\/\/www.cupssupplier.com\/wp-content\/uploads\/2024\/12\/6-4-768x768.webp 768w, https:\/\/www.cupssupplier.com\/wp-content\/uploads\/2024\/12\/6-4-600x600.webp 600w, https:\/\/www.cupssupplier.com\/wp-content\/uploads\/2024\/12\/6-4-100x100.webp 100w\" sizes=\"auto, (max-width: 960px) 100vw, 960px\" title=\"\"> <img loading=\"lazy\" decoding=\"async\" class=\"aligncenter wp-image-1773 size-full\" src=\"https:\/\/www.cupssupplier.com\/wp-content\/uploads\/2024\/12\/3-5.webp\" alt=\"steel tumbler with lid\" width=\"797\" height=\"800\" srcset=\"https:\/\/www.cupssupplier.com\/wp-content\/uploads\/2024\/12\/3-5.webp 797w, https:\/\/www.cupssupplier.com\/wp-content\/uploads\/2024\/12\/3-5-300x301.webp 300w, https:\/\/www.cupssupplier.com\/wp-content\/uploads\/2024\/12\/3-5-150x150.webp 150w, https:\/\/www.cupssupplier.com\/wp-content\/uploads\/2024\/12\/3-5-768x771.webp 768w, https:\/\/www.cupssupplier.com\/wp-content\/uploads\/2024\/12\/3-5-600x602.webp 600w, https:\/\/www.cupssupplier.com\/wp-content\/uploads\/2024\/12\/3-5-100x100.webp 100w\" sizes=\"auto, (max-width: 797px) 100vw, 797px\" title=\"\"> <img loading=\"lazy\" decoding=\"async\" class=\"aligncenter wp-image-1774 size-full\" src=\"https:\/\/www.cupssupplier.com\/wp-content\/uploads\/2024\/12\/4-4.webp\" alt=\"steel tumbler with lid\" width=\"799\" height=\"800\" srcset=\"https:\/\/www.cupssupplier.com\/wp-content\/uploads\/2024\/12\/4-4.webp 799w, https:\/\/www.cupssupplier.com\/wp-content\/uploads\/2024\/12\/4-4-300x300.webp 300w, https:\/\/www.cupssupplier.com\/wp-content\/uploads\/2024\/12\/4-4-150x150.webp 150w, https:\/\/www.cupssupplier.com\/wp-content\/uploads\/2024\/12\/4-4-768x769.webp 768w, https:\/\/www.cupssupplier.com\/wp-content\/uploads\/2024\/12\/4-4-600x601.webp 600w, https:\/\/www.cupssupplier.com\/wp-content\/uploads\/2024\/12\/4-4-100x100.webp 100w\" sizes=\"auto, (max-width: 799px) 100vw, 799px\" title=\"\"><\/p>\n","protected":false},"excerpt":{"rendered":"<p><strong data-start=\"2397\" data-end=\"2499\">Mantenha-se hidratado com o nosso elegante e dur\u00e1vel Copo de A\u00e7o Inoxid\u00e1vel com Tampa por Atacado.<\/strong><br data-start=\"2499\" data-end=\"2502\" \/>Projetado para oferecer praticidade e estilo, este copo t\u00e9rmico mant\u00e9m suas bebidas quentes ou frias por horas. Perfeito para o trabalho, viagens ou uso di\u00e1rio, \u00e9 ecol\u00f3gico e feito para durar.<\/p>\n","protected":false},"featured_media":7755,"template":"","meta":{"om_disable_all_campaigns":false},"product_brand":[],"product_cat":[311],"product_tag":[],"class_list":{"0":"post-20624","1":"product","2":"type-product","3":"status-publish","4":"has-post-thumbnail","6":"product_cat-copo","8":"first","9":"instock","10":"shipping-taxable","11":"product-type-simple"},"_links":{"self":[{"href":"https:\/\/www.cupssupplier.com\/pt-pt\/wp-json\/wp\/v2\/product\/20624","targetHints":{"allow":["GET"]}}],"collection":[{"href":"https:\/\/www.cupssupplier.com\/pt-pt\/wp-json\/wp\/v2\/product"}],"about":[{"href":"https:\/\/www.cupssupplier.com\/pt-pt\/wp-json\/wp\/v2\/types\/product"}],"wp:featuredmedia":[{"embeddable":true,"href":"https:\/\/www.cupssupplier.com\/pt-pt\/wp-json\/wp\/v2\/media\/7755"}],"wp:attachment":[{"href":"https:\/\/www.cupssupplier.com\/pt-pt\/wp-json\/wp\/v2\/media?parent=20624"}],"wp:term":[{"taxonomy":"product_brand","embeddable":true,"href":"https:\/\/www.cupssupplier.com\/pt-pt\/wp-json\/wp\/v2\/product_brand?post=20624"},{"taxonomy":"product_cat","embeddable":true,"href":"https:\/\/www.cupssupplier.com\/pt-pt\/wp-json\/wp\/v2\/product_cat?post=20624"},{"taxonomy":"product_tag","embeddable":true,"href":"https:\/\/www.cupssupplier.com\/pt-pt\/wp-json\/wp\/v2\/product_tag?post=20624"}],"curies":[{"name":"wp","href":"https:\/\/api.w.org\/{rel}","templated":true}]}}