{"id":20596,"date":"2024-12-31T21:09:57","date_gmt":"2025-01-01T02:09:57","guid":{"rendered":"https:\/\/www.cupssupplier.com\/product\/custom-diamond-tumbler\/"},"modified":"2025-05-21T04:56:10","modified_gmt":"2025-05-21T08:56:10","slug":"custom-diamond-tumbler","status":"publish","type":"product","link":"https:\/\/www.cupssupplier.com\/pt-pt\/custom-diamond-tumbler\/","title":{"rendered":"Copo Diamante Personalizado em A\u00e7o Inoxid\u00e1vel"},"content":{"rendered":"<h3 class=\"\" data-start=\"6355\" data-end=\"6433\"><strong data-start=\"6364\" data-end=\"6433\">Copo Diamante Personalizado em A\u00e7o Inoxid\u00e1vel \u2013 Estilo com Fun\u00e7\u00e3o<\/strong><\/h3>\n<p class=\"\" data-start=\"6435\" data-end=\"6817\"><strong data-start=\"6435\" data-end=\"6507\">Eleve sua bebida com o Copo Diamante Personalizado em A\u00e7o Inoxid\u00e1vel<\/strong>, uma fus\u00e3o perfeita entre luxo e funcionalidade. Com um elegante design texturizado em formato de diamante, este copo \u00e9 feito com materiais de alta qualidade para durabilidade superior. A parede dupla mant\u00e9m suas bebidas quentes ou frias por horas, e a tampa \u00e0 prova de vazamentos \u00e9 perfeita para o dia a dia.<\/p>\n<p class=\"\" data-start=\"6819\" data-end=\"6840\"><strong data-start=\"6819\" data-end=\"6838\">Especifica\u00e7\u00f5es:<\/strong><\/p>\n<ul data-start=\"6841\" data-end=\"7165\">\n<li class=\"\" data-start=\"6841\" data-end=\"6891\">\n<p class=\"\" data-start=\"6843\" data-end=\"6891\"><strong data-start=\"6843\" data-end=\"6856\">Material:<\/strong> A\u00e7o inoxid\u00e1vel de alta qualidade<\/p>\n<\/li>\n<li class=\"\" data-start=\"6892\" data-end=\"6939\">\n<p class=\"\" data-start=\"6894\" data-end=\"6939\"><strong data-start=\"6894\" data-end=\"6905\">Design:<\/strong> Padr\u00e3o diamante, personaliz\u00e1vel<\/p>\n<\/li>\n<li class=\"\" data-start=\"6940\" data-end=\"7002\">\n<p class=\"\" data-start=\"6942\" data-end=\"7002\"><strong data-start=\"6942\" data-end=\"6957\">Isolamento:<\/strong> Parede dupla para bebidas quentes ou frias<\/p>\n<\/li>\n<li class=\"\" data-start=\"7003\" data-end=\"7050\">\n<p class=\"\" data-start=\"7005\" data-end=\"7050\"><strong data-start=\"7005\" data-end=\"7024\">Personaliza\u00e7\u00e3o:<\/strong> Com nome, logo ou frase<\/p>\n<\/li>\n<li class=\"\" data-start=\"7051\" data-end=\"7108\">\n<p class=\"\" data-start=\"7053\" data-end=\"7108\"><strong data-start=\"7053\" data-end=\"7061\">Uso:<\/strong> Ideal para academia, trabalho ou ao ar livre<\/p>\n<\/li>\n<li class=\"\" data-start=\"7109\" data-end=\"7165\">\n<p class=\"\" data-start=\"7111\" data-end=\"7165\"><strong data-start=\"7111\" data-end=\"7128\">Durabilidade:<\/strong> Resistente a riscos e livre de BPA<\/p>\n<\/li>\n<\/ul>\n<p><img loading=\"lazy\" decoding=\"async\" class=\"aligncenter wp-image-1796 \" src=\"https:\/\/www.cupssupplier.com\/wp-content\/uploads\/2024\/12\/6-7.webp\" alt=\"Custom Diamond Tumbler\" width=\"1080\" height=\"1080\" srcset=\"https:\/\/www.cupssupplier.com\/wp-content\/uploads\/2024\/12\/6-7.webp 960w, https:\/\/www.cupssupplier.com\/wp-content\/uploads\/2024\/12\/6-7-300x300.webp 300w, https:\/\/www.cupssupplier.com\/wp-content\/uploads\/2024\/12\/6-7-150x150.webp 150w, https:\/\/www.cupssupplier.com\/wp-content\/uploads\/2024\/12\/6-7-768x768.webp 768w, https:\/\/www.cupssupplier.com\/wp-content\/uploads\/2024\/12\/6-7-600x600.webp 600w, https:\/\/www.cupssupplier.com\/wp-content\/uploads\/2024\/12\/6-7-100x100.webp 100w\" sizes=\"auto, (max-width: 1080px) 100vw, 1080px\" title=\"\"> <img loading=\"lazy\" decoding=\"async\" class=\"aligncenter wp-image-1795 size-full\" src=\"https:\/\/www.cupssupplier.com\/wp-content\/uploads\/2024\/12\/5-7.webp\" alt=\"auto draft\" width=\"1080\" height=\"1080\" srcset=\"https:\/\/www.cupssupplier.com\/wp-content\/uploads\/2024\/12\/5-7.webp 1080w, https:\/\/www.cupssupplier.com\/wp-content\/uploads\/2024\/12\/5-7-300x300.webp 300w, https:\/\/www.cupssupplier.com\/wp-content\/uploads\/2024\/12\/5-7-1024x1024.webp 1024w, https:\/\/www.cupssupplier.com\/wp-content\/uploads\/2024\/12\/5-7-150x150.webp 150w, https:\/\/www.cupssupplier.com\/wp-content\/uploads\/2024\/12\/5-7-768x768.webp 768w, https:\/\/www.cupssupplier.com\/wp-content\/uploads\/2024\/12\/5-7-600x600.webp 600w, https:\/\/www.cupssupplier.com\/wp-content\/uploads\/2024\/12\/5-7-100x100.webp 100w\" sizes=\"auto, (max-width: 1080px) 100vw, 1080px\" title=\"\"> <img loading=\"lazy\" decoding=\"async\" class=\"aligncenter wp-image-1799 size-full\" src=\"https:\/\/www.cupssupplier.com\/wp-content\/uploads\/2024\/12\/3-8.webp\" alt=\"Custom Diamond Tumbler\" width=\"1080\" height=\"1080\" srcset=\"https:\/\/www.cupssupplier.com\/wp-content\/uploads\/2024\/12\/3-8.webp 1080w, https:\/\/www.cupssupplier.com\/wp-content\/uploads\/2024\/12\/3-8-300x300.webp 300w, https:\/\/www.cupssupplier.com\/wp-content\/uploads\/2024\/12\/3-8-1024x1024.webp 1024w, https:\/\/www.cupssupplier.com\/wp-content\/uploads\/2024\/12\/3-8-150x150.webp 150w, https:\/\/www.cupssupplier.com\/wp-content\/uploads\/2024\/12\/3-8-768x768.webp 768w, https:\/\/www.cupssupplier.com\/wp-content\/uploads\/2024\/12\/3-8-600x600.webp 600w, https:\/\/www.cupssupplier.com\/wp-content\/uploads\/2024\/12\/3-8-100x100.webp 100w\" sizes=\"auto, (max-width: 1080px) 100vw, 1080px\" title=\"\"><\/p>\n<p class=\"\" data-start=\"7167\" data-end=\"7226\"><strong data-start=\"7167\" data-end=\"7224\">Por que escolher o nosso Copo Diamante Personalizado?<\/strong><\/p>\n<ul data-start=\"7227\" data-end=\"7435\">\n<li class=\"\" data-start=\"7227\" data-end=\"7294\">\n<p class=\"\" data-start=\"7229\" data-end=\"7294\"><strong data-start=\"7229\" data-end=\"7246\">Estilo \u00fanico:<\/strong> Torne-o exclusivo com grava\u00e7\u00e3o personalizada.<\/p>\n<\/li>\n<li class=\"\" data-start=\"7295\" data-end=\"7357\">\n<p class=\"\" data-start=\"7297\" data-end=\"7357\"><strong data-start=\"7297\" data-end=\"7318\">Controle t\u00e9rmico:<\/strong> Bebidas sempre na temperatura ideal.<\/p>\n<\/li>\n<li class=\"\" data-start=\"7358\" data-end=\"7435\">\n<p class=\"\" data-start=\"7360\" data-end=\"7435\"><strong data-start=\"7360\" data-end=\"7383\">Luxo e praticidade:<\/strong> O design sofisticado brilha em qualquer ambiente.<\/p>\n<\/li>\n<\/ul>\n","protected":false},"excerpt":{"rendered":"<p>Mant\u00e9n tu estilo e hidrataci\u00f3n con nuestro vaso de acero inoxidable personalizado con dise\u00f1o de diamante, dise\u00f1ado para brillar como una joya. Este llamativo vaso presenta un dise\u00f1o \u00fanico con patr\u00f3n de diamantes que refleja la luz con belleza, lo que lo convierte en un accesorio perfecto para cualquier ocasi\u00f3n. Con su aislamiento de doble pared, mantiene tus bebidas fr\u00edas hasta 12 horas y calientes hasta 6 horas. Personal\u00edzalo con tu nombre, logo o frase favorita para darle un toque personal. Perfecto para hidratarte dondequiera que est\u00e9s, ya sea en el gimnasio, la oficina o en un d\u00eda de aventura.<\/p>\n","protected":false},"featured_media":7916,"template":"","meta":{"om_disable_all_campaigns":false},"product_brand":[],"product_cat":[311],"product_tag":[],"class_list":{"0":"post-20596","1":"product","2":"type-product","3":"status-publish","4":"has-post-thumbnail","6":"product_cat-copo","8":"first","9":"instock","10":"shipping-taxable","11":"product-type-simple"},"_links":{"self":[{"href":"https:\/\/www.cupssupplier.com\/pt-pt\/wp-json\/wp\/v2\/product\/20596","targetHints":{"allow":["GET"]}}],"collection":[{"href":"https:\/\/www.cupssupplier.com\/pt-pt\/wp-json\/wp\/v2\/product"}],"about":[{"href":"https:\/\/www.cupssupplier.com\/pt-pt\/wp-json\/wp\/v2\/types\/product"}],"wp:featuredmedia":[{"embeddable":true,"href":"https:\/\/www.cupssupplier.com\/pt-pt\/wp-json\/wp\/v2\/media\/7916"}],"wp:attachment":[{"href":"https:\/\/www.cupssupplier.com\/pt-pt\/wp-json\/wp\/v2\/media?parent=20596"}],"wp:term":[{"taxonomy":"product_brand","embeddable":true,"href":"https:\/\/www.cupssupplier.com\/pt-pt\/wp-json\/wp\/v2\/product_brand?post=20596"},{"taxonomy":"product_cat","embeddable":true,"href":"https:\/\/www.cupssupplier.com\/pt-pt\/wp-json\/wp\/v2\/product_cat?post=20596"},{"taxonomy":"product_tag","embeddable":true,"href":"https:\/\/www.cupssupplier.com\/pt-pt\/wp-json\/wp\/v2\/product_tag?post=20596"}],"curies":[{"name":"wp","href":"https:\/\/api.w.org\/{rel}","templated":true}]}}