{"id":20582,"date":"2024-12-31T21:31:07","date_gmt":"2025-01-01T02:31:07","guid":{"rendered":"https:\/\/www.cupssupplier.com\/product\/custom-metal-tumblers\/"},"modified":"2025-05-21T04:00:02","modified_gmt":"2025-05-21T08:00:02","slug":"custom-metal-tumblers","status":"publish","type":"product","link":"https:\/\/www.cupssupplier.com\/pt-pt\/custom-metal-tumblers\/","title":{"rendered":"Copos Met\u00e1licos Personalizados por Atacado"},"content":{"rendered":"<p class=\"\" data-start=\"4558\" data-end=\"4639\"><strong data-start=\"4558\" data-end=\"4639\">Copos Met\u00e1licos Personalizados por Atacado \u2013 Isolados, Ecol\u00f3gicos e Estilosos<\/strong><\/p>\n<p class=\"\" data-start=\"4641\" data-end=\"4801\">Mantenha-se hidratado com estilo usando nossos Copos Met\u00e1licos Personalizados por Atacado, que combinam funcionalidade com personaliza\u00e7\u00e3o. Esses copos oferecem:<\/p>\n<ul data-start=\"4803\" data-end=\"5236\">\n<li class=\"\" data-start=\"4803\" data-end=\"4888\">\n<p class=\"\" data-start=\"4805\" data-end=\"4888\"><strong data-start=\"4805\" data-end=\"4846\">Constru\u00e7\u00e3o Met\u00e1lica de Alta Qualidade<\/strong>: A\u00e7o inoxid\u00e1vel dur\u00e1vel e livre de BPA.<\/p>\n<\/li>\n<li class=\"\" data-start=\"4889\" data-end=\"4967\">\n<p class=\"\" data-start=\"4891\" data-end=\"4967\"><strong data-start=\"4891\" data-end=\"4917\">Op\u00e7\u00f5es Personaliz\u00e1veis<\/strong>: Personalize com nomes, logotipos ou mensagens.<\/p>\n<\/li>\n<li class=\"\" data-start=\"4968\" data-end=\"5057\">\n<p class=\"\" data-start=\"4970\" data-end=\"5057\"><strong data-start=\"4970\" data-end=\"4988\">Design Isolado<\/strong>: Mant\u00e9m bebidas quentes por at\u00e9 12 horas e frias por at\u00e9 24 horas.<\/p>\n<\/li>\n<li class=\"\" data-start=\"5058\" data-end=\"5154\">\n<p class=\"\" data-start=\"5060\" data-end=\"5154\"><strong data-start=\"5060\" data-end=\"5090\">Ecol\u00f3gicos e Reutiliz\u00e1veis<\/strong>: Uma escolha sustent\u00e1vel para reduzir pl\u00e1sticos descart\u00e1veis.<\/p>\n<\/li>\n<li class=\"\" data-start=\"5155\" data-end=\"5236\">\n<p class=\"\" data-start=\"5157\" data-end=\"5236\"><strong data-start=\"5157\" data-end=\"5182\">Vers\u00e1teis e Port\u00e1teis<\/strong>: Ideais para trabalho, viagens, eventos ou presentes.<\/p>\n<\/li>\n<\/ul>\n<p class=\"\" data-start=\"5238\" data-end=\"5378\">Perfeitos para uso pessoal ou como presente personalizado, nossos copos met\u00e1licos oferecem o equil\u00edbrio ideal entre eleg\u00e2ncia e praticidade.<\/p>\n<p><img loading=\"lazy\" decoding=\"async\" class=\"aligncenter wp-image-1810 size-full\" src=\"https:\/\/www.cupssupplier.com\/wp-content\/uploads\/2024\/12\/3-10.webp\" alt=\"custom metal tumblers\" width=\"1563\" height=\"1836\" srcset=\"https:\/\/www.cupssupplier.com\/wp-content\/uploads\/2024\/12\/3-10.webp 1563w, https:\/\/www.cupssupplier.com\/wp-content\/uploads\/2024\/12\/3-10-255x300.webp 255w, https:\/\/www.cupssupplier.com\/wp-content\/uploads\/2024\/12\/3-10-872x1024.webp 872w, https:\/\/www.cupssupplier.com\/wp-content\/uploads\/2024\/12\/3-10-768x902.webp 768w, https:\/\/www.cupssupplier.com\/wp-content\/uploads\/2024\/12\/3-10-1308x1536.webp 1308w, https:\/\/www.cupssupplier.com\/wp-content\/uploads\/2024\/12\/3-10-300x352.webp 300w, https:\/\/www.cupssupplier.com\/wp-content\/uploads\/2024\/12\/3-10-600x705.webp 600w\" sizes=\"auto, (max-width: 1563px) 100vw, 1563px\" title=\"\"> <img loading=\"lazy\" decoding=\"async\" class=\"aligncenter wp-image-1811 size-full\" src=\"https:\/\/www.cupssupplier.com\/wp-content\/uploads\/2024\/12\/4-8.webp\" alt=\"custom metal tumblers\" width=\"1563\" height=\"2156\" srcset=\"https:\/\/www.cupssupplier.com\/wp-content\/uploads\/2024\/12\/4-8.webp 1563w, https:\/\/www.cupssupplier.com\/wp-content\/uploads\/2024\/12\/4-8-217x300.webp 217w, https:\/\/www.cupssupplier.com\/wp-content\/uploads\/2024\/12\/4-8-742x1024.webp 742w, https:\/\/www.cupssupplier.com\/wp-content\/uploads\/2024\/12\/4-8-768x1059.webp 768w, https:\/\/www.cupssupplier.com\/wp-content\/uploads\/2024\/12\/4-8-1114x1536.webp 1114w, https:\/\/www.cupssupplier.com\/wp-content\/uploads\/2024\/12\/4-8-1485x2048.webp 1485w, https:\/\/www.cupssupplier.com\/wp-content\/uploads\/2024\/12\/4-8-300x414.webp 300w, https:\/\/www.cupssupplier.com\/wp-content\/uploads\/2024\/12\/4-8-600x828.webp 600w\" sizes=\"auto, (max-width: 1563px) 100vw, 1563px\" title=\"\"> <img loading=\"lazy\" decoding=\"async\" class=\"aligncenter wp-image-1812 size-full\" src=\"https:\/\/www.cupssupplier.com\/wp-content\/uploads\/2024\/12\/5-10.webp\" alt=\"custom metal tumblers\" width=\"1563\" height=\"1771\" srcset=\"https:\/\/www.cupssupplier.com\/wp-content\/uploads\/2024\/12\/5-10.webp 1563w, https:\/\/www.cupssupplier.com\/wp-content\/uploads\/2024\/12\/5-10-265x300.webp 265w, https:\/\/www.cupssupplier.com\/wp-content\/uploads\/2024\/12\/5-10-904x1024.webp 904w, https:\/\/www.cupssupplier.com\/wp-content\/uploads\/2024\/12\/5-10-768x870.webp 768w, https:\/\/www.cupssupplier.com\/wp-content\/uploads\/2024\/12\/5-10-1356x1536.webp 1356w, https:\/\/www.cupssupplier.com\/wp-content\/uploads\/2024\/12\/5-10-300x340.webp 300w, https:\/\/www.cupssupplier.com\/wp-content\/uploads\/2024\/12\/5-10-600x680.webp 600w\" sizes=\"auto, (max-width: 1563px) 100vw, 1563px\" title=\"\"> <img loading=\"lazy\" decoding=\"async\" class=\"aligncenter wp-image-1808 size-full\" src=\"https:\/\/www.cupssupplier.com\/wp-content\/uploads\/2024\/12\/5-9.webp\" alt=\"custom metal tumblers\" width=\"1200\" height=\"1200\" srcset=\"https:\/\/www.cupssupplier.com\/wp-content\/uploads\/2024\/12\/5-9.webp 1200w, https:\/\/www.cupssupplier.com\/wp-content\/uploads\/2024\/12\/5-9-300x300.webp 300w, https:\/\/www.cupssupplier.com\/wp-content\/uploads\/2024\/12\/5-9-1024x1024.webp 1024w, https:\/\/www.cupssupplier.com\/wp-content\/uploads\/2024\/12\/5-9-150x150.webp 150w, https:\/\/www.cupssupplier.com\/wp-content\/uploads\/2024\/12\/5-9-768x768.webp 768w, https:\/\/www.cupssupplier.com\/wp-content\/uploads\/2024\/12\/5-9-600x600.webp 600w, https:\/\/www.cupssupplier.com\/wp-content\/uploads\/2024\/12\/5-9-100x100.webp 100w\" sizes=\"auto, (max-width: 1200px) 100vw, 1200px\" title=\"\"><\/p>\n","protected":false},"excerpt":{"rendered":"<p class=\"\" data-start=\"2860\" data-end=\"3182\">Descubra nossos copos de metal personalizados, feitos de a\u00e7o inoxid\u00e1vel dur\u00e1vel e totalmente personaliz\u00e1veis. Isolados para manter a temperatura das bebidas, s\u00e3o reutiliz\u00e1veis e ideais para qualquer ocasi\u00e3o. Fa\u00e7a seu pedido hoje mesmo!<\/p>\n<p class=\"\" data-start=\"2860\" data-end=\"3182\">\n","protected":false},"featured_media":8000,"template":"","meta":{"om_disable_all_campaigns":false},"product_brand":[],"product_cat":[311],"product_tag":[],"class_list":{"0":"post-20582","1":"product","2":"type-product","3":"status-publish","4":"has-post-thumbnail","6":"product_cat-copo","8":"first","9":"instock","10":"shipping-taxable","11":"product-type-simple"},"_links":{"self":[{"href":"https:\/\/www.cupssupplier.com\/pt-pt\/wp-json\/wp\/v2\/product\/20582","targetHints":{"allow":["GET"]}}],"collection":[{"href":"https:\/\/www.cupssupplier.com\/pt-pt\/wp-json\/wp\/v2\/product"}],"about":[{"href":"https:\/\/www.cupssupplier.com\/pt-pt\/wp-json\/wp\/v2\/types\/product"}],"wp:featuredmedia":[{"embeddable":true,"href":"https:\/\/www.cupssupplier.com\/pt-pt\/wp-json\/wp\/v2\/media\/8000"}],"wp:attachment":[{"href":"https:\/\/www.cupssupplier.com\/pt-pt\/wp-json\/wp\/v2\/media?parent=20582"}],"wp:term":[{"taxonomy":"product_brand","embeddable":true,"href":"https:\/\/www.cupssupplier.com\/pt-pt\/wp-json\/wp\/v2\/product_brand?post=20582"},{"taxonomy":"product_cat","embeddable":true,"href":"https:\/\/www.cupssupplier.com\/pt-pt\/wp-json\/wp\/v2\/product_cat?post=20582"},{"taxonomy":"product_tag","embeddable":true,"href":"https:\/\/www.cupssupplier.com\/pt-pt\/wp-json\/wp\/v2\/product_tag?post=20582"}],"curies":[{"name":"wp","href":"https:\/\/api.w.org\/{rel}","templated":true}]}}