{"id":20568,"date":"2025-01-01T02:27:51","date_gmt":"2025-01-01T07:27:51","guid":{"rendered":"https:\/\/www.cupssupplier.com\/product\/bulk-custom-20-oz-tumbler\/"},"modified":"2025-05-21T01:24:51","modified_gmt":"2025-05-21T05:24:51","slug":"bulk-custom-20-oz-tumbler","status":"publish","type":"product","link":"https:\/\/www.cupssupplier.com\/pt-pt\/bulk-custom-20-oz-tumbler\/","title":{"rendered":"Copo T\u00e9rmico Personalizado de 20 oz por Atacado"},"content":{"rendered":"<h3 class=\"\" data-start=\"3763\" data-end=\"3847\"><strong data-start=\"3772\" data-end=\"3847\">Copo T\u00e9rmico Personalizado de 20 oz por Atacado \u2013 Isolado e Sustent\u00e1vel<\/strong><\/h3>\n<p class=\"\" data-start=\"3849\" data-end=\"3987\">Atualize sua linha de produtos com nossos Copos Personalizados de 20 oz por Atacado \u2013 funcionalidade e estilo em um \u00fanico item. Destaques:<\/p>\n<ul data-start=\"3989\" data-end=\"4513\">\n<li class=\"\" data-start=\"3989\" data-end=\"4083\">\n<p class=\"\" data-start=\"3991\" data-end=\"4083\"><strong data-start=\"3991\" data-end=\"4013\">Isolamento Premium<\/strong>: Mant\u00e9m bebidas quentes por at\u00e9 12 horas ou frias por at\u00e9 24 horas.<\/p>\n<\/li>\n<li class=\"\" data-start=\"4084\" data-end=\"4194\">\n<p class=\"\" data-start=\"4086\" data-end=\"4194\"><strong data-start=\"4086\" data-end=\"4111\">Design Personaliz\u00e1vel<\/strong>: Adicione logotipos, frases ou mensagens personalizadas para destacar sua marca.<\/p>\n<\/li>\n<li class=\"\" data-start=\"4195\" data-end=\"4292\">\n<p class=\"\" data-start=\"4197\" data-end=\"4292\"><strong data-start=\"4197\" data-end=\"4220\">Dur\u00e1vel e Ecol\u00f3gico<\/strong>: Fabricado em a\u00e7o inoxid\u00e1vel livre de BPA, ideal para uso prolongado.<\/p>\n<\/li>\n<li class=\"\" data-start=\"4293\" data-end=\"4381\">\n<p class=\"\" data-start=\"4295\" data-end=\"4381\"><strong data-start=\"4295\" data-end=\"4315\">Tamanho Perfeito<\/strong>: Capacidade de 20 oz \u2013 ideal para caf\u00e9, ch\u00e1, smoothies ou \u00e1gua.<\/p>\n<\/li>\n<li class=\"\" data-start=\"4382\" data-end=\"4513\">\n<p class=\"\" data-start=\"4384\" data-end=\"4513\"><strong data-start=\"4384\" data-end=\"4415\">Vantagens de Pedido em Lote<\/strong>: Perfeito para eventos, brindes promocionais ou presentes corporativos \u2013 econ\u00f4mico e padronizado.<\/p>\n<\/li>\n<\/ul>\n<p class=\"\" data-start=\"4515\" data-end=\"4630\">Para promo\u00e7\u00f5es, eventos ou uso pessoal, o copo personalizado de 20 oz \u00e9 a escolha ideal em praticidade e eleg\u00e2ncia.<\/p>\n<p class=\"\" data-start=\"4632\" data-end=\"4754\"><strong data-start=\"4632\" data-end=\"4754\">Pe\u00e7a agora seus copos t\u00e9rmicos personalizados de 20 oz por atacado \u2013 personalizados, dur\u00e1veis e ideais para sua marca!<\/strong><\/p>\n<p><img loading=\"lazy\" decoding=\"async\" class=\"aligncenter wp-image-1810 size-full\" src=\"https:\/\/www.cupssupplier.com\/wp-content\/uploads\/2024\/12\/3-10.webp\" alt=\"custom metal tumblers\" width=\"1563\" height=\"1836\" srcset=\"https:\/\/www.cupssupplier.com\/wp-content\/uploads\/2024\/12\/3-10.webp 1563w, https:\/\/www.cupssupplier.com\/wp-content\/uploads\/2024\/12\/3-10-255x300.webp 255w, https:\/\/www.cupssupplier.com\/wp-content\/uploads\/2024\/12\/3-10-872x1024.webp 872w, https:\/\/www.cupssupplier.com\/wp-content\/uploads\/2024\/12\/3-10-768x902.webp 768w, https:\/\/www.cupssupplier.com\/wp-content\/uploads\/2024\/12\/3-10-1308x1536.webp 1308w, https:\/\/www.cupssupplier.com\/wp-content\/uploads\/2024\/12\/3-10-300x352.webp 300w, https:\/\/www.cupssupplier.com\/wp-content\/uploads\/2024\/12\/3-10-600x705.webp 600w\" sizes=\"auto, (max-width: 1563px) 100vw, 1563px\" title=\"\"> <img loading=\"lazy\" decoding=\"async\" class=\"aligncenter wp-image-1811 size-full\" src=\"https:\/\/www.cupssupplier.com\/wp-content\/uploads\/2024\/12\/4-8.webp\" alt=\"custom metal tumblers\" width=\"1563\" height=\"2156\" srcset=\"https:\/\/www.cupssupplier.com\/wp-content\/uploads\/2024\/12\/4-8.webp 1563w, https:\/\/www.cupssupplier.com\/wp-content\/uploads\/2024\/12\/4-8-217x300.webp 217w, https:\/\/www.cupssupplier.com\/wp-content\/uploads\/2024\/12\/4-8-742x1024.webp 742w, https:\/\/www.cupssupplier.com\/wp-content\/uploads\/2024\/12\/4-8-768x1059.webp 768w, https:\/\/www.cupssupplier.com\/wp-content\/uploads\/2024\/12\/4-8-1114x1536.webp 1114w, https:\/\/www.cupssupplier.com\/wp-content\/uploads\/2024\/12\/4-8-1485x2048.webp 1485w, https:\/\/www.cupssupplier.com\/wp-content\/uploads\/2024\/12\/4-8-300x414.webp 300w, https:\/\/www.cupssupplier.com\/wp-content\/uploads\/2024\/12\/4-8-600x828.webp 600w\" sizes=\"auto, (max-width: 1563px) 100vw, 1563px\" title=\"\"> <img loading=\"lazy\" decoding=\"async\" class=\"aligncenter wp-image-1819 size-full\" src=\"https:\/\/www.cupssupplier.com\/wp-content\/uploads\/2024\/12\/2-8.webp\" alt=\"bulk custom 20 oz tumbler\" width=\"1000\" height=\"1000\" srcset=\"https:\/\/www.cupssupplier.com\/wp-content\/uploads\/2024\/12\/2-8.webp 1000w, https:\/\/www.cupssupplier.com\/wp-content\/uploads\/2024\/12\/2-8-300x300.webp 300w, https:\/\/www.cupssupplier.com\/wp-content\/uploads\/2024\/12\/2-8-150x150.webp 150w, https:\/\/www.cupssupplier.com\/wp-content\/uploads\/2024\/12\/2-8-768x768.webp 768w, https:\/\/www.cupssupplier.com\/wp-content\/uploads\/2024\/12\/2-8-600x600.webp 600w, https:\/\/www.cupssupplier.com\/wp-content\/uploads\/2024\/12\/2-8-100x100.webp 100w\" sizes=\"auto, (max-width: 1000px) 100vw, 1000px\" title=\"\"> <img loading=\"lazy\" decoding=\"async\" class=\"aligncenter wp-image-1821 \" src=\"https:\/\/www.cupssupplier.com\/wp-content\/uploads\/2024\/12\/4-9.webp\" alt=\"bulk custom 20 oz tumbler\" width=\"1000\" height=\"1000\" srcset=\"https:\/\/www.cupssupplier.com\/wp-content\/uploads\/2024\/12\/4-9.webp 1200w, https:\/\/www.cupssupplier.com\/wp-content\/uploads\/2024\/12\/4-9-300x300.webp 300w, https:\/\/www.cupssupplier.com\/wp-content\/uploads\/2024\/12\/4-9-1024x1024.webp 1024w, https:\/\/www.cupssupplier.com\/wp-content\/uploads\/2024\/12\/4-9-150x150.webp 150w, https:\/\/www.cupssupplier.com\/wp-content\/uploads\/2024\/12\/4-9-768x768.webp 768w, https:\/\/www.cupssupplier.com\/wp-content\/uploads\/2024\/12\/4-9-600x600.webp 600w, https:\/\/www.cupssupplier.com\/wp-content\/uploads\/2024\/12\/4-9-100x100.webp 100w\" sizes=\"auto, (max-width: 1000px) 100vw, 1000px\" title=\"\"><\/p>\n","protected":false},"excerpt":{"rendered":"<p class=\"\" data-start=\"2921\" data-end=\"3213\">Promova sua marca ou desfrute de copos personalizados com nossos copos t\u00e9rmicos de 20 oz por atacado. Dur\u00e1veis e isolados, esses copos mant\u00eam as bebidas quentes ou frias por horas. Personaliz\u00e1veis com logotipos, designs ou mensagens \u2013 ideais para eventos, brindes corporativos ou uso pessoal.<\/p>\n<p class=\"\" data-start=\"3215\" data-end=\"3284\">\n","protected":false},"featured_media":8035,"template":"","meta":{"om_disable_all_campaigns":false},"product_brand":[],"product_cat":[311],"product_tag":[],"class_list":{"0":"post-20568","1":"product","2":"type-product","3":"status-publish","4":"has-post-thumbnail","6":"product_cat-copo","8":"first","9":"instock","10":"shipping-taxable","11":"product-type-simple"},"_links":{"self":[{"href":"https:\/\/www.cupssupplier.com\/pt-pt\/wp-json\/wp\/v2\/product\/20568","targetHints":{"allow":["GET"]}}],"collection":[{"href":"https:\/\/www.cupssupplier.com\/pt-pt\/wp-json\/wp\/v2\/product"}],"about":[{"href":"https:\/\/www.cupssupplier.com\/pt-pt\/wp-json\/wp\/v2\/types\/product"}],"wp:featuredmedia":[{"embeddable":true,"href":"https:\/\/www.cupssupplier.com\/pt-pt\/wp-json\/wp\/v2\/media\/8035"}],"wp:attachment":[{"href":"https:\/\/www.cupssupplier.com\/pt-pt\/wp-json\/wp\/v2\/media?parent=20568"}],"wp:term":[{"taxonomy":"product_brand","embeddable":true,"href":"https:\/\/www.cupssupplier.com\/pt-pt\/wp-json\/wp\/v2\/product_brand?post=20568"},{"taxonomy":"product_cat","embeddable":true,"href":"https:\/\/www.cupssupplier.com\/pt-pt\/wp-json\/wp\/v2\/product_cat?post=20568"},{"taxonomy":"product_tag","embeddable":true,"href":"https:\/\/www.cupssupplier.com\/pt-pt\/wp-json\/wp\/v2\/product_tag?post=20568"}],"curies":[{"name":"wp","href":"https:\/\/api.w.org\/{rel}","templated":true}]}}