{"id":20555,"date":"2025-01-01T03:08:57","date_gmt":"2025-01-01T08:08:57","guid":{"rendered":"https:\/\/www.cupssupplier.com\/product\/bulk-tumblers-with-logo\/"},"modified":"2025-05-21T01:03:54","modified_gmt":"2025-05-21T05:03:54","slug":"bulk-tumblers-with-logo","status":"publish","type":"product","link":"https:\/\/www.cupssupplier.com\/pt-pt\/bulk-tumblers-with-logo\/","title":{"rendered":"Copos Personalizados com Logotipo em Atacado"},"content":{"rendered":"<h3 class=\"\" data-start=\"4300\" data-end=\"4390\"><strong data-start=\"4309\" data-end=\"4390\">Copos Personalizados com Logotipo em Atacado \u2013 Garrafas T\u00e9rmicas Promocionais<\/strong><\/h3>\n<p class=\"\" data-start=\"4392\" data-end=\"4553\">Promova seu neg\u00f3cio ou evento com nossos <strong data-start=\"4433\" data-end=\"4481\">copos personalizados com logotipo em atacado<\/strong>, projetados para oferecer funcionalidade e impacto de marca. Destaques:<\/p>\n<ul data-start=\"4555\" data-end=\"5091\">\n<li class=\"\" data-start=\"4555\" data-end=\"4672\">\n<p class=\"\" data-start=\"4557\" data-end=\"4672\"><strong data-start=\"4557\" data-end=\"4581\">Marca personaliz\u00e1vel<\/strong>: Adicione seu logotipo ou design para criar um item promocional profissional e atraente.<\/p>\n<\/li>\n<li class=\"\" data-start=\"4673\" data-end=\"4767\">\n<p class=\"\" data-start=\"4675\" data-end=\"4767\"><strong data-start=\"4675\" data-end=\"4697\">Isolamento t\u00e9rmico<\/strong>: Mant\u00e9m bebidas quentes por at\u00e9 12 horas ou frias por at\u00e9 24 horas.<\/p>\n<\/li>\n<li class=\"\" data-start=\"4768\" data-end=\"4882\">\n<p class=\"\" data-start=\"4770\" data-end=\"4882\"><strong data-start=\"4770\" data-end=\"4795\">Dur\u00e1veis e ecol\u00f3gicos<\/strong>: Produzidos com a\u00e7o inoxid\u00e1vel livre de BPA, promovem um estilo de vida sustent\u00e1vel.<\/p>\n<\/li>\n<li class=\"\" data-start=\"4883\" data-end=\"5007\">\n<p class=\"\" data-start=\"4885\" data-end=\"5007\"><strong data-start=\"4885\" data-end=\"4932\">Perfeitos para pedidos em grande quantidade<\/strong>: Ideais para eventos corporativos, brindes, equipes ou vendas no varejo.<\/p>\n<\/li>\n<li class=\"\" data-start=\"5008\" data-end=\"5091\">\n<p class=\"\" data-start=\"5010\" data-end=\"5091\"><strong data-start=\"5010\" data-end=\"5029\">Design vers\u00e1til<\/strong>: Adequados para caf\u00e9, ch\u00e1, \u00e1gua ou qualquer bebida on-the-go.<\/p>\n<\/li>\n<\/ul>\n<p class=\"\" data-start=\"5093\" data-end=\"5191\">Deixe uma impress\u00e3o duradoura com nossos copos promocionais \u2013 pr\u00e1ticos, personalizados e eficazes.<\/p>\n<p class=\"\" data-start=\"5193\" data-end=\"5330\"><strong data-start=\"5193\" data-end=\"5232\">Aumente a visibilidade da sua marca<\/strong> com copos dur\u00e1veis, t\u00e9rmicos e ecol\u00f3gicos. Ideais para promo\u00e7\u00f5es, eventos e brindes corporativos.<\/p>\n<p><img loading=\"lazy\" decoding=\"async\" class=\"aligncenter wp-image-1840 size-full\" src=\"https:\/\/www.cupssupplier.com\/wp-content\/uploads\/2025\/01\/4-1.webp\" alt=\"bulk tumblers with logo\" width=\"960\" height=\"960\" srcset=\"https:\/\/www.cupssupplier.com\/wp-content\/uploads\/2025\/01\/4-1.webp 960w, https:\/\/www.cupssupplier.com\/wp-content\/uploads\/2025\/01\/4-1-300x300.webp 300w, https:\/\/www.cupssupplier.com\/wp-content\/uploads\/2025\/01\/4-1-150x150.webp 150w, https:\/\/www.cupssupplier.com\/wp-content\/uploads\/2025\/01\/4-1-768x768.webp 768w, https:\/\/www.cupssupplier.com\/wp-content\/uploads\/2025\/01\/4-1-600x600.webp 600w, https:\/\/www.cupssupplier.com\/wp-content\/uploads\/2025\/01\/4-1-100x100.webp 100w\" sizes=\"auto, (max-width: 960px) 100vw, 960px\" title=\"\"> <img loading=\"lazy\" decoding=\"async\" class=\"aligncenter wp-image-1837 size-full\" src=\"https:\/\/www.cupssupplier.com\/wp-content\/uploads\/2025\/01\/1-1.webp\" alt=\"bulk tumblers with logo\" width=\"960\" height=\"960\" srcset=\"https:\/\/www.cupssupplier.com\/wp-content\/uploads\/2025\/01\/1-1.webp 960w, https:\/\/www.cupssupplier.com\/wp-content\/uploads\/2025\/01\/1-1-300x300.webp 300w, https:\/\/www.cupssupplier.com\/wp-content\/uploads\/2025\/01\/1-1-150x150.webp 150w, https:\/\/www.cupssupplier.com\/wp-content\/uploads\/2025\/01\/1-1-768x768.webp 768w, https:\/\/www.cupssupplier.com\/wp-content\/uploads\/2025\/01\/1-1-600x600.webp 600w, https:\/\/www.cupssupplier.com\/wp-content\/uploads\/2025\/01\/1-1-100x100.webp 100w\" sizes=\"auto, (max-width: 960px) 100vw, 960px\" title=\"\"> <img loading=\"lazy\" decoding=\"async\" class=\"aligncenter wp-image-1836 \" src=\"https:\/\/www.cupssupplier.com\/wp-content\/uploads\/2025\/01\/6.webp\" alt=\"bulk tumblers with logo\" width=\"887\" height=\"887\" srcset=\"https:\/\/www.cupssupplier.com\/wp-content\/uploads\/2025\/01\/6.webp 800w, https:\/\/www.cupssupplier.com\/wp-content\/uploads\/2025\/01\/6-300x300.webp 300w, https:\/\/www.cupssupplier.com\/wp-content\/uploads\/2025\/01\/6-150x150.webp 150w, https:\/\/www.cupssupplier.com\/wp-content\/uploads\/2025\/01\/6-768x768.webp 768w, https:\/\/www.cupssupplier.com\/wp-content\/uploads\/2025\/01\/6-600x600.webp 600w, https:\/\/www.cupssupplier.com\/wp-content\/uploads\/2025\/01\/6-100x100.webp 100w\" sizes=\"auto, (max-width: 887px) 100vw, 887px\" title=\"\"> <img loading=\"lazy\" decoding=\"async\" class=\"aligncenter wp-image-1821 size-large\" src=\"https:\/\/www.cupssupplier.com\/wp-content\/uploads\/2024\/12\/4-9-1024x1024.webp\" alt=\"bulk custom 20 oz tumbler\" width=\"1024\" height=\"1024\" srcset=\"https:\/\/www.cupssupplier.com\/wp-content\/uploads\/2024\/12\/4-9-1024x1024.webp 1024w, https:\/\/www.cupssupplier.com\/wp-content\/uploads\/2024\/12\/4-9-300x300.webp 300w, https:\/\/www.cupssupplier.com\/wp-content\/uploads\/2024\/12\/4-9-150x150.webp 150w, https:\/\/www.cupssupplier.com\/wp-content\/uploads\/2024\/12\/4-9-768x768.webp 768w, https:\/\/www.cupssupplier.com\/wp-content\/uploads\/2024\/12\/4-9-600x600.webp 600w, https:\/\/www.cupssupplier.com\/wp-content\/uploads\/2024\/12\/4-9-100x100.webp 100w, https:\/\/www.cupssupplier.com\/wp-content\/uploads\/2024\/12\/4-9.webp 1200w\" sizes=\"auto, (max-width: 1024px) 100vw, 1024px\" title=\"\"><\/p>\n","protected":false},"excerpt":{"rendered":"<p><strong data-start=\"2811\" data-end=\"2900\">Aumente a visibilidade da sua marca com nossos copos personalizados em lote com logo.<\/strong><br data-start=\"2900\" data-end=\"2903\" \/>Dur\u00e1veis, isolados e ecol\u00f3gicos, esses copos personaliz\u00e1veis s\u00e3o perfeitos para promo\u00e7\u00f5es, brindes corporativos ou eventos. Destaque seu logo com estilo enquanto mant\u00e9m as bebidas quentes ou frias por horas.<\/p>\n","protected":false},"featured_media":8119,"template":"","meta":{"om_disable_all_campaigns":false},"product_brand":[],"product_cat":[311],"product_tag":[],"class_list":{"0":"post-20555","1":"product","2":"type-product","3":"status-publish","4":"has-post-thumbnail","6":"product_cat-copo","8":"first","9":"instock","10":"shipping-taxable","11":"product-type-simple"},"_links":{"self":[{"href":"https:\/\/www.cupssupplier.com\/pt-pt\/wp-json\/wp\/v2\/product\/20555","targetHints":{"allow":["GET"]}}],"collection":[{"href":"https:\/\/www.cupssupplier.com\/pt-pt\/wp-json\/wp\/v2\/product"}],"about":[{"href":"https:\/\/www.cupssupplier.com\/pt-pt\/wp-json\/wp\/v2\/types\/product"}],"wp:featuredmedia":[{"embeddable":true,"href":"https:\/\/www.cupssupplier.com\/pt-pt\/wp-json\/wp\/v2\/media\/8119"}],"wp:attachment":[{"href":"https:\/\/www.cupssupplier.com\/pt-pt\/wp-json\/wp\/v2\/media?parent=20555"}],"wp:term":[{"taxonomy":"product_brand","embeddable":true,"href":"https:\/\/www.cupssupplier.com\/pt-pt\/wp-json\/wp\/v2\/product_brand?post=20555"},{"taxonomy":"product_cat","embeddable":true,"href":"https:\/\/www.cupssupplier.com\/pt-pt\/wp-json\/wp\/v2\/product_cat?post=20555"},{"taxonomy":"product_tag","embeddable":true,"href":"https:\/\/www.cupssupplier.com\/pt-pt\/wp-json\/wp\/v2\/product_tag?post=20555"}],"curies":[{"name":"wp","href":"https:\/\/api.w.org\/{rel}","templated":true}]}}