{"id":20544,"date":"2025-01-01T21:29:59","date_gmt":"2025-01-02T02:29:59","guid":{"rendered":"https:\/\/www.cupssupplier.com\/product\/bulk-stainless-steel-water-bottles\/"},"modified":"2025-05-21T00:28:17","modified_gmt":"2025-05-21T04:28:17","slug":"bulk-stainless-steel-water-bottles","status":"publish","type":"product","link":"https:\/\/www.cupssupplier.com\/pt-pt\/bulk-stainless-steel-water-bottles\/","title":{"rendered":"Garrafas de \u00c1gua em A\u00e7o Inoxid\u00e1vel por Atacado"},"content":{"rendered":"<h3 class=\"\" data-start=\"3861\" data-end=\"3953\"><strong data-start=\"3870\" data-end=\"3953\">Garrafas de \u00c1gua em A\u00e7o Inoxid\u00e1vel por Atacado \u2013 Hidrata\u00e7\u00e3o Ecol\u00f3gica e Isolada<\/strong><\/h3>\n<p class=\"\" data-start=\"3955\" data-end=\"4106\">Melhore seu pedido por atacado com <strong data-start=\"3990\" data-end=\"4036\">garrafas de \u00e1gua em a\u00e7o inoxid\u00e1vel premium<\/strong>. Ideais para divulgar sua marca ou promover a hidrata\u00e7\u00e3o sustent\u00e1vel.<\/p>\n<p class=\"\" data-start=\"4108\" data-end=\"4141\"><strong data-start=\"4108\" data-end=\"4139\">Principais caracter\u00edsticas:<\/strong><\/p>\n<ul data-start=\"4142\" data-end=\"4603\">\n<li class=\"\" data-start=\"4142\" data-end=\"4234\">\n<p class=\"\" data-start=\"4144\" data-end=\"4234\"><strong data-start=\"4144\" data-end=\"4180\">A\u00e7o inoxid\u00e1vel de alta qualidade<\/strong>: Dur\u00e1vel, livre de BPA e feito para uso prolongado.<\/p>\n<\/li>\n<li class=\"\" data-start=\"4235\" data-end=\"4329\">\n<p class=\"\" data-start=\"4237\" data-end=\"4329\"><strong data-start=\"4237\" data-end=\"4259\">Desempenho t\u00e9rmico<\/strong>: Mant\u00e9m bebidas quentes por at\u00e9 12 horas ou frias por at\u00e9 24 horas.<\/p>\n<\/li>\n<li class=\"\" data-start=\"4330\" data-end=\"4417\">\n<p class=\"\" data-start=\"4332\" data-end=\"4417\"><strong data-start=\"4332\" data-end=\"4350\">Personaliz\u00e1vel<\/strong>: Perfeito para logotipos, designs ou identidade visual da marca.<\/p>\n<\/li>\n<li class=\"\" data-start=\"4418\" data-end=\"4513\">\n<p class=\"\" data-start=\"4420\" data-end=\"4513\"><strong data-start=\"4420\" data-end=\"4450\">Ecol\u00f3gicas e reutiliz\u00e1veis<\/strong>: Alternativa sustent\u00e1vel \u00e0s garrafas pl\u00e1sticas descart\u00e1veis.<\/p>\n<\/li>\n<li class=\"\" data-start=\"4514\" data-end=\"4603\">\n<p class=\"\" data-start=\"4516\" data-end=\"4603\"><strong data-start=\"4516\" data-end=\"4551\">Perfeitas para qualquer ocasi\u00e3o<\/strong>: Eventos, brindes corporativos, equipes ou revenda.<\/p>\n<\/li>\n<\/ul>\n<p class=\"\" data-start=\"4605\" data-end=\"4762\">Seja para eventos ou para reduzir o desperd\u00edcio, nossas garrafas de \u00e1gua por atacado s\u00e3o uma solu\u00e7\u00e3o pr\u00e1tica e acess\u00edvel para hidrata\u00e7\u00e3o e promo\u00e7\u00e3o da marca.<\/p>\n<p class=\"\" data-start=\"4764\" data-end=\"4834\"><strong data-start=\"4764\" data-end=\"4780\">Compre agora<\/strong> e garanta hidrata\u00e7\u00e3o dur\u00e1vel, ecol\u00f3gica e com estilo.<\/p>\n<figure id=\"attachment_1865\" aria-describedby=\"caption-attachment-1865\" style=\"width: 750px\" class=\"wp-caption aligncenter\"><img loading=\"lazy\" decoding=\"async\" class=\"wp-image-1865 size-full\" src=\"https:\/\/www.cupssupplier.com\/wp-content\/uploads\/2025\/01\/1-4.webp\" alt=\"bulk stainless steel water bottles\" width=\"750\" height=\"602\" srcset=\"https:\/\/www.cupssupplier.com\/wp-content\/uploads\/2025\/01\/1-4.webp 750w, https:\/\/www.cupssupplier.com\/wp-content\/uploads\/2025\/01\/1-4-300x241.webp 300w, https:\/\/www.cupssupplier.com\/wp-content\/uploads\/2025\/01\/1-4-600x482.webp 600w\" sizes=\"auto, (max-width: 750px) 100vw, 750px\" title=\"\"><figcaption id=\"caption-attachment-1865\" class=\"wp-caption-text\">bulk stainless steel water bottles<\/figcaption><\/figure>\n<figure id=\"attachment_1866\" aria-describedby=\"caption-attachment-1866\" style=\"width: 750px\" class=\"wp-caption aligncenter\"><img loading=\"lazy\" decoding=\"async\" class=\"wp-image-1866 size-full\" src=\"https:\/\/www.cupssupplier.com\/wp-content\/uploads\/2025\/01\/2-4.webp\" alt=\"bulk stainless steel water bottles\" width=\"750\" height=\"380\" srcset=\"https:\/\/www.cupssupplier.com\/wp-content\/uploads\/2025\/01\/2-4.webp 750w, https:\/\/www.cupssupplier.com\/wp-content\/uploads\/2025\/01\/2-4-300x152.webp 300w, https:\/\/www.cupssupplier.com\/wp-content\/uploads\/2025\/01\/2-4-600x304.webp 600w\" sizes=\"auto, (max-width: 750px) 100vw, 750px\" title=\"\"><figcaption id=\"caption-attachment-1866\" class=\"wp-caption-text\">bulk stainless steel water bottles<\/figcaption><\/figure>\n<figure id=\"attachment_1863\" aria-describedby=\"caption-attachment-1863\" style=\"width: 750px\" class=\"wp-caption aligncenter\"><img loading=\"lazy\" decoding=\"async\" class=\"wp-image-1863 size-full\" src=\"https:\/\/www.cupssupplier.com\/wp-content\/uploads\/2025\/01\/3-3.webp\" alt=\"bulk stainless steel water bottles\" width=\"750\" height=\"602\" srcset=\"https:\/\/www.cupssupplier.com\/wp-content\/uploads\/2025\/01\/3-3.webp 750w, https:\/\/www.cupssupplier.com\/wp-content\/uploads\/2025\/01\/3-3-300x241.webp 300w, https:\/\/www.cupssupplier.com\/wp-content\/uploads\/2025\/01\/3-3-600x482.webp 600w\" sizes=\"auto, (max-width: 750px) 100vw, 750px\" title=\"\"><figcaption id=\"caption-attachment-1863\" class=\"wp-caption-text\">bulk stainless steel water bottles<\/figcaption><\/figure>\n<figure id=\"attachment_1864\" aria-describedby=\"caption-attachment-1864\" style=\"width: 750px\" class=\"wp-caption aligncenter\"><img loading=\"lazy\" decoding=\"async\" class=\"wp-image-1864 size-full\" src=\"https:\/\/www.cupssupplier.com\/wp-content\/uploads\/2025\/01\/10.webp\" alt=\"bulk stainless steel water bottles\" width=\"750\" height=\"602\" srcset=\"https:\/\/www.cupssupplier.com\/wp-content\/uploads\/2025\/01\/10.webp 750w, https:\/\/www.cupssupplier.com\/wp-content\/uploads\/2025\/01\/10-300x241.webp 300w, https:\/\/www.cupssupplier.com\/wp-content\/uploads\/2025\/01\/10-600x482.webp 600w\" sizes=\"auto, (max-width: 750px) 100vw, 750px\" title=\"\"><figcaption id=\"caption-attachment-1864\" class=\"wp-caption-text\">bulk stainless steel water bottles<\/figcaption><\/figure>\n","protected":false},"excerpt":{"rendered":"<p><strong data-start=\"2502\" data-end=\"2599\">Garanta uma hidrata\u00e7\u00e3o de qualidade com nossas garrafas de \u00e1gua de a\u00e7o inoxid\u00e1vel em atacado.<\/strong><br data-start=\"2599\" data-end=\"2602\" \/>Dur\u00e1veis, ecol\u00f3gicas e reutiliz\u00e1veis, essas garrafas s\u00e3o ideais para eventos, brindes corporativos ou kits de equipe. Projetadas para manter bebidas quentes ou frias, unem praticidade e sustentabilidade.<\/p>\n","protected":false},"featured_media":8189,"template":"","meta":{"om_disable_all_campaigns":false},"product_brand":[],"product_cat":[310],"product_tag":[],"class_list":{"0":"post-20544","1":"product","2":"type-product","3":"status-publish","4":"has-post-thumbnail","6":"product_cat-garrafa-de-agua-em-aco-inoxidavel","8":"first","9":"instock","10":"shipping-taxable","11":"product-type-simple"},"_links":{"self":[{"href":"https:\/\/www.cupssupplier.com\/pt-pt\/wp-json\/wp\/v2\/product\/20544","targetHints":{"allow":["GET"]}}],"collection":[{"href":"https:\/\/www.cupssupplier.com\/pt-pt\/wp-json\/wp\/v2\/product"}],"about":[{"href":"https:\/\/www.cupssupplier.com\/pt-pt\/wp-json\/wp\/v2\/types\/product"}],"wp:featuredmedia":[{"embeddable":true,"href":"https:\/\/www.cupssupplier.com\/pt-pt\/wp-json\/wp\/v2\/media\/8189"}],"wp:attachment":[{"href":"https:\/\/www.cupssupplier.com\/pt-pt\/wp-json\/wp\/v2\/media?parent=20544"}],"wp:term":[{"taxonomy":"product_brand","embeddable":true,"href":"https:\/\/www.cupssupplier.com\/pt-pt\/wp-json\/wp\/v2\/product_brand?post=20544"},{"taxonomy":"product_cat","embeddable":true,"href":"https:\/\/www.cupssupplier.com\/pt-pt\/wp-json\/wp\/v2\/product_cat?post=20544"},{"taxonomy":"product_tag","embeddable":true,"href":"https:\/\/www.cupssupplier.com\/pt-pt\/wp-json\/wp\/v2\/product_tag?post=20544"}],"curies":[{"name":"wp","href":"https:\/\/api.w.org\/{rel}","templated":true}]}}