{"id":20531,"date":"2025-01-02T02:04:19","date_gmt":"2025-01-02T07:04:19","guid":{"rendered":"https:\/\/www.cupssupplier.com\/product\/personalized-insulated-stainless-steel-water-bottles\/"},"modified":"2025-05-20T23:58:37","modified_gmt":"2025-05-21T03:58:37","slug":"personalized-insulated-stainless-steel-water-bottles","status":"publish","type":"product","link":"https:\/\/www.cupssupplier.com\/pt-pt\/personalized-insulated-stainless-steel-water-bottles\/","title":{"rendered":"Garrafa T\u00e9rmica Personalizada de A\u00e7o Inoxid\u00e1vel por Atacado"},"content":{"rendered":"<p class=\"\" data-start=\"4230\" data-end=\"4324\"><strong data-start=\"4230\" data-end=\"4324\">Garrafa T\u00e9rmica Personalizada de A\u00e7o Inoxid\u00e1vel por Atacado \u2013 Sustent\u00e1vel &amp; Personaliz\u00e1vel<\/strong><\/p>\n<p class=\"\" data-start=\"4326\" data-end=\"4453\">Melhore sua cole\u00e7\u00e3o de garrafas com as Garrafas T\u00e9rmicas Personalizadas de A\u00e7o Inoxid\u00e1vel por Atacado. Estas garrafas oferecem:<\/p>\n<ul data-start=\"4455\" data-end=\"4930\">\n<li class=\"\" data-start=\"4455\" data-end=\"4533\">\n<p class=\"\" data-start=\"4457\" data-end=\"4533\"><strong data-start=\"4457\" data-end=\"4482\">Design personaliz\u00e1vel<\/strong>: Adicione seu nome, logotipo ou mensagem especial.<\/p>\n<\/li>\n<li class=\"\" data-start=\"4534\" data-end=\"4627\">\n<p class=\"\" data-start=\"4536\" data-end=\"4627\"><strong data-start=\"4536\" data-end=\"4559\">Isolamento superior<\/strong>: Mant\u00e9m bebidas quentes por at\u00e9 12 horas ou frias por at\u00e9 24 horas.<\/p>\n<\/li>\n<li class=\"\" data-start=\"4628\" data-end=\"4716\">\n<p class=\"\" data-start=\"4630\" data-end=\"4716\"><strong data-start=\"4630\" data-end=\"4656\">A\u00e7o inoxid\u00e1vel dur\u00e1vel<\/strong>: Feitas com a\u00e7o inoxid\u00e1vel de alta qualidade, livre de BPA.<\/p>\n<\/li>\n<li class=\"\" data-start=\"4717\" data-end=\"4819\">\n<p class=\"\" data-start=\"4719\" data-end=\"4819\"><strong data-start=\"4719\" data-end=\"4749\">Ecol\u00f3gicas e reutiliz\u00e1veis<\/strong>: Reduza o uso de pl\u00e1sticos com uma solu\u00e7\u00e3o sustent\u00e1vel de hidrata\u00e7\u00e3o.<\/p>\n<\/li>\n<li class=\"\" data-start=\"4820\" data-end=\"4930\">\n<p class=\"\" data-start=\"4822\" data-end=\"4930\"><strong data-start=\"4822\" data-end=\"4857\">Perfeitas para qualquer ocasi\u00e3o<\/strong>: Excelentes para presentes, eventos corporativos, brindes ou uso di\u00e1rio.<\/p>\n<\/li>\n<\/ul>\n<p class=\"\" data-start=\"4932\" data-end=\"5060\">Combine funcionalidade com personaliza\u00e7\u00e3o \u2013 uma escolha inteligente para presentes e divulga\u00e7\u00e3o da sua marca de forma ecol\u00f3gica.<\/p>\n<p class=\"\" data-start=\"5062\" data-end=\"5179\">Mantenha-se hidratado e com estilo com nossas garrafas personalizadas. Ideais para eventos, presentes ou uso pr\u00f3prio.<\/p>\n<p><img loading=\"lazy\" decoding=\"async\" class=\"aligncenter wp-image-1872 size-full\" src=\"https:\/\/www.cupssupplier.com\/wp-content\/uploads\/2025\/01\/3-4.webp\" alt=\"personalized insulated stainless steel water bottles\" width=\"800\" height=\"800\" srcset=\"https:\/\/www.cupssupplier.com\/wp-content\/uploads\/2025\/01\/3-4.webp 800w, https:\/\/www.cupssupplier.com\/wp-content\/uploads\/2025\/01\/3-4-300x300.webp 300w, https:\/\/www.cupssupplier.com\/wp-content\/uploads\/2025\/01\/3-4-150x150.webp 150w, https:\/\/www.cupssupplier.com\/wp-content\/uploads\/2025\/01\/3-4-768x768.webp 768w, https:\/\/www.cupssupplier.com\/wp-content\/uploads\/2025\/01\/3-4-600x600.webp 600w, https:\/\/www.cupssupplier.com\/wp-content\/uploads\/2025\/01\/3-4-100x100.webp 100w\" sizes=\"auto, (max-width: 800px) 100vw, 800px\" title=\"\"><\/p>\n<p><img loading=\"lazy\" decoding=\"async\" class=\"aligncenter wp-image-1876 \" src=\"https:\/\/www.cupssupplier.com\/wp-content\/uploads\/2025\/01\/1-6.webp\" alt=\"personalized insulated stainless steel water bottles\" width=\"811\" height=\"651\" srcset=\"https:\/\/www.cupssupplier.com\/wp-content\/uploads\/2025\/01\/1-6.webp 750w, https:\/\/www.cupssupplier.com\/wp-content\/uploads\/2025\/01\/1-6-300x241.webp 300w, https:\/\/www.cupssupplier.com\/wp-content\/uploads\/2025\/01\/1-6-600x482.webp 600w\" sizes=\"auto, (max-width: 811px) 100vw, 811px\" title=\"\"><\/p>\n<p><img loading=\"lazy\" decoding=\"async\" class=\"aligncenter wp-image-1877 \" src=\"https:\/\/www.cupssupplier.com\/wp-content\/uploads\/2025\/01\/2-6.webp\" alt=\"personalized insulated stainless steel water bottles\" width=\"817\" height=\"477\" srcset=\"https:\/\/www.cupssupplier.com\/wp-content\/uploads\/2025\/01\/2-6.webp 750w, https:\/\/www.cupssupplier.com\/wp-content\/uploads\/2025\/01\/2-6-300x175.webp 300w, https:\/\/www.cupssupplier.com\/wp-content\/uploads\/2025\/01\/2-6-600x350.webp 600w\" sizes=\"auto, (max-width: 817px) 100vw, 817px\" title=\"\"><\/p>\n<p><img loading=\"lazy\" decoding=\"async\" class=\"aligncenter wp-image-1878 \" src=\"https:\/\/www.cupssupplier.com\/wp-content\/uploads\/2025\/01\/4-4.webp\" alt=\"personalized insulated stainless steel water bottles\" width=\"809\" height=\"650\" srcset=\"https:\/\/www.cupssupplier.com\/wp-content\/uploads\/2025\/01\/4-4.webp 750w, https:\/\/www.cupssupplier.com\/wp-content\/uploads\/2025\/01\/4-4-300x241.webp 300w, https:\/\/www.cupssupplier.com\/wp-content\/uploads\/2025\/01\/4-4-600x482.webp 600w\" sizes=\"auto, (max-width: 809px) 100vw, 809px\" title=\"\"><\/p>\n<p><img loading=\"lazy\" decoding=\"async\" class=\"wp-image-1879 size-full aligncenter\" src=\"https:\/\/www.cupssupplier.com\/wp-content\/uploads\/2025\/01\/5-4.webp\" alt=\"personalized insulated stainless steel water bottles\" width=\"750\" height=\"602\" srcset=\"https:\/\/www.cupssupplier.com\/wp-content\/uploads\/2025\/01\/5-4.webp 750w, https:\/\/www.cupssupplier.com\/wp-content\/uploads\/2025\/01\/5-4-300x241.webp 300w, https:\/\/www.cupssupplier.com\/wp-content\/uploads\/2025\/01\/5-4-600x482.webp 600w\" sizes=\"auto, (max-width: 750px) 100vw, 750px\" title=\"\"><\/p>\n<p><img loading=\"lazy\" decoding=\"async\" class=\"aligncenter wp-image-1880 size-full\" src=\"https:\/\/www.cupssupplier.com\/wp-content\/uploads\/2025\/01\/6-5.webp\" alt=\"personalized insulated stainless steel water bottles\" width=\"750\" height=\"602\" srcset=\"https:\/\/www.cupssupplier.com\/wp-content\/uploads\/2025\/01\/6-5.webp 750w, https:\/\/www.cupssupplier.com\/wp-content\/uploads\/2025\/01\/6-5-300x241.webp 300w, https:\/\/www.cupssupplier.com\/wp-content\/uploads\/2025\/01\/6-5-600x482.webp 600w\" sizes=\"auto, (max-width: 750px) 100vw, 750px\" title=\"\"><\/p>\n","protected":false},"excerpt":{"rendered":"<p><strong data-start=\"2606\" data-end=\"2717\">Mantenha-se estiloso e hidratado com nossas Garrafas T\u00e9rmicas Personalizadas de A\u00e7o Inoxid\u00e1vel por Atacado.<\/strong><br data-start=\"2717\" data-end=\"2720\" \/>Personaliz\u00e1veis com nomes, logotipos ou designs, essas garrafas ecol\u00f3gicas s\u00e3o ideais para presentes, eventos ou uso pessoal. Mant\u00eam as bebidas quentes ou frias por horas, combinando praticidade com um toque personalizado.<\/p>\n","protected":false},"featured_media":8259,"template":"","meta":{"om_disable_all_campaigns":false},"product_brand":[],"product_cat":[310],"product_tag":[],"class_list":{"0":"post-20531","1":"product","2":"type-product","3":"status-publish","4":"has-post-thumbnail","6":"product_cat-garrafa-de-agua-em-aco-inoxidavel","8":"first","9":"instock","10":"shipping-taxable","11":"product-type-simple"},"_links":{"self":[{"href":"https:\/\/www.cupssupplier.com\/pt-pt\/wp-json\/wp\/v2\/product\/20531","targetHints":{"allow":["GET"]}}],"collection":[{"href":"https:\/\/www.cupssupplier.com\/pt-pt\/wp-json\/wp\/v2\/product"}],"about":[{"href":"https:\/\/www.cupssupplier.com\/pt-pt\/wp-json\/wp\/v2\/types\/product"}],"wp:featuredmedia":[{"embeddable":true,"href":"https:\/\/www.cupssupplier.com\/pt-pt\/wp-json\/wp\/v2\/media\/8259"}],"wp:attachment":[{"href":"https:\/\/www.cupssupplier.com\/pt-pt\/wp-json\/wp\/v2\/media?parent=20531"}],"wp:term":[{"taxonomy":"product_brand","embeddable":true,"href":"https:\/\/www.cupssupplier.com\/pt-pt\/wp-json\/wp\/v2\/product_brand?post=20531"},{"taxonomy":"product_cat","embeddable":true,"href":"https:\/\/www.cupssupplier.com\/pt-pt\/wp-json\/wp\/v2\/product_cat?post=20531"},{"taxonomy":"product_tag","embeddable":true,"href":"https:\/\/www.cupssupplier.com\/pt-pt\/wp-json\/wp\/v2\/product_tag?post=20531"}],"curies":[{"name":"wp","href":"https:\/\/api.w.org\/{rel}","templated":true}]}}