{"id":20518,"date":"2025-01-02T05:49:35","date_gmt":"2025-01-02T10:49:35","guid":{"rendered":"https:\/\/www.cupssupplier.com\/product\/wide-mouth-stainless-steel-water-bottle\/"},"modified":"2025-05-20T23:24:59","modified_gmt":"2025-05-21T03:24:59","slug":"wide-mouth-stainless-steel-water-bottle","status":"publish","type":"product","link":"https:\/\/www.cupssupplier.com\/pt-pt\/wide-mouth-stainless-steel-water-bottle\/","title":{"rendered":"Garrafa de \u00c1gua de A\u00e7o Inoxid\u00e1vel com Boca Larga"},"content":{"rendered":"<p class=\"\" data-start=\"4140\" data-end=\"4223\"><strong data-start=\"4140\" data-end=\"4223\">Garrafa de \u00c1gua de A\u00e7o Inoxid\u00e1vel com Boca Larga \u2013 Hidrata\u00e7\u00e3o Isolada e Dur\u00e1vel<\/strong><\/p>\n<p class=\"\" data-start=\"4225\" data-end=\"4385\">Mantenha-se hidratado com a garrafa de \u00e1gua com boca larga em a\u00e7o inoxid\u00e1vel, desenvolvida para oferecer durabilidade e praticidade. Principais caracter\u00edsticas:<\/p>\n<ul data-start=\"4387\" data-end=\"4839\">\n<li class=\"\" data-start=\"4387\" data-end=\"4461\">\n<p class=\"\" data-start=\"4389\" data-end=\"4461\"><strong data-start=\"4389\" data-end=\"4403\">Boca larga<\/strong>: F\u00e1cil de encher com gelo, limpar e beber com conforto.<\/p>\n<\/li>\n<li class=\"\" data-start=\"4462\" data-end=\"4556\">\n<p class=\"\" data-start=\"4464\" data-end=\"4556\"><strong data-start=\"4464\" data-end=\"4486\">Isolamento t\u00e9rmico<\/strong>: Mant\u00e9m bebidas quentes por at\u00e9 12 horas ou frias por at\u00e9 24 horas.<\/p>\n<\/li>\n<li class=\"\" data-start=\"4557\" data-end=\"4630\">\n<p class=\"\" data-start=\"4559\" data-end=\"4630\"><strong data-start=\"4559\" data-end=\"4585\">A\u00e7o inoxid\u00e1vel premium<\/strong>: Livre de BPA e feito para uso prolongado.<\/p>\n<\/li>\n<li class=\"\" data-start=\"4631\" data-end=\"4724\">\n<p class=\"\" data-start=\"4633\" data-end=\"4724\"><strong data-start=\"4633\" data-end=\"4661\">Ecol\u00f3gica e reutiliz\u00e1vel<\/strong>: Alternativa sustent\u00e1vel \u00e0s garrafas pl\u00e1sticas descart\u00e1veis.<\/p>\n<\/li>\n<li class=\"\" data-start=\"4725\" data-end=\"4839\">\n<p class=\"\" data-start=\"4727\" data-end=\"4839\"><strong data-start=\"4727\" data-end=\"4763\">\u00c0 prova de vazamentos e port\u00e1til<\/strong>: Ideal para viagens, atividades ao ar livre, academia ou uso no escrit\u00f3rio.<\/p>\n<\/li>\n<\/ul>\n<p class=\"\" data-start=\"4841\" data-end=\"4955\">A Garrafa com Boca Larga combina estilo, funcionalidade e sustentabilidade \u2013 essencial para sua hidrata\u00e7\u00e3o di\u00e1ria.<\/p>\n<p class=\"\" data-start=\"4957\" data-end=\"5154\">Experimente a hidrata\u00e7\u00e3o ideal com nossa garrafa com boca larga. F\u00e1cil de encher, limpar e beber, mant\u00e9m suas bebidas na temperatura certa por horas. Perfeita para aventuras, treinos ou uso di\u00e1rio.<\/p>\n<p><img loading=\"lazy\" decoding=\"async\" class=\"wp-image-1917 size-full aligncenter\" src=\"https:\/\/www.cupssupplier.com\/wp-content\/uploads\/2025\/01\/1-8.webp\" alt=\"wide mouth stainless steel water bottle\" width=\"750\" height=\"602\" srcset=\"https:\/\/www.cupssupplier.com\/wp-content\/uploads\/2025\/01\/1-8.webp 750w, https:\/\/www.cupssupplier.com\/wp-content\/uploads\/2025\/01\/1-8-300x241.webp 300w, https:\/\/www.cupssupplier.com\/wp-content\/uploads\/2025\/01\/1-8-600x482.webp 600w\" sizes=\"auto, (max-width: 750px) 100vw, 750px\" title=\"\"><\/p>\n<p><img loading=\"lazy\" decoding=\"async\" class=\"wp-image-1918 size-full aligncenter\" src=\"https:\/\/www.cupssupplier.com\/wp-content\/uploads\/2025\/01\/2-8.webp\" alt=\"wide mouth stainless steel water bottle\" width=\"750\" height=\"602\" srcset=\"https:\/\/www.cupssupplier.com\/wp-content\/uploads\/2025\/01\/2-8.webp 750w, https:\/\/www.cupssupplier.com\/wp-content\/uploads\/2025\/01\/2-8-300x241.webp 300w, https:\/\/www.cupssupplier.com\/wp-content\/uploads\/2025\/01\/2-8-600x482.webp 600w\" sizes=\"auto, (max-width: 750px) 100vw, 750px\" title=\"\"><\/p>\n<p><img loading=\"lazy\" decoding=\"async\" class=\"wp-image-1919 size-full aligncenter\" src=\"https:\/\/www.cupssupplier.com\/wp-content\/uploads\/2025\/01\/3-6.webp\" alt=\"wide mouth stainless steel water bottle\" width=\"750\" height=\"602\" srcset=\"https:\/\/www.cupssupplier.com\/wp-content\/uploads\/2025\/01\/3-6.webp 750w, https:\/\/www.cupssupplier.com\/wp-content\/uploads\/2025\/01\/3-6-300x241.webp 300w, https:\/\/www.cupssupplier.com\/wp-content\/uploads\/2025\/01\/3-6-600x482.webp 600w\" sizes=\"auto, (max-width: 750px) 100vw, 750px\" title=\"\"><\/p>\n<p><img loading=\"lazy\" decoding=\"async\" class=\"wp-image-1920 size-full aligncenter\" src=\"https:\/\/www.cupssupplier.com\/wp-content\/uploads\/2025\/01\/4-6.webp\" alt=\"wide mouth stainless steel water bottle\" width=\"800\" height=\"800\" srcset=\"https:\/\/www.cupssupplier.com\/wp-content\/uploads\/2025\/01\/4-6.webp 800w, https:\/\/www.cupssupplier.com\/wp-content\/uploads\/2025\/01\/4-6-300x300.webp 300w, https:\/\/www.cupssupplier.com\/wp-content\/uploads\/2025\/01\/4-6-150x150.webp 150w, https:\/\/www.cupssupplier.com\/wp-content\/uploads\/2025\/01\/4-6-768x768.webp 768w, https:\/\/www.cupssupplier.com\/wp-content\/uploads\/2025\/01\/4-6-600x600.webp 600w, https:\/\/www.cupssupplier.com\/wp-content\/uploads\/2025\/01\/4-6-100x100.webp 100w\" sizes=\"auto, (max-width: 800px) 100vw, 800px\" title=\"\"><\/p>\n<p><img loading=\"lazy\" decoding=\"async\" class=\"wp-image-1921 size-full aligncenter\" src=\"https:\/\/www.cupssupplier.com\/wp-content\/uploads\/2025\/01\/5-6.webp\" alt=\"wide mouth stainless steel water bottle\" width=\"750\" height=\"602\" srcset=\"https:\/\/www.cupssupplier.com\/wp-content\/uploads\/2025\/01\/5-6.webp 750w, https:\/\/www.cupssupplier.com\/wp-content\/uploads\/2025\/01\/5-6-300x241.webp 300w, https:\/\/www.cupssupplier.com\/wp-content\/uploads\/2025\/01\/5-6-600x482.webp 600w\" sizes=\"auto, (max-width: 750px) 100vw, 750px\" title=\"\"><\/p>\n<p><img loading=\"lazy\" decoding=\"async\" class=\"aligncenter wp-image-1922 size-full\" src=\"https:\/\/www.cupssupplier.com\/wp-content\/uploads\/2025\/01\/6-7.webp\" alt=\"wide mouth stainless steel water bottle\" width=\"800\" height=\"800\" srcset=\"https:\/\/www.cupssupplier.com\/wp-content\/uploads\/2025\/01\/6-7.webp 800w, https:\/\/www.cupssupplier.com\/wp-content\/uploads\/2025\/01\/6-7-300x300.webp 300w, https:\/\/www.cupssupplier.com\/wp-content\/uploads\/2025\/01\/6-7-150x150.webp 150w, https:\/\/www.cupssupplier.com\/wp-content\/uploads\/2025\/01\/6-7-768x768.webp 768w, https:\/\/www.cupssupplier.com\/wp-content\/uploads\/2025\/01\/6-7-600x600.webp 600w, https:\/\/www.cupssupplier.com\/wp-content\/uploads\/2025\/01\/6-7-100x100.webp 100w\" sizes=\"auto, (max-width: 800px) 100vw, 800px\" title=\"\"><\/p>\n","protected":false},"excerpt":{"rendered":"<p><strong data-start=\"2417\" data-end=\"2500\">Viva a hidrata\u00e7\u00e3o definitiva com nossa Garrafa de A\u00e7o Inoxid\u00e1vel de Boca Larga.<\/strong><br data-start=\"2500\" data-end=\"2503\" \/>Projetada para facilitar o enchimento, a limpeza e o uso, esta garrafa dur\u00e1vel e t\u00e9rmica mant\u00e9m suas bebidas quentes ou frias por horas. Ideal para aventuras ao ar livre, academia ou uso di\u00e1rio.<\/p>\n","protected":false},"featured_media":8343,"template":"","meta":{"om_disable_all_campaigns":false},"product_brand":[],"product_cat":[310],"product_tag":[],"class_list":{"0":"post-20518","1":"product","2":"type-product","3":"status-publish","4":"has-post-thumbnail","6":"product_cat-garrafa-de-agua-em-aco-inoxidavel","8":"first","9":"instock","10":"shipping-taxable","11":"product-type-simple"},"_links":{"self":[{"href":"https:\/\/www.cupssupplier.com\/pt-pt\/wp-json\/wp\/v2\/product\/20518","targetHints":{"allow":["GET"]}}],"collection":[{"href":"https:\/\/www.cupssupplier.com\/pt-pt\/wp-json\/wp\/v2\/product"}],"about":[{"href":"https:\/\/www.cupssupplier.com\/pt-pt\/wp-json\/wp\/v2\/types\/product"}],"wp:featuredmedia":[{"embeddable":true,"href":"https:\/\/www.cupssupplier.com\/pt-pt\/wp-json\/wp\/v2\/media\/8343"}],"wp:attachment":[{"href":"https:\/\/www.cupssupplier.com\/pt-pt\/wp-json\/wp\/v2\/media?parent=20518"}],"wp:term":[{"taxonomy":"product_brand","embeddable":true,"href":"https:\/\/www.cupssupplier.com\/pt-pt\/wp-json\/wp\/v2\/product_brand?post=20518"},{"taxonomy":"product_cat","embeddable":true,"href":"https:\/\/www.cupssupplier.com\/pt-pt\/wp-json\/wp\/v2\/product_cat?post=20518"},{"taxonomy":"product_tag","embeddable":true,"href":"https:\/\/www.cupssupplier.com\/pt-pt\/wp-json\/wp\/v2\/product_tag?post=20518"}],"curies":[{"name":"wp","href":"https:\/\/api.w.org\/{rel}","templated":true}]}}