{"id":20478,"date":"2025-01-04T22:12:33","date_gmt":"2025-01-05T03:12:33","guid":{"rendered":"https:\/\/www.cupssupplier.com\/product\/stainless-steel-water-bottle-for-bike\/"},"modified":"2025-05-20T11:27:00","modified_gmt":"2025-05-20T15:27:00","slug":"stainless-steel-water-bottle-for-bike","status":"publish","type":"product","link":"https:\/\/www.cupssupplier.com\/pt-pt\/stainless-steel-water-bottle-for-bike\/","title":{"rendered":"Garrafa de \u00c1gua em A\u00e7o Inoxid\u00e1vel para Bicicleta"},"content":{"rendered":"<p class=\"\" data-start=\"4359\" data-end=\"4431\"><strong data-start=\"4359\" data-end=\"4431\">Garrafa de \u00c1gua em A\u00e7o Inoxid\u00e1vel para Bicicleta &#8211; Isolada e Dur\u00e1vel<\/strong><\/p>\n<p class=\"\" data-start=\"4433\" data-end=\"4597\">Melhore sua experi\u00eancia de ciclismo com a Garrafa de \u00c1gua em A\u00e7o Inoxid\u00e1vel para Bicicleta, desenvolvida para conveni\u00eancia e desempenho. Principais caracter\u00edsticas:<\/p>\n<ul data-start=\"4599\" data-end=\"5014\">\n<li class=\"\" data-start=\"4599\" data-end=\"4697\">\n<p class=\"\" data-start=\"4601\" data-end=\"4697\"><strong data-start=\"4601\" data-end=\"4637\">Design compat\u00edvel com bicicletas<\/strong>: Perfil fino que se encaixa nos suportes padr\u00e3o de garrafa.<\/p>\n<\/li>\n<li class=\"\" data-start=\"4698\" data-end=\"4790\">\n<p class=\"\" data-start=\"4700\" data-end=\"4790\"><strong data-start=\"4700\" data-end=\"4722\">Isolamento t\u00e9rmico<\/strong>: Mant\u00e9m bebidas quentes por at\u00e9 12 horas ou frias por at\u00e9 24 horas.<\/p>\n<\/li>\n<li class=\"\" data-start=\"4791\" data-end=\"4858\">\n<p class=\"\" data-start=\"4793\" data-end=\"4858\"><strong data-start=\"4793\" data-end=\"4819\">A\u00e7o inoxid\u00e1vel dur\u00e1vel<\/strong>: Livre de BPA e resistente \u00e0 ferrugem.<\/p>\n<\/li>\n<li class=\"\" data-start=\"4859\" data-end=\"4942\">\n<p class=\"\" data-start=\"4861\" data-end=\"4942\"><strong data-start=\"4861\" data-end=\"4892\">Tampa \u00e0 prova de vazamentos<\/strong>: Sem derramamentos, mesmo em trilhas acidentadas.<\/p>\n<\/li>\n<li class=\"\" data-start=\"4943\" data-end=\"5014\">\n<p class=\"\" data-start=\"4945\" data-end=\"5014\"><strong data-start=\"4945\" data-end=\"4964\">Leve e port\u00e1til<\/strong>: F\u00e1cil de carregar sem adicionar peso \u00e0 pedalada.<\/p>\n<\/li>\n<\/ul>\n<p class=\"\" data-start=\"5016\" data-end=\"5144\">Perfeita para ciclistas e entusiastas de atividades ao ar livre, esta garrafa \u00e9 essencial para manter-se hidratado em movimento.<\/p>\n<p><img loading=\"lazy\" decoding=\"async\" class=\"aligncenter wp-image-1961 size-full\" src=\"https:\/\/www.cupssupplier.com\/wp-content\/uploads\/2025\/01\/3-12-e1736047493387.webp\" alt=\"stainless steel water bottle for bike\" width=\"750\" height=\"620\" srcset=\"https:\/\/www.cupssupplier.com\/wp-content\/uploads\/2025\/01\/3-12-e1736047493387.webp 750w, https:\/\/www.cupssupplier.com\/wp-content\/uploads\/2025\/01\/3-12-e1736047493387-300x248.webp 300w, https:\/\/www.cupssupplier.com\/wp-content\/uploads\/2025\/01\/3-12-e1736047493387-600x496.webp 600w\" sizes=\"auto, (max-width: 750px) 100vw, 750px\" title=\"\"><\/p>\n<p><img loading=\"lazy\" decoding=\"async\" class=\"wp-image-1962 size-full aligncenter\" src=\"https:\/\/www.cupssupplier.com\/wp-content\/uploads\/2025\/01\/4-11-e1736047545758.webp\" alt=\"stainless steel water bottle for bike\" width=\"750\" height=\"884\" srcset=\"https:\/\/www.cupssupplier.com\/wp-content\/uploads\/2025\/01\/4-11-e1736047545758.webp 750w, https:\/\/www.cupssupplier.com\/wp-content\/uploads\/2025\/01\/4-11-e1736047545758-255x300.webp 255w, https:\/\/www.cupssupplier.com\/wp-content\/uploads\/2025\/01\/4-11-e1736047545758-300x354.webp 300w, https:\/\/www.cupssupplier.com\/wp-content\/uploads\/2025\/01\/4-11-e1736047545758-600x707.webp 600w\" sizes=\"auto, (max-width: 750px) 100vw, 750px\" title=\"\"><\/p>\n<p><img loading=\"lazy\" decoding=\"async\" class=\"wp-image-1964 size-full aligncenter\" src=\"https:\/\/www.cupssupplier.com\/wp-content\/uploads\/2025\/01\/7-1-e1736047683188.webp\" alt=\"stainless steel water bottle for bike\" width=\"750\" height=\"1465\" srcset=\"https:\/\/www.cupssupplier.com\/wp-content\/uploads\/2025\/01\/7-1-e1736047683188.webp 750w, https:\/\/www.cupssupplier.com\/wp-content\/uploads\/2025\/01\/7-1-e1736047683188-154x300.webp 154w, https:\/\/www.cupssupplier.com\/wp-content\/uploads\/2025\/01\/7-1-e1736047683188-524x1024.webp 524w, https:\/\/www.cupssupplier.com\/wp-content\/uploads\/2025\/01\/7-1-e1736047683188-300x586.webp 300w, https:\/\/www.cupssupplier.com\/wp-content\/uploads\/2025\/01\/7-1-e1736047683188-600x1172.webp 600w\" sizes=\"auto, (max-width: 750px) 100vw, 750px\" title=\"\"><\/p>\n<p><img loading=\"lazy\" decoding=\"async\" class=\"wp-image-1965 size-full aligncenter\" src=\"https:\/\/www.cupssupplier.com\/wp-content\/uploads\/2025\/01\/8.webp\" alt=\"stainless steel water bottle for bike\" width=\"750\" height=\"1808\" srcset=\"https:\/\/www.cupssupplier.com\/wp-content\/uploads\/2025\/01\/8.webp 750w, https:\/\/www.cupssupplier.com\/wp-content\/uploads\/2025\/01\/8-124x300.webp 124w, https:\/\/www.cupssupplier.com\/wp-content\/uploads\/2025\/01\/8-425x1024.webp 425w, https:\/\/www.cupssupplier.com\/wp-content\/uploads\/2025\/01\/8-637x1536.webp 637w, https:\/\/www.cupssupplier.com\/wp-content\/uploads\/2025\/01\/8-300x723.webp 300w, https:\/\/www.cupssupplier.com\/wp-content\/uploads\/2025\/01\/8-600x1446.webp 600w\" sizes=\"auto, (max-width: 750px) 100vw, 750px\" title=\"\"><\/p>\n<p><img loading=\"lazy\" decoding=\"async\" class=\"aligncenter wp-image-1966 size-full\" src=\"https:\/\/www.cupssupplier.com\/wp-content\/uploads\/2025\/01\/9.webp\" alt=\"stainless steel water bottle for bike\" width=\"750\" height=\"1454\" srcset=\"https:\/\/www.cupssupplier.com\/wp-content\/uploads\/2025\/01\/9.webp 750w, https:\/\/www.cupssupplier.com\/wp-content\/uploads\/2025\/01\/9-155x300.webp 155w, https:\/\/www.cupssupplier.com\/wp-content\/uploads\/2025\/01\/9-528x1024.webp 528w, https:\/\/www.cupssupplier.com\/wp-content\/uploads\/2025\/01\/9-300x582.webp 300w, https:\/\/www.cupssupplier.com\/wp-content\/uploads\/2025\/01\/9-600x1163.webp 600w\" sizes=\"auto, (max-width: 750px) 100vw, 750px\" title=\"\"><\/p>\n","protected":false},"excerpt":{"rendered":"<p class=\"\" data-start=\"2603\" data-end=\"2970\">Pedale com estilo e mantenha-se hidratado com nossa garrafa de \u00e1gua de a\u00e7o inoxid\u00e1vel para bicicleta. Projetada para ciclistas, esta garrafa leve e dur\u00e1vel se encaixa perfeitamente na maioria dos suportes de garrafa para bicicletas. Com excelente isolamento t\u00e9rmico, mant\u00e9m suas bebidas quentes ou frias por horas, ideal para pedaladas longas e aventuras ao ar livre.<\/p>\n<p class=\"\" data-start=\"2972\" data-end=\"3189\">\n","protected":false},"featured_media":8553,"template":"","meta":{"om_disable_all_campaigns":false},"product_brand":[],"product_cat":[310],"product_tag":[],"class_list":{"0":"post-20478","1":"product","2":"type-product","3":"status-publish","4":"has-post-thumbnail","6":"product_cat-garrafa-de-agua-em-aco-inoxidavel","8":"first","9":"instock","10":"shipping-taxable","11":"product-type-simple"},"_links":{"self":[{"href":"https:\/\/www.cupssupplier.com\/pt-pt\/wp-json\/wp\/v2\/product\/20478","targetHints":{"allow":["GET"]}}],"collection":[{"href":"https:\/\/www.cupssupplier.com\/pt-pt\/wp-json\/wp\/v2\/product"}],"about":[{"href":"https:\/\/www.cupssupplier.com\/pt-pt\/wp-json\/wp\/v2\/types\/product"}],"wp:featuredmedia":[{"embeddable":true,"href":"https:\/\/www.cupssupplier.com\/pt-pt\/wp-json\/wp\/v2\/media\/8553"}],"wp:attachment":[{"href":"https:\/\/www.cupssupplier.com\/pt-pt\/wp-json\/wp\/v2\/media?parent=20478"}],"wp:term":[{"taxonomy":"product_brand","embeddable":true,"href":"https:\/\/www.cupssupplier.com\/pt-pt\/wp-json\/wp\/v2\/product_brand?post=20478"},{"taxonomy":"product_cat","embeddable":true,"href":"https:\/\/www.cupssupplier.com\/pt-pt\/wp-json\/wp\/v2\/product_cat?post=20478"},{"taxonomy":"product_tag","embeddable":true,"href":"https:\/\/www.cupssupplier.com\/pt-pt\/wp-json\/wp\/v2\/product_tag?post=20478"}],"curies":[{"name":"wp","href":"https:\/\/api.w.org\/{rel}","templated":true}]}}