{"id":20465,"date":"2025-01-04T23:17:33","date_gmt":"2025-01-05T04:17:33","guid":{"rendered":"https:\/\/www.cupssupplier.com\/product\/wholesale-stainless-steel-water-bottles\/"},"modified":"2025-05-20T10:48:12","modified_gmt":"2025-05-20T14:48:12","slug":"wholesale-stainless-steel-water-bottles","status":"publish","type":"product","link":"https:\/\/www.cupssupplier.com\/pt-pt\/wholesale-stainless-steel-water-bottles\/","title":{"rendered":"Garrafas de \u00c1gua em A\u00e7o Inoxid\u00e1vel por Atacado"},"content":{"rendered":"<p class=\"\" data-start=\"4880\" data-end=\"4971\"><strong data-start=\"4880\" data-end=\"4971\">Garrafas de \u00c1gua em A\u00e7o Inoxid\u00e1vel por Atacado \u2013 Dur\u00e1veis, Ecol\u00f3gicas e Personaliz\u00e1veis<\/strong><\/p>\n<p class=\"\" data-start=\"4973\" data-end=\"5145\">Escolha nossas Garrafas de \u00c1gua em A\u00e7o Inoxid\u00e1vel por Atacado para pedidos em grande escala com foco em durabilidade, sustentabilidade e estilo. Principais caracter\u00edsticas:<\/p>\n<ul data-start=\"5147\" data-end=\"5688\">\n<li class=\"\" data-start=\"5147\" data-end=\"5251\">\n<p class=\"\" data-start=\"5149\" data-end=\"5251\"><strong data-start=\"5149\" data-end=\"5179\">Material de Alta Qualidade<\/strong>: Fabricadas em a\u00e7o inoxid\u00e1vel livre de BPA para desempenho duradouro.<\/p>\n<\/li>\n<li class=\"\" data-start=\"5252\" data-end=\"5345\">\n<p class=\"\" data-start=\"5254\" data-end=\"5345\"><strong data-start=\"5254\" data-end=\"5275\">Design Isot\u00e9rmico<\/strong>: Mant\u00e9m bebidas quentes por at\u00e9 12 horas ou frias por at\u00e9 24 horas.<\/p>\n<\/li>\n<li class=\"\" data-start=\"5346\" data-end=\"5456\">\n<p class=\"\" data-start=\"5348\" data-end=\"5456\"><strong data-start=\"5348\" data-end=\"5374\">Op\u00e7\u00f5es Personaliz\u00e1veis<\/strong>: Adicione logotipos ou designs para criar garrafas personalizadas ou com marca.<\/p>\n<\/li>\n<li class=\"\" data-start=\"5457\" data-end=\"5594\">\n<p class=\"\" data-start=\"5459\" data-end=\"5594\"><strong data-start=\"5459\" data-end=\"5489\">Ecol\u00f3gicas e Reutiliz\u00e1veis<\/strong>: Uma alternativa sustent\u00e1vel \u00e0s garrafas pl\u00e1sticas descart\u00e1veis, apoiando suas iniciativas ambientais.<\/p>\n<\/li>\n<li class=\"\" data-start=\"5595\" data-end=\"5688\">\n<p class=\"\" data-start=\"5597\" data-end=\"5688\"><strong data-start=\"5597\" data-end=\"5621\">Vers\u00e1teis e Pr\u00e1ticas<\/strong>: Ideais para eventos, brindes corporativos, times ou para revenda.<\/p>\n<\/li>\n<\/ul>\n<p class=\"\" data-start=\"5690\" data-end=\"5818\">Seja para promo\u00e7\u00f5es ou varejo, nossas garrafas de \u00e1gua por atacado oferecem valor, desempenho e consci\u00eancia ambiental em escala.<\/p>\n<p><img loading=\"lazy\" decoding=\"async\" class=\"aligncenter wp-image-1975 size-full\" src=\"https:\/\/www.cupssupplier.com\/wp-content\/uploads\/2025\/01\/1-13.webp\" alt=\"wholesale stainless steel water bottles\" width=\"1000\" height=\"2446\" srcset=\"https:\/\/www.cupssupplier.com\/wp-content\/uploads\/2025\/01\/1-13.webp 1000w, https:\/\/www.cupssupplier.com\/wp-content\/uploads\/2025\/01\/1-13-123x300.webp 123w, https:\/\/www.cupssupplier.com\/wp-content\/uploads\/2025\/01\/1-13-419x1024.webp 419w, https:\/\/www.cupssupplier.com\/wp-content\/uploads\/2025\/01\/1-13-768x1879.webp 768w, https:\/\/www.cupssupplier.com\/wp-content\/uploads\/2025\/01\/1-13-628x1536.webp 628w, https:\/\/www.cupssupplier.com\/wp-content\/uploads\/2025\/01\/1-13-837x2048.webp 837w, https:\/\/www.cupssupplier.com\/wp-content\/uploads\/2025\/01\/1-13-300x734.webp 300w, https:\/\/www.cupssupplier.com\/wp-content\/uploads\/2025\/01\/1-13-600x1468.webp 600w\" sizes=\"auto, (max-width: 1000px) 100vw, 1000px\" title=\"\"><\/p>\n<p><img loading=\"lazy\" decoding=\"async\" class=\"aligncenter wp-image-1976 size-full\" src=\"https:\/\/www.cupssupplier.com\/wp-content\/uploads\/2025\/01\/2-15.webp\" alt=\"wholesale stainless steel water bottles\" width=\"1000\" height=\"3264\" srcset=\"https:\/\/www.cupssupplier.com\/wp-content\/uploads\/2025\/01\/2-15.webp 1000w, https:\/\/www.cupssupplier.com\/wp-content\/uploads\/2025\/01\/2-15-92x300.webp 92w, https:\/\/www.cupssupplier.com\/wp-content\/uploads\/2025\/01\/2-15-314x1024.webp 314w, https:\/\/www.cupssupplier.com\/wp-content\/uploads\/2025\/01\/2-15-768x2507.webp 768w, https:\/\/www.cupssupplier.com\/wp-content\/uploads\/2025\/01\/2-15-471x1536.webp 471w, https:\/\/www.cupssupplier.com\/wp-content\/uploads\/2025\/01\/2-15-627x2048.webp 627w, https:\/\/www.cupssupplier.com\/wp-content\/uploads\/2025\/01\/2-15-300x979.webp 300w, https:\/\/www.cupssupplier.com\/wp-content\/uploads\/2025\/01\/2-15-600x1958.webp 600w\" sizes=\"auto, (max-width: 1000px) 100vw, 1000px\" title=\"\"><\/p>\n","protected":false},"excerpt":{"rendered":"<p class=\"\" data-start=\"2596\" data-end=\"2926\">Adquira garrafas de \u00e1gua de a\u00e7o inoxid\u00e1vel no atacado e de alta qualidade para o seu neg\u00f3cio, evento ou organiza\u00e7\u00e3o. Dur\u00e1veis, ecol\u00f3gicas e com op\u00e7\u00f5es de personaliza\u00e7\u00e3o, s\u00e3o ideais para promo\u00e7\u00f5es, brindes corporativos ou revenda. Projetadas para manter bebidas quentes ou frias, combinam estilo, funcionalidade e sustentabilidade.<\/p>\n<p class=\"\" data-start=\"2928\" data-end=\"3135\">\n","protected":false},"featured_media":8630,"template":"","meta":{"om_disable_all_campaigns":false},"product_brand":[],"product_cat":[310],"product_tag":[],"class_list":{"0":"post-20465","1":"product","2":"type-product","3":"status-publish","4":"has-post-thumbnail","6":"product_cat-garrafa-de-agua-em-aco-inoxidavel","8":"first","9":"instock","10":"shipping-taxable","11":"product-type-simple"},"_links":{"self":[{"href":"https:\/\/www.cupssupplier.com\/pt-pt\/wp-json\/wp\/v2\/product\/20465","targetHints":{"allow":["GET"]}}],"collection":[{"href":"https:\/\/www.cupssupplier.com\/pt-pt\/wp-json\/wp\/v2\/product"}],"about":[{"href":"https:\/\/www.cupssupplier.com\/pt-pt\/wp-json\/wp\/v2\/types\/product"}],"wp:featuredmedia":[{"embeddable":true,"href":"https:\/\/www.cupssupplier.com\/pt-pt\/wp-json\/wp\/v2\/media\/8630"}],"wp:attachment":[{"href":"https:\/\/www.cupssupplier.com\/pt-pt\/wp-json\/wp\/v2\/media?parent=20465"}],"wp:term":[{"taxonomy":"product_brand","embeddable":true,"href":"https:\/\/www.cupssupplier.com\/pt-pt\/wp-json\/wp\/v2\/product_brand?post=20465"},{"taxonomy":"product_cat","embeddable":true,"href":"https:\/\/www.cupssupplier.com\/pt-pt\/wp-json\/wp\/v2\/product_cat?post=20465"},{"taxonomy":"product_tag","embeddable":true,"href":"https:\/\/www.cupssupplier.com\/pt-pt\/wp-json\/wp\/v2\/product_tag?post=20465"}],"curies":[{"name":"wp","href":"https:\/\/api.w.org\/{rel}","templated":true}]}}