{"id":20452,"date":"2025-01-06T05:59:31","date_gmt":"2025-01-06T10:59:31","guid":{"rendered":"https:\/\/www.cupssupplier.com\/product\/custom-coffee-tumblers-with-logo\/"},"modified":"2025-05-20T01:25:38","modified_gmt":"2025-05-20T05:25:38","slug":"custom-coffee-tumblers-with-logo","status":"publish","type":"product","link":"https:\/\/www.cupssupplier.com\/pt-pt\/custom-coffee-tumblers-with-logo\/","title":{"rendered":"Copos de Caf\u00e9 Personalizados por Atacado com Logotipo"},"content":{"rendered":"<p class=\"\" data-start=\"4519\" data-end=\"4609\"><strong data-start=\"4519\" data-end=\"4609\">Copos de Caf\u00e9 Personalizados por Atacado com Logotipo \u2013 Garrafas T\u00e9rmicas Promocionais<\/strong><\/p>\n<p class=\"\" data-start=\"4611\" data-end=\"4781\">Eleve a sua marca com os nossos <strong data-start=\"4643\" data-end=\"4700\">copos de caf\u00e9 personalizados por atacado com logotipo<\/strong>, desenvolvidos para oferecer praticidade e estilo.<br data-start=\"4751\" data-end=\"4754\" \/>Principais caracter\u00edsticas:<\/p>\n<ul data-start=\"4783\" data-end=\"5262\">\n<li class=\"\" data-start=\"4783\" data-end=\"4885\">\n<p class=\"\" data-start=\"4785\" data-end=\"4885\"><strong data-start=\"4785\" data-end=\"4809\">Marca personaliz\u00e1vel<\/strong>: Adicione o seu logotipo ou design para divulgar sua empresa ou mensagem.<\/p>\n<\/li>\n<li class=\"\" data-start=\"4886\" data-end=\"4993\">\n<p class=\"\" data-start=\"4888\" data-end=\"4993\"><strong data-start=\"4888\" data-end=\"4910\">Isolamento t\u00e9rmico<\/strong>: Mant\u00e9m o caf\u00e9 quente por at\u00e9 8 horas ou bebidas frias geladas por at\u00e9 12 horas.<\/p>\n<\/li>\n<li class=\"\" data-start=\"4994\" data-end=\"5074\">\n<p class=\"\" data-start=\"4996\" data-end=\"5074\"><strong data-start=\"4996\" data-end=\"5018\">Constru\u00e7\u00e3o dur\u00e1vel<\/strong>: Fabricado com materiais premium para uso prolongado.<\/p>\n<\/li>\n<li class=\"\" data-start=\"5075\" data-end=\"5160\">\n<p class=\"\" data-start=\"5077\" data-end=\"5160\"><strong data-start=\"5077\" data-end=\"5105\">Ecol\u00f3gico e reutiliz\u00e1vel<\/strong>: Uma alternativa sustent\u00e1vel aos copos descart\u00e1veis.<\/p>\n<\/li>\n<li class=\"\" data-start=\"5161\" data-end=\"5262\">\n<p class=\"\" data-start=\"5163\" data-end=\"5262\"><strong data-start=\"5163\" data-end=\"5197\">Perfeito para qualquer ocasi\u00e3o<\/strong>: Ideal para brindes corporativos, a\u00e7\u00f5es promocionais ou revenda.<\/p>\n<\/li>\n<\/ul>\n<p class=\"\" data-start=\"5264\" data-end=\"5421\">Os nossos <strong data-start=\"5274\" data-end=\"5319\">copos de caf\u00e9 personalizados com logotipo<\/strong> s\u00e3o mais do que recipientes \u2013 s\u00e3o ferramentas eficazes de branding que mant\u00eam sua marca em evid\u00eancia.<\/p>\n<p class=\"\" data-start=\"5423\" data-end=\"5617\">Promova sua marca com estilo usando copos t\u00e9rmicos personalizados. Perfeitos para eventos corporativos, brindes ou vendas no varejo. Personalize com seu logotipo e deixe uma impress\u00e3o duradoura.<\/p>\n<p><img loading=\"lazy\" decoding=\"async\" class=\"aligncenter wp-image-1997 size-full\" src=\"https:\/\/www.cupssupplier.com\/wp-content\/uploads\/2025\/01\/3-15-e1736239229454.webp\" alt=\"custom coffee tumblers with logo\" width=\"1560\" height=\"2820\" srcset=\"https:\/\/www.cupssupplier.com\/wp-content\/uploads\/2025\/01\/3-15-e1736239229454.webp 1560w, https:\/\/www.cupssupplier.com\/wp-content\/uploads\/2025\/01\/3-15-e1736239229454-166x300.webp 166w, https:\/\/www.cupssupplier.com\/wp-content\/uploads\/2025\/01\/3-15-e1736239229454-566x1024.webp 566w, https:\/\/www.cupssupplier.com\/wp-content\/uploads\/2025\/01\/3-15-e1736239229454-768x1388.webp 768w, https:\/\/www.cupssupplier.com\/wp-content\/uploads\/2025\/01\/3-15-e1736239229454-850x1536.webp 850w, https:\/\/www.cupssupplier.com\/wp-content\/uploads\/2025\/01\/3-15-e1736239229454-1133x2048.webp 1133w, https:\/\/www.cupssupplier.com\/wp-content\/uploads\/2025\/01\/3-15-e1736239229454-300x542.webp 300w, https:\/\/www.cupssupplier.com\/wp-content\/uploads\/2025\/01\/3-15-e1736239229454-600x1085.webp 600w\" sizes=\"auto, (max-width: 1560px) 100vw, 1560px\" title=\"\"><img loading=\"lazy\" decoding=\"async\" class=\"aligncenter wp-image-1998 size-full\" src=\"https:\/\/www.cupssupplier.com\/wp-content\/uploads\/2025\/01\/4-14.webp\" alt=\"custom coffee tumblers with logo\" width=\"1563\" height=\"2188\" srcset=\"https:\/\/www.cupssupplier.com\/wp-content\/uploads\/2025\/01\/4-14.webp 1563w, https:\/\/www.cupssupplier.com\/wp-content\/uploads\/2025\/01\/4-14-214x300.webp 214w, https:\/\/www.cupssupplier.com\/wp-content\/uploads\/2025\/01\/4-14-731x1024.webp 731w, https:\/\/www.cupssupplier.com\/wp-content\/uploads\/2025\/01\/4-14-768x1075.webp 768w, https:\/\/www.cupssupplier.com\/wp-content\/uploads\/2025\/01\/4-14-1097x1536.webp 1097w, https:\/\/www.cupssupplier.com\/wp-content\/uploads\/2025\/01\/4-14-1463x2048.webp 1463w, https:\/\/www.cupssupplier.com\/wp-content\/uploads\/2025\/01\/4-14-300x420.webp 300w, https:\/\/www.cupssupplier.com\/wp-content\/uploads\/2025\/01\/4-14-600x840.webp 600w\" sizes=\"auto, (max-width: 1563px) 100vw, 1563px\" title=\"\"><img loading=\"lazy\" decoding=\"async\" class=\"aligncenter wp-image-1996 size-full\" src=\"https:\/\/www.cupssupplier.com\/wp-content\/uploads\/2025\/01\/6-10-e1736239482587.webp\" alt=\"custom coffee tumblers with logo\" width=\"1560\" height=\"843\" srcset=\"https:\/\/www.cupssupplier.com\/wp-content\/uploads\/2025\/01\/6-10-e1736239482587.webp 1560w, https:\/\/www.cupssupplier.com\/wp-content\/uploads\/2025\/01\/6-10-e1736239482587-300x162.webp 300w, https:\/\/www.cupssupplier.com\/wp-content\/uploads\/2025\/01\/6-10-e1736239482587-1024x553.webp 1024w, https:\/\/www.cupssupplier.com\/wp-content\/uploads\/2025\/01\/6-10-e1736239482587-768x415.webp 768w, https:\/\/www.cupssupplier.com\/wp-content\/uploads\/2025\/01\/6-10-e1736239482587-1536x830.webp 1536w, https:\/\/www.cupssupplier.com\/wp-content\/uploads\/2025\/01\/6-10-e1736239482587-600x324.webp 600w\" sizes=\"auto, (max-width: 1560px) 100vw, 1560px\" title=\"\"><\/p>\n","protected":false},"excerpt":{"rendered":"<p class=\"\" data-start=\"2369\" data-end=\"2650\">Promova sua marca com estilosos <strong data-start=\"2401\" data-end=\"2457\">copos de caf\u00e9 personalizados com logotipo no atacado<\/strong>. Esses copos t\u00e9rmicos mant\u00eam as bebidas quentes ou frias por horas, sendo ideais para eventos corporativos, brindes ou varejo. Personalize com seu logotipo para causar uma impress\u00e3o duradoura.<\/p>\n<p class=\"\" data-start=\"2652\" data-end=\"2737\">\n","protected":false},"featured_media":8672,"template":"","meta":{"om_disable_all_campaigns":false},"product_brand":[],"product_cat":[311],"product_tag":[],"class_list":{"0":"post-20452","1":"product","2":"type-product","3":"status-publish","4":"has-post-thumbnail","6":"product_cat-copo","8":"first","9":"instock","10":"shipping-taxable","11":"product-type-simple"},"_links":{"self":[{"href":"https:\/\/www.cupssupplier.com\/pt-pt\/wp-json\/wp\/v2\/product\/20452","targetHints":{"allow":["GET"]}}],"collection":[{"href":"https:\/\/www.cupssupplier.com\/pt-pt\/wp-json\/wp\/v2\/product"}],"about":[{"href":"https:\/\/www.cupssupplier.com\/pt-pt\/wp-json\/wp\/v2\/types\/product"}],"wp:featuredmedia":[{"embeddable":true,"href":"https:\/\/www.cupssupplier.com\/pt-pt\/wp-json\/wp\/v2\/media\/8672"}],"wp:attachment":[{"href":"https:\/\/www.cupssupplier.com\/pt-pt\/wp-json\/wp\/v2\/media?parent=20452"}],"wp:term":[{"taxonomy":"product_brand","embeddable":true,"href":"https:\/\/www.cupssupplier.com\/pt-pt\/wp-json\/wp\/v2\/product_brand?post=20452"},{"taxonomy":"product_cat","embeddable":true,"href":"https:\/\/www.cupssupplier.com\/pt-pt\/wp-json\/wp\/v2\/product_cat?post=20452"},{"taxonomy":"product_tag","embeddable":true,"href":"https:\/\/www.cupssupplier.com\/pt-pt\/wp-json\/wp\/v2\/product_tag?post=20452"}],"curies":[{"name":"wp","href":"https:\/\/api.w.org\/{rel}","templated":true}]}}