{"id":20441,"date":"2025-01-07T03:59:01","date_gmt":"2025-01-07T08:59:01","guid":{"rendered":"https:\/\/www.cupssupplier.com\/product\/custom-coffee-tumbler-bulk\/"},"modified":"2025-05-19T03:48:25","modified_gmt":"2025-05-19T07:48:25","slug":"custom-coffee-tumbler-bulk","status":"publish","type":"product","link":"https:\/\/www.cupssupplier.com\/pt-pt\/custom-coffee-tumbler-bulk\/","title":{"rendered":"Copo de Caf\u00e9 Personalizado por Atacado"},"content":{"rendered":"<p class=\"\" data-start=\"5131\" data-end=\"5209\"><strong data-start=\"5131\" data-end=\"5209\">Copo de Caf\u00e9 Personalizado por Atacado \u2013 Recipiente Ecol\u00f3gico com Logotipo<\/strong><\/p>\n<p class=\"\" data-start=\"5211\" data-end=\"5404\">Maximize o potencial da sua marca com nossos <strong data-start=\"5256\" data-end=\"5300\">copos de caf\u00e9 personalizados por atacado<\/strong>. Ideais para empresas, eventos ou varejo, esses copos combinam <strong data-start=\"5364\" data-end=\"5403\">praticidade e visibilidade da marca<\/strong>.<\/p>\n<p class=\"\" data-start=\"5406\" data-end=\"5439\"><strong data-start=\"5406\" data-end=\"5437\">Principais caracter\u00edsticas:<\/strong><\/p>\n<ul data-start=\"5440\" data-end=\"5935\">\n<li class=\"\" data-start=\"5440\" data-end=\"5535\">\n<p class=\"\" data-start=\"5442\" data-end=\"5535\"><strong data-start=\"5442\" data-end=\"5467\">Design personaliz\u00e1vel<\/strong>: Adicione logotipos, textos ou artes para criar copos exclusivos.<\/p>\n<\/li>\n<li class=\"\" data-start=\"5536\" data-end=\"5635\">\n<p class=\"\" data-start=\"5538\" data-end=\"5635\"><strong data-start=\"5538\" data-end=\"5560\">Desempenho t\u00e9rmico<\/strong>: Mant\u00e9m o caf\u00e9 quente por at\u00e9 8 horas ou bebidas frias por at\u00e9 12 horas.<\/p>\n<\/li>\n<li class=\"\" data-start=\"5636\" data-end=\"5726\">\n<p class=\"\" data-start=\"5638\" data-end=\"5726\"><strong data-start=\"5638\" data-end=\"5666\">Dur\u00e1veis &amp; reutiliz\u00e1veis<\/strong>: Produzidos com materiais ecol\u00f3gicos e de alta qualidade.<\/p>\n<\/li>\n<li class=\"\" data-start=\"5727\" data-end=\"5819\">\n<p class=\"\" data-start=\"5729\" data-end=\"5819\"><strong data-start=\"5729\" data-end=\"5752\">Solu\u00e7\u00e3o sustent\u00e1vel<\/strong>: Reduza o desperd\u00edcio com utens\u00edlios reutiliz\u00e1veis e ecol\u00f3gicos.<\/p>\n<\/li>\n<li class=\"\" data-start=\"5820\" data-end=\"5935\">\n<p class=\"\" data-start=\"5822\" data-end=\"5935\"><strong data-start=\"5822\" data-end=\"5865\">Perfeitos para pedidos em grande volume<\/strong>: Ideais para eventos corporativos, campanhas promocionais ou revenda.<\/p>\n<\/li>\n<\/ul>\n<p class=\"\" data-start=\"5937\" data-end=\"6098\">Seja para presentear ou divulgar sua marca, os <strong data-start=\"5984\" data-end=\"6028\">copos de caf\u00e9 personalizados por atacado<\/strong> s\u00e3o uma solu\u00e7\u00e3o pr\u00e1tica, elegante e ecol\u00f3gica para todas as ocasi\u00f5es.<\/p>\n<p><img loading=\"lazy\" decoding=\"async\" class=\"aligncenter wp-image-2009 size-full\" src=\"https:\/\/www.cupssupplier.com\/wp-content\/uploads\/2025\/01\/1-16.webp\" alt=\"custom coffee tumbler bulk\" width=\"900\" height=\"1540\" srcset=\"https:\/\/www.cupssupplier.com\/wp-content\/uploads\/2025\/01\/1-16.webp 900w, https:\/\/www.cupssupplier.com\/wp-content\/uploads\/2025\/01\/1-16-175x300.webp 175w, https:\/\/www.cupssupplier.com\/wp-content\/uploads\/2025\/01\/1-16-598x1024.webp 598w, https:\/\/www.cupssupplier.com\/wp-content\/uploads\/2025\/01\/1-16-768x1314.webp 768w, https:\/\/www.cupssupplier.com\/wp-content\/uploads\/2025\/01\/1-16-898x1536.webp 898w, https:\/\/www.cupssupplier.com\/wp-content\/uploads\/2025\/01\/1-16-300x513.webp 300w, https:\/\/www.cupssupplier.com\/wp-content\/uploads\/2025\/01\/1-16-600x1027.webp 600w\" sizes=\"auto, (max-width: 900px) 100vw, 900px\" title=\"\"><\/p>\n<p><img loading=\"lazy\" decoding=\"async\" class=\"aligncenter wp-image-2010 size-full\" src=\"https:\/\/www.cupssupplier.com\/wp-content\/uploads\/2025\/01\/2-18.webp\" alt=\"custom coffee tumbler bulk\" width=\"900\" height=\"1636\" srcset=\"https:\/\/www.cupssupplier.com\/wp-content\/uploads\/2025\/01\/2-18.webp 900w, https:\/\/www.cupssupplier.com\/wp-content\/uploads\/2025\/01\/2-18-165x300.webp 165w, https:\/\/www.cupssupplier.com\/wp-content\/uploads\/2025\/01\/2-18-563x1024.webp 563w, https:\/\/www.cupssupplier.com\/wp-content\/uploads\/2025\/01\/2-18-768x1396.webp 768w, https:\/\/www.cupssupplier.com\/wp-content\/uploads\/2025\/01\/2-18-845x1536.webp 845w, https:\/\/www.cupssupplier.com\/wp-content\/uploads\/2025\/01\/2-18-300x545.webp 300w, https:\/\/www.cupssupplier.com\/wp-content\/uploads\/2025\/01\/2-18-600x1091.webp 600w\" sizes=\"auto, (max-width: 900px) 100vw, 900px\" title=\"\"><\/p>\n<p><img loading=\"lazy\" decoding=\"async\" class=\"aligncenter wp-image-2011 size-full\" src=\"https:\/\/www.cupssupplier.com\/wp-content\/uploads\/2025\/01\/3-17.webp\" alt=\"custom coffee tumbler bulk\" width=\"900\" height=\"2009\" srcset=\"https:\/\/www.cupssupplier.com\/wp-content\/uploads\/2025\/01\/3-17.webp 900w, https:\/\/www.cupssupplier.com\/wp-content\/uploads\/2025\/01\/3-17-134x300.webp 134w, https:\/\/www.cupssupplier.com\/wp-content\/uploads\/2025\/01\/3-17-459x1024.webp 459w, https:\/\/www.cupssupplier.com\/wp-content\/uploads\/2025\/01\/3-17-768x1714.webp 768w, https:\/\/www.cupssupplier.com\/wp-content\/uploads\/2025\/01\/3-17-688x1536.webp 688w, https:\/\/www.cupssupplier.com\/wp-content\/uploads\/2025\/01\/3-17-300x670.webp 300w, https:\/\/www.cupssupplier.com\/wp-content\/uploads\/2025\/01\/3-17-600x1339.webp 600w\" sizes=\"auto, (max-width: 900px) 100vw, 900px\" title=\"\"><\/p>\n","protected":false},"excerpt":{"rendered":"<p class=\"\" data-start=\"2619\" data-end=\"3030\">Abaste\u00e7a-se com copos de caf\u00e9 personalizados em grandes quantidades para sua empresa ou evento. Esses copos t\u00e9rmicos reutiliz\u00e1veis podem ser personalizados com logotipos ou designs, ideais para brindes corporativos, campanhas promocionais ou revenda. Mantenha as bebidas quentes ou frias com estilo enquanto promove sua marca.<\/p>\n<p class=\"\" data-start=\"3032\" data-end=\"3260\">\n","protected":false},"featured_media":8728,"template":"","meta":{"om_disable_all_campaigns":false},"product_brand":[],"product_cat":[311],"product_tag":[],"class_list":{"0":"post-20441","1":"product","2":"type-product","3":"status-publish","4":"has-post-thumbnail","6":"product_cat-copo","8":"first","9":"instock","10":"shipping-taxable","11":"product-type-simple"},"_links":{"self":[{"href":"https:\/\/www.cupssupplier.com\/pt-pt\/wp-json\/wp\/v2\/product\/20441","targetHints":{"allow":["GET"]}}],"collection":[{"href":"https:\/\/www.cupssupplier.com\/pt-pt\/wp-json\/wp\/v2\/product"}],"about":[{"href":"https:\/\/www.cupssupplier.com\/pt-pt\/wp-json\/wp\/v2\/types\/product"}],"wp:featuredmedia":[{"embeddable":true,"href":"https:\/\/www.cupssupplier.com\/pt-pt\/wp-json\/wp\/v2\/media\/8728"}],"wp:attachment":[{"href":"https:\/\/www.cupssupplier.com\/pt-pt\/wp-json\/wp\/v2\/media?parent=20441"}],"wp:term":[{"taxonomy":"product_brand","embeddable":true,"href":"https:\/\/www.cupssupplier.com\/pt-pt\/wp-json\/wp\/v2\/product_brand?post=20441"},{"taxonomy":"product_cat","embeddable":true,"href":"https:\/\/www.cupssupplier.com\/pt-pt\/wp-json\/wp\/v2\/product_cat?post=20441"},{"taxonomy":"product_tag","embeddable":true,"href":"https:\/\/www.cupssupplier.com\/pt-pt\/wp-json\/wp\/v2\/product_tag?post=20441"}],"curies":[{"name":"wp","href":"https:\/\/api.w.org\/{rel}","templated":true}]}}