{"id":20386,"date":"2025-01-08T04:08:52","date_gmt":"2025-01-08T09:08:52","guid":{"rendered":"https:\/\/www.cupssupplier.com\/product\/custom-coffee-tumbler\/"},"modified":"2025-05-17T23:42:54","modified_gmt":"2025-05-18T03:42:54","slug":"custom-coffee-tumbler","status":"publish","type":"product","link":"https:\/\/www.cupssupplier.com\/pt-pt\/custom-coffee-tumbler\/","title":{"rendered":"Copo de Caf\u00e9 Personalizado por Atacado"},"content":{"rendered":"<p class=\"\" data-start=\"4982\" data-end=\"5045\"><strong data-start=\"4982\" data-end=\"5045\">Copo de Caf\u00e9 Personalizado por Atacado \u2013 Isolado e Elegante<\/strong><\/p>\n<p class=\"\" data-start=\"5047\" data-end=\"5172\">Impressione com o Copo de Caf\u00e9 Personalizado, desenvolvido para funcionalidade e visibilidade da marca. Principais destaques:<\/p>\n<ul data-start=\"5174\" data-end=\"5613\">\n<li class=\"\" data-start=\"5174\" data-end=\"5261\">\n<p class=\"\" data-start=\"5176\" data-end=\"5261\"><strong data-start=\"5176\" data-end=\"5201\">Design Personaliz\u00e1vel<\/strong>: Adicione seu logotipo ou arte para um visual profissional.<\/p>\n<\/li>\n<li class=\"\" data-start=\"5262\" data-end=\"5358\">\n<p class=\"\" data-start=\"5264\" data-end=\"5358\"><strong data-start=\"5264\" data-end=\"5286\">Desempenho T\u00e9rmico<\/strong>: Mant\u00e9m o caf\u00e9 quente por at\u00e9 8 horas e bebidas frias por at\u00e9 12 horas.<\/p>\n<\/li>\n<li class=\"\" data-start=\"5359\" data-end=\"5432\">\n<p class=\"\" data-start=\"5361\" data-end=\"5432\"><strong data-start=\"5361\" data-end=\"5392\">Materiais de Alta Qualidade<\/strong>: A\u00e7o inoxid\u00e1vel dur\u00e1vel e livre de BPA.<\/p>\n<\/li>\n<li class=\"\" data-start=\"5433\" data-end=\"5514\">\n<p class=\"\" data-start=\"5435\" data-end=\"5514\"><strong data-start=\"5435\" data-end=\"5463\">Ecol\u00f3gico e Reutiliz\u00e1vel<\/strong>: Uma op\u00e7\u00e3o sustent\u00e1vel para reduzir o desperd\u00edcio.<\/p>\n<\/li>\n<li class=\"\" data-start=\"5515\" data-end=\"5613\">\n<p class=\"\" data-start=\"5517\" data-end=\"5613\"><strong data-start=\"5517\" data-end=\"5533\">Uso Vers\u00e1til<\/strong>: Ideal para brindes corporativos, campanhas promocionais ou presentes pessoais.<\/p>\n<\/li>\n<\/ul>\n<p class=\"\" data-start=\"5615\" data-end=\"5744\">O Copo de Caf\u00e9 Personalizado combina estilo e praticidade, sendo o item promocional ou presente ideal para representar sua marca.<\/p>\n<p><img loading=\"lazy\" decoding=\"async\" class=\"aligncenter wp-image-2079 \" src=\"https:\/\/www.cupssupplier.com\/wp-content\/uploads\/2025\/01\/4-25.webp\" alt=\"custom coffee tumbler\" width=\"956\" height=\"1353\" srcset=\"https:\/\/www.cupssupplier.com\/wp-content\/uploads\/2025\/01\/4-25.webp 678w, https:\/\/www.cupssupplier.com\/wp-content\/uploads\/2025\/01\/4-25-212x300.webp 212w, https:\/\/www.cupssupplier.com\/wp-content\/uploads\/2025\/01\/4-25-300x425.webp 300w, https:\/\/www.cupssupplier.com\/wp-content\/uploads\/2025\/01\/4-25-600x850.webp 600w\" sizes=\"auto, (max-width: 956px) 100vw, 956px\" title=\"\"><img loading=\"lazy\" decoding=\"async\" class=\"aligncenter wp-image-2080 size-full\" src=\"https:\/\/www.cupssupplier.com\/wp-content\/uploads\/2025\/01\/5-22.webp\" alt=\"custom coffee tumbler\" width=\"960\" height=\"960\" srcset=\"https:\/\/www.cupssupplier.com\/wp-content\/uploads\/2025\/01\/5-22.webp 960w, https:\/\/www.cupssupplier.com\/wp-content\/uploads\/2025\/01\/5-22-300x300.webp 300w, https:\/\/www.cupssupplier.com\/wp-content\/uploads\/2025\/01\/5-22-150x150.webp 150w, https:\/\/www.cupssupplier.com\/wp-content\/uploads\/2025\/01\/5-22-768x768.webp 768w, https:\/\/www.cupssupplier.com\/wp-content\/uploads\/2025\/01\/5-22-600x600.webp 600w, https:\/\/www.cupssupplier.com\/wp-content\/uploads\/2025\/01\/5-22-100x100.webp 100w\" sizes=\"auto, (max-width: 960px) 100vw, 960px\" title=\"\"><img loading=\"lazy\" decoding=\"async\" class=\"aligncenter wp-image-2081\" src=\"https:\/\/www.cupssupplier.com\/wp-content\/uploads\/2025\/01\/6-17.webp\" alt=\"custom coffee tumbler\" width=\"960\" height=\"1120\" srcset=\"https:\/\/www.cupssupplier.com\/wp-content\/uploads\/2025\/01\/6-17.webp 823w, https:\/\/www.cupssupplier.com\/wp-content\/uploads\/2025\/01\/6-17-257x300.webp 257w, https:\/\/www.cupssupplier.com\/wp-content\/uploads\/2025\/01\/6-17-768x896.webp 768w, https:\/\/www.cupssupplier.com\/wp-content\/uploads\/2025\/01\/6-17-300x350.webp 300w, https:\/\/www.cupssupplier.com\/wp-content\/uploads\/2025\/01\/6-17-600x700.webp 600w\" sizes=\"auto, (max-width: 960px) 100vw, 960px\" title=\"\"><img loading=\"lazy\" decoding=\"async\" class=\"wp-image-2082 aligncenter\" src=\"https:\/\/www.cupssupplier.com\/wp-content\/uploads\/2025\/01\/7-2.webp\" alt=\"custom coffee tumbler\" width=\"960\" height=\"1489\" srcset=\"https:\/\/www.cupssupplier.com\/wp-content\/uploads\/2025\/01\/7-2.webp 619w, https:\/\/www.cupssupplier.com\/wp-content\/uploads\/2025\/01\/7-2-193x300.webp 193w, https:\/\/www.cupssupplier.com\/wp-content\/uploads\/2025\/01\/7-2-300x465.webp 300w, https:\/\/www.cupssupplier.com\/wp-content\/uploads\/2025\/01\/7-2-600x931.webp 600w\" sizes=\"auto, (max-width: 960px) 100vw, 960px\" title=\"\"><\/p>\n","protected":false},"excerpt":{"rendered":"<p class=\"\" data-start=\"5746\" data-end=\"5966\">Mostre sua marca com nosso Copo de Caf\u00e9 Personalizado. Isolado para manter a temperatura ideal das bebidas, \u00e9 dur\u00e1vel, ecol\u00f3gico e feito para personaliza\u00e7\u00e3o. Perfeito para promo\u00e7\u00f5es, presentes corporativos ou uso di\u00e1rio.<\/p>\n<p class=\"\" data-start=\"5968\" data-end=\"6023\">\n","protected":false},"featured_media":9078,"template":"","meta":{"om_disable_all_campaigns":false},"product_brand":[],"product_cat":[311],"product_tag":[],"class_list":{"0":"post-20386","1":"product","2":"type-product","3":"status-publish","4":"has-post-thumbnail","6":"product_cat-copo","8":"first","9":"instock","10":"shipping-taxable","11":"product-type-simple"},"_links":{"self":[{"href":"https:\/\/www.cupssupplier.com\/pt-pt\/wp-json\/wp\/v2\/product\/20386","targetHints":{"allow":["GET"]}}],"collection":[{"href":"https:\/\/www.cupssupplier.com\/pt-pt\/wp-json\/wp\/v2\/product"}],"about":[{"href":"https:\/\/www.cupssupplier.com\/pt-pt\/wp-json\/wp\/v2\/types\/product"}],"wp:featuredmedia":[{"embeddable":true,"href":"https:\/\/www.cupssupplier.com\/pt-pt\/wp-json\/wp\/v2\/media\/9078"}],"wp:attachment":[{"href":"https:\/\/www.cupssupplier.com\/pt-pt\/wp-json\/wp\/v2\/media?parent=20386"}],"wp:term":[{"taxonomy":"product_brand","embeddable":true,"href":"https:\/\/www.cupssupplier.com\/pt-pt\/wp-json\/wp\/v2\/product_brand?post=20386"},{"taxonomy":"product_cat","embeddable":true,"href":"https:\/\/www.cupssupplier.com\/pt-pt\/wp-json\/wp\/v2\/product_cat?post=20386"},{"taxonomy":"product_tag","embeddable":true,"href":"https:\/\/www.cupssupplier.com\/pt-pt\/wp-json\/wp\/v2\/product_tag?post=20386"}],"curies":[{"name":"wp","href":"https:\/\/api.w.org\/{rel}","templated":true}]}}