{"id":20371,"date":"2025-01-09T03:39:31","date_gmt":"2025-01-09T08:39:31","guid":{"rendered":"https:\/\/www.cupssupplier.com\/product\/custom-insulated-coffee-tumbler\/"},"modified":"2025-05-17T23:15:42","modified_gmt":"2025-05-18T03:15:42","slug":"custom-insulated-coffee-tumbler","status":"publish","type":"product","link":"https:\/\/www.cupssupplier.com\/pt-pt\/custom-insulated-coffee-tumbler\/","title":{"rendered":"Copo T\u00e9rmico de Caf\u00e9 Personalizado"},"content":{"rendered":"<h3 class=\"\" data-start=\"5086\" data-end=\"5155\"><strong data-start=\"5095\" data-end=\"5155\">Copo T\u00e9rmico de Caf\u00e9 Personalizado \u2013 Ecol\u00f3gico &amp; Dur\u00e1vel<\/strong><\/h3>\n<p class=\"\" data-start=\"5157\" data-end=\"5274\">Eleve sua marca com o Copo T\u00e9rmico de Caf\u00e9 Personalizado, unindo estilo e funcionalidade. Principais caracter\u00edsticas:<\/p>\n<ul data-start=\"5276\" data-end=\"5774\">\n<li class=\"\" data-start=\"5276\" data-end=\"5373\">\n<p class=\"\" data-start=\"5278\" data-end=\"5373\"><strong data-start=\"5278\" data-end=\"5302\">Design Personalizado<\/strong>: Adicione seu logotipo ou arte exclusiva para um toque profissional.<\/p>\n<\/li>\n<li class=\"\" data-start=\"5374\" data-end=\"5480\">\n<p class=\"\" data-start=\"5376\" data-end=\"5480\"><strong data-start=\"5376\" data-end=\"5406\">Isolamento de Parede Dupla<\/strong>: Mant\u00e9m o caf\u00e9 quente por at\u00e9 8 horas e bebidas frias por at\u00e9 12 horas.<\/p>\n<\/li>\n<li class=\"\" data-start=\"5481\" data-end=\"5593\">\n<p class=\"\" data-start=\"5483\" data-end=\"5593\"><strong data-start=\"5483\" data-end=\"5508\">Constru\u00e7\u00e3o Resistente<\/strong>: Feito de a\u00e7o inoxid\u00e1vel livre de BPA de alta qualidade para desempenho duradouro.<\/p>\n<\/li>\n<li class=\"\" data-start=\"5594\" data-end=\"5679\">\n<p class=\"\" data-start=\"5596\" data-end=\"5679\"><strong data-start=\"5596\" data-end=\"5624\">Ecol\u00f3gico e Reutiliz\u00e1vel<\/strong>: Uma alternativa sustent\u00e1vel aos copos descart\u00e1veis.<\/p>\n<\/li>\n<li class=\"\" data-start=\"5680\" data-end=\"5774\">\n<p class=\"\" data-start=\"5682\" data-end=\"5774\"><strong data-start=\"5682\" data-end=\"5705\">Vers\u00e1til e Elegante<\/strong>: Ideal para escrit\u00f3rio, viagens, aventuras ao ar livre e muito mais.<\/p>\n<\/li>\n<\/ul>\n<p class=\"\" data-start=\"5776\" data-end=\"5893\">O Copo T\u00e9rmico de Caf\u00e9 Personalizado \u00e9 o item promocional ideal para destacar sua marca com praticidade no dia a dia.<\/p>\n<table>\n<tbody>\n<tr data-start=\"4209\" data-end=\"4298\">\n<td data-start=\"4209\" data-end=\"4231\" data-col-size=\"sm\"><strong data-start=\"4211\" data-end=\"4218\">Cor<\/strong><\/td>\n<td data-start=\"4231\" data-end=\"4298\" data-col-size=\"md\">Cores personalizadas aceit\u00e1veis<\/td>\n<\/tr>\n<\/tbody>\n<\/table>\n<table>\n<tbody>\n<tr data-start=\"4299\" data-end=\"4389\">\n<td data-start=\"4299\" data-end=\"4321\" data-col-size=\"sm\"><strong data-start=\"4301\" data-end=\"4315\">Capacidade<\/strong><\/td>\n<td data-start=\"4321\" data-end=\"4389\" data-col-size=\"md\">16 oz<\/td>\n<\/tr>\n<\/tbody>\n<\/table>\n<table>\n<tbody>\n<tr data-start=\"4390\" data-end=\"4483\">\n<td data-start=\"4390\" data-end=\"4412\" data-col-size=\"sm\"><strong data-start=\"4392\" data-end=\"4404\">Logotipo<\/strong><\/td>\n<td data-col-size=\"md\" data-start=\"4412\" data-end=\"4483\">Logotipo personalizado (serigrafia \/ laser \/ transfer\u00eancia t\u00e9rmica)<\/td>\n<\/tr>\n<\/tbody>\n<\/table>\n<table>\n<tbody>\n<tr data-start=\"4484\" data-end=\"4573\">\n<td data-start=\"4484\" data-end=\"4506\" data-col-size=\"sm\"><strong data-start=\"4486\" data-end=\"4499\">Embalagem<\/strong><\/td>\n<td data-col-size=\"md\" data-start=\"4506\" data-end=\"4573\">Caixa colorida \/ Caixa branca \/ Saco com bolhas<\/td>\n<\/tr>\n<\/tbody>\n<\/table>\n<table>\n<tbody>\n<tr data-start=\"4574\" data-end=\"4663\">\n<td data-start=\"4574\" data-end=\"4596\" data-col-size=\"sm\"><strong data-start=\"4576\" data-end=\"4586\">Fun\u00e7\u00e3o<\/strong><\/td>\n<td data-col-size=\"md\" data-start=\"4596\" data-end=\"4663\">Beber \u00e1gua, leite, caf\u00e9 ou ch\u00e1<\/td>\n<\/tr>\n<\/tbody>\n<\/table>\n<table>\n<tbody>\n<tr data-start=\"4664\" data-end=\"4754\">\n<td data-start=\"4664\" data-end=\"4686\" data-col-size=\"sm\"><strong data-start=\"4666\" data-end=\"4678\">Material<\/strong><\/td>\n<td data-col-size=\"md\" data-start=\"4686\" data-end=\"4754\">A\u00e7o inoxid\u00e1vel 304<\/td>\n<\/tr>\n<\/tbody>\n<\/table>\n<table>\n<tbody>\n<tr data-start=\"4755\" data-end=\"4844\">\n<td data-start=\"4755\" data-end=\"4779\" data-col-size=\"sm\"><strong data-start=\"4757\" data-end=\"4778\">Material da tampa<\/strong><\/td>\n<td data-col-size=\"md\" data-start=\"4779\" data-end=\"4844\">Tampa de PP 100% livre de BPA<\/td>\n<\/tr>\n<\/tbody>\n<\/table>\n<table>\n<tbody>\n<tr data-start=\"4845\" data-end=\"4934\">\n<td data-start=\"4845\" data-end=\"4867\" data-col-size=\"sm\"><strong data-start=\"4847\" data-end=\"4854\">Uso<\/strong><\/td>\n<td data-start=\"4867\" data-end=\"4934\" data-col-size=\"md\">Manter bebidas quentes ou frias<\/td>\n<\/tr>\n<\/tbody>\n<\/table>\n<table>\n<tbody>\n<tr data-start=\"4935\" data-end=\"5024\">\n<td data-start=\"4935\" data-end=\"4957\" data-col-size=\"sm\"><strong data-start=\"4937\" data-end=\"4951\">Tecnologia<\/strong><\/td>\n<td data-col-size=\"md\" data-start=\"4957\" data-end=\"5024\">Pintura em p\u00f3 \/ Pintura spray \/ Eletroplacagem<\/td>\n<\/tr>\n<\/tbody>\n<\/table>\n<p><!--more--><\/p>\n<p><img loading=\"lazy\" decoding=\"async\" class=\"aligncenter wp-image-2098 size-full\" src=\"https:\/\/www.cupssupplier.com\/wp-content\/uploads\/2025\/01\/2-31.webp\" alt=\"\u5b9a\u5236\u9694\u70ed\u5496\u5561\u676f\" width=\"900\" height=\"3003\" srcset=\"https:\/\/www.cupssupplier.com\/wp-content\/uploads\/2025\/01\/2-31.webp 900w, https:\/\/www.cupssupplier.com\/wp-content\/uploads\/2025\/01\/2-31-90x300.webp 90w, https:\/\/www.cupssupplier.com\/wp-content\/uploads\/2025\/01\/2-31-307x1024.webp 307w, https:\/\/www.cupssupplier.com\/wp-content\/uploads\/2025\/01\/2-31-768x2563.webp 768w, https:\/\/www.cupssupplier.com\/wp-content\/uploads\/2025\/01\/2-31-460x1536.webp 460w, https:\/\/www.cupssupplier.com\/wp-content\/uploads\/2025\/01\/2-31-614x2048.webp 614w, https:\/\/www.cupssupplier.com\/wp-content\/uploads\/2025\/01\/2-31-300x1001.webp 300w, https:\/\/www.cupssupplier.com\/wp-content\/uploads\/2025\/01\/2-31-600x2002.webp 600w\" sizes=\"auto, (max-width: 900px) 100vw, 900px\" title=\"\"> <img loading=\"lazy\" decoding=\"async\" class=\"aligncenter wp-image-2099 size-full\" src=\"https:\/\/www.cupssupplier.com\/wp-content\/uploads\/2025\/01\/3-30.webp\" alt=\"\u5b9a\u5236\u9694\u70ed\u5496\u5561\u676f\" width=\"900\" height=\"1814\" srcset=\"https:\/\/www.cupssupplier.com\/wp-content\/uploads\/2025\/01\/3-30.webp 900w, https:\/\/www.cupssupplier.com\/wp-content\/uploads\/2025\/01\/3-30-149x300.webp 149w, https:\/\/www.cupssupplier.com\/wp-content\/uploads\/2025\/01\/3-30-508x1024.webp 508w, https:\/\/www.cupssupplier.com\/wp-content\/uploads\/2025\/01\/3-30-768x1548.webp 768w, https:\/\/www.cupssupplier.com\/wp-content\/uploads\/2025\/01\/3-30-762x1536.webp 762w, https:\/\/www.cupssupplier.com\/wp-content\/uploads\/2025\/01\/3-30-300x605.webp 300w, https:\/\/www.cupssupplier.com\/wp-content\/uploads\/2025\/01\/3-30-600x1209.webp 600w\" sizes=\"auto, (max-width: 900px) 100vw, 900px\" title=\"\"> <img loading=\"lazy\" decoding=\"async\" class=\"aligncenter wp-image-2100 size-full\" src=\"https:\/\/www.cupssupplier.com\/wp-content\/uploads\/2025\/01\/5-24-e1736411684827.webp\" alt=\"\u5b9a\u5236\u9694\u70ed\u5496\u5561\u676f\" width=\"900\" height=\"2810\" srcset=\"https:\/\/www.cupssupplier.com\/wp-content\/uploads\/2025\/01\/5-24-e1736411684827.webp 900w, https:\/\/www.cupssupplier.com\/wp-content\/uploads\/2025\/01\/5-24-e1736411684827-96x300.webp 96w, https:\/\/www.cupssupplier.com\/wp-content\/uploads\/2025\/01\/5-24-e1736411684827-328x1024.webp 328w, https:\/\/www.cupssupplier.com\/wp-content\/uploads\/2025\/01\/5-24-e1736411684827-768x2398.webp 768w, https:\/\/www.cupssupplier.com\/wp-content\/uploads\/2025\/01\/5-24-e1736411684827-492x1536.webp 492w, https:\/\/www.cupssupplier.com\/wp-content\/uploads\/2025\/01\/5-24-e1736411684827-656x2048.webp 656w, https:\/\/www.cupssupplier.com\/wp-content\/uploads\/2025\/01\/5-24-e1736411684827-300x937.webp 300w, https:\/\/www.cupssupplier.com\/wp-content\/uploads\/2025\/01\/5-24-e1736411684827-600x1873.webp 600w\" sizes=\"auto, (max-width: 900px) 100vw, 900px\" title=\"\"><\/p>\n","protected":false},"excerpt":{"rendered":"<p class=\"\" data-start=\"5895\" data-end=\"6179\">Mantenha-se hidratado e promova sua marca com nosso Copo T\u00e9rmico de Caf\u00e9 Personalizado. Projetado para conservar bebidas quentes ou frias por horas, \u00e9 dur\u00e1vel, ecol\u00f3gico e pode ser personalizado com seu logotipo. Perfeito para brindes corporativos, eventos promocionais ou uso di\u00e1rio.<\/p>\n<p class=\"\" data-start=\"6181\" data-end=\"6348\">\n","protected":false},"featured_media":9169,"template":"","meta":{"om_disable_all_campaigns":false},"product_brand":[],"product_cat":[311],"product_tag":[],"class_list":{"0":"post-20371","1":"product","2":"type-product","3":"status-publish","4":"has-post-thumbnail","6":"product_cat-copo","8":"first","9":"instock","10":"shipping-taxable","11":"product-type-simple"},"_links":{"self":[{"href":"https:\/\/www.cupssupplier.com\/pt-pt\/wp-json\/wp\/v2\/product\/20371","targetHints":{"allow":["GET"]}}],"collection":[{"href":"https:\/\/www.cupssupplier.com\/pt-pt\/wp-json\/wp\/v2\/product"}],"about":[{"href":"https:\/\/www.cupssupplier.com\/pt-pt\/wp-json\/wp\/v2\/types\/product"}],"wp:featuredmedia":[{"embeddable":true,"href":"https:\/\/www.cupssupplier.com\/pt-pt\/wp-json\/wp\/v2\/media\/9169"}],"wp:attachment":[{"href":"https:\/\/www.cupssupplier.com\/pt-pt\/wp-json\/wp\/v2\/media?parent=20371"}],"wp:term":[{"taxonomy":"product_brand","embeddable":true,"href":"https:\/\/www.cupssupplier.com\/pt-pt\/wp-json\/wp\/v2\/product_brand?post=20371"},{"taxonomy":"product_cat","embeddable":true,"href":"https:\/\/www.cupssupplier.com\/pt-pt\/wp-json\/wp\/v2\/product_cat?post=20371"},{"taxonomy":"product_tag","embeddable":true,"href":"https:\/\/www.cupssupplier.com\/pt-pt\/wp-json\/wp\/v2\/product_tag?post=20371"}],"curies":[{"name":"wp","href":"https:\/\/api.w.org\/{rel}","templated":true}]}}