{"id":20357,"date":"2025-01-09T03:52:15","date_gmt":"2025-01-09T08:52:15","guid":{"rendered":"https:\/\/www.cupssupplier.com\/product\/custom-coffee-thermos\/"},"modified":"2025-05-17T02:54:03","modified_gmt":"2025-05-17T06:54:03","slug":"custom-coffee-thermos","status":"publish","type":"product","link":"https:\/\/www.cupssupplier.com\/pt-pt\/custom-coffee-thermos\/","title":{"rendered":"Garrafa T\u00e9rmica de Caf\u00e9 Personalizada"},"content":{"rendered":"<p class=\"\" data-start=\"5627\" data-end=\"5693\"><strong data-start=\"5627\" data-end=\"5693\">Garrafa T\u00e9rmica de Caf\u00e9 Personalizada \u2013 Isolada &amp; Reutiliz\u00e1vel<\/strong><\/p>\n<p class=\"\" data-start=\"5695\" data-end=\"5839\">Eleve sua marca com a Garrafa T\u00e9rmica de Caf\u00e9 Personalizada, que oferece alto desempenho e op\u00e7\u00f5es de personaliza\u00e7\u00e3o. Principais caracter\u00edsticas:<\/p>\n<ul data-start=\"5841\" data-end=\"6384\">\n<li class=\"\" data-start=\"5841\" data-end=\"5950\">\n<p class=\"\" data-start=\"5843\" data-end=\"5950\"><strong data-start=\"5843\" data-end=\"5868\">Design Personaliz\u00e1vel<\/strong>: Adicione seu logotipo ou design para criar uma garrafa exclusiva e profissional.<\/p>\n<\/li>\n<li class=\"\" data-start=\"5951\" data-end=\"6049\">\n<p class=\"\" data-start=\"5953\" data-end=\"6049\"><strong data-start=\"5953\" data-end=\"5976\">Isolamento Superior<\/strong>: Mant\u00e9m o caf\u00e9 quente por at\u00e9 12 horas e bebidas frias por at\u00e9 24 horas.<\/p>\n<\/li>\n<li class=\"\" data-start=\"6050\" data-end=\"6167\">\n<p class=\"\" data-start=\"6052\" data-end=\"6167\"><strong data-start=\"6052\" data-end=\"6083\">Materiais de Alta Qualidade<\/strong>: Fabricada em a\u00e7o inoxid\u00e1vel dur\u00e1vel e livre de BPA, garantindo longa durabilidade.<\/p>\n<\/li>\n<li class=\"\" data-start=\"6168\" data-end=\"6285\">\n<p class=\"\" data-start=\"6170\" data-end=\"6285\"><strong data-start=\"6170\" data-end=\"6198\">Ecol\u00f3gica e Reutiliz\u00e1vel<\/strong>: Uma alternativa sustent\u00e1vel aos copos descart\u00e1veis, ajudando a reduzir o desperd\u00edcio.<\/p>\n<\/li>\n<li class=\"\" data-start=\"6286\" data-end=\"6384\">\n<p class=\"\" data-start=\"6288\" data-end=\"6384\"><strong data-start=\"6288\" data-end=\"6311\">Vers\u00e1til e Port\u00e1til<\/strong>: Ideal para o trabalho, viagens, aventuras ao ar livre ou como presente.<\/p>\n<\/li>\n<\/ul>\n<p class=\"\" data-start=\"6386\" data-end=\"6577\">A Garrafa T\u00e9rmica de Caf\u00e9 Personalizada combina praticidade, estilo e identidade de marca, sendo uma excelente op\u00e7\u00e3o para eventos corporativos, campanhas promocionais e brindes para clientes.<\/p>\n<p><!--more--><br \/>\n<img loading=\"lazy\" decoding=\"async\" class=\"wp-image-2111 size-full aligncenter\" src=\"https:\/\/www.cupssupplier.com\/wp-content\/uploads\/2025\/01\/2-33.webp\" alt=\"custom coffee thermos\" width=\"1000\" height=\"3841\" srcset=\"https:\/\/www.cupssupplier.com\/wp-content\/uploads\/2025\/01\/2-33.webp 1000w, https:\/\/www.cupssupplier.com\/wp-content\/uploads\/2025\/01\/2-33-78x300.webp 78w, https:\/\/www.cupssupplier.com\/wp-content\/uploads\/2025\/01\/2-33-768x2950.webp 768w, https:\/\/www.cupssupplier.com\/wp-content\/uploads\/2025\/01\/2-33-400x1536.webp 400w, https:\/\/www.cupssupplier.com\/wp-content\/uploads\/2025\/01\/2-33-533x2048.webp 533w, https:\/\/www.cupssupplier.com\/wp-content\/uploads\/2025\/01\/2-33-300x1152.webp 300w, https:\/\/www.cupssupplier.com\/wp-content\/uploads\/2025\/01\/2-33-600x2305.webp 600w\" sizes=\"auto, (max-width: 1000px) 100vw, 1000px\" title=\"\"><img loading=\"lazy\" decoding=\"async\" class=\"wp-image-2112 size-full aligncenter\" src=\"https:\/\/www.cupssupplier.com\/wp-content\/uploads\/2025\/01\/3-32.webp\" alt=\"custom coffee thermos\" width=\"1000\" height=\"4244\" srcset=\"https:\/\/www.cupssupplier.com\/wp-content\/uploads\/2025\/01\/3-32.webp 1000w, https:\/\/www.cupssupplier.com\/wp-content\/uploads\/2025\/01\/3-32-71x300.webp 71w, https:\/\/www.cupssupplier.com\/wp-content\/uploads\/2025\/01\/3-32-241x1024.webp 241w, https:\/\/www.cupssupplier.com\/wp-content\/uploads\/2025\/01\/3-32-768x3259.webp 768w, https:\/\/www.cupssupplier.com\/wp-content\/uploads\/2025\/01\/3-32-362x1536.webp 362w, https:\/\/www.cupssupplier.com\/wp-content\/uploads\/2025\/01\/3-32-300x1273.webp 300w, https:\/\/www.cupssupplier.com\/wp-content\/uploads\/2025\/01\/3-32-600x2546.webp 600w\" sizes=\"auto, (max-width: 1000px) 100vw, 1000px\" title=\"\"><br \/>\n<img loading=\"lazy\" decoding=\"async\" class=\"aligncenter wp-image-2110 size-full\" src=\"https:\/\/www.cupssupplier.com\/wp-content\/uploads\/2025\/01\/4-29-e1736412706328.webp\" alt=\"custom coffee thermos\" width=\"1000\" height=\"3140\" srcset=\"https:\/\/www.cupssupplier.com\/wp-content\/uploads\/2025\/01\/4-29-e1736412706328.webp 1000w, https:\/\/www.cupssupplier.com\/wp-content\/uploads\/2025\/01\/4-29-e1736412706328-96x300.webp 96w, https:\/\/www.cupssupplier.com\/wp-content\/uploads\/2025\/01\/4-29-e1736412706328-326x1024.webp 326w, https:\/\/www.cupssupplier.com\/wp-content\/uploads\/2025\/01\/4-29-e1736412706328-768x2412.webp 768w, https:\/\/www.cupssupplier.com\/wp-content\/uploads\/2025\/01\/4-29-e1736412706328-489x1536.webp 489w, https:\/\/www.cupssupplier.com\/wp-content\/uploads\/2025\/01\/4-29-e1736412706328-652x2048.webp 652w, https:\/\/www.cupssupplier.com\/wp-content\/uploads\/2025\/01\/4-29-e1736412706328-300x942.webp 300w, https:\/\/www.cupssupplier.com\/wp-content\/uploads\/2025\/01\/4-29-e1736412706328-600x1884.webp 600w\" sizes=\"auto, (max-width: 1000px) 100vw, 1000px\" title=\"\"><\/p>\n","protected":false},"excerpt":{"rendered":"<p class=\"\" data-start=\"6579\" data-end=\"6895\">Mantenha suas bebidas na temperatura perfeita com nossa Garrafa T\u00e9rmica de Caf\u00e9 Personalizada. Estilosa e resistente, pode ser personalizada com seu logotipo \u2013 ideal para brindes corporativos, promo\u00e7\u00f5es ou uso di\u00e1rio. Projetada com excelente isolamento e foco ecol\u00f3gico, \u00e9 perfeita para amantes de caf\u00e9 em movimento.<\/p>\n<p class=\"\" data-start=\"6897\" data-end=\"6963\">\n","protected":false},"featured_media":9260,"template":"","meta":{"om_disable_all_campaigns":false},"product_brand":[],"product_cat":[311],"product_tag":[],"class_list":{"0":"post-20357","1":"product","2":"type-product","3":"status-publish","4":"has-post-thumbnail","6":"product_cat-copo","8":"first","9":"instock","10":"shipping-taxable","11":"product-type-simple"},"_links":{"self":[{"href":"https:\/\/www.cupssupplier.com\/pt-pt\/wp-json\/wp\/v2\/product\/20357","targetHints":{"allow":["GET"]}}],"collection":[{"href":"https:\/\/www.cupssupplier.com\/pt-pt\/wp-json\/wp\/v2\/product"}],"about":[{"href":"https:\/\/www.cupssupplier.com\/pt-pt\/wp-json\/wp\/v2\/types\/product"}],"wp:featuredmedia":[{"embeddable":true,"href":"https:\/\/www.cupssupplier.com\/pt-pt\/wp-json\/wp\/v2\/media\/9260"}],"wp:attachment":[{"href":"https:\/\/www.cupssupplier.com\/pt-pt\/wp-json\/wp\/v2\/media?parent=20357"}],"wp:term":[{"taxonomy":"product_brand","embeddable":true,"href":"https:\/\/www.cupssupplier.com\/pt-pt\/wp-json\/wp\/v2\/product_brand?post=20357"},{"taxonomy":"product_cat","embeddable":true,"href":"https:\/\/www.cupssupplier.com\/pt-pt\/wp-json\/wp\/v2\/product_cat?post=20357"},{"taxonomy":"product_tag","embeddable":true,"href":"https:\/\/www.cupssupplier.com\/pt-pt\/wp-json\/wp\/v2\/product_tag?post=20357"}],"curies":[{"name":"wp","href":"https:\/\/api.w.org\/{rel}","templated":true}]}}