{"id":20331,"date":"2025-01-10T02:30:55","date_gmt":"2025-01-10T07:30:55","guid":{"rendered":"https:\/\/www.cupssupplier.com\/product\/personalised-childrens-bottles\/"},"modified":"2025-05-17T02:02:57","modified_gmt":"2025-05-17T06:02:57","slug":"personalised-childrens-bottles","status":"publish","type":"product","link":"https:\/\/www.cupssupplier.com\/pt-pt\/personalised-childrens-bottles\/","title":{"rendered":"Garrafas Personalizadas para Crian\u00e7as"},"content":{"rendered":"<p class=\"\" data-start=\"5306\" data-end=\"5374\"><strong data-start=\"5306\" data-end=\"5374\">Garrafas Personalizadas para Crian\u00e7as \u2013 Resistentes e Divertidas<\/strong><\/p>\n<p class=\"\" data-start=\"5376\" data-end=\"5587\">As garrafas personalizadas para crian\u00e7as s\u00e3o ideais para incentivar os pequenos a se manterem hidratados. Desenvolvidas para oferecer durabilidade e praticidade, s\u00e3o perfeitas para a escola, esportes e passeios.<\/p>\n<p class=\"\" data-start=\"5589\" data-end=\"6144\"><strong data-start=\"5589\" data-end=\"5616\">Designs Personaliz\u00e1veis<\/strong>: Adicione nomes, desenhos ou personagens para um toque \u00fanico.<br data-start=\"5678\" data-end=\"5681\" \/><strong data-start=\"5681\" data-end=\"5713\">Materiais Seguros e Dur\u00e1veis<\/strong>: Produzidas com materiais alimentares livres de BPA para uso di\u00e1rio seguro.<br data-start=\"5789\" data-end=\"5792\" \/><strong data-start=\"5792\" data-end=\"5840\">\u00c0 Prova de Vazamentos &amp; F\u00e1ceis para Crian\u00e7as<\/strong>: Tampas simples de usar que evitam vazamentos \u2013 perfeitas para crian\u00e7as ativas.<br data-start=\"5920\" data-end=\"5923\" \/><strong data-start=\"5923\" data-end=\"5944\">Leves &amp; Port\u00e1teis<\/strong>: F\u00e1ceis de transportar em mochilas escolares, bolsas esportivas ou sacos de passeio.<br data-start=\"6029\" data-end=\"6032\" \/><strong data-start=\"6032\" data-end=\"6055\">Solu\u00e7\u00e3o Sustent\u00e1vel<\/strong>: Uma alternativa reutiliz\u00e1vel que ajuda a reduzir o desperd\u00edcio e apoia o meio ambiente.<\/p>\n<p class=\"\" data-start=\"6146\" data-end=\"6346\">As garrafas personalizadas para crian\u00e7as s\u00e3o excelentes presentes, itens escolares pr\u00e1ticos ou acess\u00f3rios para equipes esportivas. Combinam funcionalidade com divers\u00e3o e estilo que as crian\u00e7as adoram.<\/p>\n<p>&nbsp;<\/p>\n<p><img loading=\"lazy\" decoding=\"async\" class=\"wp-image-2142 size-full aligncenter\" src=\"https:\/\/www.cupssupplier.com\/wp-content\/uploads\/2025\/01\/2-37.webp\" alt=\"personalised childrens bottles\" width=\"750\" height=\"4141\" srcset=\"https:\/\/www.cupssupplier.com\/wp-content\/uploads\/2025\/01\/2-37.webp 750w, https:\/\/www.cupssupplier.com\/wp-content\/uploads\/2025\/01\/2-37-278x1536.webp 278w, https:\/\/www.cupssupplier.com\/wp-content\/uploads\/2025\/01\/2-37-371x2048.webp 371w, https:\/\/www.cupssupplier.com\/wp-content\/uploads\/2025\/01\/2-37-300x1656.webp 300w, https:\/\/www.cupssupplier.com\/wp-content\/uploads\/2025\/01\/2-37-600x3313.webp 600w\" sizes=\"auto, (max-width: 750px) 100vw, 750px\" title=\"\"><\/p>\n<p><img loading=\"lazy\" decoding=\"async\" class=\"wp-image-2143 size-full aligncenter\" src=\"https:\/\/www.cupssupplier.com\/wp-content\/uploads\/2025\/01\/3-36.webp\" alt=\"personalised childrens bottles\" width=\"750\" height=\"2904\" srcset=\"https:\/\/www.cupssupplier.com\/wp-content\/uploads\/2025\/01\/3-36.webp 750w, https:\/\/www.cupssupplier.com\/wp-content\/uploads\/2025\/01\/3-36-397x1536.webp 397w, https:\/\/www.cupssupplier.com\/wp-content\/uploads\/2025\/01\/3-36-529x2048.webp 529w, https:\/\/www.cupssupplier.com\/wp-content\/uploads\/2025\/01\/3-36-300x1162.webp 300w, https:\/\/www.cupssupplier.com\/wp-content\/uploads\/2025\/01\/3-36-600x2323.webp 600w\" sizes=\"auto, (max-width: 750px) 100vw, 750px\" title=\"\"><\/p>\n<p><img loading=\"lazy\" decoding=\"async\" class=\"wp-image-2144 size-full aligncenter\" src=\"https:\/\/www.cupssupplier.com\/wp-content\/uploads\/2025\/01\/4-32-e1736494184514.webp\" alt=\"personalised childrens bottles\" width=\"748\" height=\"3570\" srcset=\"https:\/\/www.cupssupplier.com\/wp-content\/uploads\/2025\/01\/4-32-e1736494184514.webp 748w, https:\/\/www.cupssupplier.com\/wp-content\/uploads\/2025\/01\/4-32-e1736494184514-63x300.webp 63w, https:\/\/www.cupssupplier.com\/wp-content\/uploads\/2025\/01\/4-32-e1736494184514-322x1536.webp 322w, https:\/\/www.cupssupplier.com\/wp-content\/uploads\/2025\/01\/4-32-e1736494184514-429x2048.webp 429w, https:\/\/www.cupssupplier.com\/wp-content\/uploads\/2025\/01\/4-32-e1736494184514-300x1432.webp 300w, https:\/\/www.cupssupplier.com\/wp-content\/uploads\/2025\/01\/4-32-e1736494184514-600x2864.webp 600w\" sizes=\"auto, (max-width: 748px) 100vw, 748px\" title=\"\"><\/p>\n","protected":false},"excerpt":{"rendered":"<p><strong data-start=\"2426\" data-end=\"2512\">Torne a hidrata\u00e7\u00e3o divertida e \u00fanica com as garrafas personalizadas para crian\u00e7as.<\/strong><br data-start=\"2512\" data-end=\"2515\" \/>Estas garrafas personaliz\u00e1veis e adequadas para crian\u00e7as s\u00e3o feitas para o uso di\u00e1rio, com materiais dur\u00e1veis e livres de BPA, oferecendo op\u00e7\u00f5es criativas de personaliza\u00e7\u00e3o. Perfeitas para a escola, esportes ou passeios em fam\u00edlia, incentivam as crian\u00e7as a se manterem hidratadas com estilo.<\/p>\n","protected":false},"featured_media":9414,"template":"","meta":{"om_disable_all_campaigns":false},"product_brand":[],"product_cat":[309],"product_tag":[],"class_list":{"0":"post-20331","1":"product","2":"type-product","3":"status-publish","4":"has-post-thumbnail","6":"product_cat-garrafa-de-agua-infantil","8":"first","9":"instock","10":"shipping-taxable","11":"product-type-simple"},"_links":{"self":[{"href":"https:\/\/www.cupssupplier.com\/pt-pt\/wp-json\/wp\/v2\/product\/20331","targetHints":{"allow":["GET"]}}],"collection":[{"href":"https:\/\/www.cupssupplier.com\/pt-pt\/wp-json\/wp\/v2\/product"}],"about":[{"href":"https:\/\/www.cupssupplier.com\/pt-pt\/wp-json\/wp\/v2\/types\/product"}],"wp:featuredmedia":[{"embeddable":true,"href":"https:\/\/www.cupssupplier.com\/pt-pt\/wp-json\/wp\/v2\/media\/9414"}],"wp:attachment":[{"href":"https:\/\/www.cupssupplier.com\/pt-pt\/wp-json\/wp\/v2\/media?parent=20331"}],"wp:term":[{"taxonomy":"product_brand","embeddable":true,"href":"https:\/\/www.cupssupplier.com\/pt-pt\/wp-json\/wp\/v2\/product_brand?post=20331"},{"taxonomy":"product_cat","embeddable":true,"href":"https:\/\/www.cupssupplier.com\/pt-pt\/wp-json\/wp\/v2\/product_cat?post=20331"},{"taxonomy":"product_tag","embeddable":true,"href":"https:\/\/www.cupssupplier.com\/pt-pt\/wp-json\/wp\/v2\/product_tag?post=20331"}],"curies":[{"name":"wp","href":"https:\/\/api.w.org\/{rel}","templated":true}]}}