{"id":20316,"date":"2025-01-10T02:57:00","date_gmt":"2025-01-10T07:57:00","guid":{"rendered":"https:\/\/www.cupssupplier.com\/product\/wholesale-kids-water-bottles\/"},"modified":"2025-05-17T01:25:47","modified_gmt":"2025-05-17T05:25:47","slug":"wholesale-kids-water-bottles","status":"publish","type":"product","link":"https:\/\/www.cupssupplier.com\/pt-pt\/wholesale-kids-water-bottles\/","title":{"rendered":"Garrafas de \u00c1gua Infantis por Atacado"},"content":{"rendered":"<p class=\"\" data-start=\"5241\" data-end=\"5317\"><strong data-start=\"5241\" data-end=\"5317\">Garrafas de \u00c1gua Infantis por Atacado \u2013 Sem BPA &amp; em Grandes Quantidades<\/strong><\/p>\n<p class=\"\" data-start=\"5319\" data-end=\"5519\">As garrafas de \u00e1gua infantis por atacado oferecem a combina\u00e7\u00e3o ideal de qualidade, acessibilidade e praticidade. Desenvolvidas para escolas, equipes esportivas e varejistas, elas aliam valor e estilo:<\/p>\n<ul data-start=\"5521\" data-end=\"6074\">\n<li class=\"\" data-start=\"5521\" data-end=\"5638\">\n<p class=\"\" data-start=\"5523\" data-end=\"5638\"><strong data-start=\"5523\" data-end=\"5555\">Materiais Seguros e Dur\u00e1veis<\/strong>: Fabricadas com materiais alimentares livres de BPA para uso seguro e duradouro.<\/p>\n<\/li>\n<li class=\"\" data-start=\"5639\" data-end=\"5748\">\n<p class=\"\" data-start=\"5641\" data-end=\"5748\"><strong data-start=\"5641\" data-end=\"5677\">Recursos Amig\u00e1veis para Crian\u00e7as<\/strong>: Leves e \u00e0 prova de vazamentos, com tampas e canudos f\u00e1ceis de usar.<\/p>\n<\/li>\n<li class=\"\" data-start=\"5749\" data-end=\"5843\">\n<p class=\"\" data-start=\"5751\" data-end=\"5843\"><strong data-start=\"5751\" data-end=\"5777\">Op\u00e7\u00f5es Personaliz\u00e1veis<\/strong>: Adicione logotipos ou designs para branding ou personaliza\u00e7\u00e3o.<\/p>\n<\/li>\n<li class=\"\" data-start=\"5844\" data-end=\"5972\">\n<p class=\"\" data-start=\"5846\" data-end=\"5972\"><strong data-start=\"5846\" data-end=\"5869\">Solu\u00e7\u00e3o Sustent\u00e1vel<\/strong>: Incentiva o uso de garrafas reutiliz\u00e1veis para reduzir o desperd\u00edcio e promover a sustentabilidade.<\/p>\n<\/li>\n<li class=\"\" data-start=\"5973\" data-end=\"6074\">\n<p class=\"\" data-start=\"5975\" data-end=\"6074\"><strong data-start=\"5975\" data-end=\"6004\">Cores e Designs Vibrantes<\/strong>: Op\u00e7\u00f5es atrativas que tornam a hidrata\u00e7\u00e3o divertida para as crian\u00e7as.<\/p>\n<\/li>\n<\/ul>\n<p class=\"\" data-start=\"6076\" data-end=\"6230\">Ideais para pedidos em grande quantidade, as garrafas infantis por atacado s\u00e3o a melhor escolha para organiza\u00e7\u00f5es que buscam qualidade e sustentabilidade.<\/p>\n<p><img loading=\"lazy\" decoding=\"async\" class=\"wp-image-2154 size-full aligncenter\" src=\"https:\/\/www.cupssupplier.com\/wp-content\/uploads\/2025\/01\/1-30.webp\" alt=\"wholesale kids water bottles\" width=\"900\" height=\"3095\" srcset=\"https:\/\/www.cupssupplier.com\/wp-content\/uploads\/2025\/01\/1-30.webp 900w, https:\/\/www.cupssupplier.com\/wp-content\/uploads\/2025\/01\/1-30-87x300.webp 87w, https:\/\/www.cupssupplier.com\/wp-content\/uploads\/2025\/01\/1-30-298x1024.webp 298w, https:\/\/www.cupssupplier.com\/wp-content\/uploads\/2025\/01\/1-30-768x2641.webp 768w, https:\/\/www.cupssupplier.com\/wp-content\/uploads\/2025\/01\/1-30-447x1536.webp 447w, https:\/\/www.cupssupplier.com\/wp-content\/uploads\/2025\/01\/1-30-300x1032.webp 300w, https:\/\/www.cupssupplier.com\/wp-content\/uploads\/2025\/01\/1-30-600x2063.webp 600w\" sizes=\"auto, (max-width: 900px) 100vw, 900px\" title=\"\"><img loading=\"lazy\" decoding=\"async\" class=\"wp-image-2155 size-full aligncenter\" src=\"https:\/\/www.cupssupplier.com\/wp-content\/uploads\/2025\/01\/2-39.webp\" alt=\"wholesale kids water bottles\" width=\"900\" height=\"3337\" srcset=\"https:\/\/www.cupssupplier.com\/wp-content\/uploads\/2025\/01\/2-39.webp 900w, https:\/\/www.cupssupplier.com\/wp-content\/uploads\/2025\/01\/2-39-81x300.webp 81w, https:\/\/www.cupssupplier.com\/wp-content\/uploads\/2025\/01\/2-39-276x1024.webp 276w, https:\/\/www.cupssupplier.com\/wp-content\/uploads\/2025\/01\/2-39-768x2848.webp 768w, https:\/\/www.cupssupplier.com\/wp-content\/uploads\/2025\/01\/2-39-414x1536.webp 414w, https:\/\/www.cupssupplier.com\/wp-content\/uploads\/2025\/01\/2-39-552x2048.webp 552w, https:\/\/www.cupssupplier.com\/wp-content\/uploads\/2025\/01\/2-39-300x1112.webp 300w, https:\/\/www.cupssupplier.com\/wp-content\/uploads\/2025\/01\/2-39-600x2225.webp 600w\" sizes=\"auto, (max-width: 900px) 100vw, 900px\" title=\"\"><img loading=\"lazy\" decoding=\"async\" class=\"wp-image-2156 size-full aligncenter\" src=\"https:\/\/www.cupssupplier.com\/wp-content\/uploads\/2025\/01\/3-38.webp\" alt=\"wholesale kids water bottles\" width=\"900\" height=\"1714\" srcset=\"https:\/\/www.cupssupplier.com\/wp-content\/uploads\/2025\/01\/3-38.webp 900w, https:\/\/www.cupssupplier.com\/wp-content\/uploads\/2025\/01\/3-38-158x300.webp 158w, https:\/\/www.cupssupplier.com\/wp-content\/uploads\/2025\/01\/3-38-538x1024.webp 538w, https:\/\/www.cupssupplier.com\/wp-content\/uploads\/2025\/01\/3-38-768x1463.webp 768w, https:\/\/www.cupssupplier.com\/wp-content\/uploads\/2025\/01\/3-38-807x1536.webp 807w, https:\/\/www.cupssupplier.com\/wp-content\/uploads\/2025\/01\/3-38-300x571.webp 300w, https:\/\/www.cupssupplier.com\/wp-content\/uploads\/2025\/01\/3-38-600x1143.webp 600w\" sizes=\"auto, (max-width: 900px) 100vw, 900px\" title=\"\"><img loading=\"lazy\" decoding=\"async\" class=\"wp-image-2157 size-full aligncenter\" src=\"https:\/\/www.cupssupplier.com\/wp-content\/uploads\/2025\/01\/4-34-e1736495338889.webp\" alt=\"wholesale kids water bottles\" width=\"900\" height=\"3185\" srcset=\"https:\/\/www.cupssupplier.com\/wp-content\/uploads\/2025\/01\/4-34-e1736495338889.webp 900w, https:\/\/www.cupssupplier.com\/wp-content\/uploads\/2025\/01\/4-34-e1736495338889-85x300.webp 85w, https:\/\/www.cupssupplier.com\/wp-content\/uploads\/2025\/01\/4-34-e1736495338889-289x1024.webp 289w, https:\/\/www.cupssupplier.com\/wp-content\/uploads\/2025\/01\/4-34-e1736495338889-768x2718.webp 768w, https:\/\/www.cupssupplier.com\/wp-content\/uploads\/2025\/01\/4-34-e1736495338889-434x1536.webp 434w, https:\/\/www.cupssupplier.com\/wp-content\/uploads\/2025\/01\/4-34-e1736495338889-579x2048.webp 579w, https:\/\/www.cupssupplier.com\/wp-content\/uploads\/2025\/01\/4-34-e1736495338889-300x1062.webp 300w, https:\/\/www.cupssupplier.com\/wp-content\/uploads\/2025\/01\/4-34-e1736495338889-600x2123.webp 600w\" sizes=\"auto, (max-width: 900px) 100vw, 900px\" title=\"\"><\/p>\n","protected":false},"excerpt":{"rendered":"<p class=\"\" data-start=\"6232\" data-end=\"6436\">Estoque garrafas infantis dur\u00e1veis e pr\u00e1ticas, perfeitas para escolas, equipes ou varejistas. Reutiliz\u00e1veis, sem BPA e personaliz\u00e1veis, com designs vibrantes que tornam a hidrata\u00e7\u00e3o divertida e ecol\u00f3gica.<\/p>\n<p class=\"\" data-start=\"6438\" data-end=\"6578\">\n","protected":false},"featured_media":9477,"template":"","meta":{"om_disable_all_campaigns":false},"product_brand":[],"product_cat":[309],"product_tag":[],"class_list":{"0":"post-20316","1":"product","2":"type-product","3":"status-publish","4":"has-post-thumbnail","6":"product_cat-garrafa-de-agua-infantil","8":"first","9":"instock","10":"shipping-taxable","11":"product-type-simple"},"_links":{"self":[{"href":"https:\/\/www.cupssupplier.com\/pt-pt\/wp-json\/wp\/v2\/product\/20316","targetHints":{"allow":["GET"]}}],"collection":[{"href":"https:\/\/www.cupssupplier.com\/pt-pt\/wp-json\/wp\/v2\/product"}],"about":[{"href":"https:\/\/www.cupssupplier.com\/pt-pt\/wp-json\/wp\/v2\/types\/product"}],"wp:featuredmedia":[{"embeddable":true,"href":"https:\/\/www.cupssupplier.com\/pt-pt\/wp-json\/wp\/v2\/media\/9477"}],"wp:attachment":[{"href":"https:\/\/www.cupssupplier.com\/pt-pt\/wp-json\/wp\/v2\/media?parent=20316"}],"wp:term":[{"taxonomy":"product_brand","embeddable":true,"href":"https:\/\/www.cupssupplier.com\/pt-pt\/wp-json\/wp\/v2\/product_brand?post=20316"},{"taxonomy":"product_cat","embeddable":true,"href":"https:\/\/www.cupssupplier.com\/pt-pt\/wp-json\/wp\/v2\/product_cat?post=20316"},{"taxonomy":"product_tag","embeddable":true,"href":"https:\/\/www.cupssupplier.com\/pt-pt\/wp-json\/wp\/v2\/product_tag?post=20316"}],"curies":[{"name":"wp","href":"https:\/\/api.w.org\/{rel}","templated":true}]}}