{"id":20249,"date":"2025-01-11T03:49:16","date_gmt":"2025-01-11T08:49:16","guid":{"rendered":"https:\/\/www.cupssupplier.com\/product\/double-wall-stainless-steel-water-bottle\/"},"modified":"2025-05-15T11:04:16","modified_gmt":"2025-05-15T15:04:16","slug":"double-wall-stainless-steel-water-bottle","status":"publish","type":"product","link":"https:\/\/www.cupssupplier.com\/pt-pt\/double-wall-stainless-steel-water-bottle\/","title":{"rendered":"Garrafa T\u00e9rmica de A\u00e7o Inoxid\u00e1vel com Parede Dupla"},"content":{"rendered":"<p class=\"\" data-start=\"4161\" data-end=\"4249\"><strong data-start=\"4161\" data-end=\"4249\">Garrafa T\u00e9rmica de A\u00e7o Inoxid\u00e1vel com Parede Dupla \u2013 Isolada e \u00e0 Prova de Vazamentos<\/strong><\/p>\n<p class=\"\" data-start=\"4251\" data-end=\"4453\">A Garrafa T\u00e9rmica de A\u00e7o Inoxid\u00e1vel com Parede Dupla foi criada para oferecer reten\u00e7\u00e3o de temperatura prolongada e resist\u00eancia incompar\u00e1vel \u2013 o seu companheiro ideal de hidrata\u00e7\u00e3o para qualquer ocasi\u00e3o:<\/p>\n<ul data-start=\"4455\" data-end=\"5021\">\n<li class=\"\" data-start=\"4455\" data-end=\"4556\">\n<p class=\"\" data-start=\"4457\" data-end=\"4556\"><strong data-start=\"4457\" data-end=\"4487\">Isolamento de parede dupla<\/strong>: Mant\u00e9m bebidas frias por at\u00e9 24 horas e quentes por at\u00e9 12 horas.<\/p>\n<\/li>\n<li class=\"\" data-start=\"4557\" data-end=\"4683\">\n<p class=\"\" data-start=\"4559\" data-end=\"4683\"><strong data-start=\"4559\" data-end=\"4595\">A\u00e7o inoxid\u00e1vel de alta qualidade<\/strong>: Produzida com a\u00e7o inoxid\u00e1vel alimentar, livre de BPA, para seguran\u00e7a e durabilidade.<\/p>\n<\/li>\n<li class=\"\" data-start=\"4684\" data-end=\"4807\">\n<p class=\"\" data-start=\"4686\" data-end=\"4807\"><strong data-start=\"4686\" data-end=\"4734\">Veda\u00e7\u00e3o contra vazamentos e sem suor externo<\/strong>: Tampa segura contra vazamentos e corpo isolado que evita condensa\u00e7\u00e3o.<\/p>\n<\/li>\n<li class=\"\" data-start=\"4808\" data-end=\"4905\">\n<p class=\"\" data-start=\"4810\" data-end=\"4905\"><strong data-start=\"4810\" data-end=\"4838\">Ecol\u00f3gica e reutiliz\u00e1vel<\/strong>: Uma alternativa sustent\u00e1vel \u00e0s garrafas pl\u00e1sticas descart\u00e1veis.<\/p>\n<\/li>\n<li class=\"\" data-start=\"4906\" data-end=\"5021\">\n<p class=\"\" data-start=\"4908\" data-end=\"5021\"><strong data-start=\"4908\" data-end=\"4937\">Design moderno e vers\u00e1til<\/strong>: Dispon\u00edvel em v\u00e1rias cores e tamanhos para se adaptar ao seu estilo e necessidade.<\/p>\n<\/li>\n<\/ul>\n<p class=\"\" data-start=\"5023\" data-end=\"5133\">Perfeita para o trabalho, academia ou aventuras ao ar livre \u2013 mantenha sua bebida fresca ou quente o dia todo.<\/p>\n<p class=\"\" data-start=\"5135\" data-end=\"5240\"><strong data-start=\"5135\" data-end=\"5240\">Adquira j\u00e1 a sua garrafa de parede dupla! Isolada, dur\u00e1vel e ecol\u00f3gica \u2013 ideal para qualquer ocasi\u00e3o.<\/strong><\/p>\n<p><img loading=\"lazy\" decoding=\"async\" class=\"wp-image-2243 size-full aligncenter\" src=\"https:\/\/www.cupssupplier.com\/wp-content\/uploads\/2025\/01\/1-39.webp\" alt=\"double wall stainless steel water bottle\" width=\"900\" height=\"1862\" srcset=\"https:\/\/www.cupssupplier.com\/wp-content\/uploads\/2025\/01\/1-39.webp 900w, https:\/\/www.cupssupplier.com\/wp-content\/uploads\/2025\/01\/1-39-145x300.webp 145w, https:\/\/www.cupssupplier.com\/wp-content\/uploads\/2025\/01\/1-39-495x1024.webp 495w, https:\/\/www.cupssupplier.com\/wp-content\/uploads\/2025\/01\/1-39-768x1589.webp 768w, https:\/\/www.cupssupplier.com\/wp-content\/uploads\/2025\/01\/1-39-742x1536.webp 742w, https:\/\/www.cupssupplier.com\/wp-content\/uploads\/2025\/01\/1-39-300x621.webp 300w, https:\/\/www.cupssupplier.com\/wp-content\/uploads\/2025\/01\/1-39-600x1241.webp 600w\" sizes=\"auto, (max-width: 900px) 100vw, 900px\" title=\"\"><img loading=\"lazy\" decoding=\"async\" class=\"aligncenter wp-image-2244 size-full\" src=\"https:\/\/www.cupssupplier.com\/wp-content\/uploads\/2025\/01\/2-52-e1736585500204.webp\" alt=\"double wall stainless steel water bottle\" width=\"900\" height=\"1340\" srcset=\"https:\/\/www.cupssupplier.com\/wp-content\/uploads\/2025\/01\/2-52-e1736585500204.webp 900w, https:\/\/www.cupssupplier.com\/wp-content\/uploads\/2025\/01\/2-52-e1736585500204-201x300.webp 201w, https:\/\/www.cupssupplier.com\/wp-content\/uploads\/2025\/01\/2-52-e1736585500204-688x1024.webp 688w, https:\/\/www.cupssupplier.com\/wp-content\/uploads\/2025\/01\/2-52-e1736585500204-768x1143.webp 768w, https:\/\/www.cupssupplier.com\/wp-content\/uploads\/2025\/01\/2-52-e1736585500204-300x447.webp 300w, https:\/\/www.cupssupplier.com\/wp-content\/uploads\/2025\/01\/2-52-e1736585500204-600x893.webp 600w\" sizes=\"auto, (max-width: 900px) 100vw, 900px\" title=\"\"><img loading=\"lazy\" decoding=\"async\" class=\"wp-image-2239 size-full aligncenter\" src=\"https:\/\/www.cupssupplier.com\/wp-content\/uploads\/2025\/01\/3-50.webp\" alt=\"double wall stainless steel water bottle\" width=\"900\" height=\"920\" srcset=\"https:\/\/www.cupssupplier.com\/wp-content\/uploads\/2025\/01\/3-50.webp 900w, https:\/\/www.cupssupplier.com\/wp-content\/uploads\/2025\/01\/3-50-293x300.webp 293w, https:\/\/www.cupssupplier.com\/wp-content\/uploads\/2025\/01\/3-50-768x785.webp 768w, https:\/\/www.cupssupplier.com\/wp-content\/uploads\/2025\/01\/3-50-300x307.webp 300w, https:\/\/www.cupssupplier.com\/wp-content\/uploads\/2025\/01\/3-50-600x613.webp 600w\" sizes=\"auto, (max-width: 900px) 100vw, 900px\" title=\"\"><img loading=\"lazy\" decoding=\"async\" class=\"wp-image-2241 size-full aligncenter\" src=\"https:\/\/www.cupssupplier.com\/wp-content\/uploads\/2025\/01\/5-38.webp\" alt=\"double wall stainless steel water bottle\" width=\"900\" height=\"1280\" srcset=\"https:\/\/www.cupssupplier.com\/wp-content\/uploads\/2025\/01\/5-38.webp 900w, https:\/\/www.cupssupplier.com\/wp-content\/uploads\/2025\/01\/5-38-211x300.webp 211w, https:\/\/www.cupssupplier.com\/wp-content\/uploads\/2025\/01\/5-38-720x1024.webp 720w, https:\/\/www.cupssupplier.com\/wp-content\/uploads\/2025\/01\/5-38-768x1092.webp 768w, https:\/\/www.cupssupplier.com\/wp-content\/uploads\/2025\/01\/5-38-300x427.webp 300w, https:\/\/www.cupssupplier.com\/wp-content\/uploads\/2025\/01\/5-38-600x853.webp 600w\" sizes=\"auto, (max-width: 900px) 100vw, 900px\" title=\"\"><\/p>\n","protected":false},"excerpt":{"rendered":"<p class=\"\" data-start=\"2543\" data-end=\"2945\">A Garrafa T\u00e9rmica de A\u00e7o Inoxid\u00e1vel com Parede Dupla oferece isolamento superior, mantendo suas bebidas geladas por at\u00e9 24 horas e quentes por at\u00e9 12 horas. Fabricada com a\u00e7o inoxid\u00e1vel de alta qualidade, \u00e9 dur\u00e1vel, \u00e0 prova de vazamentos e perfeita para o trabalho, academia ou atividades ao ar livre. Mantenha-se hidratado e ajude a reduzir o uso de pl\u00e1stico com esta garrafa reutiliz\u00e1vel e ecol\u00f3gica.<\/p>\n<p class=\"\" data-start=\"2947\" data-end=\"3068\">\n","protected":false},"featured_media":10276,"template":"","meta":{"om_disable_all_campaigns":false},"product_brand":[],"product_cat":[310],"product_tag":[],"class_list":{"0":"post-20249","1":"product","2":"type-product","3":"status-publish","4":"has-post-thumbnail","6":"product_cat-garrafa-de-agua-em-aco-inoxidavel","8":"first","9":"instock","10":"shipping-taxable","11":"product-type-simple"},"_links":{"self":[{"href":"https:\/\/www.cupssupplier.com\/pt-pt\/wp-json\/wp\/v2\/product\/20249","targetHints":{"allow":["GET"]}}],"collection":[{"href":"https:\/\/www.cupssupplier.com\/pt-pt\/wp-json\/wp\/v2\/product"}],"about":[{"href":"https:\/\/www.cupssupplier.com\/pt-pt\/wp-json\/wp\/v2\/types\/product"}],"wp:featuredmedia":[{"embeddable":true,"href":"https:\/\/www.cupssupplier.com\/pt-pt\/wp-json\/wp\/v2\/media\/10276"}],"wp:attachment":[{"href":"https:\/\/www.cupssupplier.com\/pt-pt\/wp-json\/wp\/v2\/media?parent=20249"}],"wp:term":[{"taxonomy":"product_brand","embeddable":true,"href":"https:\/\/www.cupssupplier.com\/pt-pt\/wp-json\/wp\/v2\/product_brand?post=20249"},{"taxonomy":"product_cat","embeddable":true,"href":"https:\/\/www.cupssupplier.com\/pt-pt\/wp-json\/wp\/v2\/product_cat?post=20249"},{"taxonomy":"product_tag","embeddable":true,"href":"https:\/\/www.cupssupplier.com\/pt-pt\/wp-json\/wp\/v2\/product_tag?post=20249"}],"curies":[{"name":"wp","href":"https:\/\/api.w.org\/{rel}","templated":true}]}}