{"id":20221,"date":"2025-01-12T21:04:21","date_gmt":"2025-01-13T02:04:21","guid":{"rendered":"https:\/\/www.cupssupplier.com\/product\/customized-thermal-water-bottle\/"},"modified":"2025-05-15T01:00:43","modified_gmt":"2025-05-15T05:00:43","slug":"customized-thermal-water-bottle","status":"publish","type":"product","link":"https:\/\/www.cupssupplier.com\/pt-pt\/customized-thermal-water-bottle\/","title":{"rendered":"Garrafa T\u00e9rmica Personalizada"},"content":{"rendered":"<p class=\"\" data-start=\"5564\" data-end=\"5622\"><strong data-start=\"5564\" data-end=\"5622\">Garrafa T\u00e9rmica Personalizada\u00a0<\/strong><\/p>\n<p class=\"\" data-start=\"5624\" data-end=\"5763\">A Garrafa T\u00e9rmica Personalizada oferece funcionalidade, durabilidade e um toque exclusivo \u2013 perfeita para uso di\u00e1rio ou a\u00e7\u00f5es promocionais:<\/p>\n<ul data-start=\"5765\" data-end=\"6422\">\n<li class=\"\" data-start=\"5765\" data-end=\"5880\">\n<p class=\"\" data-start=\"5767\" data-end=\"5880\"><strong data-start=\"5767\" data-end=\"5793\">Isolamento Excepcional<\/strong>: Parede dupla que mant\u00e9m bebidas quentes por at\u00e9 12 horas ou frias por at\u00e9 24 horas.<\/p>\n<\/li>\n<li class=\"\" data-start=\"5881\" data-end=\"6001\">\n<p class=\"\" data-start=\"5883\" data-end=\"6001\"><strong data-start=\"5883\" data-end=\"5908\">Design Personaliz\u00e1vel<\/strong>: Adicione logotipos, nomes ou artes exclusivas para uma identidade pessoal ou corporativa.<\/p>\n<\/li>\n<li class=\"\" data-start=\"6002\" data-end=\"6100\">\n<p class=\"\" data-start=\"6004\" data-end=\"6100\"><strong data-start=\"6004\" data-end=\"6030\">A\u00e7o Inoxid\u00e1vel Dur\u00e1vel<\/strong>: Produzida em a\u00e7o inoxid\u00e1vel de qualidade alimentar e livre de BPA.<\/p>\n<\/li>\n<li class=\"\" data-start=\"6101\" data-end=\"6200\">\n<p class=\"\" data-start=\"6103\" data-end=\"6200\"><strong data-start=\"6103\" data-end=\"6131\">Ecol\u00f3gica e Reutiliz\u00e1vel<\/strong>: Solu\u00e7\u00e3o sustent\u00e1vel para reduzir o uso de pl\u00e1sticos descart\u00e1veis.<\/p>\n<\/li>\n<li class=\"\" data-start=\"6201\" data-end=\"6341\">\n<p class=\"\" data-start=\"6203\" data-end=\"6341\"><strong data-start=\"6203\" data-end=\"6249\">\u00c0 Prova de Vazamentos e Ideal para Viagens<\/strong>: Tampa segura e design ergon\u00f4mico \u2013 ideal para trabalho, escola ou aventuras ao ar livre.<\/p>\n<\/li>\n<li class=\"\" data-start=\"6342\" data-end=\"6422\">\n<p class=\"\" data-start=\"6344\" data-end=\"6422\"><strong data-start=\"6344\" data-end=\"6367\">Estilosa e Vers\u00e1til<\/strong>: Dispon\u00edvel em diversos tamanhos, cores e acabamentos.<\/p>\n<\/li>\n<\/ul>\n<p class=\"\" data-start=\"6424\" data-end=\"6587\">Ideal para empresas, institui\u00e7\u00f5es de ensino ou uso pessoal, esta garrafa combina praticidade, estilo e personaliza\u00e7\u00e3o para atender suas necessidades de hidrata\u00e7\u00e3o.<\/p>\n<p><img loading=\"lazy\" decoding=\"async\" class=\"wp-image-2281 size-full aligncenter\" src=\"https:\/\/www.cupssupplier.com\/wp-content\/uploads\/2025\/01\/1-44.webp\" alt=\"customized thermal water bottle\" width=\"790\" height=\"3479\" srcset=\"https:\/\/www.cupssupplier.com\/wp-content\/uploads\/2025\/01\/1-44.webp 790w, https:\/\/www.cupssupplier.com\/wp-content\/uploads\/2025\/01\/1-44-68x300.webp 68w, https:\/\/www.cupssupplier.com\/wp-content\/uploads\/2025\/01\/1-44-768x3382.webp 768w, https:\/\/www.cupssupplier.com\/wp-content\/uploads\/2025\/01\/1-44-349x1536.webp 349w, https:\/\/www.cupssupplier.com\/wp-content\/uploads\/2025\/01\/1-44-465x2048.webp 465w, https:\/\/www.cupssupplier.com\/wp-content\/uploads\/2025\/01\/1-44-300x1321.webp 300w, https:\/\/www.cupssupplier.com\/wp-content\/uploads\/2025\/01\/1-44-600x2642.webp 600w\" sizes=\"auto, (max-width: 790px) 100vw, 790px\" title=\"\"><\/p>\n<p><img loading=\"lazy\" decoding=\"async\" class=\"wp-image-2282 size-full aligncenter\" src=\"https:\/\/www.cupssupplier.com\/wp-content\/uploads\/2025\/01\/2-57.webp\" alt=\"customized thermal water bottle\" width=\"790\" height=\"4776\" srcset=\"https:\/\/www.cupssupplier.com\/wp-content\/uploads\/2025\/01\/2-57.webp 790w, https:\/\/www.cupssupplier.com\/wp-content\/uploads\/2025\/01\/2-57-768x4643.webp 768w, https:\/\/www.cupssupplier.com\/wp-content\/uploads\/2025\/01\/2-57-254x1536.webp 254w, https:\/\/www.cupssupplier.com\/wp-content\/uploads\/2025\/01\/2-57-339x2048.webp 339w, https:\/\/www.cupssupplier.com\/wp-content\/uploads\/2025\/01\/2-57-300x1814.webp 300w, https:\/\/www.cupssupplier.com\/wp-content\/uploads\/2025\/01\/2-57-600x3627.webp 600w\" sizes=\"auto, (max-width: 790px) 100vw, 790px\" title=\"\"><\/p>\n","protected":false},"excerpt":{"rendered":"<p class=\"\" data-start=\"6589\" data-end=\"6783\"><strong data-start=\"6589\" data-end=\"6650\">Eleve sua hidrata\u00e7\u00e3o com a Garrafa T\u00e9rmica Personalizada.<\/strong> Projetada para excelente isolamento e visual \u00fanico, mant\u00e9m bebidas na temperatura ideal por horas. Personalize com seu logo ou arte!<\/p>\n<p class=\"\" data-start=\"6785\" data-end=\"6947\">\n","protected":false},"featured_media":10708,"template":"","meta":{"om_disable_all_campaigns":false},"product_brand":[],"product_cat":[310],"product_tag":[],"class_list":{"0":"post-20221","1":"product","2":"type-product","3":"status-publish","4":"has-post-thumbnail","6":"product_cat-garrafa-de-agua-em-aco-inoxidavel","8":"first","9":"instock","10":"shipping-taxable","11":"product-type-simple"},"_links":{"self":[{"href":"https:\/\/www.cupssupplier.com\/pt-pt\/wp-json\/wp\/v2\/product\/20221","targetHints":{"allow":["GET"]}}],"collection":[{"href":"https:\/\/www.cupssupplier.com\/pt-pt\/wp-json\/wp\/v2\/product"}],"about":[{"href":"https:\/\/www.cupssupplier.com\/pt-pt\/wp-json\/wp\/v2\/types\/product"}],"wp:featuredmedia":[{"embeddable":true,"href":"https:\/\/www.cupssupplier.com\/pt-pt\/wp-json\/wp\/v2\/media\/10708"}],"wp:attachment":[{"href":"https:\/\/www.cupssupplier.com\/pt-pt\/wp-json\/wp\/v2\/media?parent=20221"}],"wp:term":[{"taxonomy":"product_brand","embeddable":true,"href":"https:\/\/www.cupssupplier.com\/pt-pt\/wp-json\/wp\/v2\/product_brand?post=20221"},{"taxonomy":"product_cat","embeddable":true,"href":"https:\/\/www.cupssupplier.com\/pt-pt\/wp-json\/wp\/v2\/product_cat?post=20221"},{"taxonomy":"product_tag","embeddable":true,"href":"https:\/\/www.cupssupplier.com\/pt-pt\/wp-json\/wp\/v2\/product_tag?post=20221"}],"curies":[{"name":"wp","href":"https:\/\/api.w.org\/{rel}","templated":true}]}}