{"id":20195,"date":"2025-01-13T22:25:35","date_gmt":"2025-01-14T03:25:35","guid":{"rendered":"https:\/\/www.cupssupplier.com\/product\/32-oz-stainless-steel-water-bottle\/"},"modified":"2025-05-15T00:01:18","modified_gmt":"2025-05-15T04:01:18","slug":"32-oz-stainless-steel-water-bottle","status":"publish","type":"product","link":"https:\/\/www.cupssupplier.com\/pt-pt\/32-oz-stainless-steel-water-bottle\/","title":{"rendered":"Garrafa T\u00e9rmica de A\u00e7o Inoxid\u00e1vel 32 oz"},"content":{"rendered":"<p class=\"\" data-start=\"4132\" data-end=\"4208\"><strong data-start=\"4132\" data-end=\"4208\">Garrafa T\u00e9rmica de A\u00e7o Inoxid\u00e1vel 32 oz \u2013 Isolada e \u00e0 Prova de Vazamento<\/strong><\/p>\n<p class=\"\" data-start=\"4210\" data-end=\"4367\">A garrafa de \u00e1gua de a\u00e7o inoxid\u00e1vel de 32 oz combina funcionalidade, durabilidade e estilo \u2013 a escolha perfeita para manter-se hidratado em qualquer ocasi\u00e3o:<\/p>\n<ul data-start=\"4369\" data-end=\"4947\">\n<li class=\"\" data-start=\"4369\" data-end=\"4476\">\n<p class=\"\" data-start=\"4371\" data-end=\"4476\"><strong data-start=\"4371\" data-end=\"4403\">Capacidade generosa de 32 oz<\/strong>: Ideal para manter-se hidratado o dia inteiro sem recargas frequentes.<\/p>\n<\/li>\n<li class=\"\" data-start=\"4477\" data-end=\"4580\">\n<p class=\"\" data-start=\"4479\" data-end=\"4580\"><strong data-start=\"4479\" data-end=\"4510\">Isolamento com parede dupla<\/strong>: Mant\u00e9m bebidas frias por at\u00e9 24 horas ou quentes por at\u00e9 12 horas.<\/p>\n<\/li>\n<li class=\"\" data-start=\"4581\" data-end=\"4672\">\n<p class=\"\" data-start=\"4583\" data-end=\"4672\"><strong data-start=\"4583\" data-end=\"4609\">A\u00e7o inoxid\u00e1vel premium<\/strong>: Livre de BPA e seguro para alimentos \u2013 dur\u00e1vel e confi\u00e1vel.<\/p>\n<\/li>\n<li class=\"\" data-start=\"4673\" data-end=\"4771\">\n<p class=\"\" data-start=\"4675\" data-end=\"4771\"><strong data-start=\"4675\" data-end=\"4705\">Tampa \u00e0 prova de vazamento<\/strong>: Evita derramamentos, ideal para viagens, academias e mochilas.<\/p>\n<\/li>\n<li class=\"\" data-start=\"4772\" data-end=\"4855\">\n<p class=\"\" data-start=\"4774\" data-end=\"4855\"><strong data-start=\"4774\" data-end=\"4802\">Ecol\u00f3gica e reutiliz\u00e1vel<\/strong>: Alternativa sustent\u00e1vel \u00e0s garrafas descart\u00e1veis.<\/p>\n<\/li>\n<li class=\"\" data-start=\"4856\" data-end=\"4947\">\n<p class=\"\" data-start=\"4858\" data-end=\"4947\"><strong data-start=\"4858\" data-end=\"4887\">Design moderno e vers\u00e1til<\/strong>: Diversas cores e acabamentos para combinar com seu estilo.<\/p>\n<\/li>\n<\/ul>\n<p class=\"\" data-start=\"4949\" data-end=\"5059\">Seja no trabalho, na academia ou em aventuras ao ar livre, esta garrafa oferece o desempenho que voc\u00ea precisa.<\/p>\n<p class=\"\" data-start=\"5061\" data-end=\"5161\"><strong data-start=\"5061\" data-end=\"5161\">Mantenha-se hidratado o dia todo com a garrafa t\u00e9rmica de 32 oz \u2013 dur\u00e1vel, elegante e funcional.<\/strong><\/p>\n<p class=\"\" data-start=\"5163\" data-end=\"5198\"><strong data-start=\"5163\" data-end=\"5198\">Compre agora e beba com estilo!<\/strong><\/p>\n<p><img loading=\"lazy\" decoding=\"async\" class=\"aligncenter wp-image-2321 size-full\" src=\"https:\/\/www.cupssupplier.com\/wp-content\/uploads\/2025\/01\/2-63-e1736825109842.webp\" alt=\"32 oz stainless steel water bottle\" width=\"1000\" height=\"1767\" srcset=\"https:\/\/www.cupssupplier.com\/wp-content\/uploads\/2025\/01\/2-63-e1736825109842.webp 1000w, https:\/\/www.cupssupplier.com\/wp-content\/uploads\/2025\/01\/2-63-e1736825109842-170x300.webp 170w, https:\/\/www.cupssupplier.com\/wp-content\/uploads\/2025\/01\/2-63-e1736825109842-580x1024.webp 580w, https:\/\/www.cupssupplier.com\/wp-content\/uploads\/2025\/01\/2-63-e1736825109842-768x1357.webp 768w, https:\/\/www.cupssupplier.com\/wp-content\/uploads\/2025\/01\/2-63-e1736825109842-869x1536.webp 869w, https:\/\/www.cupssupplier.com\/wp-content\/uploads\/2025\/01\/2-63-e1736825109842-300x530.webp 300w, https:\/\/www.cupssupplier.com\/wp-content\/uploads\/2025\/01\/2-63-e1736825109842-600x1060.webp 600w\" sizes=\"auto, (max-width: 1000px) 100vw, 1000px\" title=\"\"><img loading=\"lazy\" decoding=\"async\" class=\"wp-image-2322 size-full aligncenter\" src=\"https:\/\/www.cupssupplier.com\/wp-content\/uploads\/2025\/01\/3-62-e1736824926236.webp\" alt=\"32 oz stainless steel water bottle\" width=\"1000\" height=\"1057\" srcset=\"https:\/\/www.cupssupplier.com\/wp-content\/uploads\/2025\/01\/3-62-e1736824926236.webp 1000w, https:\/\/www.cupssupplier.com\/wp-content\/uploads\/2025\/01\/3-62-e1736824926236-284x300.webp 284w, https:\/\/www.cupssupplier.com\/wp-content\/uploads\/2025\/01\/3-62-e1736824926236-969x1024.webp 969w, https:\/\/www.cupssupplier.com\/wp-content\/uploads\/2025\/01\/3-62-e1736824926236-768x812.webp 768w, https:\/\/www.cupssupplier.com\/wp-content\/uploads\/2025\/01\/3-62-e1736824926236-300x317.webp 300w, https:\/\/www.cupssupplier.com\/wp-content\/uploads\/2025\/01\/3-62-e1736824926236-600x634.webp 600w\" sizes=\"auto, (max-width: 1000px) 100vw, 1000px\" title=\"\"><img loading=\"lazy\" decoding=\"async\" class=\"aligncenter wp-image-2320 size-full\" src=\"https:\/\/www.cupssupplier.com\/wp-content\/uploads\/2025\/01\/4-55-e1736825029559.webp\" alt=\"32 oz stainless steel water bottle\" width=\"1000\" height=\"1470\" srcset=\"https:\/\/www.cupssupplier.com\/wp-content\/uploads\/2025\/01\/4-55-e1736825029559.webp 1000w, https:\/\/www.cupssupplier.com\/wp-content\/uploads\/2025\/01\/4-55-e1736825029559-204x300.webp 204w, https:\/\/www.cupssupplier.com\/wp-content\/uploads\/2025\/01\/4-55-e1736825029559-697x1024.webp 697w, https:\/\/www.cupssupplier.com\/wp-content\/uploads\/2025\/01\/4-55-e1736825029559-768x1129.webp 768w, https:\/\/www.cupssupplier.com\/wp-content\/uploads\/2025\/01\/4-55-e1736825029559-300x441.webp 300w, https:\/\/www.cupssupplier.com\/wp-content\/uploads\/2025\/01\/4-55-e1736825029559-600x882.webp 600w\" sizes=\"auto, (max-width: 1000px) 100vw, 1000px\" title=\"\"><\/p>\n","protected":false},"excerpt":{"rendered":"<p class=\"\" data-start=\"2533\" data-end=\"2826\">Mantenha-se hidratado o dia todo com a garrafa de \u00e1gua em a\u00e7o inoxid\u00e1vel de 32 oz. Esta garrafa dur\u00e1vel e isolada mant\u00e9m suas bebidas frias por at\u00e9 24 horas ou quentes por at\u00e9 12 horas. Perfeita para o trabalho, academia ou aventuras ao ar livre \u2013 \u00e9 ecol\u00f3gica, reutiliz\u00e1vel e feita para durar.<\/p>\n<p class=\"\" data-start=\"2828\" data-end=\"2883\">\n","protected":false},"featured_media":11194,"template":"","meta":{"om_disable_all_campaigns":false},"product_brand":[],"product_cat":[310],"product_tag":[],"class_list":{"0":"post-20195","1":"product","2":"type-product","3":"status-publish","4":"has-post-thumbnail","6":"product_cat-garrafa-de-agua-em-aco-inoxidavel","8":"first","9":"instock","10":"shipping-taxable","11":"product-type-simple"},"_links":{"self":[{"href":"https:\/\/www.cupssupplier.com\/pt-pt\/wp-json\/wp\/v2\/product\/20195","targetHints":{"allow":["GET"]}}],"collection":[{"href":"https:\/\/www.cupssupplier.com\/pt-pt\/wp-json\/wp\/v2\/product"}],"about":[{"href":"https:\/\/www.cupssupplier.com\/pt-pt\/wp-json\/wp\/v2\/types\/product"}],"wp:featuredmedia":[{"embeddable":true,"href":"https:\/\/www.cupssupplier.com\/pt-pt\/wp-json\/wp\/v2\/media\/11194"}],"wp:attachment":[{"href":"https:\/\/www.cupssupplier.com\/pt-pt\/wp-json\/wp\/v2\/media?parent=20195"}],"wp:term":[{"taxonomy":"product_brand","embeddable":true,"href":"https:\/\/www.cupssupplier.com\/pt-pt\/wp-json\/wp\/v2\/product_brand?post=20195"},{"taxonomy":"product_cat","embeddable":true,"href":"https:\/\/www.cupssupplier.com\/pt-pt\/wp-json\/wp\/v2\/product_cat?post=20195"},{"taxonomy":"product_tag","embeddable":true,"href":"https:\/\/www.cupssupplier.com\/pt-pt\/wp-json\/wp\/v2\/product_tag?post=20195"}],"curies":[{"name":"wp","href":"https:\/\/api.w.org\/{rel}","templated":true}]}}