{"id":20169,"date":"2025-01-14T02:36:23","date_gmt":"2025-01-14T07:36:23","guid":{"rendered":"https:\/\/www.cupssupplier.com\/product\/bulk-personalized-coffee-tumblers\/"},"modified":"2025-05-13T03:21:09","modified_gmt":"2025-05-13T07:21:09","slug":"bulk-personalized-coffee-tumblers","status":"publish","type":"product","link":"https:\/\/www.cupssupplier.com\/pt-pt\/bulk-personalized-coffee-tumblers\/","title":{"rendered":"Copos de Caf\u00e9 Personalizados em Lote"},"content":{"rendered":"<h3 class=\"\" data-start=\"5293\" data-end=\"5388\"><strong data-start=\"5302\" data-end=\"5388\">Copos de Caf\u00e9 Personalizados em Lote \u2013 Logotipo Personalizado &amp; Isolamento T\u00e9rmico<\/strong><\/h3>\n<p class=\"\" data-start=\"5390\" data-end=\"5524\">Os copos de caf\u00e9 personalizados em lote atendem \u00e0s necessidades funcionais e est\u00e9ticas \u2013 ideais para empresas, eventos ou uso pessoal:<\/p>\n<ul data-start=\"5526\" data-end=\"6195\">\n<li class=\"\" data-start=\"5526\" data-end=\"5640\">\n<p class=\"\" data-start=\"5528\" data-end=\"5640\"><strong data-start=\"5528\" data-end=\"5553\">Design Personaliz\u00e1vel<\/strong>: Adicione logotipos, nomes ou designs para brindes \u00fanicos ou campanhas promocionais.<\/p>\n<\/li>\n<li class=\"\" data-start=\"5641\" data-end=\"5764\">\n<p class=\"\" data-start=\"5643\" data-end=\"5764\"><strong data-start=\"5643\" data-end=\"5669\">A\u00e7o Inoxid\u00e1vel Dur\u00e1vel<\/strong>: Fabricado em a\u00e7o inoxid\u00e1vel de grau aliment\u00edcio, livre de BPA \u2013 seguro, dur\u00e1vel e elegante.<\/p>\n<\/li>\n<li class=\"\" data-start=\"5765\" data-end=\"5871\">\n<p class=\"\" data-start=\"5767\" data-end=\"5871\"><strong data-start=\"5767\" data-end=\"5797\">Isolamento de Parede Dupla<\/strong>: Mant\u00e9m o caf\u00e9 quente por at\u00e9 8 horas e bebidas frias por at\u00e9 12 horas.<\/p>\n<\/li>\n<li class=\"\" data-start=\"5872\" data-end=\"5955\">\n<p class=\"\" data-start=\"5874\" data-end=\"5955\"><strong data-start=\"5874\" data-end=\"5904\">Ecol\u00f3gicos e Reutiliz\u00e1veis<\/strong>: Alternativa sustent\u00e1vel aos copos descart\u00e1veis.<\/p>\n<\/li>\n<li class=\"\" data-start=\"5956\" data-end=\"6073\">\n<p class=\"\" data-start=\"5958\" data-end=\"6073\"><strong data-start=\"5958\" data-end=\"5989\">Op\u00e7\u00f5es para Pedidos em Lote<\/strong>: Perfeito para grandes eventos, branding corporativo ou personaliza\u00e7\u00e3o no varejo.<\/p>\n<\/li>\n<li class=\"\" data-start=\"6074\" data-end=\"6195\">\n<p class=\"\" data-start=\"6076\" data-end=\"6195\"><strong data-start=\"6076\" data-end=\"6122\">\u00c0 Prova de Vazamentos e Ideal para Viagens<\/strong>: Tampa segura, ideal para o trabalho, deslocamentos ou uso em movimento.<\/p>\n<\/li>\n<\/ul>\n<p class=\"\" data-start=\"6197\" data-end=\"6316\">Seja para promover sua marca, presentear com estilo ou equipar sua equipe, os copos personalizados s\u00e3o a solu\u00e7\u00e3o ideal.<\/p>\n<p><img loading=\"lazy\" decoding=\"async\" class=\"wp-image-2351 size-full aligncenter\" src=\"https:\/\/www.cupssupplier.com\/wp-content\/uploads\/2025\/01\/1-51.webp\" alt=\"bulk personalized coffee tumblers\" width=\"1000\" height=\"3951\" srcset=\"https:\/\/www.cupssupplier.com\/wp-content\/uploads\/2025\/01\/1-51.webp 1000w, https:\/\/www.cupssupplier.com\/wp-content\/uploads\/2025\/01\/1-51-76x300.webp 76w, https:\/\/www.cupssupplier.com\/wp-content\/uploads\/2025\/01\/1-51-259x1024.webp 259w, https:\/\/www.cupssupplier.com\/wp-content\/uploads\/2025\/01\/1-51-768x3034.webp 768w, https:\/\/www.cupssupplier.com\/wp-content\/uploads\/2025\/01\/1-51-389x1536.webp 389w, https:\/\/www.cupssupplier.com\/wp-content\/uploads\/2025\/01\/1-51-518x2048.webp 518w, https:\/\/www.cupssupplier.com\/wp-content\/uploads\/2025\/01\/1-51-300x1185.webp 300w, https:\/\/www.cupssupplier.com\/wp-content\/uploads\/2025\/01\/1-51-600x2371.webp 600w\" sizes=\"auto, (max-width: 1000px) 100vw, 1000px\" title=\"\"><img loading=\"lazy\" decoding=\"async\" class=\"wp-image-2352 size-full aligncenter\" src=\"https:\/\/www.cupssupplier.com\/wp-content\/uploads\/2025\/01\/2-67.webp\" alt=\"bulk personalized coffee tumblers\" width=\"1000\" height=\"4430\" srcset=\"https:\/\/www.cupssupplier.com\/wp-content\/uploads\/2025\/01\/2-67.webp 1000w, https:\/\/www.cupssupplier.com\/wp-content\/uploads\/2025\/01\/2-67-68x300.webp 68w, https:\/\/www.cupssupplier.com\/wp-content\/uploads\/2025\/01\/2-67-231x1024.webp 231w, https:\/\/www.cupssupplier.com\/wp-content\/uploads\/2025\/01\/2-67-768x3402.webp 768w, https:\/\/www.cupssupplier.com\/wp-content\/uploads\/2025\/01\/2-67-347x1536.webp 347w, https:\/\/www.cupssupplier.com\/wp-content\/uploads\/2025\/01\/2-67-462x2048.webp 462w, https:\/\/www.cupssupplier.com\/wp-content\/uploads\/2025\/01\/2-67-300x1329.webp 300w, https:\/\/www.cupssupplier.com\/wp-content\/uploads\/2025\/01\/2-67-600x2658.webp 600w\" sizes=\"auto, (max-width: 1000px) 100vw, 1000px\" title=\"\"><img loading=\"lazy\" decoding=\"async\" class=\"wp-image-2350 size-full aligncenter\" src=\"https:\/\/www.cupssupplier.com\/wp-content\/uploads\/2025\/01\/3-67.webp\" alt=\"bulk personalized coffee tumblers\" width=\"1000\" height=\"4430\" srcset=\"https:\/\/www.cupssupplier.com\/wp-content\/uploads\/2025\/01\/3-67.webp 1000w, https:\/\/www.cupssupplier.com\/wp-content\/uploads\/2025\/01\/3-67-68x300.webp 68w, https:\/\/www.cupssupplier.com\/wp-content\/uploads\/2025\/01\/3-67-231x1024.webp 231w, https:\/\/www.cupssupplier.com\/wp-content\/uploads\/2025\/01\/3-67-768x3402.webp 768w, https:\/\/www.cupssupplier.com\/wp-content\/uploads\/2025\/01\/3-67-347x1536.webp 347w, https:\/\/www.cupssupplier.com\/wp-content\/uploads\/2025\/01\/3-67-462x2048.webp 462w, https:\/\/www.cupssupplier.com\/wp-content\/uploads\/2025\/01\/3-67-300x1329.webp 300w, https:\/\/www.cupssupplier.com\/wp-content\/uploads\/2025\/01\/3-67-600x2658.webp 600w\" sizes=\"auto, (max-width: 1000px) 100vw, 1000px\" title=\"\"><\/p>\n","protected":false},"excerpt":{"rendered":"<p class=\"\" data-start=\"1610\" data-end=\"1998\">Perfetti per eventi aziendali, omaggi promozionali o occasioni speciali, questi tumbler possono essere personalizzati con il tuo logo o design. Realizzati in acciaio inossidabile resistente e isolato, mantengono le bevande calde o fredde per ore, offrendo una soluzione elegante ed ecologica.<\/p>\n<p class=\"\" data-start=\"2000\" data-end=\"2280\">\n","protected":false},"featured_media":11680,"template":"","meta":{"om_disable_all_campaigns":false},"product_brand":[],"product_cat":[311],"product_tag":[],"class_list":{"0":"post-20169","1":"product","2":"type-product","3":"status-publish","4":"has-post-thumbnail","6":"product_cat-copo","8":"first","9":"instock","10":"shipping-taxable","11":"product-type-simple"},"_links":{"self":[{"href":"https:\/\/www.cupssupplier.com\/pt-pt\/wp-json\/wp\/v2\/product\/20169","targetHints":{"allow":["GET"]}}],"collection":[{"href":"https:\/\/www.cupssupplier.com\/pt-pt\/wp-json\/wp\/v2\/product"}],"about":[{"href":"https:\/\/www.cupssupplier.com\/pt-pt\/wp-json\/wp\/v2\/types\/product"}],"wp:featuredmedia":[{"embeddable":true,"href":"https:\/\/www.cupssupplier.com\/pt-pt\/wp-json\/wp\/v2\/media\/11680"}],"wp:attachment":[{"href":"https:\/\/www.cupssupplier.com\/pt-pt\/wp-json\/wp\/v2\/media?parent=20169"}],"wp:term":[{"taxonomy":"product_brand","embeddable":true,"href":"https:\/\/www.cupssupplier.com\/pt-pt\/wp-json\/wp\/v2\/product_brand?post=20169"},{"taxonomy":"product_cat","embeddable":true,"href":"https:\/\/www.cupssupplier.com\/pt-pt\/wp-json\/wp\/v2\/product_cat?post=20169"},{"taxonomy":"product_tag","embeddable":true,"href":"https:\/\/www.cupssupplier.com\/pt-pt\/wp-json\/wp\/v2\/product_tag?post=20169"}],"curies":[{"name":"wp","href":"https:\/\/api.w.org\/{rel}","templated":true}]}}