{"id":20092,"date":"2025-01-17T10:16:53","date_gmt":"2025-01-17T15:16:53","guid":{"rendered":"https:\/\/www.cupssupplier.com\/product\/matte-black-stainless-steel-water-bottle\/"},"modified":"2025-05-13T01:00:55","modified_gmt":"2025-05-13T05:00:55","slug":"matte-black-stainless-steel-water-bottle","status":"publish","type":"product","link":"https:\/\/www.cupssupplier.com\/pt-pt\/matte-black-stainless-steel-water-bottle\/","title":{"rendered":"Garrafa de \u00c1gua em A\u00e7o Inoxid\u00e1vel Preto Fosco"},"content":{"rendered":"<p class=\"\" data-start=\"4335\" data-end=\"4406\"><strong data-start=\"4335\" data-end=\"4406\">Garrafa de \u00c1gua em A\u00e7o Inoxid\u00e1vel Preto Fosco \u2013 Isolada e Ecol\u00f3gica<\/strong><\/p>\n<p class=\"\" data-start=\"4408\" data-end=\"4604\">A Garrafa de \u00c1gua em A\u00e7o Inoxid\u00e1vel Preto Fosco \u00e9 perfeita para quem procura estilo e funcionalidade. Ideal para a academia, o trabalho ou aventuras ao ar livre, \u00e9 a sua companheira de hidrata\u00e7\u00e3o:<\/p>\n<ul data-start=\"4606\" data-end=\"5239\">\n<li class=\"\" data-start=\"4606\" data-end=\"4703\">\n<p class=\"\" data-start=\"4608\" data-end=\"4703\"><strong data-start=\"4608\" data-end=\"4642\">Acabamento premium preto fosco<\/strong>: Um visual moderno e elegante que se destaca no dia a dia.<\/p>\n<\/li>\n<li class=\"\" data-start=\"4704\" data-end=\"4834\">\n<p class=\"\" data-start=\"4706\" data-end=\"4834\"><strong data-start=\"4706\" data-end=\"4739\">Isolamento de alto desempenho<\/strong>: A parede dupla com v\u00e1cuo mant\u00e9m bebidas frias por at\u00e9 24 horas ou quentes por at\u00e9 12 horas.<\/p>\n<\/li>\n<li class=\"\" data-start=\"4835\" data-end=\"4960\">\n<p class=\"\" data-start=\"4837\" data-end=\"4960\"><strong data-start=\"4837\" data-end=\"4863\">A\u00e7o inoxid\u00e1vel dur\u00e1vel<\/strong>: Feita com a\u00e7o inoxid\u00e1vel de grau aliment\u00edcio, livre de BPA \u2013 segura, resistente e sem odores.<\/p>\n<\/li>\n<li class=\"\" data-start=\"4961\" data-end=\"5058\">\n<p class=\"\" data-start=\"4963\" data-end=\"5058\"><strong data-start=\"4963\" data-end=\"4993\">Sustent\u00e1vel e reutiliz\u00e1vel<\/strong>: Uma escolha amiga do ambiente para reduzir o uso de pl\u00e1stico.<\/p>\n<\/li>\n<li class=\"\" data-start=\"5059\" data-end=\"5158\">\n<p class=\"\" data-start=\"5061\" data-end=\"5158\"><strong data-start=\"5061\" data-end=\"5092\">Tampa \u00e0 prova de vazamentos<\/strong>: Ideal para transportar com seguran\u00e7a em viagens e desloca\u00e7\u00f5es.<\/p>\n<\/li>\n<li class=\"\" data-start=\"5159\" data-end=\"5239\">\n<p class=\"\" data-start=\"5161\" data-end=\"5239\"><strong data-start=\"5161\" data-end=\"5180\">Leve e port\u00e1til<\/strong>: Cabe facilmente em mochilas e suportes de copos de carro.<\/p>\n<\/li>\n<\/ul>\n<p class=\"\" data-start=\"5241\" data-end=\"5309\">Uma garrafa que alia eleg\u00e2ncia, praticidade e consci\u00eancia ecol\u00f3gica.<\/p>\n<p>&nbsp;<\/p>\n<p><img loading=\"lazy\" decoding=\"async\" class=\"wp-image-2435 size-full aligncenter\" src=\"https:\/\/www.cupssupplier.com\/wp-content\/uploads\/2025\/01\/1-61.webp\" alt=\"matte black stainless steel water bottle\" width=\"960\" height=\"960\" srcset=\"https:\/\/www.cupssupplier.com\/wp-content\/uploads\/2025\/01\/1-61.webp 960w, https:\/\/www.cupssupplier.com\/wp-content\/uploads\/2025\/01\/1-61-300x300.webp 300w, https:\/\/www.cupssupplier.com\/wp-content\/uploads\/2025\/01\/1-61-150x150.webp 150w, https:\/\/www.cupssupplier.com\/wp-content\/uploads\/2025\/01\/1-61-768x768.webp 768w, https:\/\/www.cupssupplier.com\/wp-content\/uploads\/2025\/01\/1-61-600x600.webp 600w, https:\/\/www.cupssupplier.com\/wp-content\/uploads\/2025\/01\/1-61-100x100.webp 100w\" sizes=\"auto, (max-width: 960px) 100vw, 960px\" title=\"\"><\/p>\n<p><img loading=\"lazy\" decoding=\"async\" class=\"aligncenter wp-image-2438 size-full\" src=\"https:\/\/www.cupssupplier.com\/wp-content\/uploads\/2025\/01\/4-71.webp\" alt=\"matte black stainless steel water bottle\" width=\"960\" height=\"960\" srcset=\"https:\/\/www.cupssupplier.com\/wp-content\/uploads\/2025\/01\/4-71.webp 960w, https:\/\/www.cupssupplier.com\/wp-content\/uploads\/2025\/01\/4-71-300x300.webp 300w, https:\/\/www.cupssupplier.com\/wp-content\/uploads\/2025\/01\/4-71-150x150.webp 150w, https:\/\/www.cupssupplier.com\/wp-content\/uploads\/2025\/01\/4-71-768x768.webp 768w, https:\/\/www.cupssupplier.com\/wp-content\/uploads\/2025\/01\/4-71-600x600.webp 600w, https:\/\/www.cupssupplier.com\/wp-content\/uploads\/2025\/01\/4-71-100x100.webp 100w\" sizes=\"auto, (max-width: 960px) 100vw, 960px\" title=\"\"><\/p>\n<p><img loading=\"lazy\" decoding=\"async\" class=\"wp-image-2437 size-full aligncenter\" src=\"https:\/\/www.cupssupplier.com\/wp-content\/uploads\/2025\/01\/3-81.webp\" alt=\"matte black stainless steel water bottle\" width=\"960\" height=\"960\" srcset=\"https:\/\/www.cupssupplier.com\/wp-content\/uploads\/2025\/01\/3-81.webp 960w, https:\/\/www.cupssupplier.com\/wp-content\/uploads\/2025\/01\/3-81-300x300.webp 300w, https:\/\/www.cupssupplier.com\/wp-content\/uploads\/2025\/01\/3-81-150x150.webp 150w, https:\/\/www.cupssupplier.com\/wp-content\/uploads\/2025\/01\/3-81-768x768.webp 768w, https:\/\/www.cupssupplier.com\/wp-content\/uploads\/2025\/01\/3-81-600x600.webp 600w, https:\/\/www.cupssupplier.com\/wp-content\/uploads\/2025\/01\/3-81-100x100.webp 100w\" sizes=\"auto, (max-width: 960px) 100vw, 960px\" title=\"\"><\/p>\n<p><img loading=\"lazy\" decoding=\"async\" class=\"aligncenter wp-image-2436 size-large\" src=\"https:\/\/www.cupssupplier.com\/wp-content\/uploads\/2025\/01\/2-79-1024x1024.webp\" alt=\"matte black stainless steel water bottle\" width=\"1024\" height=\"1024\" srcset=\"https:\/\/www.cupssupplier.com\/wp-content\/uploads\/2025\/01\/2-79-1024x1024.webp 1024w, https:\/\/www.cupssupplier.com\/wp-content\/uploads\/2025\/01\/2-79-300x300.webp 300w, https:\/\/www.cupssupplier.com\/wp-content\/uploads\/2025\/01\/2-79-150x150.webp 150w, https:\/\/www.cupssupplier.com\/wp-content\/uploads\/2025\/01\/2-79-768x768.webp 768w, https:\/\/www.cupssupplier.com\/wp-content\/uploads\/2025\/01\/2-79-600x600.webp 600w, https:\/\/www.cupssupplier.com\/wp-content\/uploads\/2025\/01\/2-79-100x100.webp 100w, https:\/\/www.cupssupplier.com\/wp-content\/uploads\/2025\/01\/2-79.webp 1200w\" sizes=\"auto, (max-width: 1024px) 100vw, 1024px\" title=\"\"><\/p>\n<p><img loading=\"lazy\" decoding=\"async\" class=\"aligncenter wp-image-2439 size-full\" src=\"https:\/\/www.cupssupplier.com\/wp-content\/uploads\/2025\/01\/5-58.webp\" alt=\"matte black stainless steel water bottle\" width=\"960\" height=\"960\" srcset=\"https:\/\/www.cupssupplier.com\/wp-content\/uploads\/2025\/01\/5-58.webp 960w, https:\/\/www.cupssupplier.com\/wp-content\/uploads\/2025\/01\/5-58-300x300.webp 300w, https:\/\/www.cupssupplier.com\/wp-content\/uploads\/2025\/01\/5-58-150x150.webp 150w, https:\/\/www.cupssupplier.com\/wp-content\/uploads\/2025\/01\/5-58-768x768.webp 768w, https:\/\/www.cupssupplier.com\/wp-content\/uploads\/2025\/01\/5-58-600x600.webp 600w, https:\/\/www.cupssupplier.com\/wp-content\/uploads\/2025\/01\/5-58-100x100.webp 100w\" sizes=\"auto, (max-width: 960px) 100vw, 960px\" title=\"\"><\/p>\n<p><img loading=\"lazy\" decoding=\"async\" class=\"aligncenter wp-image-2440 size-large\" src=\"https:\/\/www.cupssupplier.com\/wp-content\/uploads\/2025\/01\/6-47-1024x895.webp\" alt=\"matte black stainless steel water bottle\" width=\"1024\" height=\"895\" srcset=\"https:\/\/www.cupssupplier.com\/wp-content\/uploads\/2025\/01\/6-47-1024x895.webp 1024w, https:\/\/www.cupssupplier.com\/wp-content\/uploads\/2025\/01\/6-47-300x262.webp 300w, https:\/\/www.cupssupplier.com\/wp-content\/uploads\/2025\/01\/6-47-768x671.webp 768w, https:\/\/www.cupssupplier.com\/wp-content\/uploads\/2025\/01\/6-47-600x525.webp 600w, https:\/\/www.cupssupplier.com\/wp-content\/uploads\/2025\/01\/6-47.webp 1200w\" sizes=\"auto, (max-width: 1024px) 100vw, 1024px\" title=\"\"><\/p>\n","protected":false},"excerpt":{"rendered":"<p class=\"\" data-start=\"2490\" data-end=\"2957\">A garrafa de \u00e1gua em a\u00e7o inoxid\u00e1vel preto fosco combina um design moderno e elegante com funcionalidade excepcional. Feita com a\u00e7o inoxid\u00e1vel de alta qualidade, esta garrafa t\u00e9rmica mant\u00e9m suas bebidas frias por at\u00e9 24 horas ou quentes por at\u00e9 12 horas. Seu acabamento fosco n\u00e3o s\u00f3 \u00e9 dur\u00e1vel e ecol\u00f3gico, mas tamb\u00e9m proporciona um estilo sofisticado para manter-se hidratado ao longo do dia.<\/p>\n<p class=\"\" data-start=\"2961\" data-end=\"3125\">\n","protected":false},"featured_media":12958,"template":"","meta":{"om_disable_all_campaigns":false},"product_brand":[],"product_cat":[310],"product_tag":[],"class_list":{"0":"post-20092","1":"product","2":"type-product","3":"status-publish","4":"has-post-thumbnail","6":"product_cat-garrafa-de-agua-em-aco-inoxidavel","8":"first","9":"instock","10":"shipping-taxable","11":"product-type-simple"},"_links":{"self":[{"href":"https:\/\/www.cupssupplier.com\/pt-pt\/wp-json\/wp\/v2\/product\/20092","targetHints":{"allow":["GET"]}}],"collection":[{"href":"https:\/\/www.cupssupplier.com\/pt-pt\/wp-json\/wp\/v2\/product"}],"about":[{"href":"https:\/\/www.cupssupplier.com\/pt-pt\/wp-json\/wp\/v2\/types\/product"}],"wp:featuredmedia":[{"embeddable":true,"href":"https:\/\/www.cupssupplier.com\/pt-pt\/wp-json\/wp\/v2\/media\/12958"}],"wp:attachment":[{"href":"https:\/\/www.cupssupplier.com\/pt-pt\/wp-json\/wp\/v2\/media?parent=20092"}],"wp:term":[{"taxonomy":"product_brand","embeddable":true,"href":"https:\/\/www.cupssupplier.com\/pt-pt\/wp-json\/wp\/v2\/product_brand?post=20092"},{"taxonomy":"product_cat","embeddable":true,"href":"https:\/\/www.cupssupplier.com\/pt-pt\/wp-json\/wp\/v2\/product_cat?post=20092"},{"taxonomy":"product_tag","embeddable":true,"href":"https:\/\/www.cupssupplier.com\/pt-pt\/wp-json\/wp\/v2\/product_tag?post=20092"}],"curies":[{"name":"wp","href":"https:\/\/api.w.org\/{rel}","templated":true}]}}