{"id":19942,"date":"2025-02-13T10:17:36","date_gmt":"2025-02-13T15:17:36","guid":{"rendered":"https:\/\/www.cupssupplier.com\/product\/17-oz-water-bottle\/"},"modified":"2025-05-06T23:36:16","modified_gmt":"2025-05-07T03:36:16","slug":"17-oz-water-bottle","status":"publish","type":"product","link":"https:\/\/www.cupssupplier.com\/pt-pt\/17-oz-water-bottle\/","title":{"rendered":"Garrafa de \u00c1gua 17 oz"},"content":{"rendered":"<p class=\"\" data-start=\"3234\" data-end=\"3501\"><strong data-start=\"3234\" data-end=\"3286\">Garrafa de \u00c1gua 17 oz \u2013 A\u00e7o Inoxid\u00e1vel &amp; Isolada<\/strong><br data-start=\"3286\" data-end=\"3289\" \/>Mantenha-se hidratado com estilo com a garrafa de \u00e1gua de 17 oz. Ideal para o dia a dia, viagens ou atividades ao ar livre, ela possui isolamento de parede dupla para manter sua bebida fria ou quente por horas.<\/p>\n<ul data-start=\"3502\" data-end=\"3905\">\n<li class=\"\" data-start=\"3502\" data-end=\"3586\">\n<p class=\"\" data-start=\"3504\" data-end=\"3586\"><strong data-start=\"3504\" data-end=\"3534\">Isolamento de parede dupla<\/strong>: Bebidas frias por at\u00e9 24h e quentes por at\u00e9 12h.<\/p>\n<\/li>\n<li class=\"\" data-start=\"3587\" data-end=\"3653\">\n<p class=\"\" data-start=\"3589\" data-end=\"3653\"><strong data-start=\"3589\" data-end=\"3615\">A\u00e7o inoxid\u00e1vel premium<\/strong>: Sem BPA, dur\u00e1vel e com sabor puro.<\/p>\n<\/li>\n<li class=\"\" data-start=\"3654\" data-end=\"3736\">\n<p class=\"\" data-start=\"3656\" data-end=\"3736\"><strong data-start=\"3656\" data-end=\"3692\">\u00c0 prova de vazamentos e sem suor<\/strong>: Tampa segura e exterior sem condensa\u00e7\u00e3o.<\/p>\n<\/li>\n<li class=\"\" data-start=\"3737\" data-end=\"3824\">\n<p class=\"\" data-start=\"3739\" data-end=\"3824\"><strong data-start=\"3739\" data-end=\"3765\">Port\u00e1til e conveniente<\/strong>: Cabe na maioria dos porta-copos e f\u00e1cil de transportar.<\/p>\n<\/li>\n<li class=\"\" data-start=\"3825\" data-end=\"3905\">\n<p class=\"\" data-start=\"3827\" data-end=\"3905\"><strong data-start=\"3827\" data-end=\"3855\">Ecol\u00f3gica e reutiliz\u00e1vel<\/strong>: Alternativa sustent\u00e1vel \u00e0s garrafas pl\u00e1sticas.<\/p>\n<\/li>\n<\/ul>\n<p><img loading=\"lazy\" decoding=\"async\" class=\"wp-image-2625 aligncenter\" src=\"https:\/\/www.cupssupplier.com\/wp-content\/uploads\/2025\/02\/1-10.webp\" alt=\"17 oz water bottle\" width=\"897\" height=\"9039\" srcset=\"https:\/\/www.cupssupplier.com\/wp-content\/uploads\/2025\/02\/1-10.webp 790w, https:\/\/www.cupssupplier.com\/wp-content\/uploads\/2025\/02\/1-10-768x7738.webp 768w, https:\/\/www.cupssupplier.com\/wp-content\/uploads\/2025\/02\/1-10-300x3023.webp 300w, https:\/\/www.cupssupplier.com\/wp-content\/uploads\/2025\/02\/1-10-600x6046.webp 600w\" sizes=\"auto, (max-width: 897px) 100vw, 897px\" title=\"\"><\/p>\n<p><strong data-start=\"3338\" data-end=\"3525\">Esteja voc\u00ea no escrit\u00f3rio, na academia ou em movimento, a garrafa de \u00e1gua de 17 oz \u00e9 sua companheira ideal de hidrata\u00e7\u00e3o. Compre agora e mantenha-se refrescado e hidratado o dia todo!<\/strong><\/p>\n","protected":false},"excerpt":{"rendered":"<p>Mantenha-se hidratado com estilo com a garrafa de 17 oz. Perfeitamente dimensionada para conveni\u00eancia em movimento, esta garrafa elegante e resistente possui isolamento de parede dupla que mant\u00e9m suas bebidas frias ou quentes por horas. Feita de a\u00e7o inoxid\u00e1vel premium, \u00e9 \u00e0 prova de vazamentos, ecol\u00f3gica e ideal para o trabalho, academia, viagens ou atividades ao ar livre. Pe\u00e7a agora e mantenha suas bebidas frescas onde quer que v\u00e1!<\/p>\n","protected":false},"featured_media":15100,"template":"","meta":{"om_disable_all_campaigns":false},"product_brand":[],"product_cat":[310],"product_tag":[],"class_list":{"0":"post-19942","1":"product","2":"type-product","3":"status-publish","4":"has-post-thumbnail","6":"product_cat-garrafa-de-agua-em-aco-inoxidavel","8":"first","9":"instock","10":"shipping-taxable","11":"product-type-simple"},"_links":{"self":[{"href":"https:\/\/www.cupssupplier.com\/pt-pt\/wp-json\/wp\/v2\/product\/19942","targetHints":{"allow":["GET"]}}],"collection":[{"href":"https:\/\/www.cupssupplier.com\/pt-pt\/wp-json\/wp\/v2\/product"}],"about":[{"href":"https:\/\/www.cupssupplier.com\/pt-pt\/wp-json\/wp\/v2\/types\/product"}],"wp:featuredmedia":[{"embeddable":true,"href":"https:\/\/www.cupssupplier.com\/pt-pt\/wp-json\/wp\/v2\/media\/15100"}],"wp:attachment":[{"href":"https:\/\/www.cupssupplier.com\/pt-pt\/wp-json\/wp\/v2\/media?parent=19942"}],"wp:term":[{"taxonomy":"product_brand","embeddable":true,"href":"https:\/\/www.cupssupplier.com\/pt-pt\/wp-json\/wp\/v2\/product_brand?post=19942"},{"taxonomy":"product_cat","embeddable":true,"href":"https:\/\/www.cupssupplier.com\/pt-pt\/wp-json\/wp\/v2\/product_cat?post=19942"},{"taxonomy":"product_tag","embeddable":true,"href":"https:\/\/www.cupssupplier.com\/pt-pt\/wp-json\/wp\/v2\/product_tag?post=19942"}],"curies":[{"name":"wp","href":"https:\/\/api.w.org\/{rel}","templated":true}]}}