{"id":19850,"date":"2025-02-14T22:16:07","date_gmt":"2025-02-15T03:16:07","guid":{"rendered":"https:\/\/www.cupssupplier.com\/product\/custom-double-wall-tumbler\/"},"modified":"2025-05-05T02:26:26","modified_gmt":"2025-05-05T06:26:26","slug":"custom-double-wall-tumbler","status":"publish","type":"product","link":"https:\/\/www.cupssupplier.com\/pt-pt\/custom-double-wall-tumbler\/","title":{"rendered":"Copo Personalizado com Parede Dupla"},"content":{"rendered":"<p class=\"\" data-start=\"5805\" data-end=\"5871\"><strong data-start=\"5805\" data-end=\"5871\">Copo Personalizado com Parede Dupla \u2013 Isolado &amp; Personaliz\u00e1vel<\/strong><\/p>\n<p class=\"\" data-start=\"5873\" data-end=\"6002\">O Copo Personalizado com Parede Dupla \u00e9 ideal para manter suas bebidas na temperatura ideal enquanto destaca seu estilo ou marca:<\/p>\n<p class=\"\" data-start=\"6004\" data-end=\"6678\"><strong data-start=\"6004\" data-end=\"6035\">Isolamento com Parede Dupla<\/strong>: Mant\u00e9m as bebidas quentes por at\u00e9 6 horas e frias por at\u00e9 12 horas.<br data-start=\"6104\" data-end=\"6107\" \/><strong data-start=\"6107\" data-end=\"6128\">Qualidade Premium<\/strong>: Feito com materiais de alta qualidade e livres de BPA, garantindo durabilidade e seguran\u00e7a.<br data-start=\"6221\" data-end=\"6224\" \/><strong data-start=\"6224\" data-end=\"6249\">Design Personaliz\u00e1vel<\/strong>: Adicione seu logotipo, arte ou mensagem \u2013 ideal para eventos, brindes ou produtos promocionais.<br data-start=\"6346\" data-end=\"6349\" \/><strong data-start=\"6349\" data-end=\"6385\">\u00c0 Prova de Vazamentos e Respingo<\/strong>: Tampa segura que evita vazamentos \u2013 perfeito para o uso di\u00e1rio e em movimento.<br data-start=\"6465\" data-end=\"6468\" \/><strong data-start=\"6468\" data-end=\"6496\">Ecol\u00f3gico e Reutiliz\u00e1vel<\/strong>: Reduza o desperd\u00edcio com uma alternativa sustent\u00e1vel e elegante aos copos descart\u00e1veis.<br data-start=\"6585\" data-end=\"6588\" \/><strong data-start=\"6588\" data-end=\"6616\">Ergon\u00f4mico e Conveniente<\/strong>: F\u00e1cil de segurar e compat\u00edvel com a maioria dos porta-copos.<\/p>\n<p><img loading=\"lazy\" decoding=\"async\" class=\"aligncenter wp-image-19758 size-full\" src=\"https:\/\/www.cupssupplier.com\/wp-content\/uploads\/2025\/02\/1-38-e1746424987523.webp\" alt=\"custom double wall tumbler\" width=\"1000\" height=\"1500\" srcset=\"https:\/\/www.cupssupplier.com\/wp-content\/uploads\/2025\/02\/1-38-e1746424987523.webp 1000w, https:\/\/www.cupssupplier.com\/wp-content\/uploads\/2025\/02\/1-38-e1746424987523-200x300.webp 200w, https:\/\/www.cupssupplier.com\/wp-content\/uploads\/2025\/02\/1-38-e1746424987523-683x1024.webp 683w, https:\/\/www.cupssupplier.com\/wp-content\/uploads\/2025\/02\/1-38-e1746424987523-768x1152.webp 768w, https:\/\/www.cupssupplier.com\/wp-content\/uploads\/2025\/02\/1-38-e1746424987523-300x450.webp 300w, https:\/\/www.cupssupplier.com\/wp-content\/uploads\/2025\/02\/1-38-e1746424987523-600x900.webp 600w\" sizes=\"auto, (max-width: 1000px) 100vw, 1000px\" title=\"\"><br \/>\n<img loading=\"lazy\" decoding=\"async\" class=\"aligncenter wp-image-19766 size-full\" src=\"https:\/\/www.cupssupplier.com\/wp-content\/uploads\/2025\/02\/2-44.webp\" alt=\"custom double wall tumbler\" width=\"1000\" height=\"1807\" srcset=\"https:\/\/www.cupssupplier.com\/wp-content\/uploads\/2025\/02\/2-44.webp 1000w, https:\/\/www.cupssupplier.com\/wp-content\/uploads\/2025\/02\/2-44-166x300.webp 166w, https:\/\/www.cupssupplier.com\/wp-content\/uploads\/2025\/02\/2-44-567x1024.webp 567w, https:\/\/www.cupssupplier.com\/wp-content\/uploads\/2025\/02\/2-44-768x1388.webp 768w, https:\/\/www.cupssupplier.com\/wp-content\/uploads\/2025\/02\/2-44-850x1536.webp 850w, https:\/\/www.cupssupplier.com\/wp-content\/uploads\/2025\/02\/2-44-300x542.webp 300w, https:\/\/www.cupssupplier.com\/wp-content\/uploads\/2025\/02\/2-44-600x1084.webp 600w\" sizes=\"auto, (max-width: 1000px) 100vw, 1000px\" title=\"\"><br \/>\n<img loading=\"lazy\" decoding=\"async\" class=\"aligncenter wp-image-19774 size-full\" src=\"https:\/\/www.cupssupplier.com\/wp-content\/uploads\/2025\/02\/3-44-e1746425056499.webp\" alt=\"custom double wall tumbler\" width=\"1000\" height=\"948\" srcset=\"https:\/\/www.cupssupplier.com\/wp-content\/uploads\/2025\/02\/3-44-e1746425056499.webp 1000w, https:\/\/www.cupssupplier.com\/wp-content\/uploads\/2025\/02\/3-44-e1746425056499-300x284.webp 300w, https:\/\/www.cupssupplier.com\/wp-content\/uploads\/2025\/02\/3-44-e1746425056499-768x728.webp 768w, https:\/\/www.cupssupplier.com\/wp-content\/uploads\/2025\/02\/3-44-e1746425056499-600x569.webp 600w\" sizes=\"auto, (max-width: 1000px) 100vw, 1000px\" title=\"\"><img loading=\"lazy\" decoding=\"async\" class=\"wp-image-19790 size-full aligncenter\" src=\"https:\/\/www.cupssupplier.com\/wp-content\/uploads\/2025\/02\/5-40.webp\" alt=\"custom double wall tumbler\" width=\"1000\" height=\"1559\" srcset=\"https:\/\/www.cupssupplier.com\/wp-content\/uploads\/2025\/02\/5-40.webp 1000w, https:\/\/www.cupssupplier.com\/wp-content\/uploads\/2025\/02\/5-40-192x300.webp 192w, https:\/\/www.cupssupplier.com\/wp-content\/uploads\/2025\/02\/5-40-657x1024.webp 657w, https:\/\/www.cupssupplier.com\/wp-content\/uploads\/2025\/02\/5-40-768x1197.webp 768w, https:\/\/www.cupssupplier.com\/wp-content\/uploads\/2025\/02\/5-40-985x1536.webp 985w, https:\/\/www.cupssupplier.com\/wp-content\/uploads\/2025\/02\/5-40-300x468.webp 300w, https:\/\/www.cupssupplier.com\/wp-content\/uploads\/2025\/02\/5-40-600x935.webp 600w\" sizes=\"auto, (max-width: 1000px) 100vw, 1000px\" title=\"\"><\/p>\n<p class=\"\" data-start=\"1220\" data-end=\"1466\">Perfeito para empresas, eventos promocionais ou como brindes personalizados, o Copo Personalizado com Parede Dupla \u00e9 indispens\u00e1vel para qualquer ocasi\u00e3o. Fa\u00e7a seu pedido hoje e aproveite os benef\u00edcios de copos personalizados em grande quantidade!<\/p>\n","protected":false},"excerpt":{"rendered":"<p class=\"\" data-start=\"3320\" data-end=\"3838\">Mantenha-se refrescado com estilo com o nosso Copo Personalizado com Parede Dupla! Com isolamento de parede dupla, mant\u00e9m suas bebidas quentes ou frias por horas. Ideal para personalizar com seu logotipo, marca ou mensagem \u2013 perfeito para brindes corporativos, eventos ou varejo. Feito com materiais dur\u00e1veis e livres de BPA, \u00e9 projetado para uso prolongado. Fa\u00e7a seu pedido em grandes quantidades agora e promova sua marca com efici\u00eancia!<\/p>\n<p class=\"\" data-start=\"3840\" data-end=\"4145\">\n","protected":false},"featured_media":19811,"template":"","meta":{"om_disable_all_campaigns":false},"product_brand":[],"product_cat":[311],"product_tag":[],"class_list":{"0":"post-19850","1":"product","2":"type-product","3":"status-publish","4":"has-post-thumbnail","6":"product_cat-copo","8":"first","9":"instock","10":"shipping-taxable","11":"product-type-simple"},"_links":{"self":[{"href":"https:\/\/www.cupssupplier.com\/pt-pt\/wp-json\/wp\/v2\/product\/19850","targetHints":{"allow":["GET"]}}],"collection":[{"href":"https:\/\/www.cupssupplier.com\/pt-pt\/wp-json\/wp\/v2\/product"}],"about":[{"href":"https:\/\/www.cupssupplier.com\/pt-pt\/wp-json\/wp\/v2\/types\/product"}],"wp:featuredmedia":[{"embeddable":true,"href":"https:\/\/www.cupssupplier.com\/pt-pt\/wp-json\/wp\/v2\/media\/19811"}],"wp:attachment":[{"href":"https:\/\/www.cupssupplier.com\/pt-pt\/wp-json\/wp\/v2\/media?parent=19850"}],"wp:term":[{"taxonomy":"product_brand","embeddable":true,"href":"https:\/\/www.cupssupplier.com\/pt-pt\/wp-json\/wp\/v2\/product_brand?post=19850"},{"taxonomy":"product_cat","embeddable":true,"href":"https:\/\/www.cupssupplier.com\/pt-pt\/wp-json\/wp\/v2\/product_cat?post=19850"},{"taxonomy":"product_tag","embeddable":true,"href":"https:\/\/www.cupssupplier.com\/pt-pt\/wp-json\/wp\/v2\/product_tag?post=19850"}],"curies":[{"name":"wp","href":"https:\/\/api.w.org\/{rel}","templated":true}]}}