{"id":19702,"date":"2025-02-16T03:18:02","date_gmt":"2025-02-16T08:18:02","guid":{"rendered":"https:\/\/www.cupssupplier.com\/product\/custom-30-oz-tumbler\/"},"modified":"2025-05-05T01:23:06","modified_gmt":"2025-05-05T05:23:06","slug":"custom-30-oz-tumbler","status":"publish","type":"product","link":"https:\/\/www.cupssupplier.com\/pt-pt\/custom-30-oz-tumbler\/","title":{"rendered":"Copo Personalizado de 30 Oz"},"content":{"rendered":"<p class=\"\" data-start=\"5568\" data-end=\"5626\"><strong data-start=\"5568\" data-end=\"5626\">Copo Personalizado de 30 Oz \u2013 Isolado e Personaliz\u00e1vel<\/strong><\/p>\n<p class=\"\" data-start=\"5628\" data-end=\"5724\">O copo personalizado de 30 oz combina estilo, funcionalidade e personaliza\u00e7\u00e3o de forma perfeita:<\/p>\n<ul data-start=\"5726\" data-end=\"6469\">\n<li class=\"\" data-start=\"5726\" data-end=\"5866\">\n<p class=\"\" data-start=\"5728\" data-end=\"5866\"><strong data-start=\"5728\" data-end=\"5758\">Isolamento de Parede Dupla<\/strong>: Mant\u00e9m as bebidas frias por 24 horas ou quentes por at\u00e9 6 horas \u2013 ideal para hidrata\u00e7\u00e3o ao longo do dia.<\/p>\n<\/li>\n<li class=\"\" data-start=\"5867\" data-end=\"5958\">\n<p class=\"\" data-start=\"5869\" data-end=\"5958\"><strong data-start=\"5869\" data-end=\"5895\">A\u00e7o Inoxid\u00e1vel Premium<\/strong>: Livre de BPA, resistente \u00e0 ferrugem e extremamente dur\u00e1vel.<\/p>\n<\/li>\n<li class=\"\" data-start=\"5959\" data-end=\"6086\">\n<p class=\"\" data-start=\"5961\" data-end=\"6086\"><strong data-start=\"5961\" data-end=\"5986\">Design Personaliz\u00e1vel<\/strong>: Adicione seu logotipo, slogan ou arte exclusiva para criar brindes promocionais ou para eventos.<\/p>\n<\/li>\n<li class=\"\" data-start=\"6087\" data-end=\"6214\">\n<p class=\"\" data-start=\"6089\" data-end=\"6214\"><strong data-start=\"6089\" data-end=\"6126\">\u00c0 Prova de Vazamentos e Respingos<\/strong>: Tampa segura evita vazamentos, e o design com canudo facilita o consumo sem bagun\u00e7a.<\/p>\n<\/li>\n<li class=\"\" data-start=\"6215\" data-end=\"6343\">\n<p class=\"\" data-start=\"6217\" data-end=\"6343\"><strong data-start=\"6217\" data-end=\"6245\">Ecol\u00f3gico e Reutiliz\u00e1vel<\/strong>: Uma alternativa sustent\u00e1vel aos copos descart\u00e1veis, refor\u00e7ando sua imagem de marca consciente.<\/p>\n<\/li>\n<li class=\"\" data-start=\"6344\" data-end=\"6469\">\n<p class=\"\" data-start=\"6346\" data-end=\"6469\"><strong data-start=\"6346\" data-end=\"6369\">Capacidade de 30 Oz<\/strong>: Perfeito para quem precisa de mais hidrata\u00e7\u00e3o no escrit\u00f3rio, academia ou em aventuras ao ar livre.<\/p>\n<\/li>\n<\/ul>\n<p><img loading=\"lazy\" decoding=\"async\" class=\"aligncenter wp-image-19690 size-full\" src=\"https:\/\/www.cupssupplier.com\/wp-content\/uploads\/2025\/02\/6-36.webp\" alt=\"custom 30 oz tumbler\" width=\"800\" height=\"800\" srcset=\"https:\/\/www.cupssupplier.com\/wp-content\/uploads\/2025\/02\/6-36.webp 800w, https:\/\/www.cupssupplier.com\/wp-content\/uploads\/2025\/02\/6-36-300x300.webp 300w, https:\/\/www.cupssupplier.com\/wp-content\/uploads\/2025\/02\/6-36-150x150.webp 150w, https:\/\/www.cupssupplier.com\/wp-content\/uploads\/2025\/02\/6-36-768x768.webp 768w, https:\/\/www.cupssupplier.com\/wp-content\/uploads\/2025\/02\/6-36-600x600.webp 600w, https:\/\/www.cupssupplier.com\/wp-content\/uploads\/2025\/02\/6-36-100x100.webp 100w\" sizes=\"auto, (max-width: 800px) 100vw, 800px\" title=\"\"><br \/>\n<img loading=\"lazy\" decoding=\"async\" class=\"aligncenter wp-image-19682 size-full\" src=\"https:\/\/www.cupssupplier.com\/wp-content\/uploads\/2025\/02\/5-39.webp\" alt=\"custom 30 oz tumbler\" width=\"800\" height=\"800\" srcset=\"https:\/\/www.cupssupplier.com\/wp-content\/uploads\/2025\/02\/5-39.webp 800w, https:\/\/www.cupssupplier.com\/wp-content\/uploads\/2025\/02\/5-39-300x300.webp 300w, https:\/\/www.cupssupplier.com\/wp-content\/uploads\/2025\/02\/5-39-150x150.webp 150w, https:\/\/www.cupssupplier.com\/wp-content\/uploads\/2025\/02\/5-39-768x768.webp 768w, https:\/\/www.cupssupplier.com\/wp-content\/uploads\/2025\/02\/5-39-600x600.webp 600w, https:\/\/www.cupssupplier.com\/wp-content\/uploads\/2025\/02\/5-39-100x100.webp 100w\" sizes=\"auto, (max-width: 800px) 100vw, 800px\" title=\"\"><img loading=\"lazy\" decoding=\"async\" class=\"wp-image-19634 size-full aligncenter\" src=\"https:\/\/www.cupssupplier.com\/wp-content\/uploads\/2025\/02\/2-43.webp\" alt=\"custom 30 oz tumbler\" width=\"800\" height=\"800\" srcset=\"https:\/\/www.cupssupplier.com\/wp-content\/uploads\/2025\/02\/2-43.webp 800w, https:\/\/www.cupssupplier.com\/wp-content\/uploads\/2025\/02\/2-43-300x300.webp 300w, https:\/\/www.cupssupplier.com\/wp-content\/uploads\/2025\/02\/2-43-150x150.webp 150w, https:\/\/www.cupssupplier.com\/wp-content\/uploads\/2025\/02\/2-43-768x768.webp 768w, https:\/\/www.cupssupplier.com\/wp-content\/uploads\/2025\/02\/2-43-600x600.webp 600w, https:\/\/www.cupssupplier.com\/wp-content\/uploads\/2025\/02\/2-43-100x100.webp 100w\" sizes=\"auto, (max-width: 800px) 100vw, 800px\" title=\"\"><img loading=\"lazy\" decoding=\"async\" class=\"wp-image-19626 size-full aligncenter\" src=\"https:\/\/www.cupssupplier.com\/wp-content\/uploads\/2025\/02\/1-19.webp\" alt=\"custom 30 oz tumbler\" width=\"800\" height=\"800\" srcset=\"https:\/\/www.cupssupplier.com\/wp-content\/uploads\/2025\/02\/1-19.webp 800w, https:\/\/www.cupssupplier.com\/wp-content\/uploads\/2025\/02\/1-19-300x300.webp 300w, https:\/\/www.cupssupplier.com\/wp-content\/uploads\/2025\/02\/1-19-150x150.webp 150w, https:\/\/www.cupssupplier.com\/wp-content\/uploads\/2025\/02\/1-19-768x768.webp 768w, https:\/\/www.cupssupplier.com\/wp-content\/uploads\/2025\/02\/1-19-600x600.webp 600w, https:\/\/www.cupssupplier.com\/wp-content\/uploads\/2025\/02\/1-19-100x100.webp 100w\" sizes=\"auto, (max-width: 800px) 100vw, 800px\" title=\"\"><\/p>\n<p data-start=\"1378\" data-end=\"1589\">Mantenha-se hidratado com estilo com nosso copo personalizado de 30 oz! Com isolamento de parede dupla, ele mant\u00e9m sua bebida fria ou quente por horas. Ideal para personaliza\u00e7\u00e3o com logotipos para brindes corporativos, eventos ou presentes.<br data-start=\"6919\" data-end=\"6922\" \/><strong data-start=\"6922\" data-end=\"7013\">Encomende em grande quantidade hoje e personalize seus copos para sua pr\u00f3xima promo\u00e7\u00e3o!<\/strong><\/p>\n<p>&nbsp;<\/p>\n","protected":false},"excerpt":{"rendered":"<p class=\"\" data-start=\"3127\" data-end=\"3609\">Mantenha-se refrescado em qualquer lugar com o nosso Copo Personalizado de 30 Oz! Com isolamento de parede dupla, este copo mant\u00e9m suas bebidas frias por horas e quentes por at\u00e9 6 horas. Perfeito para personalizar com o seu logotipo ou mensagem \u2013 \u00e9 uma excelente escolha para brindes corporativos, eventos ou presentes pessoais. Feito com a\u00e7o inoxid\u00e1vel de alta qualidade, \u00e9 dur\u00e1vel e ecol\u00f3gico. Fa\u00e7a j\u00e1 seu pedido em atacado e personalize seus copos para a pr\u00f3xima grande promo\u00e7\u00e3o!<\/p>\n<p class=\"\" data-start=\"3611\" data-end=\"3871\">\n","protected":false},"featured_media":19647,"template":"","meta":{"om_disable_all_campaigns":false},"product_brand":[],"product_cat":[311],"product_tag":[],"class_list":{"0":"post-19702","1":"product","2":"type-product","3":"status-publish","4":"has-post-thumbnail","6":"product_cat-copo","8":"first","9":"instock","10":"shipping-taxable","11":"product-type-simple"},"_links":{"self":[{"href":"https:\/\/www.cupssupplier.com\/pt-pt\/wp-json\/wp\/v2\/product\/19702","targetHints":{"allow":["GET"]}}],"collection":[{"href":"https:\/\/www.cupssupplier.com\/pt-pt\/wp-json\/wp\/v2\/product"}],"about":[{"href":"https:\/\/www.cupssupplier.com\/pt-pt\/wp-json\/wp\/v2\/types\/product"}],"wp:featuredmedia":[{"embeddable":true,"href":"https:\/\/www.cupssupplier.com\/pt-pt\/wp-json\/wp\/v2\/media\/19647"}],"wp:attachment":[{"href":"https:\/\/www.cupssupplier.com\/pt-pt\/wp-json\/wp\/v2\/media?parent=19702"}],"wp:term":[{"taxonomy":"product_brand","embeddable":true,"href":"https:\/\/www.cupssupplier.com\/pt-pt\/wp-json\/wp\/v2\/product_brand?post=19702"},{"taxonomy":"product_cat","embeddable":true,"href":"https:\/\/www.cupssupplier.com\/pt-pt\/wp-json\/wp\/v2\/product_cat?post=19702"},{"taxonomy":"product_tag","embeddable":true,"href":"https:\/\/www.cupssupplier.com\/pt-pt\/wp-json\/wp\/v2\/product_tag?post=19702"}],"curies":[{"name":"wp","href":"https:\/\/api.w.org\/{rel}","templated":true}]}}