{"id":19163,"date":"2025-02-24T04:16:08","date_gmt":"2025-02-24T09:16:08","guid":{"rendered":"https:\/\/www.cupssupplier.com\/product\/personalized-stainless-steel-coffee-travel-mugs\/"},"modified":"2025-05-03T03:35:57","modified_gmt":"2025-05-03T07:35:57","slug":"personalized-stainless-steel-coffee-travel-mugs","status":"publish","type":"product","link":"https:\/\/www.cupssupplier.com\/pt-pt\/personalized-stainless-steel-coffee-travel-mugs\/","title":{"rendered":"Canecas de Viagem em A\u00e7o Inoxid\u00e1vel Personalizadas"},"content":{"rendered":"<p class=\"\" data-start=\"5023\" data-end=\"5272\"><strong data-start=\"5023\" data-end=\"5108\">Canecas de Viagem em A\u00e7o Inoxid\u00e1vel Personalizadas \u2013 Personalizadas &amp; por Atacado<\/strong><br data-start=\"5108\" data-end=\"5111\" \/>Compre Canecas de Viagem Personalizadas \u2013 perfeitas para brindes corporativos, eventos ou uso di\u00e1rio! Personalize com o seu logotipo. Pe\u00e7a em atacado hoje mesmo!<\/p>\n<p class=\"\" data-start=\"5274\" data-end=\"5426\">As Canecas de Viagem em A\u00e7o Inoxid\u00e1vel Personalizadas combinam conveni\u00eancia, estilo e funcionalidade. Ideais para presentes, eventos ou seu caf\u00e9 di\u00e1rio:<\/p>\n<ul data-start=\"5428\" data-end=\"6025\">\n<li class=\"\" data-start=\"5428\" data-end=\"5525\">\n<p class=\"\" data-start=\"5430\" data-end=\"5525\"><strong data-start=\"5430\" data-end=\"5470\">Constru\u00e7\u00e3o em a\u00e7o inoxid\u00e1vel premium<\/strong>: Dur\u00e1veis, resistentes \u00e0 ferrugem e feitas para durar.<\/p>\n<\/li>\n<li class=\"\" data-start=\"5526\" data-end=\"5625\">\n<p class=\"\" data-start=\"5528\" data-end=\"5625\"><strong data-start=\"5528\" data-end=\"5555\">Reten\u00e7\u00e3o de temperatura<\/strong>: Mantenha sua bebida quente por at\u00e9 8 horas ou fria por at\u00e9 12 horas.<\/p>\n<\/li>\n<li class=\"\" data-start=\"5626\" data-end=\"5743\">\n<p class=\"\" data-start=\"5628\" data-end=\"5743\"><strong data-start=\"5628\" data-end=\"5653\">Design personaliz\u00e1vel<\/strong>: Adicione seu logotipo, design ou slogan \u2013 perfeito para brindes ou eventos corporativos.<\/p>\n<\/li>\n<li class=\"\" data-start=\"5744\" data-end=\"5825\">\n<p class=\"\" data-start=\"5746\" data-end=\"5825\"><strong data-start=\"5746\" data-end=\"5776\">Ecol\u00f3gicas e reutiliz\u00e1veis<\/strong>: Alternativa sustent\u00e1vel aos copos descart\u00e1veis.<\/p>\n<\/li>\n<li class=\"\" data-start=\"5826\" data-end=\"5916\">\n<p class=\"\" data-start=\"5828\" data-end=\"5916\"><strong data-start=\"5828\" data-end=\"5865\">\u00c0 prova de vazamentos e respingos<\/strong>: Tampa segura evita vazamentos mesmo em movimento.<\/p>\n<\/li>\n<li class=\"\" data-start=\"5917\" data-end=\"6025\">\n<p class=\"\" data-start=\"5919\" data-end=\"6025\"><strong data-start=\"5919\" data-end=\"5945\">Port\u00e1til e conveniente<\/strong>: Com al\u00e7a confort\u00e1vel e design compat\u00edvel com porta-copos \u2013 ideal para viagens.<\/p>\n<\/li>\n<\/ul>\n<p><img loading=\"lazy\" decoding=\"async\" class=\"aligncenter wp-image-16204 \" src=\"https:\/\/www.cupssupplier.com\/wp-content\/uploads\/2025\/02\/1-25.webp\" alt=\"personalized stainless steel coffee travel mugs\" width=\"750\" height=\"464\" srcset=\"https:\/\/www.cupssupplier.com\/wp-content\/uploads\/2025\/02\/1-25.webp 970w, https:\/\/www.cupssupplier.com\/wp-content\/uploads\/2025\/02\/1-25-300x186.webp 300w, https:\/\/www.cupssupplier.com\/wp-content\/uploads\/2025\/02\/1-25-768x475.webp 768w, https:\/\/www.cupssupplier.com\/wp-content\/uploads\/2025\/02\/1-25-600x371.webp 600w\" sizes=\"auto, (max-width: 750px) 100vw, 750px\" title=\"\"><img loading=\"lazy\" decoding=\"async\" class=\"wp-image-16205 size-full aligncenter\" src=\"https:\/\/www.cupssupplier.com\/wp-content\/uploads\/2025\/02\/2-26.webp\" alt=\"personalized stainless steel coffee travel mugs\" width=\"750\" height=\"750\" srcset=\"https:\/\/www.cupssupplier.com\/wp-content\/uploads\/2025\/02\/2-26.webp 750w, https:\/\/www.cupssupplier.com\/wp-content\/uploads\/2025\/02\/2-26-300x300.webp 300w, https:\/\/www.cupssupplier.com\/wp-content\/uploads\/2025\/02\/2-26-150x150.webp 150w, https:\/\/www.cupssupplier.com\/wp-content\/uploads\/2025\/02\/2-26-600x600.webp 600w, https:\/\/www.cupssupplier.com\/wp-content\/uploads\/2025\/02\/2-26-100x100.webp 100w\" sizes=\"auto, (max-width: 750px) 100vw, 750px\" title=\"\"><img loading=\"lazy\" decoding=\"async\" class=\"wp-image-16206 aligncenter\" src=\"https:\/\/www.cupssupplier.com\/wp-content\/uploads\/2025\/02\/3-27.webp\" alt=\"personalized stainless steel coffee travel mugs\" width=\"750\" height=\"750\" srcset=\"https:\/\/www.cupssupplier.com\/wp-content\/uploads\/2025\/02\/3-27.webp 800w, https:\/\/www.cupssupplier.com\/wp-content\/uploads\/2025\/02\/3-27-300x300.webp 300w, https:\/\/www.cupssupplier.com\/wp-content\/uploads\/2025\/02\/3-27-150x150.webp 150w, https:\/\/www.cupssupplier.com\/wp-content\/uploads\/2025\/02\/3-27-768x768.webp 768w, https:\/\/www.cupssupplier.com\/wp-content\/uploads\/2025\/02\/3-27-600x600.webp 600w, https:\/\/www.cupssupplier.com\/wp-content\/uploads\/2025\/02\/3-27-100x100.webp 100w\" sizes=\"auto, (max-width: 750px) 100vw, 750px\" title=\"\"><img loading=\"lazy\" decoding=\"async\" class=\"wp-image-16208 aligncenter\" src=\"https:\/\/www.cupssupplier.com\/wp-content\/uploads\/2025\/02\/5-20.webp\" alt=\"personalized stainless steel coffee travel mugs\" width=\"750\" height=\"750\" srcset=\"https:\/\/www.cupssupplier.com\/wp-content\/uploads\/2025\/02\/5-20.webp 800w, https:\/\/www.cupssupplier.com\/wp-content\/uploads\/2025\/02\/5-20-300x300.webp 300w, https:\/\/www.cupssupplier.com\/wp-content\/uploads\/2025\/02\/5-20-150x150.webp 150w, https:\/\/www.cupssupplier.com\/wp-content\/uploads\/2025\/02\/5-20-768x768.webp 768w, https:\/\/www.cupssupplier.com\/wp-content\/uploads\/2025\/02\/5-20-600x600.webp 600w, https:\/\/www.cupssupplier.com\/wp-content\/uploads\/2025\/02\/5-20-100x100.webp 100w\" sizes=\"auto, (max-width: 750px) 100vw, 750px\" title=\"\"><img loading=\"lazy\" decoding=\"async\" class=\"wp-image-16209 aligncenter\" src=\"https:\/\/www.cupssupplier.com\/wp-content\/uploads\/2025\/02\/6-17-1024x1024.webp\" alt=\"personalized stainless steel coffee travel mugs\" width=\"750\" height=\"750\" srcset=\"https:\/\/www.cupssupplier.com\/wp-content\/uploads\/2025\/02\/6-17-1024x1024.webp 1024w, https:\/\/www.cupssupplier.com\/wp-content\/uploads\/2025\/02\/6-17-300x300.webp 300w, https:\/\/www.cupssupplier.com\/wp-content\/uploads\/2025\/02\/6-17-150x150.webp 150w, https:\/\/www.cupssupplier.com\/wp-content\/uploads\/2025\/02\/6-17-768x768.webp 768w, https:\/\/www.cupssupplier.com\/wp-content\/uploads\/2025\/02\/6-17-600x600.webp 600w, https:\/\/www.cupssupplier.com\/wp-content\/uploads\/2025\/02\/6-17-100x100.webp 100w, https:\/\/www.cupssupplier.com\/wp-content\/uploads\/2025\/02\/6-17.webp 1200w\" sizes=\"auto, (max-width: 750px) 100vw, 750px\" title=\"\"><img loading=\"lazy\" decoding=\"async\" class=\"wp-image-16210 aligncenter\" src=\"https:\/\/www.cupssupplier.com\/wp-content\/uploads\/2025\/02\/7-1-1024x1024.webp\" alt=\"personalized stainless steel coffee travel mugs\" width=\"750\" height=\"750\" srcset=\"https:\/\/www.cupssupplier.com\/wp-content\/uploads\/2025\/02\/7-1-1024x1024.webp 1024w, https:\/\/www.cupssupplier.com\/wp-content\/uploads\/2025\/02\/7-1-300x300.webp 300w, https:\/\/www.cupssupplier.com\/wp-content\/uploads\/2025\/02\/7-1-150x150.webp 150w, https:\/\/www.cupssupplier.com\/wp-content\/uploads\/2025\/02\/7-1-768x768.webp 768w, https:\/\/www.cupssupplier.com\/wp-content\/uploads\/2025\/02\/7-1-600x600.webp 600w, https:\/\/www.cupssupplier.com\/wp-content\/uploads\/2025\/02\/7-1-100x100.webp 100w, https:\/\/www.cupssupplier.com\/wp-content\/uploads\/2025\/02\/7-1.webp 1500w\" sizes=\"auto, (max-width: 750px) 100vw, 750px\" title=\"\"><img loading=\"lazy\" decoding=\"async\" class=\"wp-image-16211 aligncenter\" src=\"https:\/\/www.cupssupplier.com\/wp-content\/uploads\/2025\/02\/8-1.webp\" alt=\"personalized stainless steel coffee travel mugs\" width=\"750\" height=\"750\" srcset=\"https:\/\/www.cupssupplier.com\/wp-content\/uploads\/2025\/02\/8-1.webp 800w, https:\/\/www.cupssupplier.com\/wp-content\/uploads\/2025\/02\/8-1-300x300.webp 300w, https:\/\/www.cupssupplier.com\/wp-content\/uploads\/2025\/02\/8-1-150x150.webp 150w, https:\/\/www.cupssupplier.com\/wp-content\/uploads\/2025\/02\/8-1-768x768.webp 768w, https:\/\/www.cupssupplier.com\/wp-content\/uploads\/2025\/02\/8-1-600x600.webp 600w, https:\/\/www.cupssupplier.com\/wp-content\/uploads\/2025\/02\/8-1-100x100.webp 100w\" sizes=\"auto, (max-width: 750px) 100vw, 750px\" title=\"\"><img loading=\"lazy\" decoding=\"async\" class=\"wp-image-16212 aligncenter\" src=\"https:\/\/www.cupssupplier.com\/wp-content\/uploads\/2025\/02\/10-1.webp\" alt=\"personalized stainless steel coffee travel mugs\" width=\"750\" height=\"750\" srcset=\"https:\/\/www.cupssupplier.com\/wp-content\/uploads\/2025\/02\/10-1.webp 800w, https:\/\/www.cupssupplier.com\/wp-content\/uploads\/2025\/02\/10-1-300x300.webp 300w, https:\/\/www.cupssupplier.com\/wp-content\/uploads\/2025\/02\/10-1-150x150.webp 150w, https:\/\/www.cupssupplier.com\/wp-content\/uploads\/2025\/02\/10-1-768x768.webp 768w, https:\/\/www.cupssupplier.com\/wp-content\/uploads\/2025\/02\/10-1-600x600.webp 600w, https:\/\/www.cupssupplier.com\/wp-content\/uploads\/2025\/02\/10-1-100x100.webp 100w\" sizes=\"auto, (max-width: 750px) 100vw, 750px\" title=\"\"><\/p>\n<p>&nbsp;<\/p>\n<p class=\"\" data-start=\"6027\" data-end=\"6206\">Ideal para empresas, caf\u00e9s, eventos ou quem busca um presente personalizado. Dispon\u00edvel por atacado com personaliza\u00e7\u00e3o. Fa\u00e7a seu pedido hoje para sua pr\u00f3xima campanha promocional!<\/p>\n","protected":false},"excerpt":{"rendered":"<p class=\"\" data-start=\"3653\" data-end=\"4217\">Projetadas para profissionais ocupados ou viajantes, essas canecas resistentes e elegantes mant\u00eam suas bebidas na temperatura ideal em movimento. Feitas com a\u00e7o inoxid\u00e1vel de alta qualidade, podem ser totalmente personalizadas com seu logotipo ou design. Seja para presentes corporativos, eventos ou uso pessoal, estas canecas s\u00e3o uma solu\u00e7\u00e3o estilosa e ecol\u00f3gica. Pe\u00e7a em grandes quantidades agora e personalize suas canecas para sua pr\u00f3xima campanha promocional!<\/p>\n","protected":false},"featured_media":19165,"template":"","meta":{"om_disable_all_campaigns":false},"product_brand":[],"product_cat":[311],"product_tag":[],"class_list":{"0":"post-19163","1":"product","2":"type-product","3":"status-publish","4":"has-post-thumbnail","6":"product_cat-copo","8":"first","9":"instock","10":"shipping-taxable","11":"product-type-simple"},"_links":{"self":[{"href":"https:\/\/www.cupssupplier.com\/pt-pt\/wp-json\/wp\/v2\/product\/19163","targetHints":{"allow":["GET"]}}],"collection":[{"href":"https:\/\/www.cupssupplier.com\/pt-pt\/wp-json\/wp\/v2\/product"}],"about":[{"href":"https:\/\/www.cupssupplier.com\/pt-pt\/wp-json\/wp\/v2\/types\/product"}],"wp:featuredmedia":[{"embeddable":true,"href":"https:\/\/www.cupssupplier.com\/pt-pt\/wp-json\/wp\/v2\/media\/19165"}],"wp:attachment":[{"href":"https:\/\/www.cupssupplier.com\/pt-pt\/wp-json\/wp\/v2\/media?parent=19163"}],"wp:term":[{"taxonomy":"product_brand","embeddable":true,"href":"https:\/\/www.cupssupplier.com\/pt-pt\/wp-json\/wp\/v2\/product_brand?post=19163"},{"taxonomy":"product_cat","embeddable":true,"href":"https:\/\/www.cupssupplier.com\/pt-pt\/wp-json\/wp\/v2\/product_cat?post=19163"},{"taxonomy":"product_tag","embeddable":true,"href":"https:\/\/www.cupssupplier.com\/pt-pt\/wp-json\/wp\/v2\/product_tag?post=19163"}],"curies":[{"name":"wp","href":"https:\/\/api.w.org\/{rel}","templated":true}]}}