{"id":18823,"date":"2025-02-26T03:40:37","date_gmt":"2025-02-26T08:40:37","guid":{"rendered":"https:\/\/www.cupssupplier.com\/product\/coffee-tumbler-with-straw\/"},"modified":"2025-04-24T02:02:26","modified_gmt":"2025-04-24T06:02:26","slug":"coffee-tumbler-with-straw","status":"publish","type":"product","link":"https:\/\/www.cupssupplier.com\/pt-pt\/coffee-tumbler-with-straw\/","title":{"rendered":"Copo de Caf\u00e9 com Canudo"},"content":{"rendered":"<h3 class=\"\" data-start=\"4026\" data-end=\"4101\"><strong data-start=\"4035\" data-end=\"4101\">Copo de Caf\u00e9 com Canudo \u2013 Isolado e Personalizado para Atacado<\/strong><\/h3>\n<p class=\"\" data-start=\"4103\" data-end=\"4382\">Atualize sua linha de produtos com o nosso Copo de Caf\u00e9 com Canudo: reutiliz\u00e1vel, estiloso e ecol\u00f3gico \u2013 perfeito para amantes de caf\u00e9 e empresas. Ideal para o dia a dia, viagens ou aventuras ao ar livre, mant\u00e9m a temperatura da bebida enquanto ajuda a reduzir o uso de pl\u00e1stico.<\/p>\n<p class=\"\" data-start=\"4384\" data-end=\"4415\"><strong data-start=\"4384\" data-end=\"4415\">Principais caracter\u00edsticas:<\/strong><\/p>\n<p class=\"\" data-start=\"4417\" data-end=\"4850\">\u2705 <strong data-start=\"4419\" data-end=\"4458\">Isolamento a v\u00e1cuo com parede dupla<\/strong> \u2013 Mant\u00e9m bebidas quentes por 6h e frias por 12h.<br data-start=\"4507\" data-end=\"4510\" \/>\u2705 <strong data-start=\"4512\" data-end=\"4538\">A\u00e7o inoxid\u00e1vel premium<\/strong> \u2013 Sem BPA, resistente \u00e0 ferrugem e dur\u00e1vel.<br data-start=\"4582\" data-end=\"4585\" \/>\u2705 <strong data-start=\"4587\" data-end=\"4640\">Tampa \u00e0 prova de vazamentos &amp; canudo reutiliz\u00e1vel<\/strong> \u2013 Sem sujeira ao beber em movimento.<br data-start=\"4677\" data-end=\"4680\" \/>\u2705 <strong data-start=\"4682\" data-end=\"4706\">Marca personaliz\u00e1vel<\/strong> \u2013 Adicione logotipos, textos ou design para promo\u00e7\u00e3o ou venda.<br data-start=\"4769\" data-end=\"4772\" \/>\u2705 <strong data-start=\"4774\" data-end=\"4801\">Ecol\u00f3gico &amp; sustent\u00e1vel<\/strong> \u2013 Alternativa reutiliz\u00e1vel a copos descart\u00e1veis.<\/p>\n<p><img loading=\"lazy\" decoding=\"async\" class=\"aligncenter wp-image-16249 size-full\" src=\"https:\/\/www.cupssupplier.com\/wp-content\/uploads\/2025\/02\/2-30.webp\" alt=\"coffee tumbler with straw\" width=\"800\" height=\"800\" srcset=\"https:\/\/www.cupssupplier.com\/wp-content\/uploads\/2025\/02\/2-30.webp 800w, https:\/\/www.cupssupplier.com\/wp-content\/uploads\/2025\/02\/2-30-300x300.webp 300w, https:\/\/www.cupssupplier.com\/wp-content\/uploads\/2025\/02\/2-30-150x150.webp 150w, https:\/\/www.cupssupplier.com\/wp-content\/uploads\/2025\/02\/2-30-768x768.webp 768w, https:\/\/www.cupssupplier.com\/wp-content\/uploads\/2025\/02\/2-30-600x600.webp 600w, https:\/\/www.cupssupplier.com\/wp-content\/uploads\/2025\/02\/2-30-100x100.webp 100w\" sizes=\"auto, (max-width: 800px) 100vw, 800px\" title=\"\"><img loading=\"lazy\" decoding=\"async\" class=\"aligncenter wp-image-16251 size-full\" src=\"https:\/\/www.cupssupplier.com\/wp-content\/uploads\/2025\/02\/4-26.webp\" alt=\"coffee tumbler with straw\" width=\"800\" height=\"800\" srcset=\"https:\/\/www.cupssupplier.com\/wp-content\/uploads\/2025\/02\/4-26.webp 800w, https:\/\/www.cupssupplier.com\/wp-content\/uploads\/2025\/02\/4-26-300x300.webp 300w, https:\/\/www.cupssupplier.com\/wp-content\/uploads\/2025\/02\/4-26-150x150.webp 150w, https:\/\/www.cupssupplier.com\/wp-content\/uploads\/2025\/02\/4-26-768x768.webp 768w, https:\/\/www.cupssupplier.com\/wp-content\/uploads\/2025\/02\/4-26-600x600.webp 600w, https:\/\/www.cupssupplier.com\/wp-content\/uploads\/2025\/02\/4-26-100x100.webp 100w\" sizes=\"auto, (max-width: 800px) 100vw, 800px\" title=\"\"><img loading=\"lazy\" decoding=\"async\" class=\"aligncenter wp-image-16253 size-full\" src=\"https:\/\/www.cupssupplier.com\/wp-content\/uploads\/2025\/02\/6-22.webp\" alt=\"coffee tumbler with straw\" width=\"800\" height=\"800\" srcset=\"https:\/\/www.cupssupplier.com\/wp-content\/uploads\/2025\/02\/6-22.webp 800w, https:\/\/www.cupssupplier.com\/wp-content\/uploads\/2025\/02\/6-22-300x300.webp 300w, https:\/\/www.cupssupplier.com\/wp-content\/uploads\/2025\/02\/6-22-150x150.webp 150w, https:\/\/www.cupssupplier.com\/wp-content\/uploads\/2025\/02\/6-22-768x768.webp 768w, https:\/\/www.cupssupplier.com\/wp-content\/uploads\/2025\/02\/6-22-600x600.webp 600w, https:\/\/www.cupssupplier.com\/wp-content\/uploads\/2025\/02\/6-22-100x100.webp 100w\" sizes=\"auto, (max-width: 800px) 100vw, 800px\" title=\"\"><img loading=\"lazy\" decoding=\"async\" class=\"aligncenter wp-image-16252 size-full\" src=\"https:\/\/www.cupssupplier.com\/wp-content\/uploads\/2025\/02\/5-24.webp\" alt=\"coffee tumbler with straw\" width=\"800\" height=\"800\" srcset=\"https:\/\/www.cupssupplier.com\/wp-content\/uploads\/2025\/02\/5-24.webp 800w, https:\/\/www.cupssupplier.com\/wp-content\/uploads\/2025\/02\/5-24-300x300.webp 300w, https:\/\/www.cupssupplier.com\/wp-content\/uploads\/2025\/02\/5-24-150x150.webp 150w, https:\/\/www.cupssupplier.com\/wp-content\/uploads\/2025\/02\/5-24-768x768.webp 768w, https:\/\/www.cupssupplier.com\/wp-content\/uploads\/2025\/02\/5-24-600x600.webp 600w, https:\/\/www.cupssupplier.com\/wp-content\/uploads\/2025\/02\/5-24-100x100.webp 100w\" sizes=\"auto, (max-width: 800px) 100vw, 800px\" title=\"\"><\/p>\n<p class=\"\" data-start=\"4852\" data-end=\"4933\">Ideal para cafeterias, marcas fitness, brindes corporativos e a\u00e7\u00f5es promocionais.<\/p>\n<p class=\"\" data-start=\"4935\" data-end=\"5033\">\ud83d\ude80 <strong data-start=\"4938\" data-end=\"5030\">Dispon\u00edvel para atacado &amp; personaliza\u00e7\u00e3o \u2013 Pe\u00e7a agora seus Copos de Caf\u00e9 Personalizados!<\/strong> \ud83d\ude80<\/p>\n","protected":false},"excerpt":{"rendered":"<p>Beba suas bebidas favoritas com estilo usando nosso copo de caf\u00e9 com canudo. Com design voltado para praticidade e sustentabilidade, sua parede dupla mant\u00e9m as bebidas quentes por 6 horas e frias por 12 horas. A estrutura em a\u00e7o inoxid\u00e1vel garante durabilidade, enquanto a tampa \u00e0 prova de vazamentos e o canudo reutiliz\u00e1vel o tornam ideal para quem est\u00e1 sempre em movimento. Personalize com seu logotipo, nome da marca ou design \u2013 perfeito para brindes corporativos, a\u00e7\u00f5es promocionais ou venda no varejo. Fa\u00e7a seu pedido em atacado hoje mesmo!<\/p>\n","protected":false},"featured_media":18824,"template":"","meta":{"om_disable_all_campaigns":false},"product_brand":[],"product_cat":[311],"product_tag":[],"class_list":{"0":"post-18823","1":"product","2":"type-product","3":"status-publish","4":"has-post-thumbnail","6":"product_cat-copo","8":"first","9":"instock","10":"shipping-taxable","11":"product-type-simple"},"_links":{"self":[{"href":"https:\/\/www.cupssupplier.com\/pt-pt\/wp-json\/wp\/v2\/product\/18823","targetHints":{"allow":["GET"]}}],"collection":[{"href":"https:\/\/www.cupssupplier.com\/pt-pt\/wp-json\/wp\/v2\/product"}],"about":[{"href":"https:\/\/www.cupssupplier.com\/pt-pt\/wp-json\/wp\/v2\/types\/product"}],"wp:featuredmedia":[{"embeddable":true,"href":"https:\/\/www.cupssupplier.com\/pt-pt\/wp-json\/wp\/v2\/media\/18824"}],"wp:attachment":[{"href":"https:\/\/www.cupssupplier.com\/pt-pt\/wp-json\/wp\/v2\/media?parent=18823"}],"wp:term":[{"taxonomy":"product_brand","embeddable":true,"href":"https:\/\/www.cupssupplier.com\/pt-pt\/wp-json\/wp\/v2\/product_brand?post=18823"},{"taxonomy":"product_cat","embeddable":true,"href":"https:\/\/www.cupssupplier.com\/pt-pt\/wp-json\/wp\/v2\/product_cat?post=18823"},{"taxonomy":"product_tag","embeddable":true,"href":"https:\/\/www.cupssupplier.com\/pt-pt\/wp-json\/wp\/v2\/product_tag?post=18823"}],"curies":[{"name":"wp","href":"https:\/\/api.w.org\/{rel}","templated":true}]}}