{"id":17771,"date":"2025-03-03T00:24:10","date_gmt":"2025-03-03T05:24:10","guid":{"rendered":"https:\/\/www.cupssupplier.com\/product\/cute-stainless-steel-tumbler-with-straw\/"},"modified":"2025-04-20T03:14:50","modified_gmt":"2025-04-20T07:14:50","slug":"cute-stainless-steel-tumbler-with-straw","status":"publish","type":"product","link":"https:\/\/www.cupssupplier.com\/pt-pt\/cute-stainless-steel-tumbler-with-straw\/","title":{"rendered":"Copo Fofo em A\u00e7o Inoxid\u00e1vel com Canudo"},"content":{"rendered":"<h3 class=\"\" data-start=\"3168\" data-end=\"3221\"><strong data-start=\"3177\" data-end=\"3219\">Copo Fofo em A\u00e7o Inoxid\u00e1vel com Canudo<\/strong><\/h3>\n<p class=\"\" data-start=\"3222\" data-end=\"3269\"><strong data-start=\"3222\" data-end=\"3269\">Qualidade Premium &amp; Isolamento Incompar\u00e1vel<\/strong><\/p>\n<p class=\"\" data-start=\"3271\" data-end=\"3499\">Produzido com a\u00e7o inoxid\u00e1vel 18\/8 de alta qualidade, este copo oferece durabilidade excepcional e reten\u00e7\u00e3o superior de temperatura. Com sua constru\u00e7\u00e3o tripla com isolamento a v\u00e1cuo, suas bebidas ficam quentes ou frias por horas.<\/p>\n<p class=\"\" data-start=\"3501\" data-end=\"3540\"><strong data-start=\"3501\" data-end=\"3540\">Design Inteligente para o Dia a Dia<\/strong><\/p>\n<p class=\"\" data-start=\"3542\" data-end=\"3856\">\u2705 <strong data-start=\"3544\" data-end=\"3563\">Al\u00e7a Ergon\u00f4mica<\/strong>: F\u00e1cil de segurar e transportar\u2014ideal para hidrata\u00e7\u00e3o em movimento.<br data-start=\"3631\" data-end=\"3634\" \/>\u2705 <strong data-start=\"3636\" data-end=\"3675\">Tampa \u00e0 Prova de Vazamento &amp; Canudo<\/strong>: A tampa flip-top evita derramamentos e o canudo remov\u00edvel proporciona uma experi\u00eancia suave ao beber.<br data-start=\"3778\" data-end=\"3781\" \/>\u2705 <strong data-start=\"3783\" data-end=\"3802\">F\u00e1cil de Limpar<\/strong>: Acompanha escova de limpeza para manuten\u00e7\u00e3o pr\u00e1tica.<\/p>\n<p class=\"\" data-start=\"3858\" data-end=\"3898\"><strong data-start=\"3858\" data-end=\"3898\">Seguro, Sustent\u00e1vel e Personaliz\u00e1vel<\/strong><\/p>\n<p class=\"\" data-start=\"3900\" data-end=\"4202\">\ud83d\udd39 Livre de BPA, sem chumbo e certificado CA65 para um uso tranquilo.<br data-start=\"3969\" data-end=\"3972\" \/>\ud83d\udd39 F\u00e1brica auditada (BSCI, SEDEX, ISO9001, ISO14001, OHSAS18001) para fabrica\u00e7\u00e3o respons\u00e1vel.<br data-start=\"4065\" data-end=\"4068\" \/>\ud83d\udd39 Dispon\u00edvel em todas as cores personalizadas com op\u00e7\u00f5es de logotipo (revestimento em p\u00f3, impress\u00e3o UV, impress\u00e3o por transfer\u00eancia).<\/p>\n<p><img loading=\"lazy\" decoding=\"async\" class=\"aligncenter wp-image-16435 size-full\" src=\"https:\/\/www.cupssupplier.com\/wp-content\/uploads\/2025\/03\/1-4.webp\" alt=\"cute stainless steel tumbler with straw\" width=\"750\" height=\"2068\" srcset=\"https:\/\/www.cupssupplier.com\/wp-content\/uploads\/2025\/03\/1-4.webp 750w, https:\/\/www.cupssupplier.com\/wp-content\/uploads\/2025\/03\/1-4-109x300.webp 109w, https:\/\/www.cupssupplier.com\/wp-content\/uploads\/2025\/03\/1-4-371x1024.webp 371w, https:\/\/www.cupssupplier.com\/wp-content\/uploads\/2025\/03\/1-4-557x1536.webp 557w, https:\/\/www.cupssupplier.com\/wp-content\/uploads\/2025\/03\/1-4-743x2048.webp 743w, https:\/\/www.cupssupplier.com\/wp-content\/uploads\/2025\/03\/1-4-300x827.webp 300w, https:\/\/www.cupssupplier.com\/wp-content\/uploads\/2025\/03\/1-4-600x1654.webp 600w\" sizes=\"auto, (max-width: 750px) 100vw, 750px\" title=\"\"><\/p>\n<p><img loading=\"lazy\" decoding=\"async\" class=\"aligncenter wp-image-16436 size-full\" src=\"https:\/\/www.cupssupplier.com\/wp-content\/uploads\/2025\/03\/2-4.webp\" alt=\"cute stainless steel tumbler with straw\" width=\"750\" height=\"2424\" srcset=\"https:\/\/www.cupssupplier.com\/wp-content\/uploads\/2025\/03\/2-4.webp 750w, https:\/\/www.cupssupplier.com\/wp-content\/uploads\/2025\/03\/2-4-93x300.webp 93w, https:\/\/www.cupssupplier.com\/wp-content\/uploads\/2025\/03\/2-4-317x1024.webp 317w, https:\/\/www.cupssupplier.com\/wp-content\/uploads\/2025\/03\/2-4-475x1536.webp 475w, https:\/\/www.cupssupplier.com\/wp-content\/uploads\/2025\/03\/2-4-634x2048.webp 634w, https:\/\/www.cupssupplier.com\/wp-content\/uploads\/2025\/03\/2-4-300x970.webp 300w, https:\/\/www.cupssupplier.com\/wp-content\/uploads\/2025\/03\/2-4-600x1939.webp 600w\" sizes=\"auto, (max-width: 750px) 100vw, 750px\" title=\"\"><\/p>\n<p><img loading=\"lazy\" decoding=\"async\" class=\"wp-image-16437 size-full aligncenter\" src=\"https:\/\/www.cupssupplier.com\/wp-content\/uploads\/2025\/03\/3-5-e1740982899561.webp\" alt=\"cute stainless steel tumbler with straw\" width=\"748\" height=\"2466\" srcset=\"https:\/\/www.cupssupplier.com\/wp-content\/uploads\/2025\/03\/3-5-e1740982899561.webp 748w, https:\/\/www.cupssupplier.com\/wp-content\/uploads\/2025\/03\/3-5-e1740982899561-91x300.webp 91w, https:\/\/www.cupssupplier.com\/wp-content\/uploads\/2025\/03\/3-5-e1740982899561-311x1024.webp 311w, https:\/\/www.cupssupplier.com\/wp-content\/uploads\/2025\/03\/3-5-e1740982899561-466x1536.webp 466w, https:\/\/www.cupssupplier.com\/wp-content\/uploads\/2025\/03\/3-5-e1740982899561-621x2048.webp 621w, https:\/\/www.cupssupplier.com\/wp-content\/uploads\/2025\/03\/3-5-e1740982899561-300x989.webp 300w, https:\/\/www.cupssupplier.com\/wp-content\/uploads\/2025\/03\/3-5-e1740982899561-600x1978.webp 600w\" sizes=\"auto, (max-width: 748px) 100vw, 748px\" title=\"\"><\/p>\n<p class=\"\" data-start=\"4204\" data-end=\"4253\"><strong data-start=\"4204\" data-end=\"4253\">Perfeito para Atacado &amp; Marcas Personalizadas<\/strong><\/p>\n<p class=\"\" data-start=\"4255\" data-end=\"4407\">Procurando o copo promocional ideal? Este copo personaliz\u00e1vel \u00e9 perfeito para brindes corporativos, marcas de varejo, cafeterias e eventos promocionais.<\/p>\n<p class=\"\" data-start=\"4409\" data-end=\"4498\">\ud83d\udce9 <strong data-start=\"4412\" data-end=\"4498\">Entre em contato conosco para pedidos em grande volume e op\u00e7\u00f5es de personaliza\u00e7\u00e3o!<\/strong><\/p>\n","protected":false},"excerpt":{"rendered":"<p>Fique elegante e hidratado com este lindo copo em a\u00e7o inox! Com isolamento a v\u00e1cuo triplo, mant\u00e9m bebidas quentes por at\u00e9 12 horas e frias por at\u00e9 24 horas. A al\u00e7a ergon\u00f4mica, a tampa \u00e0 prova de vazamento e o canudo reutiliz\u00e1vel tornam-no perfeito para uso di\u00e1rio. Personalize com as cores e o logotipo da sua marca\u2014ideal para brindes e pedidos em atacado!<\/p>\n","protected":false},"featured_media":17773,"template":"","meta":{"om_disable_all_campaigns":false},"product_brand":[],"product_cat":[311],"product_tag":[],"class_list":{"0":"post-17771","1":"product","2":"type-product","3":"status-publish","4":"has-post-thumbnail","6":"product_cat-copo","8":"first","9":"instock","10":"shipping-taxable","11":"product-type-simple"},"_links":{"self":[{"href":"https:\/\/www.cupssupplier.com\/pt-pt\/wp-json\/wp\/v2\/product\/17771","targetHints":{"allow":["GET"]}}],"collection":[{"href":"https:\/\/www.cupssupplier.com\/pt-pt\/wp-json\/wp\/v2\/product"}],"about":[{"href":"https:\/\/www.cupssupplier.com\/pt-pt\/wp-json\/wp\/v2\/types\/product"}],"wp:featuredmedia":[{"embeddable":true,"href":"https:\/\/www.cupssupplier.com\/pt-pt\/wp-json\/wp\/v2\/media\/17773"}],"wp:attachment":[{"href":"https:\/\/www.cupssupplier.com\/pt-pt\/wp-json\/wp\/v2\/media?parent=17771"}],"wp:term":[{"taxonomy":"product_brand","embeddable":true,"href":"https:\/\/www.cupssupplier.com\/pt-pt\/wp-json\/wp\/v2\/product_brand?post=17771"},{"taxonomy":"product_cat","embeddable":true,"href":"https:\/\/www.cupssupplier.com\/pt-pt\/wp-json\/wp\/v2\/product_cat?post=17771"},{"taxonomy":"product_tag","embeddable":true,"href":"https:\/\/www.cupssupplier.com\/pt-pt\/wp-json\/wp\/v2\/product_tag?post=17771"}],"curies":[{"name":"wp","href":"https:\/\/api.w.org\/{rel}","templated":true}]}}