{"id":17690,"date":"2025-03-03T02:14:19","date_gmt":"2025-03-03T07:14:19","guid":{"rendered":"https:\/\/www.cupssupplier.com\/product\/custom-12-oz-stainless-steel-tumblers\/"},"modified":"2025-04-20T02:16:56","modified_gmt":"2025-04-20T06:16:56","slug":"custom-12-oz-stainless-steel-tumblers","status":"publish","type":"product","link":"https:\/\/www.cupssupplier.com\/pt-pt\/custom-12-oz-stainless-steel-tumblers\/","title":{"rendered":"Copos T\u00e9rmicos Personalizados de A\u00e7o Inoxid\u00e1vel de 12 oz"},"content":{"rendered":"<h3 class=\"\" data-start=\"26\" data-end=\"132\"><strong data-start=\"35\" data-end=\"132\">Copos T\u00e9rmicos Personalizados de A\u00e7o Inoxid\u00e1vel de 12 oz \u2013 Tripla Camada &amp; Isolamento a V\u00e1cuo<\/strong><\/h3>\n<p class=\"\" data-start=\"134\" data-end=\"607\">Nosso copo t\u00e9rmico de 12 oz em a\u00e7o inoxid\u00e1vel possui um design moderno e sofisticado, com acabamento fosco suave e uma elegante faixa decorativa bicolor na tampa. A tampa multifuncional inclui uma al\u00e7a segura para f\u00e1cil transporte e uma abertura \u00e0 prova de respingos para beber com praticidade. O interior em a\u00e7o inox polido garante durabilidade e facilidade na limpeza. Acompanha uma embalagem branca minimalista e elegante \u2014 perfeita para presentes ou exposi\u00e7\u00e3o em lojas.<\/p>\n<p class=\"\" data-start=\"609\" data-end=\"862\">Eleve sua linha de produtos com nossos copos t\u00e9rmicos premium de 12 oz, projetados para oferecer desempenho t\u00e9rmico excepcional e um visual sofisticado. Fabricados com a\u00e7o inoxid\u00e1vel 18\/8 de alta qualidade, s\u00e3o resistentes \u00e0 ferrugem, corros\u00e3o e odores.<\/p>\n<p class=\"\" data-start=\"864\" data-end=\"894\"><strong data-start=\"864\" data-end=\"892\">Design &amp; Personaliza\u00e7\u00e3o:<\/strong><\/p>\n<ul data-start=\"895\" data-end=\"1387\">\n<li class=\"\" data-start=\"895\" data-end=\"967\">\n<p class=\"\" data-start=\"897\" data-end=\"967\">Capacidade: 350 ml \/ 12 oz \u2013 ideal para caf\u00e9, ch\u00e1, smoothies ou \u00e1gua<\/p>\n<\/li>\n<li class=\"\" data-start=\"968\" data-end=\"1063\">\n<p class=\"\" data-start=\"970\" data-end=\"1063\">Material: A\u00e7o inoxid\u00e1vel 18\/8 de grau aliment\u00edcio (livre de BPA, sem chumbo, conforme CA65)<\/p>\n<\/li>\n<li class=\"\" data-start=\"1064\" data-end=\"1148\">\n<p class=\"\" data-start=\"1066\" data-end=\"1148\">Tampa: \u00c0 prova de respingos, com al\u00e7a ergon\u00f4mica e orif\u00edcio para beber integrado<\/p>\n<\/li>\n<li class=\"\" data-start=\"1149\" data-end=\"1291\">\n<p class=\"\" data-start=\"1151\" data-end=\"1291\">Op\u00e7\u00f5es de Acabamento &amp; Logotipo: Impress\u00e3o por transfer\u00eancia de papel, transfer\u00eancia de \u00e1gua ou impress\u00e3o UV para um visual de alto padr\u00e3o<\/p>\n<\/li>\n<li class=\"\" data-start=\"1292\" data-end=\"1387\">\n<p class=\"\" data-start=\"1294\" data-end=\"1387\">Cores Personalizadas: Dispon\u00edveis em todas as cores para combinar com a est\u00e9tica da sua marca<\/p>\n<\/li>\n<\/ul>\n<p class=\"\" data-start=\"1389\" data-end=\"1430\"><strong data-start=\"1389\" data-end=\"1428\">Certifica\u00e7\u00f5es &amp; Padr\u00f5es de F\u00e1brica:<\/strong><\/p>\n<ul data-start=\"1431\" data-end=\"1576\">\n<li class=\"\" data-start=\"1431\" data-end=\"1508\">\n<p class=\"\" data-start=\"1433\" data-end=\"1508\">Produzido conforme os padr\u00f5es BSCI, SEDEX, ISO9001, ISO14001 e OHSAS18001<\/p>\n<\/li>\n<li class=\"\" data-start=\"1509\" data-end=\"1576\">\n<p class=\"\" data-start=\"1511\" data-end=\"1576\">Certifica\u00e7\u00f5es: LFGB, livre de BPA, livre de chumbo, conforme CA65<\/p>\n<\/li>\n<\/ul>\n<p class=\"\" data-start=\"1578\" data-end=\"1733\">Perfeitos para empresas, eventos promocionais ou pontos de venda, nossos copos oferecem funcionalidade com uma oportunidade elegante de promover sua marca.<\/p>\n<div class=\"attribute-item\"><\/div>\n<div class=\"attribute-item\">\n<div class=\"right\" data-spm-anchor-id=\"a2700.details.0.i86.3fd03ca5BSHr37\">\n<table style=\"border-collapse: collapse; width: 1128px; height: 569px;\" border=\"0\" width=\"837\" cellspacing=\"0\" cellpadding=\"0\">\n<tbody>\n<tr style=\"height: 44.00pt;\">\n<td class=\"et2\" style=\"height: 44.00pt; width: 134.25pt;\" width=\"179\" height=\"58\">Material:<\/td>\n<td class=\"et2\" style=\"width: 493.50pt;\" width=\"658\">A\u00e7o inoxid\u00e1vel 304 18\/8, tampa de PP<\/td>\n<\/tr>\n<tr style=\"height: 44.00pt;\">\n<td class=\"et2\" style=\"height: 44.00pt; width: 134.25pt;\" width=\"179\" height=\"58\">Acess\u00f3rios:<\/td>\n<td class=\"et2\" style=\"width: 493.50pt;\" width=\"658\">Tampa, al\u00e7a, bot\u00e3o, al\u00e7a de transporte, prote\u00e7\u00e3o inferior, capa<\/td>\n<\/tr>\n<tr style=\"height: 44.00pt;\">\n<td class=\"et2\" style=\"height: 44.00pt; width: 134.25pt;\" width=\"179\" height=\"58\">Embalagem:<\/td>\n<td class=\"et2\" style=\"width: 493.50pt;\" width=\"658\">\u00a0Caixa colorida personalizada, caixa com janela, caixa de exposi\u00e7\u00e3o<\/td>\n<\/tr>\n<tr style=\"height: 44.00pt;\">\n<td class=\"et2\" style=\"height: 44.00pt; width: 134.25pt;\" width=\"179\" height=\"58\">OEM\/ODM:<\/td>\n<td class=\"et2\" style=\"width: 493.50pt;\" width=\"658\">Bem-vindos \u2013 mais de 30 designers<\/td>\n<\/tr>\n<tr style=\"height: 44.00pt;\">\n<td class=\"et2\" style=\"height: 44.00pt; width: 134.25pt;\" width=\"179\" height=\"58\">Uso:<\/td>\n<td class=\"et2\" style=\"width: 493.50pt;\" width=\"658\">\u00c1gua, vinho, cerveja, ch\u00e1, caf\u00e9 \u2013 isolamento a v\u00e1cuo t\u00e9rmico<\/td>\n<\/tr>\n<tr style=\"height: 44.00pt;\">\n<td class=\"et2\" style=\"height: 44.00pt; width: 134.25pt;\" width=\"179\" height=\"58\">Seguran\u00e7a:<\/td>\n<td class=\"et2\" style=\"width: 493.50pt;\" width=\"658\">Livre de BPA, grau aliment\u00edcio, n\u00e3o t\u00f3xico, sem odor<\/td>\n<\/tr>\n<tr style=\"height: 44.00pt;\">\n<td class=\"et2\" style=\"height: 44.00pt; width: 134.25pt;\" width=\"179\" height=\"58\">Formato:<\/td>\n<td class=\"et2\" style=\"width: 493.50pt;\" width=\"658\">Design com pegada ergon\u00f4mica<\/td>\n<\/tr>\n<tr style=\"height: 44.00pt;\">\n<td class=\"et2\" style=\"height: 44.00pt; width: 134.25pt;\" width=\"179\" height=\"58\">Caracter\u00edsticas:<\/td>\n<td class=\"et2\" style=\"width: 493.50pt;\" width=\"658\">Isolado, t\u00e9rmico, reutiliz\u00e1vel, \u00e0 prova de vazamentos, ecol\u00f3gico<\/td>\n<\/tr>\n<\/tbody>\n<\/table>\n<\/div>\n<\/div>\n<p>&nbsp;<\/p>\n<p><img loading=\"lazy\" decoding=\"async\" class=\"aligncenter wp-image-16452 size-full\" src=\"https:\/\/www.cupssupplier.com\/wp-content\/uploads\/2025\/03\/2-7.webp\" alt=\"custom 12 oz stainless steel tumblers\" width=\"750\" height=\"2817\" srcset=\"https:\/\/www.cupssupplier.com\/wp-content\/uploads\/2025\/03\/2-7.webp 750w, https:\/\/www.cupssupplier.com\/wp-content\/uploads\/2025\/03\/2-7-80x300.webp 80w, https:\/\/www.cupssupplier.com\/wp-content\/uploads\/2025\/03\/2-7-273x1024.webp 273w, https:\/\/www.cupssupplier.com\/wp-content\/uploads\/2025\/03\/2-7-409x1536.webp 409w, https:\/\/www.cupssupplier.com\/wp-content\/uploads\/2025\/03\/2-7-545x2048.webp 545w, https:\/\/www.cupssupplier.com\/wp-content\/uploads\/2025\/03\/2-7-300x1127.webp 300w, https:\/\/www.cupssupplier.com\/wp-content\/uploads\/2025\/03\/2-7-600x2254.webp 600w\" sizes=\"auto, (max-width: 750px) 100vw, 750px\" title=\"\"><\/p>\n<p><img loading=\"lazy\" decoding=\"async\" class=\"wp-image-16453 size-full aligncenter\" src=\"https:\/\/www.cupssupplier.com\/wp-content\/uploads\/2025\/03\/3-7.webp\" alt=\"custom 12 oz stainless steel tumblers\" width=\"750\" height=\"2994\" srcset=\"https:\/\/www.cupssupplier.com\/wp-content\/uploads\/2025\/03\/3-7.webp 750w, https:\/\/www.cupssupplier.com\/wp-content\/uploads\/2025\/03\/3-7-75x300.webp 75w, https:\/\/www.cupssupplier.com\/wp-content\/uploads\/2025\/03\/3-7-385x1536.webp 385w, https:\/\/www.cupssupplier.com\/wp-content\/uploads\/2025\/03\/3-7-513x2048.webp 513w, https:\/\/www.cupssupplier.com\/wp-content\/uploads\/2025\/03\/3-7-300x1198.webp 300w, https:\/\/www.cupssupplier.com\/wp-content\/uploads\/2025\/03\/3-7-600x2395.webp 600w\" sizes=\"auto, (max-width: 750px) 100vw, 750px\" title=\"\"> <img loading=\"lazy\" decoding=\"async\" class=\"wp-image-16454 size-full aligncenter\" src=\"https:\/\/www.cupssupplier.com\/wp-content\/uploads\/2025\/03\/4-6-e1740985762187.webp\" alt=\"custom 12 oz stainless steel tumblers\" width=\"750\" height=\"2924\" srcset=\"https:\/\/www.cupssupplier.com\/wp-content\/uploads\/2025\/03\/4-6-e1740985762187.webp 750w, https:\/\/www.cupssupplier.com\/wp-content\/uploads\/2025\/03\/4-6-e1740985762187-77x300.webp 77w, https:\/\/www.cupssupplier.com\/wp-content\/uploads\/2025\/03\/4-6-e1740985762187-263x1024.webp 263w, https:\/\/www.cupssupplier.com\/wp-content\/uploads\/2025\/03\/4-6-e1740985762187-394x1536.webp 394w, https:\/\/www.cupssupplier.com\/wp-content\/uploads\/2025\/03\/4-6-e1740985762187-525x2048.webp 525w, https:\/\/www.cupssupplier.com\/wp-content\/uploads\/2025\/03\/4-6-e1740985762187-300x1170.webp 300w, https:\/\/www.cupssupplier.com\/wp-content\/uploads\/2025\/03\/4-6-e1740985762187-600x2339.webp 600w\" sizes=\"auto, (max-width: 750px) 100vw, 750px\" title=\"\"><\/p>\n<p data-pm-slice=\"1 1 []\">Procurando por drinkware premium para o seu neg\u00f3cio ou marca? Encomendas no atacado e personalizadas dispon\u00edveis! Fale conosco hoje mesmo para criar seus pr\u00f3prios copos de a\u00e7o inox com logotipo e impressionar seus clientes com qualidade e estilo.<\/p>\n","protected":false},"excerpt":{"rendered":"<p data-pm-slice=\"1 1 []\">Viva a combina\u00e7\u00e3o perfeita de estilo e funcionalidade com nossos copos personalizados de 12 oz em a\u00e7o inoxid\u00e1vel. Com estrutura tripla e isolamento a v\u00e1cuo, mant\u00eam suas bebidas quentes por at\u00e9 12 horas e frias por 24 horas. Dispon\u00edveis em v\u00e1rias cores e personaliz\u00e1veis com sua marca, s\u00e3o ideais para o uso di\u00e1rio, viagens ou brindes corporativos.<\/p>\n","protected":false},"featured_media":17691,"template":"","meta":{"om_disable_all_campaigns":false},"product_brand":[],"product_cat":[311],"product_tag":[],"class_list":{"0":"post-17690","1":"product","2":"type-product","3":"status-publish","4":"has-post-thumbnail","6":"product_cat-copo","8":"first","9":"instock","10":"shipping-taxable","11":"product-type-simple"},"_links":{"self":[{"href":"https:\/\/www.cupssupplier.com\/pt-pt\/wp-json\/wp\/v2\/product\/17690","targetHints":{"allow":["GET"]}}],"collection":[{"href":"https:\/\/www.cupssupplier.com\/pt-pt\/wp-json\/wp\/v2\/product"}],"about":[{"href":"https:\/\/www.cupssupplier.com\/pt-pt\/wp-json\/wp\/v2\/types\/product"}],"wp:featuredmedia":[{"embeddable":true,"href":"https:\/\/www.cupssupplier.com\/pt-pt\/wp-json\/wp\/v2\/media\/17691"}],"wp:attachment":[{"href":"https:\/\/www.cupssupplier.com\/pt-pt\/wp-json\/wp\/v2\/media?parent=17690"}],"wp:term":[{"taxonomy":"product_brand","embeddable":true,"href":"https:\/\/www.cupssupplier.com\/pt-pt\/wp-json\/wp\/v2\/product_brand?post=17690"},{"taxonomy":"product_cat","embeddable":true,"href":"https:\/\/www.cupssupplier.com\/pt-pt\/wp-json\/wp\/v2\/product_cat?post=17690"},{"taxonomy":"product_tag","embeddable":true,"href":"https:\/\/www.cupssupplier.com\/pt-pt\/wp-json\/wp\/v2\/product_tag?post=17690"}],"curies":[{"name":"wp","href":"https:\/\/api.w.org\/{rel}","templated":true}]}}