{"id":16986,"date":"2025-03-14T01:15:56","date_gmt":"2025-03-14T05:15:56","guid":{"rendered":"https:\/\/www.cupssupplier.com\/product\/wholesale-outdoor-stainless-steel-water-bottle\/"},"modified":"2025-04-16T00:04:41","modified_gmt":"2025-04-16T04:04:41","slug":"wholesale-outdoor-stainless-steel-water-bottle","status":"publish","type":"product","link":"https:\/\/www.cupssupplier.com\/pt-pt\/wholesale-outdoor-stainless-steel-water-bottle\/","title":{"rendered":"Garrafa de \u00e1gua de a\u00e7o inoxid\u00e1vel para exterior por atacado"},"content":{"rendered":"<p data-start=\"1642\" data-end=\"2031\">Garrafa de \u00e1gua de a\u00e7o inoxid\u00e1vel para exterior por atacado\uff1a<\/p>\n<p class=\"\" data-start=\"5552\" data-end=\"5807\">Tenha hidrata\u00e7\u00e3o superior com nossa garrafa em a\u00e7o inoxid\u00e1vel, ideal para estilos de vida ativos e condi\u00e7\u00f5es extremas. Seja em trilhas ou no dia a dia, a garrafa mant\u00e9m a temperatura ideal com isolamento a v\u00e1cuo de parede dupla.<\/p>\n<p class=\"\" data-start=\"5809\" data-end=\"6089\"><strong data-start=\"5809\" data-end=\"5840\">Principais caracter\u00edsticas:<\/strong><br data-start=\"5840\" data-end=\"5843\" \/>\u2705 A\u00e7o inoxid\u00e1vel 304 de grau aliment\u00edcio<br data-start=\"5883\" data-end=\"5886\" \/>\u2705 Isolamento a v\u00e1cuo \u2013 frio por 24h \/ quente por 12h<br data-start=\"5938\" data-end=\"5941\" \/>\u2705 Tampa \u00e0 prova de vazamentos<br data-start=\"5970\" data-end=\"5973\" \/>\u2705 Acabamento resistente a riscos<br data-start=\"6005\" data-end=\"6008\" \/>\u2705 Personaliza\u00e7\u00e3o com impress\u00e3o, laser ou logotipo 3D<br data-start=\"6060\" data-end=\"6063\" \/>\u2705 Ecol\u00f3gica e livre de BPA<\/p>\n<p><img loading=\"lazy\" decoding=\"async\" class=\"wp-image-16579 size-full aligncenter\" src=\"https:\/\/www.cupssupplier.com\/wp-content\/uploads\/2025\/03\/4-20.webp\" alt=\"wholesale outdoor stainless steel water bottle\" width=\"800\" height=\"800\" srcset=\"https:\/\/www.cupssupplier.com\/wp-content\/uploads\/2025\/03\/4-20.webp 800w, https:\/\/www.cupssupplier.com\/wp-content\/uploads\/2025\/03\/4-20-300x300.webp 300w, https:\/\/www.cupssupplier.com\/wp-content\/uploads\/2025\/03\/4-20-150x150.webp 150w, https:\/\/www.cupssupplier.com\/wp-content\/uploads\/2025\/03\/4-20-768x768.webp 768w, https:\/\/www.cupssupplier.com\/wp-content\/uploads\/2025\/03\/4-20-600x600.webp 600w, https:\/\/www.cupssupplier.com\/wp-content\/uploads\/2025\/03\/4-20-100x100.webp 100w\" sizes=\"auto, (max-width: 800px) 100vw, 800px\" title=\"\"><\/p>\n<p><img loading=\"lazy\" decoding=\"async\" class=\"wp-image-16576 size-full aligncenter\" src=\"https:\/\/www.cupssupplier.com\/wp-content\/uploads\/2025\/03\/1-19.webp\" alt=\"wholesale outdoor stainless steel water bottle\" width=\"800\" height=\"800\" srcset=\"https:\/\/www.cupssupplier.com\/wp-content\/uploads\/2025\/03\/1-19.webp 800w, https:\/\/www.cupssupplier.com\/wp-content\/uploads\/2025\/03\/1-19-300x300.webp 300w, https:\/\/www.cupssupplier.com\/wp-content\/uploads\/2025\/03\/1-19-150x150.webp 150w, https:\/\/www.cupssupplier.com\/wp-content\/uploads\/2025\/03\/1-19-768x768.webp 768w, https:\/\/www.cupssupplier.com\/wp-content\/uploads\/2025\/03\/1-19-600x600.webp 600w, https:\/\/www.cupssupplier.com\/wp-content\/uploads\/2025\/03\/1-19-100x100.webp 100w\" sizes=\"auto, (max-width: 800px) 100vw, 800px\" title=\"\"><\/p>\n<p><img loading=\"lazy\" decoding=\"async\" class=\"wp-image-16578 size-full aligncenter\" src=\"https:\/\/www.cupssupplier.com\/wp-content\/uploads\/2025\/03\/3-23.webp\" alt=\"wholesale outdoor stainless steel water bottle\" width=\"800\" height=\"800\" srcset=\"https:\/\/www.cupssupplier.com\/wp-content\/uploads\/2025\/03\/3-23.webp 800w, https:\/\/www.cupssupplier.com\/wp-content\/uploads\/2025\/03\/3-23-300x300.webp 300w, https:\/\/www.cupssupplier.com\/wp-content\/uploads\/2025\/03\/3-23-150x150.webp 150w, https:\/\/www.cupssupplier.com\/wp-content\/uploads\/2025\/03\/3-23-768x768.webp 768w, https:\/\/www.cupssupplier.com\/wp-content\/uploads\/2025\/03\/3-23-600x600.webp 600w, https:\/\/www.cupssupplier.com\/wp-content\/uploads\/2025\/03\/3-23-100x100.webp 100w\" sizes=\"auto, (max-width: 800px) 100vw, 800px\" title=\"\"><\/p>\n<p><img loading=\"lazy\" decoding=\"async\" class=\"wp-image-16577 size-full aligncenter\" src=\"https:\/\/www.cupssupplier.com\/wp-content\/uploads\/2025\/03\/2-23.webp\" alt=\"wholesale outdoor stainless steel water bottle\" width=\"800\" height=\"800\" srcset=\"https:\/\/www.cupssupplier.com\/wp-content\/uploads\/2025\/03\/2-23.webp 800w, https:\/\/www.cupssupplier.com\/wp-content\/uploads\/2025\/03\/2-23-300x300.webp 300w, https:\/\/www.cupssupplier.com\/wp-content\/uploads\/2025\/03\/2-23-150x150.webp 150w, https:\/\/www.cupssupplier.com\/wp-content\/uploads\/2025\/03\/2-23-768x768.webp 768w, https:\/\/www.cupssupplier.com\/wp-content\/uploads\/2025\/03\/2-23-600x600.webp 600w, https:\/\/www.cupssupplier.com\/wp-content\/uploads\/2025\/03\/2-23-100x100.webp 100w\" sizes=\"auto, (max-width: 800px) 100vw, 800px\" title=\"\"><\/p>\n<p data-start=\"2514\" data-end=\"2851\">Design robusto e elegante com acabamentos fosco, brilhante ou texturizado. Pegada ergon\u00f4mica e tampa segura com al\u00e7a para transporte.<\/p>\n<p data-start=\"2514\" data-end=\"2851\">Procura garrafas dur\u00e1veis e personalizadas para seu neg\u00f3cio? Fazemos personaliza\u00e7\u00f5es, entregamos no mundo todo e oferecemos pre\u00e7os para atacado. Fale conosco!<\/p>\n","protected":false},"excerpt":{"rendered":"<p data-start=\"37\" data-end=\"497\">Mantenha-se hidratado em qualquer aventura com nossa Garrafa de \u00c1gua em A\u00e7o Inoxid\u00e1vel para Exterior por Atacado. Isolada, dur\u00e1vel e de alto desempenho, mant\u00e9m bebidas frias por 24h e quentes por 12h. Design \u00e0 prova de vazamentos \u2013 ideal para trilhas, esportes e viagens. Personaliza\u00e7\u00e3o com impress\u00e3o, grava\u00e7\u00e3o a laser e logotipo 3D dispon\u00edvel.<\/p>\n","protected":false},"featured_media":16988,"template":"","meta":{"om_disable_all_campaigns":false},"product_brand":[],"product_cat":[310],"product_tag":[],"class_list":{"0":"post-16986","1":"product","2":"type-product","3":"status-publish","4":"has-post-thumbnail","6":"product_cat-garrafa-de-agua-em-aco-inoxidavel","8":"first","9":"instock","10":"shipping-taxable","11":"product-type-simple"},"_links":{"self":[{"href":"https:\/\/www.cupssupplier.com\/pt-pt\/wp-json\/wp\/v2\/product\/16986","targetHints":{"allow":["GET"]}}],"collection":[{"href":"https:\/\/www.cupssupplier.com\/pt-pt\/wp-json\/wp\/v2\/product"}],"about":[{"href":"https:\/\/www.cupssupplier.com\/pt-pt\/wp-json\/wp\/v2\/types\/product"}],"wp:featuredmedia":[{"embeddable":true,"href":"https:\/\/www.cupssupplier.com\/pt-pt\/wp-json\/wp\/v2\/media\/16988"}],"wp:attachment":[{"href":"https:\/\/www.cupssupplier.com\/pt-pt\/wp-json\/wp\/v2\/media?parent=16986"}],"wp:term":[{"taxonomy":"product_brand","embeddable":true,"href":"https:\/\/www.cupssupplier.com\/pt-pt\/wp-json\/wp\/v2\/product_brand?post=16986"},{"taxonomy":"product_cat","embeddable":true,"href":"https:\/\/www.cupssupplier.com\/pt-pt\/wp-json\/wp\/v2\/product_cat?post=16986"},{"taxonomy":"product_tag","embeddable":true,"href":"https:\/\/www.cupssupplier.com\/pt-pt\/wp-json\/wp\/v2\/product_tag?post=16986"}],"curies":[{"name":"wp","href":"https:\/\/api.w.org\/{rel}","templated":true}]}}