{"id":16878,"date":"2025-03-14T01:35:59","date_gmt":"2025-03-14T05:35:59","guid":{"rendered":"https:\/\/www.cupssupplier.com\/product\/large-tumbler-with-handle-and-straw\/"},"modified":"2025-04-15T06:17:55","modified_gmt":"2025-04-15T10:17:55","slug":"large-tumbler-with-handle-and-straw","status":"publish","type":"product","link":"https:\/\/www.cupssupplier.com\/pt-pt\/large-tumbler-with-handle-and-straw\/","title":{"rendered":"Copo grande com pega e palhinha"},"content":{"rendered":"<p>Large Tumbler With Handle and Straw<\/p>\n<p>Copo grande com pega e palhinha<\/p>\n<p>O copo grande com pega e palhinha apresenta um design moderno e elegante, dispon\u00edvel numa variedade de acabamentos mate, brilhante, gradiente ou com revestimento em p\u00f3. A sua pega ergon\u00f3mica facilita o transporte, enquanto a palhinha inclu\u00edda acrescenta praticidade para beber sem esfor\u00e7o. A constru\u00e7\u00e3o em a\u00e7o inoxid\u00e1vel n\u00e3o s\u00f3 tem um aspeto premium como tamb\u00e9m garante durabilidade para o uso di\u00e1rio.<\/p>\n<p>Mantenha-se refrescado durante todo o dia com o nosso copo grande com pega e palhinha, a solu\u00e7\u00e3o perfeita para manter as suas bebidas \u00e0 temperatura ideal em qualquer lugar. N\u00e3o importa se est\u00e1 a beber caf\u00e9 gelado, ch\u00e1 ou \u00e1gua, este copo com isolamento a v\u00e1cuo de parede dupla garante um controlo de temperatura duradouro e evita a condensa\u00e7\u00e3o.<\/p>\n<p>Principais caracter\u00edsticas:<\/p>\n<p>\u2705 Grande capacidade \u2013 comporta mais da sua bebida preferida para uma hidrata\u00e7\u00e3o prolongada.<br \/>\n\u2705 Isolamento a v\u00e1cuo de parede dupla \u2013 Mant\u00e9m as bebidas frias durante 24 horas e quentes durante 12 horas.<br \/>\n\u2705 A\u00e7o inoxid\u00e1vel dur\u00e1vel \u2013 Fabricado em a\u00e7o inoxid\u00e1vel 304 de qualidade alimentar premium, resistente \u00e0 ferrugem e de longa dura\u00e7\u00e3o.<br \/>\n\u2705 Pega ergon\u00f3mica \u2013 Pega resistente e confort\u00e1vel para facilitar o transporte, perfeita para viagens ou para uso di\u00e1rio.<br \/>\n\u2705 Palhinha reutiliz\u00e1vel e tampa \u00e0 prova de fugas \u2013 conveniente para beber com uma tampa segura para evitar derrames.<br \/>\n\u2705 Cores e marca personalizadas \u2013 Personalize com uma variedade de cores, log\u00f3tipos e acabamentos para encomendas em grandes quantidades.<br \/>\n\u2705 Ecol\u00f3gico e livre de BPA \u2013 Seguro, sustent\u00e1vel e perfeito para reduzir o desperd\u00edcio de pl\u00e1stico.<\/p>\n<p><img loading=\"lazy\" decoding=\"async\" class=\"aligncenter wp-image-16592 size-large\" src=\"https:\/\/www.cupssupplier.com\/wp-content\/uploads\/2025\/03\/5-15-1024x1024.webp\" alt=\"large tumbler with handle and straw\" width=\"1024\" height=\"1024\" srcset=\"https:\/\/www.cupssupplier.com\/wp-content\/uploads\/2025\/03\/5-15-1024x1024.webp 1024w, https:\/\/www.cupssupplier.com\/wp-content\/uploads\/2025\/03\/5-15-300x300.webp 300w, https:\/\/www.cupssupplier.com\/wp-content\/uploads\/2025\/03\/5-15-150x150.webp 150w, https:\/\/www.cupssupplier.com\/wp-content\/uploads\/2025\/03\/5-15-768x768.webp 768w, https:\/\/www.cupssupplier.com\/wp-content\/uploads\/2025\/03\/5-15-600x600.webp 600w, https:\/\/www.cupssupplier.com\/wp-content\/uploads\/2025\/03\/5-15-100x100.webp 100w, https:\/\/www.cupssupplier.com\/wp-content\/uploads\/2025\/03\/5-15.webp 1240w\" sizes=\"auto, (max-width: 1024px) 100vw, 1024px\" title=\"\"><img loading=\"lazy\" decoding=\"async\" class=\"aligncenter wp-image-16593 size-large\" src=\"https:\/\/www.cupssupplier.com\/wp-content\/uploads\/2025\/03\/6-14-1024x1024.webp\" alt=\"large tumbler with handle and straw\" width=\"1024\" height=\"1024\" srcset=\"https:\/\/www.cupssupplier.com\/wp-content\/uploads\/2025\/03\/6-14-1024x1024.webp 1024w, https:\/\/www.cupssupplier.com\/wp-content\/uploads\/2025\/03\/6-14-300x300.webp 300w, https:\/\/www.cupssupplier.com\/wp-content\/uploads\/2025\/03\/6-14-150x150.webp 150w, https:\/\/www.cupssupplier.com\/wp-content\/uploads\/2025\/03\/6-14-768x768.webp 768w, https:\/\/www.cupssupplier.com\/wp-content\/uploads\/2025\/03\/6-14-600x600.webp 600w, https:\/\/www.cupssupplier.com\/wp-content\/uploads\/2025\/03\/6-14-100x100.webp 100w, https:\/\/www.cupssupplier.com\/wp-content\/uploads\/2025\/03\/6-14.webp 1183w\" sizes=\"auto, (max-width: 1024px) 100vw, 1024px\" title=\"\"><img loading=\"lazy\" decoding=\"async\" class=\"aligncenter wp-image-16594 size-large\" src=\"https:\/\/www.cupssupplier.com\/wp-content\/uploads\/2025\/03\/7-4-1024x1024.webp\" alt=\"large tumbler with handle and straw\" width=\"1024\" height=\"1024\" srcset=\"https:\/\/www.cupssupplier.com\/wp-content\/uploads\/2025\/03\/7-4-1024x1024.webp 1024w, https:\/\/www.cupssupplier.com\/wp-content\/uploads\/2025\/03\/7-4-300x300.webp 300w, https:\/\/www.cupssupplier.com\/wp-content\/uploads\/2025\/03\/7-4-150x150.webp 150w, https:\/\/www.cupssupplier.com\/wp-content\/uploads\/2025\/03\/7-4-768x768.webp 768w, https:\/\/www.cupssupplier.com\/wp-content\/uploads\/2025\/03\/7-4-600x600.webp 600w, https:\/\/www.cupssupplier.com\/wp-content\/uploads\/2025\/03\/7-4-100x100.webp 100w, https:\/\/www.cupssupplier.com\/wp-content\/uploads\/2025\/03\/7-4.webp 1096w\" sizes=\"auto, (max-width: 1024px) 100vw, 1024px\" title=\"\"><img loading=\"lazy\" decoding=\"async\" class=\"aligncenter wp-image-16595 size-large\" src=\"https:\/\/www.cupssupplier.com\/wp-content\/uploads\/2025\/03\/8-4-1024x1024.webp\" alt=\"large tumbler with handle and straw\" width=\"1024\" height=\"1024\" srcset=\"https:\/\/www.cupssupplier.com\/wp-content\/uploads\/2025\/03\/8-4-1024x1024.webp 1024w, https:\/\/www.cupssupplier.com\/wp-content\/uploads\/2025\/03\/8-4-300x300.webp 300w, https:\/\/www.cupssupplier.com\/wp-content\/uploads\/2025\/03\/8-4-150x150.webp 150w, https:\/\/www.cupssupplier.com\/wp-content\/uploads\/2025\/03\/8-4-768x768.webp 768w, https:\/\/www.cupssupplier.com\/wp-content\/uploads\/2025\/03\/8-4-600x600.webp 600w, https:\/\/www.cupssupplier.com\/wp-content\/uploads\/2025\/03\/8-4-100x100.webp 100w, https:\/\/www.cupssupplier.com\/wp-content\/uploads\/2025\/03\/8-4.webp 1240w\" sizes=\"auto, (max-width: 1024px) 100vw, 1024px\" title=\"\"><img loading=\"lazy\" decoding=\"async\" class=\"aligncenter wp-image-16596 size-large\" src=\"https:\/\/www.cupssupplier.com\/wp-content\/uploads\/2025\/03\/9-4-1024x1024.webp\" alt=\"large tumbler with handle and straw\" width=\"1024\" height=\"1024\" srcset=\"https:\/\/www.cupssupplier.com\/wp-content\/uploads\/2025\/03\/9-4-1024x1024.webp 1024w, https:\/\/www.cupssupplier.com\/wp-content\/uploads\/2025\/03\/9-4-300x300.webp 300w, https:\/\/www.cupssupplier.com\/wp-content\/uploads\/2025\/03\/9-4-150x150.webp 150w, https:\/\/www.cupssupplier.com\/wp-content\/uploads\/2025\/03\/9-4-768x768.webp 768w, https:\/\/www.cupssupplier.com\/wp-content\/uploads\/2025\/03\/9-4-600x600.webp 600w, https:\/\/www.cupssupplier.com\/wp-content\/uploads\/2025\/03\/9-4-100x100.webp 100w, https:\/\/www.cupssupplier.com\/wp-content\/uploads\/2025\/03\/9-4.webp 1240w\" sizes=\"auto, (max-width: 1024px) 100vw, 1024px\" title=\"\"><img loading=\"lazy\" decoding=\"async\" class=\"wp-image-16597 size-large aligncenter\" src=\"https:\/\/www.cupssupplier.com\/wp-content\/uploads\/2025\/03\/10-1-1024x1024.webp\" alt=\"large tumbler with handle and straw\" width=\"1024\" height=\"1024\" srcset=\"https:\/\/www.cupssupplier.com\/wp-content\/uploads\/2025\/03\/10-1-1024x1024.webp 1024w, https:\/\/www.cupssupplier.com\/wp-content\/uploads\/2025\/03\/10-1-300x300.webp 300w, https:\/\/www.cupssupplier.com\/wp-content\/uploads\/2025\/03\/10-1-150x150.webp 150w, https:\/\/www.cupssupplier.com\/wp-content\/uploads\/2025\/03\/10-1-768x768.webp 768w, https:\/\/www.cupssupplier.com\/wp-content\/uploads\/2025\/03\/10-1-600x600.webp 600w, https:\/\/www.cupssupplier.com\/wp-content\/uploads\/2025\/03\/10-1-100x100.webp 100w, https:\/\/www.cupssupplier.com\/wp-content\/uploads\/2025\/03\/10-1.webp 1343w\" sizes=\"auto, (max-width: 1024px) 100vw, 1024px\" title=\"\"><img loading=\"lazy\" decoding=\"async\" class=\"wp-image-16598 size-large aligncenter\" src=\"https:\/\/www.cupssupplier.com\/wp-content\/uploads\/2025\/03\/11-1-1024x1024.webp\" alt=\"large tumbler with handle and straw\" width=\"1024\" height=\"1024\" srcset=\"https:\/\/www.cupssupplier.com\/wp-content\/uploads\/2025\/03\/11-1-1024x1024.webp 1024w, https:\/\/www.cupssupplier.com\/wp-content\/uploads\/2025\/03\/11-1-300x300.webp 300w, https:\/\/www.cupssupplier.com\/wp-content\/uploads\/2025\/03\/11-1-150x150.webp 150w, https:\/\/www.cupssupplier.com\/wp-content\/uploads\/2025\/03\/11-1-768x768.webp 768w, https:\/\/www.cupssupplier.com\/wp-content\/uploads\/2025\/03\/11-1-600x600.webp 600w, https:\/\/www.cupssupplier.com\/wp-content\/uploads\/2025\/03\/11-1-100x100.webp 100w, https:\/\/www.cupssupplier.com\/wp-content\/uploads\/2025\/03\/11-1.webp 1240w\" sizes=\"auto, (max-width: 1024px) 100vw, 1024px\" title=\"\"><\/p>\n<p>Procura o copo personaliz\u00e1vel perfeito para a sua marca ou empresa? Oferecemos encomendas em grandes quantidades com cores personalizadas, log\u00f3tipos e acabamentos premium. Ideal para brindes corporativos, brindes promocionais e retalho. Contacte-nos hoje mesmo para saber os pre\u00e7os de venda por grosso e as op\u00e7\u00f5es de personaliza\u00e7\u00e3o!<\/p>\n","protected":false},"excerpt":{"rendered":"<p>Melhore a sua experi\u00eancia de hidrata\u00e7\u00e3o com o nosso copo grande com pega e palhinha. Concebido para maior comodidade e durabilidade, este copo em a\u00e7o inoxid\u00e1vel de alta capacidade mant\u00e9m as bebidas quentes ou frias durante horas. Com uma pega ergon\u00f3mica confort\u00e1vel, uma tampa segura e uma palhinha reutiliz\u00e1vel, \u00e9 perfeito para o uso di\u00e1rio, viagens de carro e aventuras ao ar livre. Dispon\u00edvel em cores personalizadas para combinar com a sua marca ou estilo pessoal.<\/p>\n","protected":false},"featured_media":16880,"template":"","meta":{"om_disable_all_campaigns":false},"product_brand":[],"product_cat":[311],"product_tag":[],"class_list":{"0":"post-16878","1":"product","2":"type-product","3":"status-publish","4":"has-post-thumbnail","6":"product_cat-copo","8":"first","9":"instock","10":"shipping-taxable","11":"product-type-simple"},"_links":{"self":[{"href":"https:\/\/www.cupssupplier.com\/pt-pt\/wp-json\/wp\/v2\/product\/16878","targetHints":{"allow":["GET"]}}],"collection":[{"href":"https:\/\/www.cupssupplier.com\/pt-pt\/wp-json\/wp\/v2\/product"}],"about":[{"href":"https:\/\/www.cupssupplier.com\/pt-pt\/wp-json\/wp\/v2\/types\/product"}],"wp:featuredmedia":[{"embeddable":true,"href":"https:\/\/www.cupssupplier.com\/pt-pt\/wp-json\/wp\/v2\/media\/16880"}],"wp:attachment":[{"href":"https:\/\/www.cupssupplier.com\/pt-pt\/wp-json\/wp\/v2\/media?parent=16878"}],"wp:term":[{"taxonomy":"product_brand","embeddable":true,"href":"https:\/\/www.cupssupplier.com\/pt-pt\/wp-json\/wp\/v2\/product_brand?post=16878"},{"taxonomy":"product_cat","embeddable":true,"href":"https:\/\/www.cupssupplier.com\/pt-pt\/wp-json\/wp\/v2\/product_cat?post=16878"},{"taxonomy":"product_tag","embeddable":true,"href":"https:\/\/www.cupssupplier.com\/pt-pt\/wp-json\/wp\/v2\/product_tag?post=16878"}],"curies":[{"name":"wp","href":"https:\/\/api.w.org\/{rel}","templated":true}]}}