{"id":20664,"date":"2024-12-30T02:29:40","date_gmt":"2024-12-30T07:29:40","guid":{"rendered":"https:\/\/www.cupssupplier.com\/product\/personalised-tumbler-with-straw\/"},"modified":"2025-05-29T01:31:24","modified_gmt":"2025-05-29T05:31:24","slug":"personalised-tumbler-with-straw","status":"publish","type":"product","link":"https:\/\/www.cupssupplier.com\/it\/personalised-tumbler-with-straw\/","title":{"rendered":"Bicchiere Personalizzato con Cannuccia"},"content":{"rendered":"<h3 class=\"\" data-start=\"3070\" data-end=\"3144\"><strong data-start=\"3079\" data-end=\"3144\">Bicchiere Personalizzato con Cannuccia \u2013 Elegante e Ecologico<\/strong><\/h3>\n<p class=\"\" data-start=\"3146\" data-end=\"3336\">Rendi speciali i tuoi momenti di pausa con il nostro <strong data-start=\"3199\" data-end=\"3241\">Bicchiere Personalizzato con Cannuccia<\/strong> \u2013 la combinazione perfetta di funzionalit\u00e0 e stile. Questo bicchiere di alta qualit\u00e0 presenta:<\/p>\n<ul data-start=\"3338\" data-end=\"3802\">\n<li class=\"\" data-start=\"3338\" data-end=\"3427\">\n<p class=\"\" data-start=\"3340\" data-end=\"3427\"><strong data-start=\"3340\" data-end=\"3367\">Design personalizzabile<\/strong>: Inserisci il tuo nome, iniziali o un messaggio speciale.<\/p>\n<\/li>\n<li class=\"\" data-start=\"3428\" data-end=\"3528\">\n<p class=\"\" data-start=\"3430\" data-end=\"3528\"><strong data-start=\"3430\" data-end=\"3459\">Materiali eco-sostenibili<\/strong>: Realizzato con materiali privi di BPA e rispettosi dell\u2019ambiente.<\/p>\n<\/li>\n<li class=\"\" data-start=\"3529\" data-end=\"3630\">\n<p class=\"\" data-start=\"3531\" data-end=\"3630\"><strong data-start=\"3531\" data-end=\"3562\">Perfetto per ogni occasione<\/strong>: Ideale per i viaggi, la palestra o i momenti rilassanti in casa.<\/p>\n<\/li>\n<li class=\"\" data-start=\"3631\" data-end=\"3721\">\n<p class=\"\" data-start=\"3633\" data-end=\"3721\"><strong data-start=\"3633\" data-end=\"3671\">Coperchio e cannuccia anti-perdita<\/strong>: Evita fuoriuscite mentre gusti le tue bevande.<\/p>\n<\/li>\n<li class=\"\" data-start=\"3722\" data-end=\"3802\">\n<p class=\"\" data-start=\"3724\" data-end=\"3802\"><strong data-start=\"3724\" data-end=\"3755\">Controllo della temperatura<\/strong>: Mantiene le bevande calde o fredde per ore.<\/p>\n<\/li>\n<\/ul>\n<p class=\"\" data-start=\"3804\" data-end=\"3990\">Che si tratti di un compleanno, una festivit\u00e0 o un regalo personale, questo bicchiere \u00e8 un\u2019opzione unica e funzionale. Scopri le opzioni di personalizzazione e rendi speciale ogni sorso!<\/p>\n<p class=\"\" data-start=\"3992\" data-end=\"4259\">Resta alla moda e ben idratato ovunque tu sia con il nostro <strong data-start=\"4052\" data-end=\"4094\">Bicchiere Personalizzato con Cannuccia<\/strong>. Perfetto per caff\u00e8 freddo, frullati o qualsiasi bevanda preferita. Leggero, resistente e privo di BPA \u2013 ideale per l\u2019uso quotidiano a casa, al lavoro o in viaggio.<\/p>\n<p>&nbsp;<\/p>\n<p><img loading=\"lazy\" decoding=\"async\" class=\"aligncenter wp-image-1713 size-full\" src=\"https:\/\/www.cupssupplier.com\/wp-content\/uploads\/2024\/12\/1.webp\" alt=\"personalised tumbler with straw\" width=\"900\" height=\"900\" srcset=\"https:\/\/www.cupssupplier.com\/wp-content\/uploads\/2024\/12\/1.webp 900w, https:\/\/www.cupssupplier.com\/wp-content\/uploads\/2024\/12\/1-300x300.png 300w, https:\/\/www.cupssupplier.com\/wp-content\/uploads\/2024\/12\/1-100x100.png 100w, https:\/\/www.cupssupplier.com\/wp-content\/uploads\/2024\/12\/1-600x600.png 600w, https:\/\/www.cupssupplier.com\/wp-content\/uploads\/2024\/12\/1-150x150.png 150w, https:\/\/www.cupssupplier.com\/wp-content\/uploads\/2024\/12\/1-768x768.png 768w\" sizes=\"auto, (max-width: 900px) 100vw, 900px\" title=\"\"><\/p>\n<p><img loading=\"lazy\" decoding=\"async\" class=\"aligncenter wp-image-1716 size-full\" src=\"https:\/\/www.cupssupplier.com\/wp-content\/uploads\/2024\/12\/4.webp\" alt=\"personalised tumbler with straw\" width=\"874\" height=\"900\" srcset=\"https:\/\/www.cupssupplier.com\/wp-content\/uploads\/2024\/12\/4.webp 874w, https:\/\/www.cupssupplier.com\/wp-content\/uploads\/2024\/12\/4-300x309.png 300w, https:\/\/www.cupssupplier.com\/wp-content\/uploads\/2024\/12\/4-600x618.png 600w, https:\/\/www.cupssupplier.com\/wp-content\/uploads\/2024\/12\/4-291x300.png 291w, https:\/\/www.cupssupplier.com\/wp-content\/uploads\/2024\/12\/4-768x791.png 768w\" sizes=\"auto, (max-width: 874px) 100vw, 874px\" title=\"\"> <img loading=\"lazy\" decoding=\"async\" class=\"aligncenter wp-image-1717 size-full\" src=\"https:\/\/www.cupssupplier.com\/wp-content\/uploads\/2024\/12\/6.webp\" alt=\"personalised tumbler with straw\" width=\"800\" height=\"800\" srcset=\"https:\/\/www.cupssupplier.com\/wp-content\/uploads\/2024\/12\/6.webp 800w, https:\/\/www.cupssupplier.com\/wp-content\/uploads\/2024\/12\/6-300x300.webp 300w, https:\/\/www.cupssupplier.com\/wp-content\/uploads\/2024\/12\/6-100x100.webp 100w, https:\/\/www.cupssupplier.com\/wp-content\/uploads\/2024\/12\/6-600x600.webp 600w, https:\/\/www.cupssupplier.com\/wp-content\/uploads\/2024\/12\/6-150x150.webp 150w, https:\/\/www.cupssupplier.com\/wp-content\/uploads\/2024\/12\/6-768x768.webp 768w\" sizes=\"auto, (max-width: 800px) 100vw, 800px\" title=\"\"> <img loading=\"lazy\" decoding=\"async\" class=\"aligncenter wp-image-1714 size-full\" src=\"https:\/\/www.cupssupplier.com\/wp-content\/uploads\/2024\/12\/2.webp\" alt=\"personalised tumbler with straw\" width=\"889\" height=\"900\" srcset=\"https:\/\/www.cupssupplier.com\/wp-content\/uploads\/2024\/12\/2.webp 889w, https:\/\/www.cupssupplier.com\/wp-content\/uploads\/2024\/12\/2-300x304.png 300w, https:\/\/www.cupssupplier.com\/wp-content\/uploads\/2024\/12\/2-100x100.png 100w, https:\/\/www.cupssupplier.com\/wp-content\/uploads\/2024\/12\/2-600x607.png 600w, https:\/\/www.cupssupplier.com\/wp-content\/uploads\/2024\/12\/2-296x300.png 296w, https:\/\/www.cupssupplier.com\/wp-content\/uploads\/2024\/12\/2-768x778.png 768w\" sizes=\"auto, (max-width: 889px) 100vw, 889px\" title=\"\"><\/p>\n","protected":false},"excerpt":{"rendered":"<p><strong data-start=\"1877\" data-end=\"1977\">Rimani alla moda e idratato ovunque tu sia con il nostro Boccaglio Personalizzato con Cannuccia.<\/strong> Progettato per mantenere le bevande fresche, questo bicchiere ecologico \u00e8 perfetto per caff\u00e8 freddo, frullati o le tue bevande preferite. Personalizzabile con il tuo nome o un messaggio, \u00e8 un regalo originale e premuroso o un modo unico per esprimere la tua personalit\u00e0. Resistente, leggero e privo di BPA, \u00e8 ideale per l\u2019uso quotidiano a casa, al lavoro o in viaggio.<\/p>\n","protected":false},"featured_media":3677,"template":"","meta":{"om_disable_all_campaigns":false},"product_brand":[],"product_cat":[296],"product_tag":[],"class_list":{"0":"post-20664","1":"product","2":"type-product","3":"status-publish","4":"has-post-thumbnail","6":"product_cat-bicchiere","8":"first","9":"instock","10":"shipping-taxable","11":"product-type-simple"},"_links":{"self":[{"href":"https:\/\/www.cupssupplier.com\/it\/wp-json\/wp\/v2\/product\/20664","targetHints":{"allow":["GET"]}}],"collection":[{"href":"https:\/\/www.cupssupplier.com\/it\/wp-json\/wp\/v2\/product"}],"about":[{"href":"https:\/\/www.cupssupplier.com\/it\/wp-json\/wp\/v2\/types\/product"}],"wp:featuredmedia":[{"embeddable":true,"href":"https:\/\/www.cupssupplier.com\/it\/wp-json\/wp\/v2\/media\/3677"}],"wp:attachment":[{"href":"https:\/\/www.cupssupplier.com\/it\/wp-json\/wp\/v2\/media?parent=20664"}],"wp:term":[{"taxonomy":"product_brand","embeddable":true,"href":"https:\/\/www.cupssupplier.com\/it\/wp-json\/wp\/v2\/product_brand?post=20664"},{"taxonomy":"product_cat","embeddable":true,"href":"https:\/\/www.cupssupplier.com\/it\/wp-json\/wp\/v2\/product_cat?post=20664"},{"taxonomy":"product_tag","embeddable":true,"href":"https:\/\/www.cupssupplier.com\/it\/wp-json\/wp\/v2\/product_tag?post=20664"}],"curies":[{"name":"wp","href":"https:\/\/api.w.org\/{rel}","templated":true}]}}