{"id":20425,"date":"2025-01-07T21:46:13","date_gmt":"2025-01-08T02:46:13","guid":{"rendered":"https:\/\/www.cupssupplier.com\/product\/coffee-tumbler-with-logo\/"},"modified":"2025-05-19T02:40:39","modified_gmt":"2025-05-19T06:40:39","slug":"coffee-tumbler-with-logo","status":"publish","type":"product","link":"https:\/\/www.cupssupplier.com\/it\/coffee-tumbler-with-logo\/","title":{"rendered":"Tazza da Caff\u00e8 Personalizzata all\u2019Ingrosso con Logo"},"content":{"rendered":"<p class=\"\" data-start=\"3385\" data-end=\"3440\"><strong data-start=\"3385\" data-end=\"3440\">Tazza da Caff\u00e8 Personalizzata all\u2019Ingrosso con Logo<\/strong><\/p>\n<p class=\"\" data-start=\"3442\" data-end=\"3634\">Valorizza la tua strategia di marketing con la Tazza da Caff\u00e8 Personalizzata all\u2019Ingrosso con Logo, progettata per promuovere il tuo brand con stile e funzionalit\u00e0. Caratteristiche principali:<\/p>\n<ul data-start=\"3636\" data-end=\"4134\">\n<li class=\"\" data-start=\"3636\" data-end=\"3733\">\n<p class=\"\" data-start=\"3638\" data-end=\"3733\"><strong data-start=\"3638\" data-end=\"3668\">Stampa Logo Personalizzata<\/strong>: Aggiungi il tuo logo per un tocco professionale e distintivo.<\/p>\n<\/li>\n<li class=\"\" data-start=\"3734\" data-end=\"3834\">\n<p class=\"\" data-start=\"3736\" data-end=\"3834\"><strong data-start=\"3736\" data-end=\"3759\">Tecnologia Isolante<\/strong>: Mantiene il caff\u00e8 caldo fino a 8 ore e le bevande fredde fino a 12 ore.<\/p>\n<\/li>\n<li class=\"\" data-start=\"3835\" data-end=\"3943\">\n<p class=\"\" data-start=\"3837\" data-end=\"3943\"><strong data-start=\"3837\" data-end=\"3868\">Costruzione di Alta Qualit\u00e0<\/strong>: Realizzata con materiali durevoli e privi di BPA per un uso prolungato.<\/p>\n<\/li>\n<li class=\"\" data-start=\"3944\" data-end=\"4033\">\n<p class=\"\" data-start=\"3946\" data-end=\"4033\"><strong data-start=\"3946\" data-end=\"3981\">Ecosostenibile e Riutilizzabile<\/strong>: Un\u2019alternativa sostenibile ai bicchieri monouso.<\/p>\n<\/li>\n<li class=\"\" data-start=\"4034\" data-end=\"4134\">\n<p class=\"\" data-start=\"4036\" data-end=\"4134\"><strong data-start=\"4036\" data-end=\"4062\">Ideale per il Branding<\/strong>: Perfetta per eventi aziendali, omaggi o per la vendita al dettaglio.<\/p>\n<\/li>\n<\/ul>\n<p class=\"\" data-start=\"4136\" data-end=\"4294\">La Tazza da Caff\u00e8 Personalizzata all\u2019Ingrosso con Logo \u00e8 il modo perfetto per promuovere il tuo business unendo praticit\u00e0 quotidiana e visibilit\u00e0 del marchio.<\/p>\n<p><img loading=\"lazy\" decoding=\"async\" class=\"aligncenter wp-image-2031 size-full\" src=\"https:\/\/www.cupssupplier.com\/wp-content\/uploads\/2025\/01\/2-21.webp\" alt=\"coffee tumbler with logo\" width=\"900\" height=\"3778\" srcset=\"https:\/\/www.cupssupplier.com\/wp-content\/uploads\/2025\/01\/2-21.webp 900w, https:\/\/www.cupssupplier.com\/wp-content\/uploads\/2025\/01\/2-21-244x1024.webp 244w, https:\/\/www.cupssupplier.com\/wp-content\/uploads\/2025\/01\/2-21-768x3224.webp 768w, https:\/\/www.cupssupplier.com\/wp-content\/uploads\/2025\/01\/2-21-366x1536.webp 366w, https:\/\/www.cupssupplier.com\/wp-content\/uploads\/2025\/01\/2-21-488x2048.webp 488w, https:\/\/www.cupssupplier.com\/wp-content\/uploads\/2025\/01\/2-21-300x1259.webp 300w, https:\/\/www.cupssupplier.com\/wp-content\/uploads\/2025\/01\/2-21-600x2519.webp 600w\" sizes=\"auto, (max-width: 900px) 100vw, 900px\" title=\"\"><img loading=\"lazy\" decoding=\"async\" class=\"aligncenter wp-image-2032 size-full\" src=\"https:\/\/www.cupssupplier.com\/wp-content\/uploads\/2025\/01\/3-20.webp\" alt=\"coffee tumbler with logo\" width=\"900\" height=\"3424\" srcset=\"https:\/\/www.cupssupplier.com\/wp-content\/uploads\/2025\/01\/3-20.webp 900w, https:\/\/www.cupssupplier.com\/wp-content\/uploads\/2025\/01\/3-20-79x300.webp 79w, https:\/\/www.cupssupplier.com\/wp-content\/uploads\/2025\/01\/3-20-269x1024.webp 269w, https:\/\/www.cupssupplier.com\/wp-content\/uploads\/2025\/01\/3-20-768x2922.webp 768w, https:\/\/www.cupssupplier.com\/wp-content\/uploads\/2025\/01\/3-20-404x1536.webp 404w, https:\/\/www.cupssupplier.com\/wp-content\/uploads\/2025\/01\/3-20-538x2048.webp 538w, https:\/\/www.cupssupplier.com\/wp-content\/uploads\/2025\/01\/3-20-300x1141.webp 300w, https:\/\/www.cupssupplier.com\/wp-content\/uploads\/2025\/01\/3-20-600x2283.webp 600w\" sizes=\"auto, (max-width: 900px) 100vw, 900px\" title=\"\"><img loading=\"lazy\" decoding=\"async\" class=\"wp-image-2030 size-full aligncenter\" src=\"https:\/\/www.cupssupplier.com\/wp-content\/uploads\/2025\/01\/4-19-e1736304175350.webp\" alt=\"coffee tumbler with logo\" width=\"900\" height=\"3232\" srcset=\"https:\/\/www.cupssupplier.com\/wp-content\/uploads\/2025\/01\/4-19-e1736304175350.webp 900w, https:\/\/www.cupssupplier.com\/wp-content\/uploads\/2025\/01\/4-19-e1736304175350-285x1024.webp 285w, https:\/\/www.cupssupplier.com\/wp-content\/uploads\/2025\/01\/4-19-e1736304175350-768x2758.webp 768w, https:\/\/www.cupssupplier.com\/wp-content\/uploads\/2025\/01\/4-19-e1736304175350-428x1536.webp 428w, https:\/\/www.cupssupplier.com\/wp-content\/uploads\/2025\/01\/4-19-e1736304175350-570x2048.webp 570w, https:\/\/www.cupssupplier.com\/wp-content\/uploads\/2025\/01\/4-19-e1736304175350-300x1077.webp 300w, https:\/\/www.cupssupplier.com\/wp-content\/uploads\/2025\/01\/4-19-e1736304175350-600x2155.webp 600w\" sizes=\"auto, (max-width: 900px) 100vw, 900px\" title=\"\"><\/p>\n","protected":false},"excerpt":{"rendered":"<p class=\"\" data-start=\"4296\" data-end=\"4549\">Metti in risalto il tuo marchio con la nostra elegante Tazza da Caff\u00e8 Personalizzata all\u2019Ingrosso con Logo. Ideale per promozioni, regali aziendali o rivendita, mantiene le bevande calde o fredde mostrando il tuo logo. Durevole, funzionale ed ecologica.<\/p>\n<p class=\"\" data-start=\"4551\" data-end=\"4618\">\n","protected":false},"featured_media":5613,"template":"","meta":{"om_disable_all_campaigns":false},"product_brand":[],"product_cat":[296],"product_tag":[],"class_list":{"0":"post-20425","1":"product","2":"type-product","3":"status-publish","4":"has-post-thumbnail","6":"product_cat-bicchiere","8":"first","9":"instock","10":"shipping-taxable","11":"product-type-simple"},"_links":{"self":[{"href":"https:\/\/www.cupssupplier.com\/it\/wp-json\/wp\/v2\/product\/20425","targetHints":{"allow":["GET"]}}],"collection":[{"href":"https:\/\/www.cupssupplier.com\/it\/wp-json\/wp\/v2\/product"}],"about":[{"href":"https:\/\/www.cupssupplier.com\/it\/wp-json\/wp\/v2\/types\/product"}],"wp:featuredmedia":[{"embeddable":true,"href":"https:\/\/www.cupssupplier.com\/it\/wp-json\/wp\/v2\/media\/5613"}],"wp:attachment":[{"href":"https:\/\/www.cupssupplier.com\/it\/wp-json\/wp\/v2\/media?parent=20425"}],"wp:term":[{"taxonomy":"product_brand","embeddable":true,"href":"https:\/\/www.cupssupplier.com\/it\/wp-json\/wp\/v2\/product_brand?post=20425"},{"taxonomy":"product_cat","embeddable":true,"href":"https:\/\/www.cupssupplier.com\/it\/wp-json\/wp\/v2\/product_cat?post=20425"},{"taxonomy":"product_tag","embeddable":true,"href":"https:\/\/www.cupssupplier.com\/it\/wp-json\/wp\/v2\/product_tag?post=20425"}],"curies":[{"name":"wp","href":"https:\/\/api.w.org\/{rel}","templated":true}]}}