{"id":20384,"date":"2025-01-08T04:08:52","date_gmt":"2025-01-08T09:08:52","guid":{"rendered":"https:\/\/www.cupssupplier.com\/product\/custom-coffee-tumbler\/"},"modified":"2025-05-17T23:39:16","modified_gmt":"2025-05-18T03:39:16","slug":"custom-coffee-tumbler","status":"publish","type":"product","link":"https:\/\/www.cupssupplier.com\/it\/custom-coffee-tumbler\/","title":{"rendered":"Tazza da Caff\u00e8 Personalizzata all\u2019Ingrosso"},"content":{"rendered":"<p class=\"\" data-start=\"3036\" data-end=\"3103\"><strong data-start=\"3036\" data-end=\"3103\">Tazza da Caff\u00e8 Personalizzata all\u2019Ingrosso \u2013 Elegante e Isolata<\/strong><\/p>\n<p class=\"\" data-start=\"3105\" data-end=\"3243\">Fai colpo con la Tazza da Caff\u00e8 Personalizzata, progettata per offrire funzionalit\u00e0 e opportunit\u00e0 di branding. Caratteristiche principali:<\/p>\n<ul data-start=\"3245\" data-end=\"3704\">\n<li class=\"\" data-start=\"3245\" data-end=\"3333\">\n<p class=\"\" data-start=\"3247\" data-end=\"3333\"><strong data-start=\"3247\" data-end=\"3274\">Design Personalizzabile<\/strong>: Aggiungi il tuo logo o grafica per un look professionale.<\/p>\n<\/li>\n<li class=\"\" data-start=\"3334\" data-end=\"3433\">\n<p class=\"\" data-start=\"3336\" data-end=\"3433\"><strong data-start=\"3336\" data-end=\"3360\">Prestazioni Isolanti<\/strong>: Mantiene il caff\u00e8 caldo fino a 8 ore e le bevande fredde fino a 12 ore.<\/p>\n<\/li>\n<li class=\"\" data-start=\"3434\" data-end=\"3528\">\n<p class=\"\" data-start=\"3436\" data-end=\"3528\"><strong data-start=\"3436\" data-end=\"3465\">Materiali di Alta Qualit\u00e0<\/strong>: Realizzata in acciaio inossidabile privo di BPA e resistente.<\/p>\n<\/li>\n<li class=\"\" data-start=\"3529\" data-end=\"3610\">\n<p class=\"\" data-start=\"3531\" data-end=\"3610\"><strong data-start=\"3531\" data-end=\"3561\">Ecologica e Riutilizzabile<\/strong>: Un&#8217;opzione sostenibile per ridurre gli sprechi.<\/p>\n<\/li>\n<li class=\"\" data-start=\"3611\" data-end=\"3704\">\n<p class=\"\" data-start=\"3613\" data-end=\"3704\"><strong data-start=\"3613\" data-end=\"3630\">Uso Versatile<\/strong>: Perfetta per omaggi aziendali, campagne promozionali o regali personali.<\/p>\n<\/li>\n<\/ul>\n<p class=\"\" data-start=\"3706\" data-end=\"3854\">La Tazza da Caff\u00e8 Personalizzata unisce stile e praticit\u00e0, rendendola l\u2019articolo promozionale o il regalo perfetto per rappresentare il tuo marchio.<\/p>\n<p><img loading=\"lazy\" decoding=\"async\" class=\"aligncenter wp-image-2079 \" src=\"https:\/\/www.cupssupplier.com\/wp-content\/uploads\/2025\/01\/4-25.webp\" alt=\"custom coffee tumbler\" width=\"956\" height=\"1353\" srcset=\"https:\/\/www.cupssupplier.com\/wp-content\/uploads\/2025\/01\/4-25.webp 678w, https:\/\/www.cupssupplier.com\/wp-content\/uploads\/2025\/01\/4-25-212x300.webp 212w, https:\/\/www.cupssupplier.com\/wp-content\/uploads\/2025\/01\/4-25-300x425.webp 300w, https:\/\/www.cupssupplier.com\/wp-content\/uploads\/2025\/01\/4-25-600x850.webp 600w\" sizes=\"auto, (max-width: 956px) 100vw, 956px\" title=\"\"><img loading=\"lazy\" decoding=\"async\" class=\"aligncenter wp-image-2080 size-full\" src=\"https:\/\/www.cupssupplier.com\/wp-content\/uploads\/2025\/01\/5-22.webp\" alt=\"custom coffee tumbler\" width=\"960\" height=\"960\" srcset=\"https:\/\/www.cupssupplier.com\/wp-content\/uploads\/2025\/01\/5-22.webp 960w, https:\/\/www.cupssupplier.com\/wp-content\/uploads\/2025\/01\/5-22-300x300.webp 300w, https:\/\/www.cupssupplier.com\/wp-content\/uploads\/2025\/01\/5-22-150x150.webp 150w, https:\/\/www.cupssupplier.com\/wp-content\/uploads\/2025\/01\/5-22-768x768.webp 768w, https:\/\/www.cupssupplier.com\/wp-content\/uploads\/2025\/01\/5-22-600x600.webp 600w, https:\/\/www.cupssupplier.com\/wp-content\/uploads\/2025\/01\/5-22-100x100.webp 100w\" sizes=\"auto, (max-width: 960px) 100vw, 960px\" title=\"\"><img loading=\"lazy\" decoding=\"async\" class=\"aligncenter wp-image-2081\" src=\"https:\/\/www.cupssupplier.com\/wp-content\/uploads\/2025\/01\/6-17.webp\" alt=\"custom coffee tumbler\" width=\"960\" height=\"1120\" srcset=\"https:\/\/www.cupssupplier.com\/wp-content\/uploads\/2025\/01\/6-17.webp 823w, https:\/\/www.cupssupplier.com\/wp-content\/uploads\/2025\/01\/6-17-257x300.webp 257w, https:\/\/www.cupssupplier.com\/wp-content\/uploads\/2025\/01\/6-17-768x896.webp 768w, https:\/\/www.cupssupplier.com\/wp-content\/uploads\/2025\/01\/6-17-300x350.webp 300w, https:\/\/www.cupssupplier.com\/wp-content\/uploads\/2025\/01\/6-17-600x700.webp 600w\" sizes=\"auto, (max-width: 960px) 100vw, 960px\" title=\"\"><img loading=\"lazy\" decoding=\"async\" class=\"wp-image-2082 aligncenter\" src=\"https:\/\/www.cupssupplier.com\/wp-content\/uploads\/2025\/01\/7-2.webp\" alt=\"custom coffee tumbler\" width=\"960\" height=\"1489\" srcset=\"https:\/\/www.cupssupplier.com\/wp-content\/uploads\/2025\/01\/7-2.webp 619w, https:\/\/www.cupssupplier.com\/wp-content\/uploads\/2025\/01\/7-2-193x300.webp 193w, https:\/\/www.cupssupplier.com\/wp-content\/uploads\/2025\/01\/7-2-300x465.webp 300w, https:\/\/www.cupssupplier.com\/wp-content\/uploads\/2025\/01\/7-2-600x931.webp 600w\" sizes=\"auto, (max-width: 960px) 100vw, 960px\" title=\"\"><\/p>\n","protected":false},"excerpt":{"rendered":"<p class=\"\" data-start=\"3856\" data-end=\"4097\">Mostra il tuo brand con la nostra Tazza da Caff\u00e8 Personalizzata. Isolata per mantenere la temperatura ideale delle bevande, \u00e8 durevole, ecologica e pronta per essere personalizzata. Perfetta per promozioni, regali aziendali o uso quotidiano.<\/p>\n<p class=\"\" data-start=\"4099\" data-end=\"4161\">\n","protected":false},"featured_media":5954,"template":"","meta":{"om_disable_all_campaigns":false},"product_brand":[],"product_cat":[296],"product_tag":[],"class_list":{"0":"post-20384","1":"product","2":"type-product","3":"status-publish","4":"has-post-thumbnail","6":"product_cat-bicchiere","8":"first","9":"instock","10":"shipping-taxable","11":"product-type-simple"},"_links":{"self":[{"href":"https:\/\/www.cupssupplier.com\/it\/wp-json\/wp\/v2\/product\/20384","targetHints":{"allow":["GET"]}}],"collection":[{"href":"https:\/\/www.cupssupplier.com\/it\/wp-json\/wp\/v2\/product"}],"about":[{"href":"https:\/\/www.cupssupplier.com\/it\/wp-json\/wp\/v2\/types\/product"}],"wp:featuredmedia":[{"embeddable":true,"href":"https:\/\/www.cupssupplier.com\/it\/wp-json\/wp\/v2\/media\/5954"}],"wp:attachment":[{"href":"https:\/\/www.cupssupplier.com\/it\/wp-json\/wp\/v2\/media?parent=20384"}],"wp:term":[{"taxonomy":"product_brand","embeddable":true,"href":"https:\/\/www.cupssupplier.com\/it\/wp-json\/wp\/v2\/product_brand?post=20384"},{"taxonomy":"product_cat","embeddable":true,"href":"https:\/\/www.cupssupplier.com\/it\/wp-json\/wp\/v2\/product_cat?post=20384"},{"taxonomy":"product_tag","embeddable":true,"href":"https:\/\/www.cupssupplier.com\/it\/wp-json\/wp\/v2\/product_tag?post=20384"}],"curies":[{"name":"wp","href":"https:\/\/api.w.org\/{rel}","templated":true}]}}