{"id":20247,"date":"2025-01-11T03:49:16","date_gmt":"2025-01-11T08:49:16","guid":{"rendered":"https:\/\/www.cupssupplier.com\/product\/double-wall-stainless-steel-water-bottle\/"},"modified":"2025-05-15T11:00:53","modified_gmt":"2025-05-15T15:00:53","slug":"double-wall-stainless-steel-water-bottle","status":"publish","type":"product","link":"https:\/\/www.cupssupplier.com\/it\/double-wall-stainless-steel-water-bottle\/","title":{"rendered":"Borraccia in Acciaio Inox a Doppia Parete"},"content":{"rendered":"<p class=\"\" data-start=\"2633\" data-end=\"2709\"><strong data-start=\"2633\" data-end=\"2709\">Borraccia in Acciaio Inox a Doppia Parete \u2013 Isolata e a Prova di Perdite<\/strong><\/p>\n<p class=\"\" data-start=\"2711\" data-end=\"2896\">La borraccia in acciaio inox a doppia parete \u00e8 progettata per garantire una lunga tenuta della temperatura e una durata eccezionale: il tuo compagno ideale per l\u2019idratazione quotidiana.<\/p>\n<ul data-start=\"2898\" data-end=\"3419\">\n<li class=\"\" data-start=\"2898\" data-end=\"2997\">\n<p class=\"\" data-start=\"2900\" data-end=\"2997\"><strong data-start=\"2900\" data-end=\"2930\">Isolamento a doppia parete<\/strong>: Mantiene le bevande fredde fino a 24 ore o calde fino a 12 ore.<\/p>\n<\/li>\n<li class=\"\" data-start=\"2998\" data-end=\"3113\">\n<p class=\"\" data-start=\"3000\" data-end=\"3113\"><strong data-start=\"3000\" data-end=\"3032\">Acciaio inox di alta qualit\u00e0<\/strong>: Realizzata in acciaio inossidabile alimentare senza BPA, resistente e sicuro.<\/p>\n<\/li>\n<li class=\"\" data-start=\"3114\" data-end=\"3223\">\n<p class=\"\" data-start=\"3116\" data-end=\"3223\"><strong data-start=\"3116\" data-end=\"3144\">Ermetica e anti-condensa<\/strong>: Tappo sicuro per evitare perdite e struttura isolata che non crea condensa.<\/p>\n<\/li>\n<li class=\"\" data-start=\"3224\" data-end=\"3322\">\n<p class=\"\" data-start=\"3226\" data-end=\"3322\"><strong data-start=\"3226\" data-end=\"3256\">Ecologica e riutilizzabile<\/strong>: Un&#8217;alternativa sostenibile alle bottiglie di plastica monouso.<\/p>\n<\/li>\n<li class=\"\" data-start=\"3323\" data-end=\"3419\">\n<p class=\"\" data-start=\"3325\" data-end=\"3419\"><strong data-start=\"3325\" data-end=\"3356\">Design elegante e versatile<\/strong>: Disponibile in diverse dimensioni e colori per ogni esigenza.<\/p>\n<\/li>\n<\/ul>\n<p class=\"\" data-start=\"3421\" data-end=\"3545\">Perfetta per andare al lavoro, in palestra o per le attivit\u00e0 all&#8217;aperto: la tua bevanda sar\u00e0 sempre alla temperatura ideale.<\/p>\n<p class=\"\" data-start=\"3547\" data-end=\"3666\"><strong data-start=\"3547\" data-end=\"3666\">Scegli la borraccia in acciaio inox a doppia parete: isolata, resistente ed ecologica. Perfetta per ogni occasione!<\/strong><\/p>\n<p><img loading=\"lazy\" decoding=\"async\" class=\"wp-image-2243 size-full aligncenter\" src=\"https:\/\/www.cupssupplier.com\/wp-content\/uploads\/2025\/01\/1-39.webp\" alt=\"double wall stainless steel water bottle\" width=\"900\" height=\"1862\" srcset=\"https:\/\/www.cupssupplier.com\/wp-content\/uploads\/2025\/01\/1-39.webp 900w, https:\/\/www.cupssupplier.com\/wp-content\/uploads\/2025\/01\/1-39-145x300.webp 145w, https:\/\/www.cupssupplier.com\/wp-content\/uploads\/2025\/01\/1-39-495x1024.webp 495w, https:\/\/www.cupssupplier.com\/wp-content\/uploads\/2025\/01\/1-39-768x1589.webp 768w, https:\/\/www.cupssupplier.com\/wp-content\/uploads\/2025\/01\/1-39-742x1536.webp 742w, https:\/\/www.cupssupplier.com\/wp-content\/uploads\/2025\/01\/1-39-300x621.webp 300w, https:\/\/www.cupssupplier.com\/wp-content\/uploads\/2025\/01\/1-39-600x1241.webp 600w\" sizes=\"auto, (max-width: 900px) 100vw, 900px\" title=\"\"><img loading=\"lazy\" decoding=\"async\" class=\"aligncenter wp-image-2244 size-full\" src=\"https:\/\/www.cupssupplier.com\/wp-content\/uploads\/2025\/01\/2-52-e1736585500204.webp\" alt=\"double wall stainless steel water bottle\" width=\"900\" height=\"1340\" srcset=\"https:\/\/www.cupssupplier.com\/wp-content\/uploads\/2025\/01\/2-52-e1736585500204.webp 900w, https:\/\/www.cupssupplier.com\/wp-content\/uploads\/2025\/01\/2-52-e1736585500204-201x300.webp 201w, https:\/\/www.cupssupplier.com\/wp-content\/uploads\/2025\/01\/2-52-e1736585500204-688x1024.webp 688w, https:\/\/www.cupssupplier.com\/wp-content\/uploads\/2025\/01\/2-52-e1736585500204-768x1143.webp 768w, https:\/\/www.cupssupplier.com\/wp-content\/uploads\/2025\/01\/2-52-e1736585500204-300x447.webp 300w, https:\/\/www.cupssupplier.com\/wp-content\/uploads\/2025\/01\/2-52-e1736585500204-600x893.webp 600w\" sizes=\"auto, (max-width: 900px) 100vw, 900px\" title=\"\"><img loading=\"lazy\" decoding=\"async\" class=\"wp-image-2239 size-full aligncenter\" src=\"https:\/\/www.cupssupplier.com\/wp-content\/uploads\/2025\/01\/3-50.webp\" alt=\"double wall stainless steel water bottle\" width=\"900\" height=\"920\" srcset=\"https:\/\/www.cupssupplier.com\/wp-content\/uploads\/2025\/01\/3-50.webp 900w, https:\/\/www.cupssupplier.com\/wp-content\/uploads\/2025\/01\/3-50-293x300.webp 293w, https:\/\/www.cupssupplier.com\/wp-content\/uploads\/2025\/01\/3-50-768x785.webp 768w, https:\/\/www.cupssupplier.com\/wp-content\/uploads\/2025\/01\/3-50-300x307.webp 300w, https:\/\/www.cupssupplier.com\/wp-content\/uploads\/2025\/01\/3-50-600x613.webp 600w\" sizes=\"auto, (max-width: 900px) 100vw, 900px\" title=\"\"><img loading=\"lazy\" decoding=\"async\" class=\"wp-image-2241 size-full aligncenter\" src=\"https:\/\/www.cupssupplier.com\/wp-content\/uploads\/2025\/01\/5-38.webp\" alt=\"double wall stainless steel water bottle\" width=\"900\" height=\"1280\" srcset=\"https:\/\/www.cupssupplier.com\/wp-content\/uploads\/2025\/01\/5-38.webp 900w, https:\/\/www.cupssupplier.com\/wp-content\/uploads\/2025\/01\/5-38-211x300.webp 211w, https:\/\/www.cupssupplier.com\/wp-content\/uploads\/2025\/01\/5-38-720x1024.webp 720w, https:\/\/www.cupssupplier.com\/wp-content\/uploads\/2025\/01\/5-38-768x1092.webp 768w, https:\/\/www.cupssupplier.com\/wp-content\/uploads\/2025\/01\/5-38-300x427.webp 300w, https:\/\/www.cupssupplier.com\/wp-content\/uploads\/2025\/01\/5-38-600x853.webp 600w\" sizes=\"auto, (max-width: 900px) 100vw, 900px\" title=\"\"><\/p>\n","protected":false},"excerpt":{"rendered":"<p class=\"\" data-start=\"1573\" data-end=\"1968\">La borraccia in acciaio inox a doppia parete offre un\u2019isolamento superiore, mantenendo le bevande fredde fino a 24 ore e calde fino a 12 ore. Realizzata in acciaio inossidabile di alta qualit\u00e0, \u00e8 resistente, a tenuta stagna ed \u00e8 perfetta per il lavoro, la palestra o le attivit\u00e0 all\u2019aperto. Resta idratato e aiuta a ridurre i rifiuti di plastica con questa bottiglia riutilizzabile ed ecologica.<\/p>\n<p class=\"\" data-start=\"1970\" data-end=\"2133\">\n","protected":false},"featured_media":10271,"template":"","meta":{"om_disable_all_campaigns":false},"product_brand":[],"product_cat":[295],"product_tag":[],"class_list":{"0":"post-20247","1":"product","2":"type-product","3":"status-publish","4":"has-post-thumbnail","6":"product_cat-borraccia-in-acciaio-inossidabile","8":"first","9":"instock","10":"shipping-taxable","11":"product-type-simple"},"_links":{"self":[{"href":"https:\/\/www.cupssupplier.com\/it\/wp-json\/wp\/v2\/product\/20247","targetHints":{"allow":["GET"]}}],"collection":[{"href":"https:\/\/www.cupssupplier.com\/it\/wp-json\/wp\/v2\/product"}],"about":[{"href":"https:\/\/www.cupssupplier.com\/it\/wp-json\/wp\/v2\/types\/product"}],"wp:featuredmedia":[{"embeddable":true,"href":"https:\/\/www.cupssupplier.com\/it\/wp-json\/wp\/v2\/media\/10271"}],"wp:attachment":[{"href":"https:\/\/www.cupssupplier.com\/it\/wp-json\/wp\/v2\/media?parent=20247"}],"wp:term":[{"taxonomy":"product_brand","embeddable":true,"href":"https:\/\/www.cupssupplier.com\/it\/wp-json\/wp\/v2\/product_brand?post=20247"},{"taxonomy":"product_cat","embeddable":true,"href":"https:\/\/www.cupssupplier.com\/it\/wp-json\/wp\/v2\/product_cat?post=20247"},{"taxonomy":"product_tag","embeddable":true,"href":"https:\/\/www.cupssupplier.com\/it\/wp-json\/wp\/v2\/product_tag?post=20247"}],"curies":[{"name":"wp","href":"https:\/\/api.w.org\/{rel}","templated":true}]}}