{"id":20090,"date":"2025-01-17T10:16:53","date_gmt":"2025-01-17T15:16:53","guid":{"rendered":"https:\/\/www.cupssupplier.com\/product\/matte-black-stainless-steel-water-bottle\/"},"modified":"2025-05-13T00:56:08","modified_gmt":"2025-05-13T04:56:08","slug":"matte-black-stainless-steel-water-bottle","status":"publish","type":"product","link":"https:\/\/www.cupssupplier.com\/it\/matte-black-stainless-steel-water-bottle\/","title":{"rendered":"Borraccia in Acciaio Inox Nero Opaco"},"content":{"rendered":"<p class=\"\" data-start=\"2699\" data-end=\"2765\"><strong data-start=\"2699\" data-end=\"2765\">Borraccia in Acciaio Inox Nero Opaco \u2013 Isolata ed Eco-Friendly<\/strong><\/p>\n<p class=\"\" data-start=\"2767\" data-end=\"2969\">La borraccia in acciaio inox nero opaco \u00e8 pensata per chi cerca praticit\u00e0 ed eleganza in un unico prodotto. Che tu vada in palestra, al lavoro o in escursione, \u00e8 la scelta perfetta per restare idratato:<\/p>\n<ul data-start=\"2971\" data-end=\"3642\">\n<li class=\"\" data-start=\"2971\" data-end=\"3073\">\n<p class=\"\" data-start=\"2973\" data-end=\"3073\"><strong data-start=\"2973\" data-end=\"3006\">Raffinata finitura nera opaca<\/strong>: Un look moderno ed elegante per accompagnare ogni tua giornata.<\/p>\n<\/li>\n<li class=\"\" data-start=\"3074\" data-end=\"3220\">\n<p class=\"\" data-start=\"3076\" data-end=\"3220\"><strong data-start=\"3076\" data-end=\"3110\">Isolamento ad alte prestazioni<\/strong>: La doppia parete con isolamento sottovuoto mantiene le bevande fredde fino a 24 ore o calde fino a 12 ore.<\/p>\n<\/li>\n<li class=\"\" data-start=\"3221\" data-end=\"3349\">\n<p class=\"\" data-start=\"3223\" data-end=\"3349\"><strong data-start=\"3223\" data-end=\"3250\">Acciaio inox resistente<\/strong>: Realizzata in acciaio inox alimentare privo di BPA, \u00e8 sicura, durevole e resistente agli odori.<\/p>\n<\/li>\n<li class=\"\" data-start=\"3350\" data-end=\"3442\">\n<p class=\"\" data-start=\"3352\" data-end=\"3442\"><strong data-start=\"3352\" data-end=\"3382\">Ecologica e riutilizzabile<\/strong>: Una scelta sostenibile per ridurre l\u2019uso della plastica.<\/p>\n<\/li>\n<li class=\"\" data-start=\"3443\" data-end=\"3546\">\n<p class=\"\" data-start=\"3445\" data-end=\"3546\"><strong data-start=\"3445\" data-end=\"3474\">Design a prova di perdite<\/strong>: Tappo ermetico ideale per viaggi, spostamenti e attivit\u00e0 all&#8217;aperto.<\/p>\n<\/li>\n<li class=\"\" data-start=\"3547\" data-end=\"3642\">\n<p class=\"\" data-start=\"3549\" data-end=\"3642\"><strong data-start=\"3549\" data-end=\"3574\">Facile da trasportare<\/strong>: Leggera e compatta, si adatta facilmente a borse e portabicchieri.<\/p>\n<\/li>\n<\/ul>\n<p class=\"\" data-start=\"3644\" data-end=\"3710\">Un perfetto mix tra stile, funzionalit\u00e0 e rispetto per l\u2019ambiente.<\/p>\n<p>&nbsp;<\/p>\n<p><img loading=\"lazy\" decoding=\"async\" class=\"wp-image-2435 size-full aligncenter\" src=\"https:\/\/www.cupssupplier.com\/wp-content\/uploads\/2025\/01\/1-61.webp\" alt=\"matte black stainless steel water bottle\" width=\"960\" height=\"960\" srcset=\"https:\/\/www.cupssupplier.com\/wp-content\/uploads\/2025\/01\/1-61.webp 960w, https:\/\/www.cupssupplier.com\/wp-content\/uploads\/2025\/01\/1-61-300x300.webp 300w, https:\/\/www.cupssupplier.com\/wp-content\/uploads\/2025\/01\/1-61-150x150.webp 150w, https:\/\/www.cupssupplier.com\/wp-content\/uploads\/2025\/01\/1-61-768x768.webp 768w, https:\/\/www.cupssupplier.com\/wp-content\/uploads\/2025\/01\/1-61-600x600.webp 600w, https:\/\/www.cupssupplier.com\/wp-content\/uploads\/2025\/01\/1-61-100x100.webp 100w\" sizes=\"auto, (max-width: 960px) 100vw, 960px\" title=\"\"><\/p>\n<p><img loading=\"lazy\" decoding=\"async\" class=\"aligncenter wp-image-2438 size-full\" src=\"https:\/\/www.cupssupplier.com\/wp-content\/uploads\/2025\/01\/4-71.webp\" alt=\"matte black stainless steel water bottle\" width=\"960\" height=\"960\" srcset=\"https:\/\/www.cupssupplier.com\/wp-content\/uploads\/2025\/01\/4-71.webp 960w, https:\/\/www.cupssupplier.com\/wp-content\/uploads\/2025\/01\/4-71-300x300.webp 300w, https:\/\/www.cupssupplier.com\/wp-content\/uploads\/2025\/01\/4-71-150x150.webp 150w, https:\/\/www.cupssupplier.com\/wp-content\/uploads\/2025\/01\/4-71-768x768.webp 768w, https:\/\/www.cupssupplier.com\/wp-content\/uploads\/2025\/01\/4-71-600x600.webp 600w, https:\/\/www.cupssupplier.com\/wp-content\/uploads\/2025\/01\/4-71-100x100.webp 100w\" sizes=\"auto, (max-width: 960px) 100vw, 960px\" title=\"\"><\/p>\n<p><img loading=\"lazy\" decoding=\"async\" class=\"wp-image-2437 size-full aligncenter\" src=\"https:\/\/www.cupssupplier.com\/wp-content\/uploads\/2025\/01\/3-81.webp\" alt=\"matte black stainless steel water bottle\" width=\"960\" height=\"960\" srcset=\"https:\/\/www.cupssupplier.com\/wp-content\/uploads\/2025\/01\/3-81.webp 960w, https:\/\/www.cupssupplier.com\/wp-content\/uploads\/2025\/01\/3-81-300x300.webp 300w, https:\/\/www.cupssupplier.com\/wp-content\/uploads\/2025\/01\/3-81-150x150.webp 150w, https:\/\/www.cupssupplier.com\/wp-content\/uploads\/2025\/01\/3-81-768x768.webp 768w, https:\/\/www.cupssupplier.com\/wp-content\/uploads\/2025\/01\/3-81-600x600.webp 600w, https:\/\/www.cupssupplier.com\/wp-content\/uploads\/2025\/01\/3-81-100x100.webp 100w\" sizes=\"auto, (max-width: 960px) 100vw, 960px\" title=\"\"><\/p>\n<p><img loading=\"lazy\" decoding=\"async\" class=\"aligncenter wp-image-2436 size-large\" src=\"https:\/\/www.cupssupplier.com\/wp-content\/uploads\/2025\/01\/2-79-1024x1024.webp\" alt=\"matte black stainless steel water bottle\" width=\"1024\" height=\"1024\" srcset=\"https:\/\/www.cupssupplier.com\/wp-content\/uploads\/2025\/01\/2-79-1024x1024.webp 1024w, https:\/\/www.cupssupplier.com\/wp-content\/uploads\/2025\/01\/2-79-300x300.webp 300w, https:\/\/www.cupssupplier.com\/wp-content\/uploads\/2025\/01\/2-79-150x150.webp 150w, https:\/\/www.cupssupplier.com\/wp-content\/uploads\/2025\/01\/2-79-768x768.webp 768w, https:\/\/www.cupssupplier.com\/wp-content\/uploads\/2025\/01\/2-79-600x600.webp 600w, https:\/\/www.cupssupplier.com\/wp-content\/uploads\/2025\/01\/2-79-100x100.webp 100w, https:\/\/www.cupssupplier.com\/wp-content\/uploads\/2025\/01\/2-79.webp 1200w\" sizes=\"auto, (max-width: 1024px) 100vw, 1024px\" title=\"\"><\/p>\n<p><img loading=\"lazy\" decoding=\"async\" class=\"aligncenter wp-image-2439 size-full\" src=\"https:\/\/www.cupssupplier.com\/wp-content\/uploads\/2025\/01\/5-58.webp\" alt=\"matte black stainless steel water bottle\" width=\"960\" height=\"960\" srcset=\"https:\/\/www.cupssupplier.com\/wp-content\/uploads\/2025\/01\/5-58.webp 960w, https:\/\/www.cupssupplier.com\/wp-content\/uploads\/2025\/01\/5-58-300x300.webp 300w, https:\/\/www.cupssupplier.com\/wp-content\/uploads\/2025\/01\/5-58-150x150.webp 150w, https:\/\/www.cupssupplier.com\/wp-content\/uploads\/2025\/01\/5-58-768x768.webp 768w, https:\/\/www.cupssupplier.com\/wp-content\/uploads\/2025\/01\/5-58-600x600.webp 600w, https:\/\/www.cupssupplier.com\/wp-content\/uploads\/2025\/01\/5-58-100x100.webp 100w\" sizes=\"auto, (max-width: 960px) 100vw, 960px\" title=\"\"><\/p>\n<p><img loading=\"lazy\" decoding=\"async\" class=\"aligncenter wp-image-2440 size-large\" src=\"https:\/\/www.cupssupplier.com\/wp-content\/uploads\/2025\/01\/6-47-1024x895.webp\" alt=\"matte black stainless steel water bottle\" width=\"1024\" height=\"895\" srcset=\"https:\/\/www.cupssupplier.com\/wp-content\/uploads\/2025\/01\/6-47-1024x895.webp 1024w, https:\/\/www.cupssupplier.com\/wp-content\/uploads\/2025\/01\/6-47-300x262.webp 300w, https:\/\/www.cupssupplier.com\/wp-content\/uploads\/2025\/01\/6-47-768x671.webp 768w, https:\/\/www.cupssupplier.com\/wp-content\/uploads\/2025\/01\/6-47-600x525.webp 600w, https:\/\/www.cupssupplier.com\/wp-content\/uploads\/2025\/01\/6-47.webp 1200w\" sizes=\"auto, (max-width: 1024px) 100vw, 1024px\" title=\"\"><\/p>\n","protected":false},"excerpt":{"rendered":"<p class=\"\" data-start=\"1512\" data-end=\"1986\">La bottiglia d&#8217;acqua in acciaio inox nero opaco offre un design moderno ed elegante abbinato a una funzionalit\u00e0 eccezionale. Realizzata in acciaio inossidabile di alta qualit\u00e0, questa bottiglia termica mantiene le bevande fredde fino a 24 ore o calde fino a 12 ore. La finitura nera opaca la rende resistente, ecologica e anche molto elegante \u2013 perfetta per rimanere idratati con stile ogni giorno.<\/p>\n<p class=\"\" data-start=\"1990\" data-end=\"2151\">\n","protected":false},"featured_media":12953,"template":"","meta":{"om_disable_all_campaigns":false},"product_brand":[],"product_cat":[295],"product_tag":[],"class_list":{"0":"post-20090","1":"product","2":"type-product","3":"status-publish","4":"has-post-thumbnail","6":"product_cat-borraccia-in-acciaio-inossidabile","8":"first","9":"instock","10":"shipping-taxable","11":"product-type-simple"},"_links":{"self":[{"href":"https:\/\/www.cupssupplier.com\/it\/wp-json\/wp\/v2\/product\/20090","targetHints":{"allow":["GET"]}}],"collection":[{"href":"https:\/\/www.cupssupplier.com\/it\/wp-json\/wp\/v2\/product"}],"about":[{"href":"https:\/\/www.cupssupplier.com\/it\/wp-json\/wp\/v2\/types\/product"}],"wp:featuredmedia":[{"embeddable":true,"href":"https:\/\/www.cupssupplier.com\/it\/wp-json\/wp\/v2\/media\/12953"}],"wp:attachment":[{"href":"https:\/\/www.cupssupplier.com\/it\/wp-json\/wp\/v2\/media?parent=20090"}],"wp:term":[{"taxonomy":"product_brand","embeddable":true,"href":"https:\/\/www.cupssupplier.com\/it\/wp-json\/wp\/v2\/product_brand?post=20090"},{"taxonomy":"product_cat","embeddable":true,"href":"https:\/\/www.cupssupplier.com\/it\/wp-json\/wp\/v2\/product_cat?post=20090"},{"taxonomy":"product_tag","embeddable":true,"href":"https:\/\/www.cupssupplier.com\/it\/wp-json\/wp\/v2\/product_tag?post=20090"}],"curies":[{"name":"wp","href":"https:\/\/api.w.org\/{rel}","templated":true}]}}