{"id":19955,"date":"2025-02-11T03:19:59","date_gmt":"2025-02-11T08:19:59","guid":{"rendered":"https:\/\/www.cupssupplier.com\/product\/stainless-steel-vacuum-coffee-mug\/"},"modified":"2025-05-06T23:58:33","modified_gmt":"2025-05-07T03:58:33","slug":"stainless-steel-vacuum-coffee-mug","status":"publish","type":"product","link":"https:\/\/www.cupssupplier.com\/it\/stainless-steel-vacuum-coffee-mug\/","title":{"rendered":"Tazza da Caff\u00e8 Termica in Acciaio Inox"},"content":{"rendered":"<p class=\"\" data-start=\"2730\" data-end=\"2803\"><strong data-start=\"2730\" data-end=\"2803\">Tazza da Caff\u00e8 Termica in Acciaio Inox \u2013 Isolata e a Prova di Perdite<\/strong><\/p>\n<p class=\"\" data-start=\"2805\" data-end=\"2952\">La Tazza da Caff\u00e8 Termica in Acciaio Inox \u00e8 l&#8217;accessorio ideale per gli amanti del caff\u00e8 che apprezzano la praticit\u00e0 e la conservazione del calore:<\/p>\n<ul data-start=\"2954\" data-end=\"3607\">\n<li class=\"\" data-start=\"2954\" data-end=\"3059\">\n<p class=\"\" data-start=\"2956\" data-end=\"3059\"><strong data-start=\"2956\" data-end=\"2986\">Isolamento a Doppia Parete<\/strong>: Mantiene il caff\u00e8 caldo fino a 6 ore e le bevande fredde fino a 12 ore.<\/p>\n<\/li>\n<li class=\"\" data-start=\"3060\" data-end=\"3161\">\n<p class=\"\" data-start=\"3062\" data-end=\"3161\"><strong data-start=\"3062\" data-end=\"3094\">Acciaio Inox di Alta Qualit\u00e0<\/strong>: Realizzata in acciaio inox BPA-free per durata e gusto autentico.<\/p>\n<\/li>\n<li class=\"\" data-start=\"3162\" data-end=\"3286\">\n<p class=\"\" data-start=\"3164\" data-end=\"3286\"><strong data-start=\"3164\" data-end=\"3195\">Antigoccia e Antiversamento<\/strong>: Coperchio sicuro e facile da usare per evitare perdite e schizzi durante gli spostamenti.<\/p>\n<\/li>\n<li class=\"\" data-start=\"3287\" data-end=\"3461\">\n<p class=\"\" data-start=\"3289\" data-end=\"3461\"><strong data-start=\"3289\" data-end=\"3315\">Ergonomica e Portatile<\/strong>: Design compatto e leggero, si adatta alla maggior parte dei portabicchieri per auto \u2013 perfetta per l\u2019ufficio, i viaggi e le attivit\u00e0 all\u2019aperto.<\/p>\n<\/li>\n<li class=\"\" data-start=\"3462\" data-end=\"3607\">\n<p class=\"\" data-start=\"3464\" data-end=\"3607\"><strong data-start=\"3464\" data-end=\"3499\">Ecosostenibile e Riutilizzabile<\/strong>: Un\u2019alternativa ecologica ai bicchieri monouso, per ridurre gli sprechi e favorire uno stile di vita green.<\/p>\n<\/li>\n<\/ul>\n<p><img loading=\"lazy\" decoding=\"async\" class=\"wp-image-2615 size-full aligncenter\" src=\"https:\/\/www.cupssupplier.com\/wp-content\/uploads\/2025\/02\/6-7.webp\" alt=\"stainless steel vacuum coffee mug\" width=\"1000\" height=\"1001\" srcset=\"https:\/\/www.cupssupplier.com\/wp-content\/uploads\/2025\/02\/6-7.webp 1000w, https:\/\/www.cupssupplier.com\/wp-content\/uploads\/2025\/02\/6-7-300x300.webp 300w, https:\/\/www.cupssupplier.com\/wp-content\/uploads\/2025\/02\/6-7-150x150.webp 150w, https:\/\/www.cupssupplier.com\/wp-content\/uploads\/2025\/02\/6-7-768x769.webp 768w, https:\/\/www.cupssupplier.com\/wp-content\/uploads\/2025\/02\/6-7-600x601.webp 600w, https:\/\/www.cupssupplier.com\/wp-content\/uploads\/2025\/02\/6-7-100x100.webp 100w\" sizes=\"auto, (max-width: 1000px) 100vw, 1000px\" title=\"\"><img loading=\"lazy\" decoding=\"async\" class=\"wp-image-2614 size-full aligncenter\" src=\"https:\/\/www.cupssupplier.com\/wp-content\/uploads\/2025\/02\/5-9.webp\" alt=\"stainless steel vacuum coffee mug\" width=\"1001\" height=\"1001\" srcset=\"https:\/\/www.cupssupplier.com\/wp-content\/uploads\/2025\/02\/5-9.webp 1001w, https:\/\/www.cupssupplier.com\/wp-content\/uploads\/2025\/02\/5-9-300x300.webp 300w, https:\/\/www.cupssupplier.com\/wp-content\/uploads\/2025\/02\/5-9-150x150.webp 150w, https:\/\/www.cupssupplier.com\/wp-content\/uploads\/2025\/02\/5-9-768x768.webp 768w, https:\/\/www.cupssupplier.com\/wp-content\/uploads\/2025\/02\/5-9-600x600.webp 600w, https:\/\/www.cupssupplier.com\/wp-content\/uploads\/2025\/02\/5-9-100x100.webp 100w\" sizes=\"auto, (max-width: 1001px) 100vw, 1001px\" title=\"\"><img loading=\"lazy\" decoding=\"async\" class=\"wp-image-2613 size-full aligncenter\" src=\"https:\/\/www.cupssupplier.com\/wp-content\/uploads\/2025\/02\/4-11.webp\" alt=\"stainless steel vacuum coffee mug\" width=\"1000\" height=\"1001\" srcset=\"https:\/\/www.cupssupplier.com\/wp-content\/uploads\/2025\/02\/4-11.webp 1000w, https:\/\/www.cupssupplier.com\/wp-content\/uploads\/2025\/02\/4-11-300x300.webp 300w, https:\/\/www.cupssupplier.com\/wp-content\/uploads\/2025\/02\/4-11-150x150.webp 150w, https:\/\/www.cupssupplier.com\/wp-content\/uploads\/2025\/02\/4-11-768x769.webp 768w, https:\/\/www.cupssupplier.com\/wp-content\/uploads\/2025\/02\/4-11-600x601.webp 600w, https:\/\/www.cupssupplier.com\/wp-content\/uploads\/2025\/02\/4-11-100x100.webp 100w\" sizes=\"auto, (max-width: 1000px) 100vw, 1000px\" title=\"\"><img loading=\"lazy\" decoding=\"async\" class=\"wp-image-2612 size-full aligncenter\" src=\"https:\/\/www.cupssupplier.com\/wp-content\/uploads\/2025\/02\/3-13.webp\" alt=\"stainless steel vacuum coffee mug\" width=\"1001\" height=\"1001\" srcset=\"https:\/\/www.cupssupplier.com\/wp-content\/uploads\/2025\/02\/3-13.webp 1001w, https:\/\/www.cupssupplier.com\/wp-content\/uploads\/2025\/02\/3-13-300x300.webp 300w, https:\/\/www.cupssupplier.com\/wp-content\/uploads\/2025\/02\/3-13-150x150.webp 150w, https:\/\/www.cupssupplier.com\/wp-content\/uploads\/2025\/02\/3-13-768x768.webp 768w, https:\/\/www.cupssupplier.com\/wp-content\/uploads\/2025\/02\/3-13-600x600.webp 600w, https:\/\/www.cupssupplier.com\/wp-content\/uploads\/2025\/02\/3-13-100x100.webp 100w\" sizes=\"auto, (max-width: 1001px) 100vw, 1001px\" title=\"\"><\/p>\n<p class=\"\" data-start=\"3609\" data-end=\"3800\">Inizia la giornata con stile grazie alla Tazza da Caff\u00e8 Termica in Acciaio Inox \u2013 il perfetto equilibrio tra funzionalit\u00e0 ed eleganza. Ordina subito e mantieni il tuo caff\u00e8 caldo pi\u00f9 a lungo!<\/p>\n<p class=\"\" data-start=\"3802\" data-end=\"3956\">\n","protected":false},"excerpt":{"rendered":"<p class=\"\" data-start=\"1639\" data-end=\"2062\">Goditi il tuo caff\u00e8 preferito alla temperatura perfetta con la tazza da caff\u00e8 in acciaio inox isolata. Progettata con isolamento a doppia parete, questa tazza resistente ed elegante mantiene le bevande calde fino a 6 ore e fredde fino a 12 ore. Il coperchio antigoccia e il design ergonomico la rendono ideale per casa, ufficio, viaggi e avventure all&#8217;aperto. Ordina subito la tua e migliora la tua esperienza con il caff\u00e8!<\/p>\n<p class=\"\" data-start=\"2064\" data-end=\"2224\">\n","protected":false},"featured_media":15005,"template":"","meta":{"om_disable_all_campaigns":false},"product_brand":[],"product_cat":[296],"product_tag":[],"class_list":{"0":"post-19955","1":"product","2":"type-product","3":"status-publish","4":"has-post-thumbnail","6":"product_cat-bicchiere","8":"first","9":"instock","10":"shipping-taxable","11":"product-type-simple"},"_links":{"self":[{"href":"https:\/\/www.cupssupplier.com\/it\/wp-json\/wp\/v2\/product\/19955","targetHints":{"allow":["GET"]}}],"collection":[{"href":"https:\/\/www.cupssupplier.com\/it\/wp-json\/wp\/v2\/product"}],"about":[{"href":"https:\/\/www.cupssupplier.com\/it\/wp-json\/wp\/v2\/types\/product"}],"wp:featuredmedia":[{"embeddable":true,"href":"https:\/\/www.cupssupplier.com\/it\/wp-json\/wp\/v2\/media\/15005"}],"wp:attachment":[{"href":"https:\/\/www.cupssupplier.com\/it\/wp-json\/wp\/v2\/media?parent=19955"}],"wp:term":[{"taxonomy":"product_brand","embeddable":true,"href":"https:\/\/www.cupssupplier.com\/it\/wp-json\/wp\/v2\/product_brand?post=19955"},{"taxonomy":"product_cat","embeddable":true,"href":"https:\/\/www.cupssupplier.com\/it\/wp-json\/wp\/v2\/product_cat?post=19955"},{"taxonomy":"product_tag","embeddable":true,"href":"https:\/\/www.cupssupplier.com\/it\/wp-json\/wp\/v2\/product_tag?post=19955"}],"curies":[{"name":"wp","href":"https:\/\/api.w.org\/{rel}","templated":true}]}}