{"id":19940,"date":"2025-02-13T10:17:36","date_gmt":"2025-02-13T15:17:36","guid":{"rendered":"https:\/\/www.cupssupplier.com\/product\/17-oz-water-bottle\/"},"modified":"2025-05-06T23:32:37","modified_gmt":"2025-05-07T03:32:37","slug":"17-oz-water-bottle","status":"publish","type":"product","link":"https:\/\/www.cupssupplier.com\/it\/17-oz-water-bottle\/","title":{"rendered":"Bottiglia d&#8217;acqua da 17 oz"},"content":{"rendered":"<p class=\"\" data-start=\"2009\" data-end=\"2299\"><strong data-start=\"2009\" data-end=\"2067\">Bottiglia d&#8217;acqua da 17 oz \u2013 In acciaio inox e isolata<\/strong><br data-start=\"2067\" data-end=\"2070\" \/>Rimani idratato con stile con la bottiglia d&#8217;acqua da 17 oz. Perfetta per chi \u00e8 sempre in movimento, questa bottiglia elegante e resistente presenta un isolamento a doppia parete per mantenere le bevande fredde o calde per ore.<\/p>\n<ul data-start=\"2300\" data-end=\"2746\">\n<li class=\"\" data-start=\"2300\" data-end=\"2399\">\n<p class=\"\" data-start=\"2302\" data-end=\"2399\"><strong data-start=\"2302\" data-end=\"2332\">Isolamento a doppia parete<\/strong>: Mantiene le bevande fredde fino a 24 ore e calde fino a 12 ore.<\/p>\n<\/li>\n<li class=\"\" data-start=\"2400\" data-end=\"2477\">\n<p class=\"\" data-start=\"2402\" data-end=\"2477\"><strong data-start=\"2402\" data-end=\"2434\">Acciaio inossidabile premium<\/strong>: Senza BPA, durevole e dal gusto pulito.<\/p>\n<\/li>\n<li class=\"\" data-start=\"2478\" data-end=\"2564\">\n<p class=\"\" data-start=\"2480\" data-end=\"2564\"><strong data-start=\"2480\" data-end=\"2511\">Antigoccia e senza condensa<\/strong>: Coperchio a prova di perdite ed esterno asciutto.<\/p>\n<\/li>\n<li class=\"\" data-start=\"2565\" data-end=\"2655\">\n<p class=\"\" data-start=\"2567\" data-end=\"2655\"><strong data-start=\"2567\" data-end=\"2589\">Portatile e comoda<\/strong>: Formato da 17 oz adatto alla maggior parte dei portabicchieri.<\/p>\n<\/li>\n<li class=\"\" data-start=\"2656\" data-end=\"2746\">\n<p class=\"\" data-start=\"2658\" data-end=\"2746\"><strong data-start=\"2658\" data-end=\"2688\">Ecologica e riutilizzabile<\/strong>: Un\u2019alternativa sostenibile alle bottiglie di plastica.<\/p>\n<\/li>\n<\/ul>\n<p><img loading=\"lazy\" decoding=\"async\" class=\"wp-image-2625 aligncenter\" src=\"https:\/\/www.cupssupplier.com\/wp-content\/uploads\/2025\/02\/1-10.webp\" alt=\"17 oz water bottle\" width=\"897\" height=\"9039\" srcset=\"https:\/\/www.cupssupplier.com\/wp-content\/uploads\/2025\/02\/1-10.webp 790w, https:\/\/www.cupssupplier.com\/wp-content\/uploads\/2025\/02\/1-10-768x7738.webp 768w, https:\/\/www.cupssupplier.com\/wp-content\/uploads\/2025\/02\/1-10-300x3023.webp 300w, https:\/\/www.cupssupplier.com\/wp-content\/uploads\/2025\/02\/1-10-600x6046.webp 600w\" sizes=\"auto, (max-width: 897px) 100vw, 897px\" title=\"\"><\/p>\n<p><strong data-start=\"2032\" data-end=\"2224\">Che tu sia in ufficio, in palestra o in viaggio, la bottiglia d&#8217;acqua da 17 oz \u00e8 il compagno perfetto per la tua idratazione. Acquistala ora per rimanere fresco e idratato tutto il giorno!<\/strong><\/p>\n","protected":false},"excerpt":{"rendered":"<p>Rimani idratato con stile con la bottiglia d&#8217;acqua da 17 oz. Perfettamente dimensionata per chi \u00e8 sempre in movimento, questa bottiglia elegante e resistente offre isolamento a doppia parete per mantenere le bevande fredde o calde per ore. Realizzata in acciaio inox di alta qualit\u00e0, \u00e8 a prova di perdite, ecologica e ideale per il lavoro, la palestra, i viaggi o le attivit\u00e0 all\u2019aperto. Ordina ora e mantieni le tue bevande sempre fresche, ovunque tu vada!<\/p>\n","protected":false},"featured_media":15095,"template":"","meta":{"om_disable_all_campaigns":false},"product_brand":[],"product_cat":[295],"product_tag":[],"class_list":{"0":"post-19940","1":"product","2":"type-product","3":"status-publish","4":"has-post-thumbnail","6":"product_cat-borraccia-in-acciaio-inossidabile","8":"first","9":"instock","10":"shipping-taxable","11":"product-type-simple"},"_links":{"self":[{"href":"https:\/\/www.cupssupplier.com\/it\/wp-json\/wp\/v2\/product\/19940","targetHints":{"allow":["GET"]}}],"collection":[{"href":"https:\/\/www.cupssupplier.com\/it\/wp-json\/wp\/v2\/product"}],"about":[{"href":"https:\/\/www.cupssupplier.com\/it\/wp-json\/wp\/v2\/types\/product"}],"wp:featuredmedia":[{"embeddable":true,"href":"https:\/\/www.cupssupplier.com\/it\/wp-json\/wp\/v2\/media\/15095"}],"wp:attachment":[{"href":"https:\/\/www.cupssupplier.com\/it\/wp-json\/wp\/v2\/media?parent=19940"}],"wp:term":[{"taxonomy":"product_brand","embeddable":true,"href":"https:\/\/www.cupssupplier.com\/it\/wp-json\/wp\/v2\/product_brand?post=19940"},{"taxonomy":"product_cat","embeddable":true,"href":"https:\/\/www.cupssupplier.com\/it\/wp-json\/wp\/v2\/product_cat?post=19940"},{"taxonomy":"product_tag","embeddable":true,"href":"https:\/\/www.cupssupplier.com\/it\/wp-json\/wp\/v2\/product_tag?post=19940"}],"curies":[{"name":"wp","href":"https:\/\/api.w.org\/{rel}","templated":true}]}}