{"id":19700,"date":"2025-02-16T03:18:02","date_gmt":"2025-02-16T08:18:02","guid":{"rendered":"https:\/\/www.cupssupplier.com\/product\/custom-30-oz-tumbler\/"},"modified":"2025-05-05T01:18:18","modified_gmt":"2025-05-05T05:18:18","slug":"custom-30-oz-tumbler","status":"publish","type":"product","link":"https:\/\/www.cupssupplier.com\/it\/custom-30-oz-tumbler\/","title":{"rendered":"Bicchiere Personalizzato da 30 Oz"},"content":{"rendered":"<p class=\"\" data-start=\"3418\" data-end=\"3484\"><strong data-start=\"3418\" data-end=\"3484\">Bicchiere Personalizzato da 30 Oz \u2013 Isolato e Personalizzabile<\/strong><\/p>\n<p class=\"\" data-start=\"3486\" data-end=\"3596\">Il bicchiere personalizzato da 30 oz offre il perfetto equilibrio tra stile, funzionalit\u00e0 e personalizzazione:<\/p>\n<ul data-start=\"3598\" data-end=\"4330\">\n<li class=\"\" data-start=\"3598\" data-end=\"3736\">\n<p class=\"\" data-start=\"3600\" data-end=\"3736\"><strong data-start=\"3600\" data-end=\"3630\">Isolamento a Doppia Parete<\/strong>: Mantiene le bevande fredde per 24 ore o calde fino a 6 ore \u2013 ideale per l\u2019idratazione tutto il giorno.<\/p>\n<\/li>\n<li class=\"\" data-start=\"3737\" data-end=\"3834\">\n<p class=\"\" data-start=\"3739\" data-end=\"3834\"><strong data-start=\"3739\" data-end=\"3771\">Acciaio Inox di Alta Qualit\u00e0<\/strong>: Senza BPA, resistente alla ruggine e progettato per durare.<\/p>\n<\/li>\n<li class=\"\" data-start=\"3835\" data-end=\"3948\">\n<p class=\"\" data-start=\"3837\" data-end=\"3948\"><strong data-start=\"3837\" data-end=\"3864\">Design Personalizzabile<\/strong>: Aggiungi il tuo logo, slogan o design per eventi, promozioni o regali aziendali.<\/p>\n<\/li>\n<li class=\"\" data-start=\"3949\" data-end=\"4086\">\n<p class=\"\" data-start=\"3951\" data-end=\"4086\"><strong data-start=\"3951\" data-end=\"3986\">Antigoccia &amp; A Prova di Perdite<\/strong>: Il coperchio sicuro evita perdite e il beccuccio con cannuccia consente un uso pratico e pulito.<\/p>\n<\/li>\n<li class=\"\" data-start=\"4087\" data-end=\"4212\">\n<p class=\"\" data-start=\"4089\" data-end=\"4212\"><strong data-start=\"4089\" data-end=\"4119\">Ecologico &amp; Riutilizzabile<\/strong>: Alternativa sostenibile ai bicchieri monouso, perfetta per promuovere il tuo brand green.<\/p>\n<\/li>\n<li class=\"\" data-start=\"4213\" data-end=\"4330\">\n<p class=\"\" data-start=\"4215\" data-end=\"4330\"><strong data-start=\"4215\" data-end=\"4243\">Grande Capacit\u00e0 da 30 Oz<\/strong>: Perfetto per chi ha bisogno di pi\u00f9 idratazione, in ufficio, in palestra o all\u2019aperto.<\/p>\n<\/li>\n<\/ul>\n<p><img loading=\"lazy\" decoding=\"async\" class=\"aligncenter wp-image-19690 size-full\" src=\"https:\/\/www.cupssupplier.com\/wp-content\/uploads\/2025\/02\/6-36.webp\" alt=\"custom 30 oz tumbler\" width=\"800\" height=\"800\" srcset=\"https:\/\/www.cupssupplier.com\/wp-content\/uploads\/2025\/02\/6-36.webp 800w, https:\/\/www.cupssupplier.com\/wp-content\/uploads\/2025\/02\/6-36-300x300.webp 300w, https:\/\/www.cupssupplier.com\/wp-content\/uploads\/2025\/02\/6-36-150x150.webp 150w, https:\/\/www.cupssupplier.com\/wp-content\/uploads\/2025\/02\/6-36-768x768.webp 768w, https:\/\/www.cupssupplier.com\/wp-content\/uploads\/2025\/02\/6-36-600x600.webp 600w, https:\/\/www.cupssupplier.com\/wp-content\/uploads\/2025\/02\/6-36-100x100.webp 100w\" sizes=\"auto, (max-width: 800px) 100vw, 800px\" title=\"\"><br \/>\n<img loading=\"lazy\" decoding=\"async\" class=\"aligncenter wp-image-19682 size-full\" src=\"https:\/\/www.cupssupplier.com\/wp-content\/uploads\/2025\/02\/5-39.webp\" alt=\"custom 30 oz tumbler\" width=\"800\" height=\"800\" srcset=\"https:\/\/www.cupssupplier.com\/wp-content\/uploads\/2025\/02\/5-39.webp 800w, https:\/\/www.cupssupplier.com\/wp-content\/uploads\/2025\/02\/5-39-300x300.webp 300w, https:\/\/www.cupssupplier.com\/wp-content\/uploads\/2025\/02\/5-39-150x150.webp 150w, https:\/\/www.cupssupplier.com\/wp-content\/uploads\/2025\/02\/5-39-768x768.webp 768w, https:\/\/www.cupssupplier.com\/wp-content\/uploads\/2025\/02\/5-39-600x600.webp 600w, https:\/\/www.cupssupplier.com\/wp-content\/uploads\/2025\/02\/5-39-100x100.webp 100w\" sizes=\"auto, (max-width: 800px) 100vw, 800px\" title=\"\"><img loading=\"lazy\" decoding=\"async\" class=\"wp-image-19634 size-full aligncenter\" src=\"https:\/\/www.cupssupplier.com\/wp-content\/uploads\/2025\/02\/2-43.webp\" alt=\"custom 30 oz tumbler\" width=\"800\" height=\"800\" srcset=\"https:\/\/www.cupssupplier.com\/wp-content\/uploads\/2025\/02\/2-43.webp 800w, https:\/\/www.cupssupplier.com\/wp-content\/uploads\/2025\/02\/2-43-300x300.webp 300w, https:\/\/www.cupssupplier.com\/wp-content\/uploads\/2025\/02\/2-43-150x150.webp 150w, https:\/\/www.cupssupplier.com\/wp-content\/uploads\/2025\/02\/2-43-768x768.webp 768w, https:\/\/www.cupssupplier.com\/wp-content\/uploads\/2025\/02\/2-43-600x600.webp 600w, https:\/\/www.cupssupplier.com\/wp-content\/uploads\/2025\/02\/2-43-100x100.webp 100w\" sizes=\"auto, (max-width: 800px) 100vw, 800px\" title=\"\"><img loading=\"lazy\" decoding=\"async\" class=\"wp-image-19626 size-full aligncenter\" src=\"https:\/\/www.cupssupplier.com\/wp-content\/uploads\/2025\/02\/1-19.webp\" alt=\"custom 30 oz tumbler\" width=\"800\" height=\"800\" srcset=\"https:\/\/www.cupssupplier.com\/wp-content\/uploads\/2025\/02\/1-19.webp 800w, https:\/\/www.cupssupplier.com\/wp-content\/uploads\/2025\/02\/1-19-300x300.webp 300w, https:\/\/www.cupssupplier.com\/wp-content\/uploads\/2025\/02\/1-19-150x150.webp 150w, https:\/\/www.cupssupplier.com\/wp-content\/uploads\/2025\/02\/1-19-768x768.webp 768w, https:\/\/www.cupssupplier.com\/wp-content\/uploads\/2025\/02\/1-19-600x600.webp 600w, https:\/\/www.cupssupplier.com\/wp-content\/uploads\/2025\/02\/1-19-100x100.webp 100w\" sizes=\"auto, (max-width: 800px) 100vw, 800px\" title=\"\"><\/p>\n<p data-start=\"1378\" data-end=\"1589\">Perfetto per aziende, campagne promozionali o eventi, il bicchiere da 30 oz \u00e8 disponibile all\u2019ingrosso con personalizzazione.<br data-start=\"4457\" data-end=\"4460\" \/><strong data-start=\"4460\" data-end=\"4538\">Ordina subito e fai risaltare il tuo marchio con bicchieri personalizzati!<\/strong><\/p>\n<p>&nbsp;<\/p>\n","protected":false},"excerpt":{"rendered":"<p class=\"\" data-start=\"1926\" data-end=\"2406\">Rimani fresco ovunque tu sia con il nostro bicchiere personalizzato da 30 Oz! Dotato di isolamento a doppia parete, mantiene le bevande fredde per ore e calde fino a 6 ore. Perfetto per essere personalizzato con il tuo logo o messaggio, \u00e8 una scelta ideale per omaggi aziendali, eventi o regali personali. Realizzato in acciaio inox di alta qualit\u00e0, \u00e8 resistente ed ecologico. Ordina subito in grandi quantit\u00e0 e personalizza i tuoi bicchieri per la tua prossima grande promozione!<\/p>\n<p class=\"\" data-start=\"2408\" data-end=\"2676\">\n","protected":false},"featured_media":19645,"template":"","meta":{"om_disable_all_campaigns":false},"product_brand":[],"product_cat":[296],"product_tag":[],"class_list":{"0":"post-19700","1":"product","2":"type-product","3":"status-publish","4":"has-post-thumbnail","6":"product_cat-bicchiere","8":"first","9":"instock","10":"shipping-taxable","11":"product-type-simple"},"_links":{"self":[{"href":"https:\/\/www.cupssupplier.com\/it\/wp-json\/wp\/v2\/product\/19700","targetHints":{"allow":["GET"]}}],"collection":[{"href":"https:\/\/www.cupssupplier.com\/it\/wp-json\/wp\/v2\/product"}],"about":[{"href":"https:\/\/www.cupssupplier.com\/it\/wp-json\/wp\/v2\/types\/product"}],"wp:featuredmedia":[{"embeddable":true,"href":"https:\/\/www.cupssupplier.com\/it\/wp-json\/wp\/v2\/media\/19645"}],"wp:attachment":[{"href":"https:\/\/www.cupssupplier.com\/it\/wp-json\/wp\/v2\/media?parent=19700"}],"wp:term":[{"taxonomy":"product_brand","embeddable":true,"href":"https:\/\/www.cupssupplier.com\/it\/wp-json\/wp\/v2\/product_brand?post=19700"},{"taxonomy":"product_cat","embeddable":true,"href":"https:\/\/www.cupssupplier.com\/it\/wp-json\/wp\/v2\/product_cat?post=19700"},{"taxonomy":"product_tag","embeddable":true,"href":"https:\/\/www.cupssupplier.com\/it\/wp-json\/wp\/v2\/product_tag?post=19700"}],"curies":[{"name":"wp","href":"https:\/\/api.w.org\/{rel}","templated":true}]}}