{"id":19313,"date":"2025-02-19T01:34:36","date_gmt":"2025-02-19T06:34:36","guid":{"rendered":"https:\/\/www.cupssupplier.com\/product\/custom-stainless-steel-coffee-mug\/"},"modified":"2025-05-03T04:53:04","modified_gmt":"2025-05-03T08:53:04","slug":"custom-stainless-steel-coffee-mug","status":"publish","type":"product","link":"https:\/\/www.cupssupplier.com\/it\/custom-stainless-steel-coffee-mug\/","title":{"rendered":"Tazza da Caff\u00e8 Personalizzata in Acciaio Inox"},"content":{"rendered":"<p class=\"\" data-start=\"3688\" data-end=\"3737\"><strong data-start=\"3688\" data-end=\"3737\">Tazza da Caff\u00e8 Personalizzata in Acciaio Inox<\/strong><\/p>\n<p class=\"\" data-start=\"3739\" data-end=\"3895\">La nostra tazza da caff\u00e8 personalizzata in acciaio inox unisce funzionalit\u00e0 e stile personalizzato \u2013 l\u2019ideale per le pause caff\u00e8 o le campagne promozionali:<\/p>\n<ul data-start=\"3897\" data-end=\"4635\">\n<li class=\"\" data-start=\"3897\" data-end=\"3998\">\n<p class=\"\" data-start=\"3899\" data-end=\"3998\"><strong data-start=\"3899\" data-end=\"3931\">Acciaio Inox di Alta Qualit\u00e0<\/strong>: Resistente, antiruggine e durevole \u2013 garantisce una lunga durata.<\/p>\n<\/li>\n<li class=\"\" data-start=\"3999\" data-end=\"4109\">\n<p class=\"\" data-start=\"4001\" data-end=\"4109\"><strong data-start=\"4001\" data-end=\"4035\">Mantiene la Temperatura Ideale<\/strong>: Progettata per mantenere calde le bevande calde e fresche quelle fredde.<\/p>\n<\/li>\n<li class=\"\" data-start=\"4110\" data-end=\"4267\">\n<p class=\"\" data-start=\"4112\" data-end=\"4267\"><strong data-start=\"4112\" data-end=\"4139\">Design Personalizzabile<\/strong>: Personalizza ogni tazza con il tuo logo, slogan o disegno \u2013 perfetta per articoli promozionali, regali o vendite al dettaglio.<\/p>\n<\/li>\n<li class=\"\" data-start=\"4268\" data-end=\"4392\">\n<p class=\"\" data-start=\"4270\" data-end=\"4392\"><strong data-start=\"4270\" data-end=\"4300\">Ecologica &amp; Riutilizzabile<\/strong>: Alternativa sostenibile ai bicchieri monouso \u2013 riduce i rifiuti e promuove il tuo marchio.<\/p>\n<\/li>\n<li class=\"\" data-start=\"4393\" data-end=\"4513\">\n<p class=\"\" data-start=\"4395\" data-end=\"4513\"><strong data-start=\"4395\" data-end=\"4429\">Comoda &amp; Facile da Trasportare<\/strong>: Con manico ergonomico e design elegante \u2013 ideale per casa, ufficio o in movimento.<\/p>\n<\/li>\n<li class=\"\" data-start=\"4514\" data-end=\"4635\">\n<p class=\"\" data-start=\"4516\" data-end=\"4635\"><strong data-start=\"4516\" data-end=\"4549\">Perfetta per Regali &amp; Aziende<\/strong>: Ideale per eventi, regali aziendali o omaggi \u2013 per lasciare un\u2019impressione duratura.<\/p>\n<\/li>\n<\/ul>\n<p><img loading=\"lazy\" decoding=\"async\" class=\"wp-image-16172 size-full aligncenter\" src=\"https:\/\/www.cupssupplier.com\/wp-content\/uploads\/2025\/02\/1-22.webp\" alt=\"custom stainless steel coffee mug\" width=\"800\" height=\"1829\" srcset=\"https:\/\/www.cupssupplier.com\/wp-content\/uploads\/2025\/02\/1-22.webp 800w, https:\/\/www.cupssupplier.com\/wp-content\/uploads\/2025\/02\/1-22-131x300.webp 131w, https:\/\/www.cupssupplier.com\/wp-content\/uploads\/2025\/02\/1-22-448x1024.webp 448w, https:\/\/www.cupssupplier.com\/wp-content\/uploads\/2025\/02\/1-22-768x1756.webp 768w, https:\/\/www.cupssupplier.com\/wp-content\/uploads\/2025\/02\/1-22-672x1536.webp 672w, https:\/\/www.cupssupplier.com\/wp-content\/uploads\/2025\/02\/1-22-300x686.webp 300w, https:\/\/www.cupssupplier.com\/wp-content\/uploads\/2025\/02\/1-22-600x1372.webp 600w\" sizes=\"auto, (max-width: 800px) 100vw, 800px\" title=\"\"><\/p>\n<p><img loading=\"lazy\" decoding=\"async\" class=\"wp-image-16173 size-full aligncenter\" src=\"https:\/\/www.cupssupplier.com\/wp-content\/uploads\/2025\/02\/2-22.webp\" alt=\"custom stainless steel coffee mug\" width=\"789\" height=\"1245\" srcset=\"https:\/\/www.cupssupplier.com\/wp-content\/uploads\/2025\/02\/2-22.webp 789w, https:\/\/www.cupssupplier.com\/wp-content\/uploads\/2025\/02\/2-22-190x300.webp 190w, https:\/\/www.cupssupplier.com\/wp-content\/uploads\/2025\/02\/2-22-649x1024.webp 649w, https:\/\/www.cupssupplier.com\/wp-content\/uploads\/2025\/02\/2-22-768x1212.webp 768w, https:\/\/www.cupssupplier.com\/wp-content\/uploads\/2025\/02\/2-22-300x473.webp 300w, https:\/\/www.cupssupplier.com\/wp-content\/uploads\/2025\/02\/2-22-600x947.webp 600w\" sizes=\"auto, (max-width: 789px) 100vw, 789px\" title=\"\"><\/p>\n<p><img loading=\"lazy\" decoding=\"async\" class=\"wp-image-16174 size-full aligncenter\" src=\"https:\/\/www.cupssupplier.com\/wp-content\/uploads\/2025\/02\/3-23.webp\" alt=\"custom stainless steel coffee mug\" width=\"800\" height=\"1195\" srcset=\"https:\/\/www.cupssupplier.com\/wp-content\/uploads\/2025\/02\/3-23.webp 800w, https:\/\/www.cupssupplier.com\/wp-content\/uploads\/2025\/02\/3-23-201x300.webp 201w, https:\/\/www.cupssupplier.com\/wp-content\/uploads\/2025\/02\/3-23-686x1024.webp 686w, https:\/\/www.cupssupplier.com\/wp-content\/uploads\/2025\/02\/3-23-768x1147.webp 768w, https:\/\/www.cupssupplier.com\/wp-content\/uploads\/2025\/02\/3-23-300x448.webp 300w, https:\/\/www.cupssupplier.com\/wp-content\/uploads\/2025\/02\/3-23-600x896.webp 600w\" sizes=\"auto, (max-width: 800px) 100vw, 800px\" title=\"\"><\/p>\n<p class=\"\" data-start=\"4637\" data-end=\"4784\">Perfetta per aziende, uffici, bar e eventi promozionali \u2013 disponibile all\u2019ingrosso con personalizzazione. Ordina oggi e fai risaltare il tuo brand!<\/p>\n<p class=\"\" data-start=\"4786\" data-end=\"4888\">Goditi le tue bevande preferite con stile con la nostra tazza da caff\u00e8 personalizzata in acciaio inox!<\/p>\n","protected":false},"excerpt":{"rendered":"<p class=\"\" data-start=\"1892\" data-end=\"2332\">Goditi le tue bevande preferite con stile con la nostra tazza da caff\u00e8 personalizzata in acciaio inox! Realizzata in acciaio inox di alta qualit\u00e0, \u00e8 perfetta per bevande calde e fredde, mantenendo la temperatura ideale pi\u00f9 a lungo. Ideale per branding, regali aziendali e uso personale, pu\u00f2 essere personalizzata con il tuo logo o design unico. Ordina subito all\u2019ingrosso e personalizza le tue tazze per la tua prossima promozione o evento!<\/p>\n<p class=\"\" data-start=\"2334\" data-end=\"2534\">\n","protected":false},"featured_media":19315,"template":"","meta":{"om_disable_all_campaigns":false},"product_brand":[],"product_cat":[296],"product_tag":[],"class_list":{"0":"post-19313","1":"product","2":"type-product","3":"status-publish","4":"has-post-thumbnail","6":"product_cat-bicchiere","8":"first","9":"instock","10":"shipping-taxable","11":"product-type-simple"},"_links":{"self":[{"href":"https:\/\/www.cupssupplier.com\/it\/wp-json\/wp\/v2\/product\/19313","targetHints":{"allow":["GET"]}}],"collection":[{"href":"https:\/\/www.cupssupplier.com\/it\/wp-json\/wp\/v2\/product"}],"about":[{"href":"https:\/\/www.cupssupplier.com\/it\/wp-json\/wp\/v2\/types\/product"}],"wp:featuredmedia":[{"embeddable":true,"href":"https:\/\/www.cupssupplier.com\/it\/wp-json\/wp\/v2\/media\/19315"}],"wp:attachment":[{"href":"https:\/\/www.cupssupplier.com\/it\/wp-json\/wp\/v2\/media?parent=19313"}],"wp:term":[{"taxonomy":"product_brand","embeddable":true,"href":"https:\/\/www.cupssupplier.com\/it\/wp-json\/wp\/v2\/product_brand?post=19313"},{"taxonomy":"product_cat","embeddable":true,"href":"https:\/\/www.cupssupplier.com\/it\/wp-json\/wp\/v2\/product_cat?post=19313"},{"taxonomy":"product_tag","embeddable":true,"href":"https:\/\/www.cupssupplier.com\/it\/wp-json\/wp\/v2\/product_tag?post=19313"}],"curies":[{"name":"wp","href":"https:\/\/api.w.org\/{rel}","templated":true}]}}