{"id":19157,"date":"2025-02-24T04:16:08","date_gmt":"2025-02-24T09:16:08","guid":{"rendered":"https:\/\/www.cupssupplier.com\/product\/personalized-stainless-steel-coffee-travel-mugs\/"},"modified":"2025-05-03T03:32:49","modified_gmt":"2025-05-03T07:32:49","slug":"personalized-stainless-steel-coffee-travel-mugs","status":"publish","type":"product","link":"https:\/\/www.cupssupplier.com\/it\/personalized-stainless-steel-coffee-travel-mugs\/","title":{"rendered":"Tazze da Viaggio in Acciaio Inox Personalizzate"},"content":{"rendered":"<p class=\"\" data-start=\"3155\" data-end=\"3432\"><strong data-start=\"3155\" data-end=\"3249\">Tazze da Viaggio in Acciaio Inox Personalizzate \u2013 Personalizzazione &amp; Vendita all\u2019Ingrosso<\/strong><br data-start=\"3249\" data-end=\"3252\" \/>Scopri le tazze da viaggio in acciaio inox personalizzate \u2013 ideali per regali aziendali, eventi o l\u2019uso quotidiano! Personalizzale con il tuo logo. Ordina all\u2019ingrosso oggi stesso!<\/p>\n<p class=\"\" data-start=\"3434\" data-end=\"3603\">Le Tazze da Viaggio in Acciaio Inox Personalizzate uniscono perfettamente comodit\u00e0, stile e funzionalit\u00e0. Perfette come regalo, per eventi o per il tuo caff\u00e8 quotidiano:<\/p>\n<ul data-start=\"3605\" data-end=\"4240\">\n<li class=\"\" data-start=\"3605\" data-end=\"3722\">\n<p class=\"\" data-start=\"3607\" data-end=\"3722\"><strong data-start=\"3607\" data-end=\"3654\">Costruzione in acciaio inox di alta qualit\u00e0<\/strong>: Resistenti, antiruggine e durevoli, perfette per l\u2019uso quotidiano.<\/p>\n<\/li>\n<li class=\"\" data-start=\"3723\" data-end=\"3827\">\n<p class=\"\" data-start=\"3725\" data-end=\"3827\"><strong data-start=\"3725\" data-end=\"3747\">Isolamento termico<\/strong>: Mantiene le bevande calde fino a 8 ore o fredde fino a 12 ore, ovunque tu sia.<\/p>\n<\/li>\n<li class=\"\" data-start=\"3828\" data-end=\"3936\">\n<p class=\"\" data-start=\"3830\" data-end=\"3936\"><strong data-start=\"3830\" data-end=\"3857\">Design personalizzabile<\/strong>: Aggiungi logo, slogan o grafica \u2013 ideali per regali promozionali e aziendali.<\/p>\n<\/li>\n<li class=\"\" data-start=\"3937\" data-end=\"4020\">\n<p class=\"\" data-start=\"3939\" data-end=\"4020\"><strong data-start=\"3939\" data-end=\"3970\">Ecologiche e riutilizzabili<\/strong>: Un\u2019alternativa sostenibile ai bicchieri monouso.<\/p>\n<\/li>\n<li class=\"\" data-start=\"4021\" data-end=\"4117\">\n<p class=\"\" data-start=\"4023\" data-end=\"4117\"><strong data-start=\"4023\" data-end=\"4055\">A prova di perdite e schizzi<\/strong>: Il coperchio sigillato evita fuoriuscite anche in movimento.<\/p>\n<\/li>\n<li class=\"\" data-start=\"4118\" data-end=\"4240\">\n<p class=\"\" data-start=\"4120\" data-end=\"4240\"><strong data-start=\"4120\" data-end=\"4142\">Portatili e comode<\/strong>: Con manico ergonomico e compatibilit\u00e0 con portabicchieri \u2013 perfette per chi \u00e8 sempre in viaggio.<\/p>\n<\/li>\n<\/ul>\n<p><img loading=\"lazy\" decoding=\"async\" class=\"aligncenter wp-image-16204 \" src=\"https:\/\/www.cupssupplier.com\/wp-content\/uploads\/2025\/02\/1-25.webp\" alt=\"personalized stainless steel coffee travel mugs\" width=\"750\" height=\"464\" srcset=\"https:\/\/www.cupssupplier.com\/wp-content\/uploads\/2025\/02\/1-25.webp 970w, https:\/\/www.cupssupplier.com\/wp-content\/uploads\/2025\/02\/1-25-300x186.webp 300w, https:\/\/www.cupssupplier.com\/wp-content\/uploads\/2025\/02\/1-25-768x475.webp 768w, https:\/\/www.cupssupplier.com\/wp-content\/uploads\/2025\/02\/1-25-600x371.webp 600w\" sizes=\"auto, (max-width: 750px) 100vw, 750px\" title=\"\"><img loading=\"lazy\" decoding=\"async\" class=\"wp-image-16205 size-full aligncenter\" src=\"https:\/\/www.cupssupplier.com\/wp-content\/uploads\/2025\/02\/2-26.webp\" alt=\"personalized stainless steel coffee travel mugs\" width=\"750\" height=\"750\" srcset=\"https:\/\/www.cupssupplier.com\/wp-content\/uploads\/2025\/02\/2-26.webp 750w, https:\/\/www.cupssupplier.com\/wp-content\/uploads\/2025\/02\/2-26-300x300.webp 300w, https:\/\/www.cupssupplier.com\/wp-content\/uploads\/2025\/02\/2-26-150x150.webp 150w, https:\/\/www.cupssupplier.com\/wp-content\/uploads\/2025\/02\/2-26-600x600.webp 600w, https:\/\/www.cupssupplier.com\/wp-content\/uploads\/2025\/02\/2-26-100x100.webp 100w\" sizes=\"auto, (max-width: 750px) 100vw, 750px\" title=\"\"><img loading=\"lazy\" decoding=\"async\" class=\"wp-image-16206 aligncenter\" src=\"https:\/\/www.cupssupplier.com\/wp-content\/uploads\/2025\/02\/3-27.webp\" alt=\"personalized stainless steel coffee travel mugs\" width=\"750\" height=\"750\" srcset=\"https:\/\/www.cupssupplier.com\/wp-content\/uploads\/2025\/02\/3-27.webp 800w, https:\/\/www.cupssupplier.com\/wp-content\/uploads\/2025\/02\/3-27-300x300.webp 300w, https:\/\/www.cupssupplier.com\/wp-content\/uploads\/2025\/02\/3-27-150x150.webp 150w, https:\/\/www.cupssupplier.com\/wp-content\/uploads\/2025\/02\/3-27-768x768.webp 768w, https:\/\/www.cupssupplier.com\/wp-content\/uploads\/2025\/02\/3-27-600x600.webp 600w, https:\/\/www.cupssupplier.com\/wp-content\/uploads\/2025\/02\/3-27-100x100.webp 100w\" sizes=\"auto, (max-width: 750px) 100vw, 750px\" title=\"\"><img loading=\"lazy\" decoding=\"async\" class=\"wp-image-16208 aligncenter\" src=\"https:\/\/www.cupssupplier.com\/wp-content\/uploads\/2025\/02\/5-20.webp\" alt=\"personalized stainless steel coffee travel mugs\" width=\"750\" height=\"750\" srcset=\"https:\/\/www.cupssupplier.com\/wp-content\/uploads\/2025\/02\/5-20.webp 800w, https:\/\/www.cupssupplier.com\/wp-content\/uploads\/2025\/02\/5-20-300x300.webp 300w, https:\/\/www.cupssupplier.com\/wp-content\/uploads\/2025\/02\/5-20-150x150.webp 150w, https:\/\/www.cupssupplier.com\/wp-content\/uploads\/2025\/02\/5-20-768x768.webp 768w, https:\/\/www.cupssupplier.com\/wp-content\/uploads\/2025\/02\/5-20-600x600.webp 600w, https:\/\/www.cupssupplier.com\/wp-content\/uploads\/2025\/02\/5-20-100x100.webp 100w\" sizes=\"auto, (max-width: 750px) 100vw, 750px\" title=\"\"><img loading=\"lazy\" decoding=\"async\" class=\"wp-image-16209 aligncenter\" src=\"https:\/\/www.cupssupplier.com\/wp-content\/uploads\/2025\/02\/6-17-1024x1024.webp\" alt=\"personalized stainless steel coffee travel mugs\" width=\"750\" height=\"750\" srcset=\"https:\/\/www.cupssupplier.com\/wp-content\/uploads\/2025\/02\/6-17-1024x1024.webp 1024w, https:\/\/www.cupssupplier.com\/wp-content\/uploads\/2025\/02\/6-17-300x300.webp 300w, https:\/\/www.cupssupplier.com\/wp-content\/uploads\/2025\/02\/6-17-150x150.webp 150w, https:\/\/www.cupssupplier.com\/wp-content\/uploads\/2025\/02\/6-17-768x768.webp 768w, https:\/\/www.cupssupplier.com\/wp-content\/uploads\/2025\/02\/6-17-600x600.webp 600w, https:\/\/www.cupssupplier.com\/wp-content\/uploads\/2025\/02\/6-17-100x100.webp 100w, https:\/\/www.cupssupplier.com\/wp-content\/uploads\/2025\/02\/6-17.webp 1200w\" sizes=\"auto, (max-width: 750px) 100vw, 750px\" title=\"\"><img loading=\"lazy\" decoding=\"async\" class=\"wp-image-16210 aligncenter\" src=\"https:\/\/www.cupssupplier.com\/wp-content\/uploads\/2025\/02\/7-1-1024x1024.webp\" alt=\"personalized stainless steel coffee travel mugs\" width=\"750\" height=\"750\" srcset=\"https:\/\/www.cupssupplier.com\/wp-content\/uploads\/2025\/02\/7-1-1024x1024.webp 1024w, https:\/\/www.cupssupplier.com\/wp-content\/uploads\/2025\/02\/7-1-300x300.webp 300w, https:\/\/www.cupssupplier.com\/wp-content\/uploads\/2025\/02\/7-1-150x150.webp 150w, https:\/\/www.cupssupplier.com\/wp-content\/uploads\/2025\/02\/7-1-768x768.webp 768w, https:\/\/www.cupssupplier.com\/wp-content\/uploads\/2025\/02\/7-1-600x600.webp 600w, https:\/\/www.cupssupplier.com\/wp-content\/uploads\/2025\/02\/7-1-100x100.webp 100w, https:\/\/www.cupssupplier.com\/wp-content\/uploads\/2025\/02\/7-1.webp 1500w\" sizes=\"auto, (max-width: 750px) 100vw, 750px\" title=\"\"><img loading=\"lazy\" decoding=\"async\" class=\"wp-image-16211 aligncenter\" src=\"https:\/\/www.cupssupplier.com\/wp-content\/uploads\/2025\/02\/8-1.webp\" alt=\"personalized stainless steel coffee travel mugs\" width=\"750\" height=\"750\" srcset=\"https:\/\/www.cupssupplier.com\/wp-content\/uploads\/2025\/02\/8-1.webp 800w, https:\/\/www.cupssupplier.com\/wp-content\/uploads\/2025\/02\/8-1-300x300.webp 300w, https:\/\/www.cupssupplier.com\/wp-content\/uploads\/2025\/02\/8-1-150x150.webp 150w, https:\/\/www.cupssupplier.com\/wp-content\/uploads\/2025\/02\/8-1-768x768.webp 768w, https:\/\/www.cupssupplier.com\/wp-content\/uploads\/2025\/02\/8-1-600x600.webp 600w, https:\/\/www.cupssupplier.com\/wp-content\/uploads\/2025\/02\/8-1-100x100.webp 100w\" sizes=\"auto, (max-width: 750px) 100vw, 750px\" title=\"\"><img loading=\"lazy\" decoding=\"async\" class=\"wp-image-16212 aligncenter\" src=\"https:\/\/www.cupssupplier.com\/wp-content\/uploads\/2025\/02\/10-1.webp\" alt=\"personalized stainless steel coffee travel mugs\" width=\"750\" height=\"750\" srcset=\"https:\/\/www.cupssupplier.com\/wp-content\/uploads\/2025\/02\/10-1.webp 800w, https:\/\/www.cupssupplier.com\/wp-content\/uploads\/2025\/02\/10-1-300x300.webp 300w, https:\/\/www.cupssupplier.com\/wp-content\/uploads\/2025\/02\/10-1-150x150.webp 150w, https:\/\/www.cupssupplier.com\/wp-content\/uploads\/2025\/02\/10-1-768x768.webp 768w, https:\/\/www.cupssupplier.com\/wp-content\/uploads\/2025\/02\/10-1-600x600.webp 600w, https:\/\/www.cupssupplier.com\/wp-content\/uploads\/2025\/02\/10-1-100x100.webp 100w\" sizes=\"auto, (max-width: 750px) 100vw, 750px\" title=\"\"><\/p>\n<p>&nbsp;<\/p>\n<p data-start=\"1675\" data-end=\"1982\">Ideali per aziende, eventi, bar o privati in cerca di un regalo personalizzato. Disponibili all\u2019ingrosso con possibilit\u00e0 di personalizzazione. Ordina ora per la tua prossima campagna promozionale!<\/p>\n","protected":false},"excerpt":{"rendered":"<p class=\"\" data-start=\"2366\" data-end=\"2949\">Progettate per i professionisti impegnati o i viaggiatori, queste tazze resistenti ed eleganti mantengono le bevande alla temperatura ideale mentre sei in movimento. Realizzate in acciaio inox di alta qualit\u00e0, sono completamente personalizzabili con il tuo logo o design. Ideali per regali aziendali, eventi o uso personale, queste tazze rappresentano una soluzione ecologica e di stile. Ordina subito in grandi quantit\u00e0 e personalizza le tue tazze per la prossima campagna promozionale!<\/p>\n","protected":false},"featured_media":19159,"template":"","meta":{"om_disable_all_campaigns":false},"product_brand":[],"product_cat":[296],"product_tag":[],"class_list":{"0":"post-19157","1":"product","2":"type-product","3":"status-publish","4":"has-post-thumbnail","6":"product_cat-bicchiere","8":"first","9":"instock","10":"shipping-taxable","11":"product-type-simple"},"_links":{"self":[{"href":"https:\/\/www.cupssupplier.com\/it\/wp-json\/wp\/v2\/product\/19157","targetHints":{"allow":["GET"]}}],"collection":[{"href":"https:\/\/www.cupssupplier.com\/it\/wp-json\/wp\/v2\/product"}],"about":[{"href":"https:\/\/www.cupssupplier.com\/it\/wp-json\/wp\/v2\/types\/product"}],"wp:featuredmedia":[{"embeddable":true,"href":"https:\/\/www.cupssupplier.com\/it\/wp-json\/wp\/v2\/media\/19159"}],"wp:attachment":[{"href":"https:\/\/www.cupssupplier.com\/it\/wp-json\/wp\/v2\/media?parent=19157"}],"wp:term":[{"taxonomy":"product_brand","embeddable":true,"href":"https:\/\/www.cupssupplier.com\/it\/wp-json\/wp\/v2\/product_brand?post=19157"},{"taxonomy":"product_cat","embeddable":true,"href":"https:\/\/www.cupssupplier.com\/it\/wp-json\/wp\/v2\/product_cat?post=19157"},{"taxonomy":"product_tag","embeddable":true,"href":"https:\/\/www.cupssupplier.com\/it\/wp-json\/wp\/v2\/product_tag?post=19157"}],"curies":[{"name":"wp","href":"https:\/\/api.w.org\/{rel}","templated":true}]}}