{"id":18727,"date":"2025-02-26T05:07:17","date_gmt":"2025-02-26T10:07:17","guid":{"rendered":"https:\/\/www.cupssupplier.com\/product\/500ml-leak-proof-tumbler\/"},"modified":"2025-04-24T01:14:46","modified_gmt":"2025-04-24T05:14:46","slug":"500ml-leak-proof-tumbler","status":"publish","type":"product","link":"https:\/\/www.cupssupplier.com\/it\/500ml-leak-proof-tumbler\/","title":{"rendered":"Tumbler a Prova di Perdite da 500ml"},"content":{"rendered":"<p class=\"\" data-start=\"2730\" data-end=\"2769\"><strong data-start=\"2730\" data-end=\"2769\">Tumbler a Prova di Perdite da 500ml<\/strong><\/p>\n<p class=\"\" data-start=\"2771\" data-end=\"3139\">Rinnova la tua esperienza di idratazione con il nostro Tumbler da 500ml a Prova di Perdite, una soluzione elegante, resistente e riutilizzabile per amanti del caff\u00e8, del t\u00e8 e per chi \u00e8 sempre in movimento. Perfetto per il lavoro, la palestra o i viaggi, questo tumbler garantisce praticit\u00e0 e zero fuoriuscite grazie al suo coperchio sicuro e all\u2019isolamento sottovuoto.<\/p>\n<p class=\"\" data-start=\"3141\" data-end=\"3172\"><strong data-start=\"3141\" data-end=\"3172\">Caratteristiche principali:<\/strong><\/p>\n<p class=\"\" data-start=\"3174\" data-end=\"3727\">\u2705 <strong data-start=\"3176\" data-end=\"3217\">Isolamento sottovuoto a doppia parete<\/strong> \u2013 Mantiene le bevande calde per 6 ore e fredde per 12 ore.<br data-start=\"3276\" data-end=\"3279\" \/>\u2705 <strong data-start=\"3281\" data-end=\"3313\">Acciaio inox di alta qualit\u00e0<\/strong> \u2013 Durevole, senza BPA, resistente alla ruggine e agli odori.<br data-start=\"3374\" data-end=\"3377\" \/>\u2705 <strong data-start=\"3379\" data-end=\"3408\">Coperchio a tenuta stagna<\/strong> \u2013 Niente fuoriuscite, perfetto per il trasporto.<br data-start=\"3457\" data-end=\"3460\" \/>\u2705 <strong data-start=\"3462\" data-end=\"3490\">Capacit\u00e0 di 500ml (17oz)<\/strong> \u2013 La misura ideale per l\u2019idratazione quotidiana.<br data-start=\"3539\" data-end=\"3542\" \/>\u2705 <strong data-start=\"3544\" data-end=\"3577\">Personalizzazione disponibile<\/strong> \u2013 Aggiungi loghi, grafiche o testi per uso promozionale o vendita.<br data-start=\"3644\" data-end=\"3647\" \/>\u2705 <strong data-start=\"3649\" data-end=\"3679\">Ecologico e riutilizzabile<\/strong> \u2013 Alternativa sostenibile ai bicchieri monouso.<\/p>\n<p><img loading=\"lazy\" decoding=\"async\" class=\"aligncenter wp-image-16259 \" src=\"https:\/\/www.cupssupplier.com\/wp-content\/uploads\/2025\/02\/9-3.webp\" alt=\"500ml leak proof tumbler\" width=\"800\" height=\"801\" srcset=\"https:\/\/www.cupssupplier.com\/wp-content\/uploads\/2025\/02\/9-3.webp 809w, https:\/\/www.cupssupplier.com\/wp-content\/uploads\/2025\/02\/9-3-300x300.webp 300w, https:\/\/www.cupssupplier.com\/wp-content\/uploads\/2025\/02\/9-3-150x150.webp 150w, https:\/\/www.cupssupplier.com\/wp-content\/uploads\/2025\/02\/9-3-768x769.webp 768w, https:\/\/www.cupssupplier.com\/wp-content\/uploads\/2025\/02\/9-3-600x601.webp 600w, https:\/\/www.cupssupplier.com\/wp-content\/uploads\/2025\/02\/9-3-100x100.webp 100w\" sizes=\"auto, (max-width: 800px) 100vw, 800px\" title=\"\"><img loading=\"lazy\" decoding=\"async\" class=\"aligncenter wp-image-16263 size-full\" src=\"https:\/\/www.cupssupplier.com\/wp-content\/uploads\/2025\/02\/2-31.webp\" alt=\"500ml leak proof tumbler\" width=\"800\" height=\"800\" srcset=\"https:\/\/www.cupssupplier.com\/wp-content\/uploads\/2025\/02\/2-31.webp 800w, https:\/\/www.cupssupplier.com\/wp-content\/uploads\/2025\/02\/2-31-300x300.webp 300w, https:\/\/www.cupssupplier.com\/wp-content\/uploads\/2025\/02\/2-31-150x150.webp 150w, https:\/\/www.cupssupplier.com\/wp-content\/uploads\/2025\/02\/2-31-768x768.webp 768w, https:\/\/www.cupssupplier.com\/wp-content\/uploads\/2025\/02\/2-31-600x600.webp 600w, https:\/\/www.cupssupplier.com\/wp-content\/uploads\/2025\/02\/2-31-100x100.webp 100w\" sizes=\"auto, (max-width: 800px) 100vw, 800px\" title=\"\"><img loading=\"lazy\" decoding=\"async\" class=\"aligncenter wp-image-16262 size-full\" src=\"https:\/\/www.cupssupplier.com\/wp-content\/uploads\/2025\/02\/1-29.webp\" alt=\"500ml leak proof tumbler\" width=\"800\" height=\"800\" srcset=\"https:\/\/www.cupssupplier.com\/wp-content\/uploads\/2025\/02\/1-29.webp 800w, https:\/\/www.cupssupplier.com\/wp-content\/uploads\/2025\/02\/1-29-300x300.webp 300w, https:\/\/www.cupssupplier.com\/wp-content\/uploads\/2025\/02\/1-29-150x150.webp 150w, https:\/\/www.cupssupplier.com\/wp-content\/uploads\/2025\/02\/1-29-768x768.webp 768w, https:\/\/www.cupssupplier.com\/wp-content\/uploads\/2025\/02\/1-29-600x600.webp 600w, https:\/\/www.cupssupplier.com\/wp-content\/uploads\/2025\/02\/1-29-100x100.webp 100w\" sizes=\"auto, (max-width: 800px) 100vw, 800px\" title=\"\"><img loading=\"lazy\" decoding=\"async\" class=\"wp-image-16260 size-full aligncenter\" src=\"https:\/\/www.cupssupplier.com\/wp-content\/uploads\/2025\/02\/10-2.webp\" alt=\"500ml leak proof tumbler\" width=\"800\" height=\"800\" srcset=\"https:\/\/www.cupssupplier.com\/wp-content\/uploads\/2025\/02\/10-2.webp 800w, https:\/\/www.cupssupplier.com\/wp-content\/uploads\/2025\/02\/10-2-300x300.webp 300w, https:\/\/www.cupssupplier.com\/wp-content\/uploads\/2025\/02\/10-2-150x150.webp 150w, https:\/\/www.cupssupplier.com\/wp-content\/uploads\/2025\/02\/10-2-768x768.webp 768w, https:\/\/www.cupssupplier.com\/wp-content\/uploads\/2025\/02\/10-2-600x600.webp 600w, https:\/\/www.cupssupplier.com\/wp-content\/uploads\/2025\/02\/10-2-100x100.webp 100w\" sizes=\"auto, (max-width: 800px) 100vw, 800px\" title=\"\"><\/p>\n<p class=\"\" data-start=\"3729\" data-end=\"3869\">Perfetto per regali aziendali, gadget promozionali, caffetterie e brand fitness \u2013 un tumbler che unisce stile, funzionalit\u00e0 e sostenibilit\u00e0.<\/p>\n<p class=\"\" data-start=\"3871\" data-end=\"3975\">\ud83d\ude80 <strong data-start=\"3874\" data-end=\"3972\">Ordini all\u2019ingrosso e personalizzazioni disponibili \u2013 Personalizza i tuoi tumbler oggi stesso!<\/strong> \ud83d\ude80<\/p>\n","protected":false},"excerpt":{"rendered":"<p class=\"\" data-start=\"2503\" data-end=\"2919\"><strong data-start=\"2503\" data-end=\"2584\">Resta idratato senza sforzo con il nostro Tumbler da 500ml a Prova di Perdite<\/strong>, progettato per la praticit\u00e0 in movimento e la conservazione della temperatura. Questo tumbler in acciaio inox \u00e8 dotato di isolamento a doppia parete, che mantiene le bevande calde fino a 6 ore e fredde fino a 12 ore. Il coperchio ermetico assicura un\u2019esperienza senza fuoriuscite \u2013 perfetto per viaggi, lavoro o avventure all\u2019aperto.<strong data-start=\"2921\" data-end=\"2971\">Personalizzalo con il tuo logo, brand o design<\/strong> \u2013 ideale per regali aziendali, promozione e rivendita.<\/p>\n<p class=\"\" data-start=\"3028\" data-end=\"3132\">\ud83d\ude80 <strong data-start=\"3031\" data-end=\"3129\">Ordini all\u2019ingrosso e personalizzazioni disponibili \u2013 Personalizza i tuoi tumbler oggi stesso!<\/strong> \ud83d\ude80<\/p>\n","protected":false},"featured_media":18728,"template":"","meta":{"om_disable_all_campaigns":false},"product_brand":[],"product_cat":[296],"product_tag":[],"class_list":{"0":"post-18727","1":"product","2":"type-product","3":"status-publish","4":"has-post-thumbnail","6":"product_cat-bicchiere","8":"first","9":"instock","10":"shipping-taxable","11":"product-type-simple"},"_links":{"self":[{"href":"https:\/\/www.cupssupplier.com\/it\/wp-json\/wp\/v2\/product\/18727","targetHints":{"allow":["GET"]}}],"collection":[{"href":"https:\/\/www.cupssupplier.com\/it\/wp-json\/wp\/v2\/product"}],"about":[{"href":"https:\/\/www.cupssupplier.com\/it\/wp-json\/wp\/v2\/types\/product"}],"wp:featuredmedia":[{"embeddable":true,"href":"https:\/\/www.cupssupplier.com\/it\/wp-json\/wp\/v2\/media\/18728"}],"wp:attachment":[{"href":"https:\/\/www.cupssupplier.com\/it\/wp-json\/wp\/v2\/media?parent=18727"}],"wp:term":[{"taxonomy":"product_brand","embeddable":true,"href":"https:\/\/www.cupssupplier.com\/it\/wp-json\/wp\/v2\/product_brand?post=18727"},{"taxonomy":"product_cat","embeddable":true,"href":"https:\/\/www.cupssupplier.com\/it\/wp-json\/wp\/v2\/product_cat?post=18727"},{"taxonomy":"product_tag","embeddable":true,"href":"https:\/\/www.cupssupplier.com\/it\/wp-json\/wp\/v2\/product_tag?post=18727"}],"curies":[{"name":"wp","href":"https:\/\/api.w.org\/{rel}","templated":true}]}}