{"id":20690,"date":"2024-09-19T04:40:52","date_gmt":"2024-09-19T08:40:52","guid":{"rendered":"https:\/\/www.cupssupplier.com\/product\/500ml-stainless-steel-water-bottle\/"},"modified":"2025-05-29T02:07:31","modified_gmt":"2025-05-29T06:07:31","slug":"500ml-stainless-steel-water-bottle","status":"publish","type":"product","link":"https:\/\/www.cupssupplier.com\/fr\/500ml-stainless-steel-water-bottle\/","title":{"rendered":"Bouteille d\u2019eau en acier inoxydable 500 ml en gros"},"content":{"rendered":"<p class=\"\" data-start=\"141\" data-end=\"229\"><strong data-start=\"141\" data-end=\"229\">Bouteille d\u2019eau en acier inoxydable 500 ml en gros \u2013 Hydratation durable et \u00e9l\u00e9gante<\/strong><\/p>\n<p class=\"\" data-start=\"231\" data-end=\"391\">D\u00e9couvrez l\u2019\u00e9quilibre parfait entre fonctionnalit\u00e9 et style avec notre bouteille d\u2019eau en acier inoxydable 500 ml en gros. Cette bouteille haut de gamme offre :<\/p>\n<ul data-start=\"393\" data-end=\"951\">\n<li class=\"\" data-start=\"393\" data-end=\"498\">\n<p class=\"\" data-start=\"395\" data-end=\"498\"><strong data-start=\"395\" data-end=\"419\">Isolation sup\u00e9rieure<\/strong> : Garde les boissons chaudes jusqu\u2019\u00e0 12 heures ou froides jusqu\u2019\u00e0 24 heures.<\/p>\n<\/li>\n<li class=\"\" data-start=\"499\" data-end=\"612\">\n<p class=\"\" data-start=\"501\" data-end=\"612\"><strong data-start=\"501\" data-end=\"531\">\u00c9cologique et r\u00e9utilisable<\/strong> : Fabriqu\u00e9e en acier inoxydable de qualit\u00e9 sans BPA, pour r\u00e9duire les d\u00e9chets.<\/p>\n<\/li>\n<li class=\"\" data-start=\"613\" data-end=\"726\">\n<p class=\"\" data-start=\"615\" data-end=\"726\"><strong data-start=\"615\" data-end=\"645\">Design \u00e9l\u00e9gant et portable<\/strong> : Format compact de 500 ml, id\u00e9al pour les sacs, porte-gobelets et sacs \u00e0 dos.<\/p>\n<\/li>\n<li class=\"\" data-start=\"727\" data-end=\"819\">\n<p class=\"\" data-start=\"729\" data-end=\"819\"><strong data-start=\"729\" data-end=\"754\">\u00c9tanche et r\u00e9sistante<\/strong> : Con\u00e7ue pour un mode de vie actif, sans fuite ni d\u00e9versement.<\/p>\n<\/li>\n<li class=\"\" data-start=\"820\" data-end=\"951\">\n<p class=\"\" data-start=\"822\" data-end=\"951\"><strong data-start=\"822\" data-end=\"849\">Utilisation polyvalente<\/strong> : Parfaite pour la salle de sport, le bureau, les aventures en plein air ou comme cadeau attentionn\u00e9.<\/p>\n<\/li>\n<\/ul>\n<p class=\"\" data-start=\"953\" data-end=\"1096\">Restez hydrat\u00e9 o\u00f9 que vous soyez avec la bouteille d\u2019eau en acier inoxydable 500 ml en gros \u2014 le parfait m\u00e9lange de praticit\u00e9 et de durabilit\u00e9.<\/p>\n<p class=\"\" data-start=\"1098\" data-end=\"1416\"><strong data-start=\"1098\" data-end=\"1416\">Hydratez-vous avec style gr\u00e2ce \u00e0 notre bouteille d\u2019eau en acier inoxydable 500 ml en gros. Durable, \u00e9cologique et pratique, elle garde vos boissons chaudes ou froides pendant des heures. Parfaite pour le sport, les voyages ou une utilisation quotidienne, c\u2019est votre alli\u00e9e id\u00e9ale pour une hydratation responsable.<\/strong><\/p>\n<p><img loading=\"lazy\" decoding=\"async\" class=\"aligncenter wp-image-1481 size-full\" src=\"https:\/\/www.cupssupplier.com\/wp-content\/uploads\/2024\/09\/2-1.webp\" alt=\"500ml stainless steel water bottle\" width=\"750\" height=\"602\" srcset=\"https:\/\/www.cupssupplier.com\/wp-content\/uploads\/2024\/09\/2-1.webp 750w, https:\/\/www.cupssupplier.com\/wp-content\/uploads\/2024\/09\/2-1-300x241.webp 300w, https:\/\/www.cupssupplier.com\/wp-content\/uploads\/2024\/09\/2-1-600x482.webp 600w, https:\/\/www.cupssupplier.com\/wp-content\/uploads\/2024\/09\/2-1-15x12.webp 15w\" sizes=\"auto, (max-width: 750px) 100vw, 750px\" title=\"\"><img loading=\"lazy\" decoding=\"async\" class=\"aligncenter wp-image-1482 size-full\" src=\"https:\/\/www.cupssupplier.com\/wp-content\/uploads\/2024\/09\/3-1.webp\" alt=\"500ml Stainless Steel Water Bottle\" width=\"750\" height=\"602\" srcset=\"https:\/\/www.cupssupplier.com\/wp-content\/uploads\/2024\/09\/3-1.webp 750w, https:\/\/www.cupssupplier.com\/wp-content\/uploads\/2024\/09\/3-1-300x241.webp 300w, https:\/\/www.cupssupplier.com\/wp-content\/uploads\/2024\/09\/3-1-600x482.webp 600w, https:\/\/www.cupssupplier.com\/wp-content\/uploads\/2024\/09\/3-1-15x12.webp 15w\" sizes=\"auto, (max-width: 750px) 100vw, 750px\" title=\"\"><\/p>\n<p><img loading=\"lazy\" decoding=\"async\" class=\"aligncenter wp-image-1480 size-full\" src=\"https:\/\/www.cupssupplier.com\/wp-content\/uploads\/2024\/09\/1-1.webp\" alt=\"500ml Stainless Steel Water Bottle\" width=\"750\" height=\"602\" srcset=\"https:\/\/www.cupssupplier.com\/wp-content\/uploads\/2024\/09\/1-1.webp 750w, https:\/\/www.cupssupplier.com\/wp-content\/uploads\/2024\/09\/1-1-300x241.webp 300w, https:\/\/www.cupssupplier.com\/wp-content\/uploads\/2024\/09\/1-1-600x482.webp 600w, https:\/\/www.cupssupplier.com\/wp-content\/uploads\/2024\/09\/1-1-15x12.webp 15w\" sizes=\"auto, (max-width: 750px) 100vw, 750px\" title=\"\"><img loading=\"lazy\" decoding=\"async\" class=\"aligncenter wp-image-1483 size-full\" src=\"https:\/\/www.cupssupplier.com\/wp-content\/uploads\/2024\/09\/4-1.webp\" alt=\"500ml Stainless Steel Water Bottle\" width=\"750\" height=\"602\" srcset=\"https:\/\/www.cupssupplier.com\/wp-content\/uploads\/2024\/09\/4-1.webp 750w, https:\/\/www.cupssupplier.com\/wp-content\/uploads\/2024\/09\/4-1-300x241.webp 300w, https:\/\/www.cupssupplier.com\/wp-content\/uploads\/2024\/09\/4-1-600x482.webp 600w, https:\/\/www.cupssupplier.com\/wp-content\/uploads\/2024\/09\/4-1-15x12.webp 15w\" sizes=\"auto, (max-width: 750px) 100vw, 750px\" title=\"\"><\/p>\n","protected":false},"excerpt":{"rendered":"<p><strong data-start=\"94\" data-end=\"192\">Restez hydrat\u00e9 avec style gr\u00e2ce \u00e0 notre bouteille d\u2019eau en acier inoxydable de 500 ml en gros.<\/strong><br data-start=\"192\" data-end=\"195\" \/>Durable, \u00e9cologique et con\u00e7ue pour la praticit\u00e9, cette bouteille \u00e9l\u00e9gante garde vos boissons chaudes ou froides pendant des heures. Parfaite pour les s\u00e9ances de sport, les voyages ou une utilisation quotidienne, elle est votre compagnon d\u2019hydratation id\u00e9al.<\/p>\n","protected":false},"featured_media":3290,"template":"","meta":{"om_disable_all_campaigns":false},"product_brand":[],"product_cat":[283],"product_tag":[],"class_list":{"0":"post-20690","1":"product","2":"type-product","3":"status-publish","4":"has-post-thumbnail","6":"product_cat-gourde-en-acier-inoxydable","8":"first","9":"instock","10":"shipping-taxable","11":"product-type-simple"},"_links":{"self":[{"href":"https:\/\/www.cupssupplier.com\/fr\/wp-json\/wp\/v2\/product\/20690","targetHints":{"allow":["GET"]}}],"collection":[{"href":"https:\/\/www.cupssupplier.com\/fr\/wp-json\/wp\/v2\/product"}],"about":[{"href":"https:\/\/www.cupssupplier.com\/fr\/wp-json\/wp\/v2\/types\/product"}],"wp:featuredmedia":[{"embeddable":true,"href":"https:\/\/www.cupssupplier.com\/fr\/wp-json\/wp\/v2\/media\/3290"}],"wp:attachment":[{"href":"https:\/\/www.cupssupplier.com\/fr\/wp-json\/wp\/v2\/media?parent=20690"}],"wp:term":[{"taxonomy":"product_brand","embeddable":true,"href":"https:\/\/www.cupssupplier.com\/fr\/wp-json\/wp\/v2\/product_brand?post=20690"},{"taxonomy":"product_cat","embeddable":true,"href":"https:\/\/www.cupssupplier.com\/fr\/wp-json\/wp\/v2\/product_cat?post=20690"},{"taxonomy":"product_tag","embeddable":true,"href":"https:\/\/www.cupssupplier.com\/fr\/wp-json\/wp\/v2\/product_tag?post=20690"}],"curies":[{"name":"wp","href":"https:\/\/api.w.org\/{rel}","templated":true}]}}