{"id":20676,"date":"2024-09-19T07:21:14","date_gmt":"2024-09-19T11:21:14","guid":{"rendered":"https:\/\/www.cupssupplier.com\/product\/500ml-water-thermos-for-outdoor\/"},"modified":"2025-05-29T01:47:30","modified_gmt":"2025-05-29T05:47:30","slug":"500ml-water-thermos-for-outdoor","status":"publish","type":"product","link":"https:\/\/www.cupssupplier.com\/fr\/500ml-water-thermos-for-outdoor\/","title":{"rendered":"Thermos d&rsquo;eau 500ml pour l&rsquo;ext\u00e9rieur"},"content":{"rendered":"<div class=\"flex-1 overflow-hidden @container\/thread\">\n<div class=\"h-full\">\n<div class=\"react-scroll-to-bottom--css-datha-79elbk h-full\">\n<div class=\"react-scroll-to-bottom--css-datha-1n7m0yu\">\n<div class=\"flex flex-col text-sm md:pb-9\">\n<article class=\"w-full scroll-mb-[var(--thread-trailing-height,150px)] text-token-text-primary focus-visible:outline-2 focus-visible:outline-offset-[-4px]\" dir=\"auto\" data-testid=\"conversation-turn-29\" data-scroll-anchor=\"true\">\n<div class=\"m-auto text-base py-[18px] px-3 md:px-4 w-full md:px-5 lg:px-4 xl:px-5\">\n<div class=\"mx-auto flex flex-1 gap-4 text-base md:gap-5 lg:gap-6 md:max-w-3xl lg:max-w-[40rem] xl:max-w-[48rem]\">\n<div class=\"group\/conversation-turn relative flex w-full min-w-0 flex-col agent-turn\">\n<div class=\"flex-col gap-1 md:gap-3\">\n<div class=\"flex max-w-full flex-col flex-grow\">\n<div class=\"min-h-8 text-message flex w-full flex-col items-end gap-2 whitespace-normal break-words text-start [.text-message+&amp;]:mt-5\" dir=\"auto\" data-message-author-role=\"assistant\" data-message-id=\"8c01a3e2-6bac-4eae-ab3a-c8296d634b63\" data-message-model-slug=\"gpt-4o\">\n<div class=\"flex w-full flex-col gap-1 empty:hidden first:pt-[3px]\">\n<div class=\"markdown prose w-full break-words dark:prose-invert light\">\n<p class=\"\" data-start=\"121\" data-end=\"191\"><strong data-start=\"121\" data-end=\"191\">Thermos d&rsquo;eau 500ml pour l&rsquo;ext\u00e9rieur &#8211; Bouteille isol\u00e9e et durable<\/strong><\/p>\n<p class=\"\" data-start=\"193\" data-end=\"329\">Pr\u00e9parez-vous pour votre prochaine aventure avec le Thermos d&rsquo;eau 500ml pour activit\u00e9s ext\u00e9rieures. Ce thermos haute performance offre :<\/p>\n<ul data-start=\"331\" data-end=\"892\">\n<li class=\"\" data-start=\"331\" data-end=\"443\">\n<p class=\"\" data-start=\"333\" data-end=\"443\"><strong data-start=\"333\" data-end=\"364\">R\u00e9tention de la temp\u00e9rature<\/strong> : Garde les boissons chaudes jusqu&rsquo;\u00e0 12 heures ou froides jusqu&rsquo;\u00e0 24 heures.<\/p>\n<\/li>\n<li class=\"\" data-start=\"444\" data-end=\"580\">\n<p class=\"\" data-start=\"446\" data-end=\"580\"><strong data-start=\"446\" data-end=\"488\">Conception en acier inoxydable durable<\/strong> : Fabriqu\u00e9 \u00e0 partir de mat\u00e9riaux de qualit\u00e9, sans BPA, pour une utilisation \u00e0 long terme.<\/p>\n<\/li>\n<li class=\"\" data-start=\"581\" data-end=\"704\">\n<p class=\"\" data-start=\"583\" data-end=\"704\"><strong data-start=\"583\" data-end=\"603\">Compact et l\u00e9ger<\/strong> : Sa capacit\u00e9 de 500ml est id\u00e9ale pour les voyages, le camping, la randonn\u00e9e ou la salle de sport.<\/p>\n<\/li>\n<li class=\"\" data-start=\"705\" data-end=\"806\">\n<p class=\"\" data-start=\"707\" data-end=\"806\"><strong data-start=\"707\" data-end=\"742\">Couvercle \u00e9tanche et anti-fuite<\/strong> : Garantit un transport en toute s\u00e9curit\u00e9, m\u00eame en mouvement.<\/p>\n<\/li>\n<li class=\"\" data-start=\"807\" data-end=\"892\">\n<p class=\"\" data-start=\"809\" data-end=\"892\"><strong data-start=\"809\" data-end=\"839\">\u00c9cologique et r\u00e9utilisable<\/strong> : Une alternative durable aux bouteilles jetables.<\/p>\n<\/li>\n<\/ul>\n<p class=\"\" data-start=\"894\" data-end=\"1044\">Que vous partiez en randonn\u00e9e ou au bureau, le Thermos d&rsquo;eau 500ml pour l&rsquo;ext\u00e9rieur est une solution fiable, \u00e9l\u00e9gante et pratique pour rester hydrat\u00e9.<\/p>\n<\/div>\n<p><img loading=\"lazy\" decoding=\"async\" class=\"aligncenter wp-image-1505 size-full\" src=\"https:\/\/www.cupssupplier.com\/wp-content\/uploads\/2024\/09\/11.webp\" alt=\"500ml water thermos for outdoor\" width=\"750\" height=\"602\" srcset=\"https:\/\/www.cupssupplier.com\/wp-content\/uploads\/2024\/09\/11.webp 750w, https:\/\/www.cupssupplier.com\/wp-content\/uploads\/2024\/09\/11-300x241.webp 300w, https:\/\/www.cupssupplier.com\/wp-content\/uploads\/2024\/09\/11-600x482.webp 600w, https:\/\/www.cupssupplier.com\/wp-content\/uploads\/2024\/09\/11-15x12.webp 15w\" sizes=\"auto, (max-width: 750px) 100vw, 750px\" title=\"\"> <img loading=\"lazy\" decoding=\"async\" class=\"aligncenter wp-image-1504 size-full\" src=\"https:\/\/www.cupssupplier.com\/wp-content\/uploads\/2024\/09\/10.webp\" alt=\"500ml water thermos for outdoor\" width=\"750\" height=\"602\" srcset=\"https:\/\/www.cupssupplier.com\/wp-content\/uploads\/2024\/09\/10.webp 750w, https:\/\/www.cupssupplier.com\/wp-content\/uploads\/2024\/09\/10-300x241.webp 300w, https:\/\/www.cupssupplier.com\/wp-content\/uploads\/2024\/09\/10-600x482.webp 600w, https:\/\/www.cupssupplier.com\/wp-content\/uploads\/2024\/09\/10-15x12.webp 15w\" sizes=\"auto, (max-width: 750px) 100vw, 750px\" title=\"\"> <img loading=\"lazy\" decoding=\"async\" class=\"aligncenter wp-image-1503 size-full\" src=\"https:\/\/www.cupssupplier.com\/wp-content\/uploads\/2024\/09\/9.webp\" alt=\"500ml water thermos for outdoor\" width=\"750\" height=\"602\" srcset=\"https:\/\/www.cupssupplier.com\/wp-content\/uploads\/2024\/09\/9.webp 750w, https:\/\/www.cupssupplier.com\/wp-content\/uploads\/2024\/09\/9-300x241.png 300w, https:\/\/www.cupssupplier.com\/wp-content\/uploads\/2024\/09\/9-600x482.png 600w, https:\/\/www.cupssupplier.com\/wp-content\/uploads\/2024\/09\/9-15x12.png 15w\" sizes=\"auto, (max-width: 750px) 100vw, 750px\" title=\"\"> <img loading=\"lazy\" decoding=\"async\" class=\"aligncenter wp-image-1502 size-full\" src=\"https:\/\/www.cupssupplier.com\/wp-content\/uploads\/2024\/09\/8.webp\" alt=\"500ml water thermos for outdoor\" width=\"750\" height=\"602\" srcset=\"https:\/\/www.cupssupplier.com\/wp-content\/uploads\/2024\/09\/8.webp 750w, https:\/\/www.cupssupplier.com\/wp-content\/uploads\/2024\/09\/8-300x241.webp 300w, https:\/\/www.cupssupplier.com\/wp-content\/uploads\/2024\/09\/8-600x482.webp 600w, https:\/\/www.cupssupplier.com\/wp-content\/uploads\/2024\/09\/8-15x12.webp 15w\" sizes=\"auto, (max-width: 750px) 100vw, 750px\" title=\"\"> <img loading=\"lazy\" decoding=\"async\" class=\"aligncenter wp-image-1501 size-full\" src=\"https:\/\/www.cupssupplier.com\/wp-content\/uploads\/2024\/09\/7-1.webp\" alt=\"500ml water thermos for outdoor\" width=\"750\" height=\"602\" srcset=\"https:\/\/www.cupssupplier.com\/wp-content\/uploads\/2024\/09\/7-1.webp 750w, https:\/\/www.cupssupplier.com\/wp-content\/uploads\/2024\/09\/7-1-300x241.webp 300w, https:\/\/www.cupssupplier.com\/wp-content\/uploads\/2024\/09\/7-1-600x482.webp 600w, https:\/\/www.cupssupplier.com\/wp-content\/uploads\/2024\/09\/7-1-15x12.webp 15w\" sizes=\"auto, (max-width: 750px) 100vw, 750px\" title=\"\"> <img loading=\"lazy\" decoding=\"async\" class=\"aligncenter wp-image-1499 size-full\" src=\"https:\/\/www.cupssupplier.com\/wp-content\/uploads\/2024\/09\/5-3-e1735783276524.webp\" alt=\"500ml water thermos for outdoor\" width=\"740\" height=\"602\" srcset=\"https:\/\/www.cupssupplier.com\/wp-content\/uploads\/2024\/09\/5-3-e1735783276524.webp 740w, https:\/\/www.cupssupplier.com\/wp-content\/uploads\/2024\/09\/5-3-e1735783276524-300x244.webp 300w, https:\/\/www.cupssupplier.com\/wp-content\/uploads\/2024\/09\/5-3-e1735783276524-600x488.webp 600w\" sizes=\"auto, (max-width: 740px) 100vw, 740px\" title=\"\"><\/p>\n<\/div>\n<\/div>\n<\/div>\n<\/div>\n<\/div>\n<\/div>\n<\/div>\n<\/article>\n<\/div>\n<\/div>\n<\/div>\n<\/div>\n<\/div>\n","protected":false},"excerpt":{"rendered":"<p class=\"\" data-start=\"1046\" data-end=\"1367\"><strong data-start=\"1046\" data-end=\"1367\">Restez hydrat\u00e9 lors de vos aventures avec notre Thermos d&rsquo;eau 500ml pour une utilisation en ext\u00e9rieur. Con\u00e7u pour durer et \u00eatre facilement transportable, ce thermos garde vos boissons chaudes ou froides pendant des heures. Id\u00e9al pour le camping, la randonn\u00e9e ou les trajets quotidiens \u2013 votre compagnon outdoor id\u00e9al.<\/strong><\/p>\n<p class=\"\" data-start=\"1369\" data-end=\"1722\">\n","protected":false},"featured_media":3389,"template":"","meta":{"om_disable_all_campaigns":false},"product_brand":[],"product_cat":[283],"product_tag":[],"class_list":{"0":"post-20676","1":"product","2":"type-product","3":"status-publish","4":"has-post-thumbnail","6":"product_cat-gourde-en-acier-inoxydable","8":"first","9":"instock","10":"shipping-taxable","11":"product-type-simple"},"_links":{"self":[{"href":"https:\/\/www.cupssupplier.com\/fr\/wp-json\/wp\/v2\/product\/20676","targetHints":{"allow":["GET"]}}],"collection":[{"href":"https:\/\/www.cupssupplier.com\/fr\/wp-json\/wp\/v2\/product"}],"about":[{"href":"https:\/\/www.cupssupplier.com\/fr\/wp-json\/wp\/v2\/types\/product"}],"wp:featuredmedia":[{"embeddable":true,"href":"https:\/\/www.cupssupplier.com\/fr\/wp-json\/wp\/v2\/media\/3389"}],"wp:attachment":[{"href":"https:\/\/www.cupssupplier.com\/fr\/wp-json\/wp\/v2\/media?parent=20676"}],"wp:term":[{"taxonomy":"product_brand","embeddable":true,"href":"https:\/\/www.cupssupplier.com\/fr\/wp-json\/wp\/v2\/product_brand?post=20676"},{"taxonomy":"product_cat","embeddable":true,"href":"https:\/\/www.cupssupplier.com\/fr\/wp-json\/wp\/v2\/product_cat?post=20676"},{"taxonomy":"product_tag","embeddable":true,"href":"https:\/\/www.cupssupplier.com\/fr\/wp-json\/wp\/v2\/product_tag?post=20676"}],"curies":[{"name":"wp","href":"https:\/\/api.w.org\/{rel}","templated":true}]}}