{"id":20649,"date":"2024-12-30T03:18:28","date_gmt":"2024-12-30T08:18:28","guid":{"rendered":"https:\/\/www.cupssupplier.com\/product\/diamond-tumbler\/"},"modified":"2025-05-29T00:51:22","modified_gmt":"2025-05-29T04:51:22","slug":"diamond-tumbler","status":"publish","type":"product","link":"https:\/\/www.cupssupplier.com\/fr\/diamond-tumbler\/","title":{"rendered":"Gobelet Diamant Personnalis\u00e9 en Gros"},"content":{"rendered":"<p class=\"\" data-start=\"133\" data-end=\"215\"><strong data-start=\"133\" data-end=\"215\">Gobelet Diamant Personnalis\u00e9 en Gros \u2013 \u00c9l\u00e9gance R\u00e9utilisable pour le Quotidien<\/strong><\/p>\n<p class=\"\" data-start=\"217\" data-end=\"395\">Rehaussez votre collection de vaisselle avec le magnifique Gobelet Diamant Personnalis\u00e9 en Gros \u2013 un m\u00e9lange parfait de glamour et de praticit\u00e9. Ce gobelet \u00e9blouissant pr\u00e9sente :<\/p>\n<ul data-start=\"397\" data-end=\"885\">\n<li class=\"\" data-start=\"397\" data-end=\"493\">\n<p class=\"\" data-start=\"399\" data-end=\"493\"><strong data-start=\"399\" data-end=\"424\">Design Diamant Unique<\/strong> : Une surface facett\u00e9e chic qui scintille en toutes circonstances.<\/p>\n<\/li>\n<li class=\"\" data-start=\"494\" data-end=\"605\">\n<p class=\"\" data-start=\"496\" data-end=\"605\"><strong data-start=\"496\" data-end=\"526\">Mat\u00e9riaux de Haute Qualit\u00e9<\/strong> : Sans BPA et respectueux de l\u2019environnement, id\u00e9al pour un usage quotidien.<\/p>\n<\/li>\n<li class=\"\" data-start=\"606\" data-end=\"698\">\n<p class=\"\" data-start=\"608\" data-end=\"698\"><strong data-start=\"608\" data-end=\"636\">R\u00e9tention de Temp\u00e9rature<\/strong> : Garde vos boissons chaudes ou froides pendant des heures.<\/p>\n<\/li>\n<li class=\"\" data-start=\"699\" data-end=\"782\">\n<p class=\"\" data-start=\"701\" data-end=\"782\"><strong data-start=\"701\" data-end=\"726\">Portable et R\u00e9sistant<\/strong> : L\u00e9ger et parfait pour l\u2019hydratation en d\u00e9placement.<\/p>\n<\/li>\n<li class=\"\" data-start=\"783\" data-end=\"885\">\n<p class=\"\" data-start=\"785\" data-end=\"885\"><strong data-start=\"785\" data-end=\"809\">Id\u00e9e Cadeau Parfaite<\/strong> : Un cadeau glamour pour un anniversaire, une f\u00eate ou toute autre occasion.<\/p>\n<\/li>\n<\/ul>\n<p class=\"\" data-start=\"887\" data-end=\"1022\">Rendez chaque gorg\u00e9e exceptionnelle avec le Gobelet Diamant Personnalis\u00e9 en Gros \u2013 un compagnon \u00e9l\u00e9gant pour vos boissons quotidiennes.<\/p>\n<p>&nbsp;<\/p>\n<p><img loading=\"lazy\" decoding=\"async\" class=\"aligncenter wp-image-1740\" src=\"https:\/\/www.cupssupplier.com\/wp-content\/uploads\/2024\/12\/4-1-300x279.webp\" alt=\"diamond tumbler\" width=\"900\" height=\"838\" srcset=\"https:\/\/www.cupssupplier.com\/wp-content\/uploads\/2024\/12\/4-1-300x279.webp 300w, https:\/\/www.cupssupplier.com\/wp-content\/uploads\/2024\/12\/4-1.webp 450w\" sizes=\"auto, (max-width: 900px) 100vw, 900px\" title=\"\"> <img loading=\"lazy\" decoding=\"async\" class=\"aligncenter wp-image-1741\" src=\"https:\/\/www.cupssupplier.com\/wp-content\/uploads\/2024\/12\/5-300x267.webp\" alt=\"diamond tumbler\" width=\"900\" height=\"800\" srcset=\"https:\/\/www.cupssupplier.com\/wp-content\/uploads\/2024\/12\/5-300x267.webp 300w, https:\/\/www.cupssupplier.com\/wp-content\/uploads\/2024\/12\/5.webp 450w\" sizes=\"auto, (max-width: 900px) 100vw, 900px\" title=\"\"> <img loading=\"lazy\" decoding=\"async\" class=\"aligncenter wp-image-1742\" src=\"https:\/\/www.cupssupplier.com\/wp-content\/uploads\/2024\/12\/6-1-300x300.webp\" alt=\"diamond tumbler\" width=\"900\" height=\"900\" srcset=\"https:\/\/www.cupssupplier.com\/wp-content\/uploads\/2024\/12\/6-1-300x300.webp 300w, https:\/\/www.cupssupplier.com\/wp-content\/uploads\/2024\/12\/6-1-150x150.webp 150w, https:\/\/www.cupssupplier.com\/wp-content\/uploads\/2024\/12\/6-1-100x100.webp 100w, https:\/\/www.cupssupplier.com\/wp-content\/uploads\/2024\/12\/6-1.webp 450w\" sizes=\"auto, (max-width: 900px) 100vw, 900px\" title=\"\"> <img loading=\"lazy\" decoding=\"async\" class=\"aligncenter wp-image-1739\" src=\"https:\/\/www.cupssupplier.com\/wp-content\/uploads\/2024\/12\/3-1-300x300.webp\" alt=\"diamond tumbler\" width=\"900\" height=\"900\" srcset=\"https:\/\/www.cupssupplier.com\/wp-content\/uploads\/2024\/12\/3-1-300x300.webp 300w, https:\/\/www.cupssupplier.com\/wp-content\/uploads\/2024\/12\/3-1-150x150.webp 150w, https:\/\/www.cupssupplier.com\/wp-content\/uploads\/2024\/12\/3-1-100x100.webp 100w, https:\/\/www.cupssupplier.com\/wp-content\/uploads\/2024\/12\/3-1.webp 450w\" sizes=\"auto, (max-width: 900px) 100vw, 900px\" title=\"\"><\/p>\n","protected":false},"excerpt":{"rendered":"<p><strong data-start=\"128\" data-end=\"213\">Buvez avec style gr\u00e2ce \u00e0 notre \u00e9blouissant gobelet diamant personnalis\u00e9 en gros !<\/strong><br data-start=\"213\" data-end=\"216\" \/>Avec son design luxueux inspir\u00e9 des pierres pr\u00e9cieuses, ce gobelet allie \u00e9l\u00e9gance et fonctionnalit\u00e9. Parfait pour garder vos boissons chaudes ou froides, c\u2019est un incontournable pour tous ceux qui adorent les accessoires de boisson tendance. Durable, r\u00e9utilisable et sans BPA, il est id\u00e9al \u00e0 la maison, au travail ou pour offrir.<\/p>\n","protected":false},"featured_media":3697,"template":"","meta":{"om_disable_all_campaigns":false},"product_brand":[],"product_cat":[284],"product_tag":[],"class_list":{"0":"post-20649","1":"product","2":"type-product","3":"status-publish","4":"has-post-thumbnail","6":"product_cat-gobelet","8":"first","9":"instock","10":"shipping-taxable","11":"product-type-simple"},"_links":{"self":[{"href":"https:\/\/www.cupssupplier.com\/fr\/wp-json\/wp\/v2\/product\/20649","targetHints":{"allow":["GET"]}}],"collection":[{"href":"https:\/\/www.cupssupplier.com\/fr\/wp-json\/wp\/v2\/product"}],"about":[{"href":"https:\/\/www.cupssupplier.com\/fr\/wp-json\/wp\/v2\/types\/product"}],"wp:featuredmedia":[{"embeddable":true,"href":"https:\/\/www.cupssupplier.com\/fr\/wp-json\/wp\/v2\/media\/3697"}],"wp:attachment":[{"href":"https:\/\/www.cupssupplier.com\/fr\/wp-json\/wp\/v2\/media?parent=20649"}],"wp:term":[{"taxonomy":"product_brand","embeddable":true,"href":"https:\/\/www.cupssupplier.com\/fr\/wp-json\/wp\/v2\/product_brand?post=20649"},{"taxonomy":"product_cat","embeddable":true,"href":"https:\/\/www.cupssupplier.com\/fr\/wp-json\/wp\/v2\/product_cat?post=20649"},{"taxonomy":"product_tag","embeddable":true,"href":"https:\/\/www.cupssupplier.com\/fr\/wp-json\/wp\/v2\/product_tag?post=20649"}],"curies":[{"name":"wp","href":"https:\/\/api.w.org\/{rel}","templated":true}]}}