{"id":20620,"date":"2024-12-30T10:55:45","date_gmt":"2024-12-30T15:55:45","guid":{"rendered":"https:\/\/www.cupssupplier.com\/product\/steel-tumbler-with-lid\/"},"modified":"2025-05-28T03:07:55","modified_gmt":"2025-05-28T07:07:55","slug":"steel-tumbler-with-lid","status":"publish","type":"product","link":"https:\/\/www.cupssupplier.com\/fr\/steel-tumbler-with-lid\/","title":{"rendered":"Gobelet en Acier Inoxydable avec Couvercle en Gros"},"content":{"rendered":"<p class=\"\" data-start=\"129\" data-end=\"183\"><strong data-start=\"129\" data-end=\"183\">Gobelet en Acier Inoxydable avec Couvercle en Gros<\/strong><\/p>\n<p class=\"\" data-start=\"185\" data-end=\"344\">\u00c9levez votre collection de contenants avec ce gobelet en acier inoxydable avec couvercle, polyvalent et haut de gamme. Ce gobelet de qualit\u00e9 sup\u00e9rieure offre :<\/p>\n<ul data-start=\"346\" data-end=\"874\">\n<li class=\"\" data-start=\"346\" data-end=\"469\">\n<p class=\"\" data-start=\"348\" data-end=\"469\"><strong data-start=\"348\" data-end=\"383\">Fabrication en Acier Inoxydable<\/strong> : Con\u00e7u en acier inoxydable sans BPA pour une durabilit\u00e9 et une s\u00e9curit\u00e9 optimales.<\/p>\n<\/li>\n<li class=\"\" data-start=\"470\" data-end=\"574\">\n<p class=\"\" data-start=\"472\" data-end=\"574\"><strong data-start=\"472\" data-end=\"495\">Conception Isolante<\/strong> : Garde les boissons chaudes jusqu&rsquo;\u00e0 12 heures ou froides jusqu&rsquo;\u00e0 24 heures.<\/p>\n<\/li>\n<li class=\"\" data-start=\"575\" data-end=\"689\">\n<p class=\"\" data-start=\"577\" data-end=\"689\"><strong data-start=\"577\" data-end=\"601\">Couvercle Anti-Fuite<\/strong> : Couvercle s\u00e9curis\u00e9 et facile \u00e0 utiliser pour \u00e9viter les fuites et les d\u00e9versements.<\/p>\n<\/li>\n<li class=\"\" data-start=\"690\" data-end=\"773\">\n<p class=\"\" data-start=\"692\" data-end=\"773\"><strong data-start=\"692\" data-end=\"722\">\u00c9cologique et R\u00e9utilisable<\/strong> : Une alternative durable aux gobelets jetables.<\/p>\n<\/li>\n<li class=\"\" data-start=\"774\" data-end=\"874\">\n<p class=\"\" data-start=\"776\" data-end=\"874\"><strong data-start=\"776\" data-end=\"802\">\u00c9l\u00e9gant et Fonctionnel<\/strong> : Format pratique pour les porte-gobelets, id\u00e9al pour les d\u00e9placements.<\/p>\n<\/li>\n<\/ul>\n<p class=\"\" data-start=\"876\" data-end=\"1025\">Que ce soit pour vos trajets, aventures en plein air ou moments de d\u00e9tente \u00e0 la maison, ce gobelet allie style, praticit\u00e9 et durabilit\u00e9 au quotidien.<\/p>\n<p class=\"\" data-start=\"1027\" data-end=\"1245\">Restez hydrat\u00e9 gr\u00e2ce \u00e0 notre gobelet en acier inoxydable, durable et \u00e9l\u00e9gant. Parfaitement isol\u00e9, il conserve la temp\u00e9rature de vos boissons pendant des heures. Id\u00e9al pour le travail, les voyages ou un usage quotidien.<\/p>\n<p><img loading=\"lazy\" decoding=\"async\" class=\"aligncenter wp-image-1776 size-full\" src=\"https:\/\/www.cupssupplier.com\/wp-content\/uploads\/2024\/12\/6-5.webp\" alt=\"steel tumbler with lid\" width=\"800\" height=\"800\" srcset=\"https:\/\/www.cupssupplier.com\/wp-content\/uploads\/2024\/12\/6-5.webp 800w, https:\/\/www.cupssupplier.com\/wp-content\/uploads\/2024\/12\/6-5-300x300.webp 300w, https:\/\/www.cupssupplier.com\/wp-content\/uploads\/2024\/12\/6-5-150x150.webp 150w, https:\/\/www.cupssupplier.com\/wp-content\/uploads\/2024\/12\/6-5-768x768.webp 768w, https:\/\/www.cupssupplier.com\/wp-content\/uploads\/2024\/12\/6-5-600x600.webp 600w, https:\/\/www.cupssupplier.com\/wp-content\/uploads\/2024\/12\/6-5-100x100.webp 100w\" sizes=\"auto, (max-width: 800px) 100vw, 800px\" title=\"\"> <img loading=\"lazy\" decoding=\"async\" class=\"aligncenter wp-image-1771 size-full\" src=\"https:\/\/www.cupssupplier.com\/wp-content\/uploads\/2024\/12\/6-4.webp\" alt=\"steel tumbler with lid\" width=\"960\" height=\"960\" srcset=\"https:\/\/www.cupssupplier.com\/wp-content\/uploads\/2024\/12\/6-4.webp 960w, https:\/\/www.cupssupplier.com\/wp-content\/uploads\/2024\/12\/6-4-300x300.webp 300w, https:\/\/www.cupssupplier.com\/wp-content\/uploads\/2024\/12\/6-4-150x150.webp 150w, https:\/\/www.cupssupplier.com\/wp-content\/uploads\/2024\/12\/6-4-768x768.webp 768w, https:\/\/www.cupssupplier.com\/wp-content\/uploads\/2024\/12\/6-4-600x600.webp 600w, https:\/\/www.cupssupplier.com\/wp-content\/uploads\/2024\/12\/6-4-100x100.webp 100w\" sizes=\"auto, (max-width: 960px) 100vw, 960px\" title=\"\"> <img loading=\"lazy\" decoding=\"async\" class=\"aligncenter wp-image-1773 size-full\" src=\"https:\/\/www.cupssupplier.com\/wp-content\/uploads\/2024\/12\/3-5.webp\" alt=\"steel tumbler with lid\" width=\"797\" height=\"800\" srcset=\"https:\/\/www.cupssupplier.com\/wp-content\/uploads\/2024\/12\/3-5.webp 797w, https:\/\/www.cupssupplier.com\/wp-content\/uploads\/2024\/12\/3-5-300x301.webp 300w, https:\/\/www.cupssupplier.com\/wp-content\/uploads\/2024\/12\/3-5-150x150.webp 150w, https:\/\/www.cupssupplier.com\/wp-content\/uploads\/2024\/12\/3-5-768x771.webp 768w, https:\/\/www.cupssupplier.com\/wp-content\/uploads\/2024\/12\/3-5-600x602.webp 600w, https:\/\/www.cupssupplier.com\/wp-content\/uploads\/2024\/12\/3-5-100x100.webp 100w\" sizes=\"auto, (max-width: 797px) 100vw, 797px\" title=\"\"> <img loading=\"lazy\" decoding=\"async\" class=\"aligncenter wp-image-1774 size-full\" src=\"https:\/\/www.cupssupplier.com\/wp-content\/uploads\/2024\/12\/4-4.webp\" alt=\"steel tumbler with lid\" width=\"799\" height=\"800\" srcset=\"https:\/\/www.cupssupplier.com\/wp-content\/uploads\/2024\/12\/4-4.webp 799w, https:\/\/www.cupssupplier.com\/wp-content\/uploads\/2024\/12\/4-4-300x300.webp 300w, https:\/\/www.cupssupplier.com\/wp-content\/uploads\/2024\/12\/4-4-150x150.webp 150w, https:\/\/www.cupssupplier.com\/wp-content\/uploads\/2024\/12\/4-4-768x769.webp 768w, https:\/\/www.cupssupplier.com\/wp-content\/uploads\/2024\/12\/4-4-600x601.webp 600w, https:\/\/www.cupssupplier.com\/wp-content\/uploads\/2024\/12\/4-4-100x100.webp 100w\" sizes=\"auto, (max-width: 799px) 100vw, 799px\" title=\"\"><\/p>\n","protected":false},"excerpt":{"rendered":"<p><strong data-start=\"89\" data-end=\"189\">Restez hydrat\u00e9 avec notre \u00e9l\u00e9gant et robuste Gobelet en Acier Inoxydable avec Couvercle en Gros.<\/strong><br data-start=\"189\" data-end=\"192\" \/>Con\u00e7u pour allier praticit\u00e9 et style, ce gobelet isotherme garde vos boissons chaudes ou froides pendant des heures. Parfait pour le travail, les d\u00e9placements ou un usage quotidien, il est \u00e9cologique et con\u00e7u pour durer.<\/p>\n","protected":false},"featured_media":3873,"template":"","meta":{"om_disable_all_campaigns":false},"product_brand":[],"product_cat":[284],"product_tag":[],"class_list":{"0":"post-20620","1":"product","2":"type-product","3":"status-publish","4":"has-post-thumbnail","6":"product_cat-gobelet","8":"first","9":"instock","10":"shipping-taxable","11":"product-type-simple"},"_links":{"self":[{"href":"https:\/\/www.cupssupplier.com\/fr\/wp-json\/wp\/v2\/product\/20620","targetHints":{"allow":["GET"]}}],"collection":[{"href":"https:\/\/www.cupssupplier.com\/fr\/wp-json\/wp\/v2\/product"}],"about":[{"href":"https:\/\/www.cupssupplier.com\/fr\/wp-json\/wp\/v2\/types\/product"}],"wp:featuredmedia":[{"embeddable":true,"href":"https:\/\/www.cupssupplier.com\/fr\/wp-json\/wp\/v2\/media\/3873"}],"wp:attachment":[{"href":"https:\/\/www.cupssupplier.com\/fr\/wp-json\/wp\/v2\/media?parent=20620"}],"wp:term":[{"taxonomy":"product_brand","embeddable":true,"href":"https:\/\/www.cupssupplier.com\/fr\/wp-json\/wp\/v2\/product_brand?post=20620"},{"taxonomy":"product_cat","embeddable":true,"href":"https:\/\/www.cupssupplier.com\/fr\/wp-json\/wp\/v2\/product_cat?post=20620"},{"taxonomy":"product_tag","embeddable":true,"href":"https:\/\/www.cupssupplier.com\/fr\/wp-json\/wp\/v2\/product_tag?post=20620"}],"curies":[{"name":"wp","href":"https:\/\/api.w.org\/{rel}","templated":true}]}}