{"id":20607,"date":"2024-12-30T11:32:30","date_gmt":"2024-12-30T16:32:30","guid":{"rendered":"https:\/\/www.cupssupplier.com\/product\/custom-personalised-tumbler\/"},"modified":"2025-05-28T02:20:14","modified_gmt":"2025-05-28T06:20:14","slug":"custom-personalised-tumbler","status":"publish","type":"product","link":"https:\/\/www.cupssupplier.com\/fr\/custom-personalised-tumbler\/","title":{"rendered":"Gobelet Personnalis\u00e9 sur Mesure en Gros"},"content":{"rendered":"<p class=\"\" data-start=\"121\" data-end=\"164\"><strong data-start=\"121\" data-end=\"164\">Gobelet Personnalis\u00e9 sur Mesure en Gros<\/strong><\/p>\n<p class=\"\" data-start=\"166\" data-end=\"282\">\u00c9levez votre exp\u00e9rience de boisson avec notre Gobelet Personnalis\u00e9 sur Mesure en Gros. Ce gobelet polyvalent offre :<\/p>\n<ul data-start=\"284\" data-end=\"748\">\n<li class=\"\" data-start=\"284\" data-end=\"367\">\n<p class=\"\" data-start=\"286\" data-end=\"367\"><strong data-start=\"286\" data-end=\"312\">Design personnalisable<\/strong> : Ajoutez votre nom, logo ou un message attentionn\u00e9.<\/p>\n<\/li>\n<li class=\"\" data-start=\"368\" data-end=\"473\">\n<p class=\"\" data-start=\"370\" data-end=\"473\"><strong data-start=\"370\" data-end=\"394\">Isolation sup\u00e9rieure<\/strong> : Garde vos boissons chaudes jusqu\u2019\u00e0 12 heures ou froides jusqu\u2019\u00e0 24 heures.<\/p>\n<\/li>\n<li class=\"\" data-start=\"474\" data-end=\"558\">\n<p class=\"\" data-start=\"476\" data-end=\"558\"><strong data-start=\"476\" data-end=\"506\">\u00c9cologique et r\u00e9utilisable<\/strong> : Fabriqu\u00e9 sans BPA, pour un mode de vie durable.<\/p>\n<\/li>\n<li class=\"\" data-start=\"559\" data-end=\"656\">\n<p class=\"\" data-start=\"561\" data-end=\"656\"><strong data-start=\"561\" data-end=\"583\">Solide et portable<\/strong> : L\u00e9ger mais robuste, id\u00e9al pour les voyages, le travail ou la maison.<\/p>\n<\/li>\n<li class=\"\" data-start=\"657\" data-end=\"748\">\n<p class=\"\" data-start=\"659\" data-end=\"748\"><strong data-start=\"659\" data-end=\"683\">Couvercle anti-fuite<\/strong> : Z\u00e9ro d\u00e9versement, parfait pour une utilisation en d\u00e9placement.<\/p>\n<\/li>\n<\/ul>\n<p class=\"\" data-start=\"750\" data-end=\"917\">Que ce soit pour vous-m\u00eame ou comme cadeau significatif, le Gobelet Personnalis\u00e9 sur Mesure en Gros ajoute une touche unique et pratique \u00e0 votre routine d\u2019hydratation.<\/p>\n<p><img loading=\"lazy\" decoding=\"async\" class=\"wp-image-1787 size-full aligncenter\" src=\"https:\/\/www.cupssupplier.com\/wp-content\/uploads\/2024\/12\/3-7.webp\" alt=\"custom personalised tumbler\" width=\"1563\" height=\"1836\" srcset=\"https:\/\/www.cupssupplier.com\/wp-content\/uploads\/2024\/12\/3-7.webp 1563w, https:\/\/www.cupssupplier.com\/wp-content\/uploads\/2024\/12\/3-7-255x300.webp 255w, https:\/\/www.cupssupplier.com\/wp-content\/uploads\/2024\/12\/3-7-872x1024.webp 872w, https:\/\/www.cupssupplier.com\/wp-content\/uploads\/2024\/12\/3-7-768x902.webp 768w, https:\/\/www.cupssupplier.com\/wp-content\/uploads\/2024\/12\/3-7-1308x1536.webp 1308w, https:\/\/www.cupssupplier.com\/wp-content\/uploads\/2024\/12\/3-7-300x352.webp 300w, https:\/\/www.cupssupplier.com\/wp-content\/uploads\/2024\/12\/3-7-600x705.webp 600w\" sizes=\"auto, (max-width: 1563px) 100vw, 1563px\" title=\"\"> <img loading=\"lazy\" decoding=\"async\" class=\"aligncenter wp-image-1788 size-full\" src=\"https:\/\/www.cupssupplier.com\/wp-content\/uploads\/2024\/12\/4-6.webp\" alt=\"custom personalised tumbler\" width=\"1563\" height=\"1771\" srcset=\"https:\/\/www.cupssupplier.com\/wp-content\/uploads\/2024\/12\/4-6.webp 1563w, https:\/\/www.cupssupplier.com\/wp-content\/uploads\/2024\/12\/4-6-265x300.webp 265w, https:\/\/www.cupssupplier.com\/wp-content\/uploads\/2024\/12\/4-6-904x1024.webp 904w, https:\/\/www.cupssupplier.com\/wp-content\/uploads\/2024\/12\/4-6-768x870.webp 768w, https:\/\/www.cupssupplier.com\/wp-content\/uploads\/2024\/12\/4-6-1356x1536.webp 1356w, https:\/\/www.cupssupplier.com\/wp-content\/uploads\/2024\/12\/4-6-300x340.webp 300w, https:\/\/www.cupssupplier.com\/wp-content\/uploads\/2024\/12\/4-6-600x680.webp 600w\" sizes=\"auto, (max-width: 1563px) 100vw, 1563px\" title=\"\"> <img loading=\"lazy\" decoding=\"async\" class=\"aligncenter wp-image-1789 size-full\" src=\"https:\/\/www.cupssupplier.com\/wp-content\/uploads\/2024\/12\/5-6.webp\" alt=\"custom personalised tumbler\" width=\"1563\" height=\"2156\" srcset=\"https:\/\/www.cupssupplier.com\/wp-content\/uploads\/2024\/12\/5-6.webp 1563w, https:\/\/www.cupssupplier.com\/wp-content\/uploads\/2024\/12\/5-6-217x300.webp 217w, https:\/\/www.cupssupplier.com\/wp-content\/uploads\/2024\/12\/5-6-742x1024.webp 742w, https:\/\/www.cupssupplier.com\/wp-content\/uploads\/2024\/12\/5-6-768x1059.webp 768w, https:\/\/www.cupssupplier.com\/wp-content\/uploads\/2024\/12\/5-6-1114x1536.webp 1114w, https:\/\/www.cupssupplier.com\/wp-content\/uploads\/2024\/12\/5-6-1485x2048.webp 1485w, https:\/\/www.cupssupplier.com\/wp-content\/uploads\/2024\/12\/5-6-300x414.webp 300w, https:\/\/www.cupssupplier.com\/wp-content\/uploads\/2024\/12\/5-6-600x828.webp 600w\" sizes=\"auto, (max-width: 1563px) 100vw, 1563px\" title=\"\"><\/p>\n","protected":false},"excerpt":{"rendered":"<p class=\"\" data-start=\"919\" data-end=\"1199\">Faites de chaque gorg\u00e9e un moment sp\u00e9cial avec notre Gobelet Personnalis\u00e9. Alliant fonctionnalit\u00e9 et style personnel, il est parfait pour garder vos boissons chaudes ou froides. Ajoutez votre nom ou un message pour une touche unique, id\u00e9ale pour offrir ou pour un usage quotidien.<\/p>\n<p class=\"\" data-start=\"1201\" data-end=\"1277\">\n","protected":false},"featured_media":3983,"template":"","meta":{"om_disable_all_campaigns":false},"product_brand":[],"product_cat":[284],"product_tag":[],"class_list":{"0":"post-20607","1":"product","2":"type-product","3":"status-publish","4":"has-post-thumbnail","6":"product_cat-gobelet","8":"first","9":"instock","10":"shipping-taxable","11":"product-type-simple"},"_links":{"self":[{"href":"https:\/\/www.cupssupplier.com\/fr\/wp-json\/wp\/v2\/product\/20607","targetHints":{"allow":["GET"]}}],"collection":[{"href":"https:\/\/www.cupssupplier.com\/fr\/wp-json\/wp\/v2\/product"}],"about":[{"href":"https:\/\/www.cupssupplier.com\/fr\/wp-json\/wp\/v2\/types\/product"}],"wp:featuredmedia":[{"embeddable":true,"href":"https:\/\/www.cupssupplier.com\/fr\/wp-json\/wp\/v2\/media\/3983"}],"wp:attachment":[{"href":"https:\/\/www.cupssupplier.com\/fr\/wp-json\/wp\/v2\/media?parent=20607"}],"wp:term":[{"taxonomy":"product_brand","embeddable":true,"href":"https:\/\/www.cupssupplier.com\/fr\/wp-json\/wp\/v2\/product_brand?post=20607"},{"taxonomy":"product_cat","embeddable":true,"href":"https:\/\/www.cupssupplier.com\/fr\/wp-json\/wp\/v2\/product_cat?post=20607"},{"taxonomy":"product_tag","embeddable":true,"href":"https:\/\/www.cupssupplier.com\/fr\/wp-json\/wp\/v2\/product_tag?post=20607"}],"curies":[{"name":"wp","href":"https:\/\/api.w.org\/{rel}","templated":true}]}}